{"id":5034,"date":"2022-08-08T20:48:30","date_gmt":"2022-08-08T20:48:30","guid":{"rendered":"https:\/\/www.sunkaraoke.hu\/index.php\/termek\/slager-tibo-lesz-ma-ejjel-dom-dom\/"},"modified":"2025-05-25T05:38:33","modified_gmt":"2025-05-25T05:38:33","slug":"slager-tibo-lesz-ma-ejjel-dom-dom","status":"publish","type":"product","link":"https:\/\/www.sunkaraoke.hu\/index.php\/termek\/slager-tibo-lesz-ma-ejjel-dom-dom\/","title":{"rendered":"<div class=\"wcmp-player-container product-5034\"><audio controlslist=\"nodownload\" data-product=\"5034\"  volume=\"1\"  preload=\"none\" data-lazyloading=\"none\" class=\"wcmp-player track mejs-classic\" data-duration=\"0:33\" data-estimated_duration=\"4\"><source src=\"https:\/\/www.sunkaraoke.hu\/wp-content\/uploads\/2022\/08\/Lesz-ma-ejjel-dom-Tibo.-kdemooo.mp3\" type=\"audio\/mp3\" \/><\/audio><\/div>Sl\u00e1ger Tib\u00f3 &#8211; Lesz ma \u00e9jjel dom dom (Original)"},"content":{"rendered":"<p><strong>04:00<\/strong> | <strong><img loading=\"lazy\" decoding=\"async\" class=\"alignnone size-full wp-image-467\" src=\"https:\/\/www.sunkaraoke.hu\/wp-content\/uploads\/2022\/07\/choir_2-copy.webp\" alt=\"\" width=\"30\" height=\"30\" \/> <\/strong><\/p>\n","protected":false},"excerpt":{"rendered":"<h6><strong>Bits\u0171r\u0171s\u00e9g: 320<\/strong>kb\/s<strong><br \/>\n<\/strong><strong>Hossz: <\/strong>04:00<strong><br \/>\n<\/strong><strong style=\"font-size: 16px;\">Vok\u00e1lt tartalmaz: <\/strong>Nem <img loading=\"lazy\" decoding=\"async\" class=\"alignnone size-full wp-image-467\" src=\"http:\/\/www.sunkaraoke.hu\/wp-content\/uploads\/2022\/07\/choir_2-copy.png\" alt=\"\" width=\"30\" height=\"30\" \/><strong style=\"font-size: 16px;\"><br \/>\n<\/strong><\/h6>\n<p>Sunkaraoke mp3 st\u00fadi\u00f3 \/ www.sunkaraoke.hu \/ Inf: Tel: 06 20 4275001<\/p>\n<p>&#8212;Intr\u00f3&#8212;<br \/>\nHa meghalunk mi lesz vel\u00fcnk hol mulathatunk,<br \/>\nhol t\u00e1ncolunk,hol v\u00edgadunk,hol lesz otthonunk.<br \/>\nVan egy j\u00f3 hely a menyorsz\u00e1g a vid\u00e1ms\u00e1got ott ossz\u00e1k,<br \/>\n\u00f6r\u00f6k \u00e9let , \u00f6r\u00f6k boldogs\u00e1g.<br \/>\nMert buli van a menyorsz\u00e1gban, mulatnak az angyalok,<br \/>\ncs\u00f6r\u00f6gnek a poharak az \u00e9gben, jaj Istenem hol vagyok.<br \/>\nBuli van a menyorsz\u00e1gban, r\u00e9szegek a csillagok,<br \/>\nlesz ma \u00e9jjel dom,dom,dom, dirid\u00e1m diri,diri,diri,dom,dom,dom.<br \/>\nlesz ma \u00e9jjel dom,dom,dom, dirid\u00e1m, diri,diri,diri,dom,dom.<br \/>\nLesz ma \u00e9jjel dom,dom,dom,rosszalkodunk tudom, dom,dom,<br \/>\nfi\u00fak l\u00e1nyok, dom,dom,dom, dirid\u00e1m, diri,diri,diri,dom,dom.<br \/>\nMert buli van a menyorsz\u00e1gban, mulatnak az angyalok,<br \/>\ncs\u00f6r\u00f6gnek a poharak az \u00e9gben, jaj Istenem hol vagyok.<br \/>\nBuli van a menyorsz\u00e1gban, r\u00e9szegek a csillagok,<br \/>\nlesz ma \u00e9jjel dom,dom,dom, dirid\u00e1m diri,diri,diri,dom,dom,dom.<br \/>\nlesz ma \u00e9jjel dom,dom,dom, dirid\u00e1m, diri,diri,diri,dom,dom.<br \/>\nLesz ma \u00e9jjel dom,dom,dom,rosszalkodunk tudom, dom,dom,<br \/>\nfi\u00fak l\u00e1nyok, dom,dom,dom, dirid\u00e1m, diri,diri,diri,dom,dom.<br \/>\n&#8212;Sz\u00f3l\u00f3&#8212;<br \/>\nLesz ma \u00e9jjel dom,dom,dom, dirid\u00e1m diri,diri,diri,dom,dom,dom.<br \/>\nlesz ma \u00e9jjel dom,dom,dom, dirid\u00e1m, diri,diri,diri,dom,dom.<br \/>\nLesz ma \u00e9jjel dom,dom,dom,rosszalkodunk tudom, dom,dom,<br \/>\nfi\u00fak l\u00e1nyok, dom,dom,dom, dirid\u00e1m, diri,diri,diri,dom,dom.<br \/>\nLesz ma \u00e9jjel dom,dom,dom, dirid\u00e1m diri,diri,diri,dom,dom,dom.<br \/>\nlesz ma \u00e9jjel dom,dom,dom, dirid\u00e1m, diri,diri,diri,dom,dom.<br \/>\nLesz ma \u00e9jjel dom,dom,dom,rosszalkodunk tudom, dom,dom,<br \/>\nfi\u00fak l\u00e1nyok, dom,dom,dom, dirid\u00e1m, diri,diri,diri,dom,dom.<br \/>\nLesz ma \u00e9jjel dom,dom,dom, dirid\u00e1m diri,diri,diri,dom,dom,dom.<br \/>\nlesz ma \u00e9jjel dom,dom,dom, dirid\u00e1m, diri,diri,diri,dom,dom.<\/p>\n<p>Lesz ma \u00e9jjel dom,dom,dom, dirid\u00e1m diri,diri,diri,dom,dom,dom.<br \/>\nlesz ma \u00e9jjel dom,dom,dom, dirid\u00e1m, diri,diri,diri,dom,dom.<br \/>\n&#8212;V\u00e9ge&#8212;<\/p>\n","protected":false},"featured_media":9289,"template":"","meta":{"site-sidebar-layout":"default","site-content-layout":"default","ast-site-content-layout":"default","site-content-style":"default","site-sidebar-style":"default","ast-global-header-display":"","ast-banner-title-visibility":"","ast-main-header-display":"","ast-hfb-above-header-display":"","ast-hfb-below-header-display":"","ast-hfb-mobile-header-display":"","site-post-title":"","ast-breadcrumbs-content":"","ast-featured-img":"","footer-sml-layout":"","theme-transparent-header-meta":"default","adv-header-id-meta":"","stick-header-meta":"","header-above-stick-meta":"","header-main-stick-meta":"","header-below-stick-meta":"","astra-migrate-meta-layouts":"set","ast-page-background-enabled":"default","ast-page-background-meta":{"desktop":{"background-color":"var(--ast-global-color-4)","background-image":"","background-repeat":"repeat","background-position":"center center","background-size":"auto","background-attachment":"scroll","background-type":"","background-media":"","overlay-type":"","overlay-color":"","overlay-opacity":"","overlay-gradient":""},"tablet":{"background-color":"","background-image":"","background-repeat":"repeat","background-position":"center center","background-size":"auto","background-attachment":"scroll","background-type":"","background-media":"","overlay-type":"","overlay-color":"","overlay-opacity":"","overlay-gradient":""},"mobile":{"background-color":"","background-image":"","background-repeat":"repeat","background-position":"center center","background-size":"auto","background-attachment":"scroll","background-type":"","background-media":"","overlay-type":"","overlay-color":"","overlay-opacity":"","overlay-gradient":""}},"ast-content-background-meta":{"desktop":{"background-color":"var(--ast-global-color-5)","background-image":"","background-repeat":"repeat","background-position":"center center","background-size":"auto","background-attachment":"scroll","background-type":"","background-media":"","overlay-type":"","overlay-color":"","overlay-opacity":"","overlay-gradient":""},"tablet":{"background-color":"var(--ast-global-color-5)","background-image":"","background-repeat":"repeat","background-position":"center center","background-size":"auto","background-attachment":"scroll","background-type":"","background-media":"","overlay-type":"","overlay-color":"","overlay-opacity":"","overlay-gradient":""},"mobile":{"background-color":"var(--ast-global-color-5)","background-image":"","background-repeat":"repeat","background-position":"center center","background-size":"auto","background-attachment":"scroll","background-type":"","background-media":"","overlay-type":"","overlay-color":"","overlay-opacity":"","overlay-gradient":""}}},"product_cat":[46],"product_tag":[],"class_list":["post-5034","product","type-product","status-publish","has-post-thumbnail","hentry","product_cat-eredeti-karaoke-dalok","desktop-align-left","tablet-align-left","mobile-align-left"],"_links":{"self":[{"href":"https:\/\/www.sunkaraoke.hu\/index.php\/wp-json\/wp\/v2\/product\/5034","targetHints":{"allow":["GET"]}}],"collection":[{"href":"https:\/\/www.sunkaraoke.hu\/index.php\/wp-json\/wp\/v2\/product"}],"about":[{"href":"https:\/\/www.sunkaraoke.hu\/index.php\/wp-json\/wp\/v2\/types\/product"}],"wp:featuredmedia":[{"embeddable":true,"href":"https:\/\/www.sunkaraoke.hu\/index.php\/wp-json\/wp\/v2\/media\/9289"}],"wp:attachment":[{"href":"https:\/\/www.sunkaraoke.hu\/index.php\/wp-json\/wp\/v2\/media?parent=5034"}],"wp:term":[{"taxonomy":"product_cat","embeddable":true,"href":"https:\/\/www.sunkaraoke.hu\/index.php\/wp-json\/wp\/v2\/product_cat?post=5034"},{"taxonomy":"product_tag","embeddable":true,"href":"https:\/\/www.sunkaraoke.hu\/index.php\/wp-json\/wp\/v2\/product_tag?post=5034"}],"curies":[{"name":"wp","href":"https:\/\/api.w.org\/{rel}","templated":true}]}}