{"id":5030,"date":"2022-08-08T20:48:30","date_gmt":"2022-08-08T20:48:30","guid":{"rendered":"https:\/\/www.sunkaraoke.hu\/index.php\/termek\/slager-tibo-en-akkor-elek\/"},"modified":"2026-02-14T15:46:11","modified_gmt":"2026-02-14T13:46:11","slug":"slager-tibo-en-akkor-elek","status":"publish","type":"product","link":"https:\/\/www.sunkaraoke.hu\/index.php\/termek\/slager-tibo-en-akkor-elek\/","title":{"rendered":"<div class=\"wcmp-player-container product-5030\"><audio controlslist=\"nodownload\" data-product=\"5030\"  volume=\"1\"  preload=\"none\" data-lazyloading=\"none\" class=\"wcmp-player track mejs-classic\" data-duration=\"0:32\" data-estimated_duration=\"4\"><source src=\"https:\/\/www.sunkaraoke.hu\/wp-content\/uploads\/2022\/08\/En-akkor-elek-Tibo.-kdemooo.mp3\" type=\"audio\/mp3\" \/><\/audio><\/div>Sl\u00e1ger Tib\u00f3 &#8211; \u00c9n akkor \u00e9lek (Original)"},"content":{"rendered":"<p><strong>03:05<\/strong> | <strong><img loading=\"lazy\" decoding=\"async\" class=\"alignnone size-full wp-image-467\" src=\"https:\/\/www.sunkaraoke.hu\/wp-content\/uploads\/2022\/07\/choir_2-copy.webp\" alt=\"\" width=\"30\" height=\"30\" \/> <\/strong><\/p>\n","protected":false},"excerpt":{"rendered":"<h6><strong>Bits\u0171r\u0171s\u00e9g: 320<\/strong>kb\/s<strong><br \/>\n<\/strong><strong>Hossz: <\/strong>03:05<strong><br \/>\n<\/strong><strong style=\"font-size: 16px;\">Vok\u00e1lt tartalmaz: <\/strong>Nem <img loading=\"lazy\" decoding=\"async\" class=\"alignnone size-full wp-image-467\" src=\"http:\/\/www.sunkaraoke.hu\/wp-content\/uploads\/2022\/07\/choir_2-copy.png\" alt=\"\" width=\"30\" height=\"30\" \/><strong style=\"font-size: 16px;\"><br \/>\n<\/strong><\/h6>\n<p>Sunkaraoke mp3 st\u00fadi\u00f3 \/ www.sunkaraoke.hu \/ Inf: Tel: 06 20 4275001<\/p>\n<p>&#8212;Intr\u00f3&#8212;<\/p>\n<p>Ide figyelj k\u00e9rlek, elmondom hogy mi is az \u00e1bra,<br \/>\nbulizzunk egy nagyot, mulassunk az \u00e9jszak\u00e1ba.<br \/>\nAm\u00edg d\u00fcb\u00f6r\u00f6g a zene meg nem \u00e1ll,\u00faj ritmust tal\u00e1l,<br \/>\n\u00e9s az \u0151r\u00fclt sz\u00edv\u00fcnk,\u0151r\u00fclt t\u00e1ncot j\u00e1r.<\/p>\n<p>\u00c9n akkor \u00e9lek igaz\u00e1n ha szombat este mulatok,<br \/>\nv\u00e1rnak a l\u00e1nyok a buli meg a haverok,<br \/>\nszeretem az \u00e9letem, h\u00e1t am\u00edg \u00e9lek \u00edgy legyen.<br \/>\n\u00c9n akkor \u00e9lek igaz\u00e1n ha szombat este mulatok,<br \/>\nv\u00e1rnak a l\u00e1nyok a buli meg a haverok,<br \/>\nszeretem az \u00e9letem, h\u00e1t am\u00edg \u00e9lek \u00edgy legyen.<\/p>\n<p>Gyere velem k\u00e9rlek, elviszlek egy remek b\u00e1lba,<br \/>\nbulizzunk egy nagyot, mulassunk az \u00e9jszak\u00e1ba.<br \/>\nAm\u00edg d\u00fcb\u00f6r\u00f6g a zene meg nem \u00e1ll,\u00faj ritmust tal\u00e1l,<br \/>\n\u00e9s az \u0151r\u00fclt sz\u00edv\u00fcnk,\u0151r\u00fclt t\u00e1ncot j\u00e1r.<\/p>\n<p>\u00c9n akkor \u00e9lek igaz\u00e1n ha szombat este mulatok,<br \/>\nv\u00e1rnak a l\u00e1nyok a buli meg a haverok,<br \/>\nszeretem az \u00e9letem, h\u00e1t am\u00edg \u00e9lek \u00edgy legyen.<br \/>\n\u00c9n akkor \u00e9lek igaz\u00e1n ha szombat este mulatok,<br \/>\nv\u00e1rnak a l\u00e1nyok a buli meg a haverok,<br \/>\nszeretem az \u00e9letem, h\u00e1t am\u00edg \u00e9lek \u00edgy legyen.<br \/>\n&#8212;Sz\u00f3l\u00f3&#8212;<br \/>\n\u00c9n akkor \u00e9lek igaz\u00e1n ha szombat este mulatok,<br \/>\nv\u00e1rnak a l\u00e1nyok a buli meg a haverok,<br \/>\nszeretem az \u00e9letem, h\u00e1t am\u00edg \u00e9lek \u00edgy legyen.<br \/>\n\u00c9n akkor \u00e9lek igaz\u00e1n ha szombat este mulatok,<br \/>\nv\u00e1rnak a l\u00e1nyok a buli meg a haverok,<br \/>\nszeretem az \u00e9letem, h\u00e1t am\u00edg \u00e9lek \u00edgy legyen,<br \/>\nszeretem az \u00e9letem, h\u00e1t am\u00edg \u00e9lek \u00edgy legyen.<\/p>\n<p>&#8212;V\u00e9ge&#8212;<\/p>\n","protected":false},"featured_media":9289,"template":"","meta":{"site-sidebar-layout":"default","site-content-layout":"default","ast-site-content-layout":"default","site-content-style":"default","site-sidebar-style":"default","ast-global-header-display":"","ast-banner-title-visibility":"","ast-main-header-display":"","ast-hfb-above-header-display":"","ast-hfb-below-header-display":"","ast-hfb-mobile-header-display":"","site-post-title":"","ast-breadcrumbs-content":"","ast-featured-img":"","footer-sml-layout":"","theme-transparent-header-meta":"default","adv-header-id-meta":"","stick-header-meta":"","header-above-stick-meta":"","header-main-stick-meta":"","header-below-stick-meta":"","astra-migrate-meta-layouts":"set","ast-page-background-enabled":"default","ast-page-background-meta":{"desktop":{"background-color":"var(--ast-global-color-4)","background-image":"","background-repeat":"repeat","background-position":"center center","background-size":"auto","background-attachment":"scroll","background-type":"","background-media":"","overlay-type":"","overlay-color":"","overlay-opacity":"","overlay-gradient":""},"tablet":{"background-color":"","background-image":"","background-repeat":"repeat","background-position":"center center","background-size":"auto","background-attachment":"scroll","background-type":"","background-media":"","overlay-type":"","overlay-color":"","overlay-opacity":"","overlay-gradient":""},"mobile":{"background-color":"","background-image":"","background-repeat":"repeat","background-position":"center center","background-size":"auto","background-attachment":"scroll","background-type":"","background-media":"","overlay-type":"","overlay-color":"","overlay-opacity":"","overlay-gradient":""}},"ast-content-background-meta":{"desktop":{"background-color":"var(--ast-global-color-5)","background-image":"","background-repeat":"repeat","background-position":"center center","background-size":"auto","background-attachment":"scroll","background-type":"","background-media":"","overlay-type":"","overlay-color":"","overlay-opacity":"","overlay-gradient":""},"tablet":{"background-color":"var(--ast-global-color-5)","background-image":"","background-repeat":"repeat","background-position":"center center","background-size":"auto","background-attachment":"scroll","background-type":"","background-media":"","overlay-type":"","overlay-color":"","overlay-opacity":"","overlay-gradient":""},"mobile":{"background-color":"var(--ast-global-color-5)","background-image":"","background-repeat":"repeat","background-position":"center center","background-size":"auto","background-attachment":"scroll","background-type":"","background-media":"","overlay-type":"","overlay-color":"","overlay-opacity":"","overlay-gradient":""}}},"product_cat":[46],"product_tag":[],"class_list":["post-5030","product","type-product","status-publish","has-post-thumbnail","hentry","product_cat-eredeti-karaoke-dalok","desktop-align-left","tablet-align-left","mobile-align-left"],"_links":{"self":[{"href":"https:\/\/www.sunkaraoke.hu\/index.php\/wp-json\/wp\/v2\/product\/5030","targetHints":{"allow":["GET"]}}],"collection":[{"href":"https:\/\/www.sunkaraoke.hu\/index.php\/wp-json\/wp\/v2\/product"}],"about":[{"href":"https:\/\/www.sunkaraoke.hu\/index.php\/wp-json\/wp\/v2\/types\/product"}],"wp:featuredmedia":[{"embeddable":true,"href":"https:\/\/www.sunkaraoke.hu\/index.php\/wp-json\/wp\/v2\/media\/9289"}],"wp:attachment":[{"href":"https:\/\/www.sunkaraoke.hu\/index.php\/wp-json\/wp\/v2\/media?parent=5030"}],"wp:term":[{"taxonomy":"product_cat","embeddable":true,"href":"https:\/\/www.sunkaraoke.hu\/index.php\/wp-json\/wp\/v2\/product_cat?post=5030"},{"taxonomy":"product_tag","embeddable":true,"href":"https:\/\/www.sunkaraoke.hu\/index.php\/wp-json\/wp\/v2\/product_tag?post=5030"}],"curies":[{"name":"wp","href":"https:\/\/api.w.org\/{rel}","templated":true}]}}