{"id":5017,"date":"2022-08-08T20:48:28","date_gmt":"2022-08-08T20:48:28","guid":{"rendered":"https:\/\/www.sunkaraoke.hu\/index.php\/termek\/vamosi-janos-felhoket-hajt-a-szel\/"},"modified":"2025-04-11T15:10:20","modified_gmt":"2025-04-11T15:10:20","slug":"vamosi-janos-felhoket-hajt-a-szel","status":"publish","type":"product","link":"https:\/\/www.sunkaraoke.hu\/index.php\/termek\/vamosi-janos-felhoket-hajt-a-szel\/","title":{"rendered":"<div class=\"wcmp-player-container product-5017\"><audio controlslist=\"nodownload\" data-product=\"5017\"  volume=\"1\"  preload=\"none\" data-lazyloading=\"none\" class=\"wcmp-player track mejs-classic\" data-duration=\"0:32\" data-estimated_duration=\"4\"><source src=\"https:\/\/www.sunkaraoke.hu\/wp-content\/uploads\/2022\/08\/Felhoket-hajt-a-szel-SB.-demoo.mp3\" type=\"audio\/mp3\" \/><\/audio><\/div>V\u00e1mosi J\u00e1nos &#8211; Felh\u0151ket hajt a sz\u00e9l (Original)"},"content":{"rendered":"<p><strong>03:08<\/strong> | <strong><img loading=\"lazy\" decoding=\"async\" class=\"alignnone size-full wp-image-467\" src=\"https:\/\/www.sunkaraoke.hu\/wp-content\/uploads\/2022\/07\/choir_2-copy.webp\" alt=\"\" width=\"30\" height=\"30\" \/> <\/strong><\/p>\n","protected":false},"excerpt":{"rendered":"<h6><strong>Bits\u0171r\u0171s\u00e9g: 320<\/strong>kb\/s<strong><br \/>\n<\/strong><strong>Hossz: <\/strong>03:08<strong><br \/>\n<\/strong><strong style=\"font-size: 16px;\">Vok\u00e1lt tartalmaz: <\/strong>Nem <img loading=\"lazy\" decoding=\"async\" class=\"alignnone size-full wp-image-467\" src=\"http:\/\/www.sunkaraoke.hu\/wp-content\/uploads\/2022\/07\/choir_2-copy.png\" alt=\"\" width=\"30\" height=\"30\" \/><strong style=\"font-size: 16px;\"><br \/>\n<\/strong><\/h6>\n<p>Sunkaraoke mp3 st\u00fadi\u00f3 \/ www.sunkaraoke.hu \/ Inf: Tel: 06 20 4275001<\/p>\n<p>&#8212;Intr\u00f3&#8212;<br \/>\nFelh\u0151ket hajt a sz\u00e9l, az \u00e9gen \u00e1t,<br \/>\nhi\u00e1ba v\u00e1rok \u00e9n, az \u00e9jen \u00e1t.<br \/>\nNincs t\u00f6bb\u00e9 f\u00e9ny,<br \/>\nnincs f\u00e9nyben f\u00fcrd\u0151 ny\u00e1r.<br \/>\nA tegnap kincse, a boldogs\u00e1g oly messze j\u00e1r.<\/p>\n<p>\u00c1rva falev\u00e9l, merre visz a sz\u00e9l,<br \/>\negy boldog szerelem, vajon meddig \u00e9l?<br \/>\nHi\u00e1ba k\u00e9rdezem, ha senki nincs k\u00f6zel,<br \/>\njajong az \u0151szi sz\u00e9l, de nem felel.<br \/>\n\u00c1rva falev\u00e9l, merre visz a sz\u00e9l?<br \/>\nR\u00e9gi szerelem, m\u00e1r csak bennem \u00e9l.<br \/>\n&#8212;Sz\u00f3l\u00f3&#8212;<br \/>\nFelh\u0151ket hajt a sz\u00e9l, \u00f3h merre j\u00e1rsz?<br \/>\nK\u00f6zeleg m\u00e1r a t\u00e9l, s te m\u00e1sra v\u00e1rsz.<br \/>\nKereslek m\u00e9g, a r\u00e9gi helyeken,<br \/>\nszokatlan \u00e9rz\u00e9s, hogy nem vagy itt,<br \/>\nnem vagy velem.<\/p>\n<p>\u00c1rva falev\u00e9l, merre visz a sz\u00e9l,<br \/>\negy boldog szerelem, vajon meddig \u00e9l?<br \/>\n\u00c1rva falev\u00e9l, merre visz a sz\u00e9l?<br \/>\nEgy r\u00e9gi szerelem, m\u00e1r csak bennem \u00e9l.<br \/>\nHmmm&#8230;&#8230;<br \/>\n&#8212;V\u00e9ge&#8212;<\/p>\n","protected":false},"featured_media":8739,"template":"","meta":{"site-sidebar-layout":"default","site-content-layout":"default","ast-site-content-layout":"default","site-content-style":"default","site-sidebar-style":"default","ast-global-header-display":"","ast-banner-title-visibility":"","ast-main-header-display":"","ast-hfb-above-header-display":"","ast-hfb-below-header-display":"","ast-hfb-mobile-header-display":"","site-post-title":"","ast-breadcrumbs-content":"","ast-featured-img":"","footer-sml-layout":"","theme-transparent-header-meta":"default","adv-header-id-meta":"","stick-header-meta":"","header-above-stick-meta":"","header-main-stick-meta":"","header-below-stick-meta":"","astra-migrate-meta-layouts":"set","ast-page-background-enabled":"default","ast-page-background-meta":{"desktop":{"background-color":"var(--ast-global-color-4)","background-image":"","background-repeat":"repeat","background-position":"center center","background-size":"auto","background-attachment":"scroll","background-type":"","background-media":"","overlay-type":"","overlay-color":"","overlay-opacity":"","overlay-gradient":""},"tablet":{"background-color":"","background-image":"","background-repeat":"repeat","background-position":"center center","background-size":"auto","background-attachment":"scroll","background-type":"","background-media":"","overlay-type":"","overlay-color":"","overlay-opacity":"","overlay-gradient":""},"mobile":{"background-color":"","background-image":"","background-repeat":"repeat","background-position":"center center","background-size":"auto","background-attachment":"scroll","background-type":"","background-media":"","overlay-type":"","overlay-color":"","overlay-opacity":"","overlay-gradient":""}},"ast-content-background-meta":{"desktop":{"background-color":"var(--ast-global-color-5)","background-image":"","background-repeat":"repeat","background-position":"center center","background-size":"auto","background-attachment":"scroll","background-type":"","background-media":"","overlay-type":"","overlay-color":"","overlay-opacity":"","overlay-gradient":""},"tablet":{"background-color":"var(--ast-global-color-5)","background-image":"","background-repeat":"repeat","background-position":"center center","background-size":"auto","background-attachment":"scroll","background-type":"","background-media":"","overlay-type":"","overlay-color":"","overlay-opacity":"","overlay-gradient":""},"mobile":{"background-color":"var(--ast-global-color-5)","background-image":"","background-repeat":"repeat","background-position":"center center","background-size":"auto","background-attachment":"scroll","background-type":"","background-media":"","overlay-type":"","overlay-color":"","overlay-opacity":"","overlay-gradient":""}}},"product_cat":[48],"product_tag":[],"class_list":["post-5017","product","type-product","status-publish","has-post-thumbnail","hentry","product_cat-sunkaraoke-dalok","desktop-align-left","tablet-align-left","mobile-align-left"],"_links":{"self":[{"href":"https:\/\/www.sunkaraoke.hu\/index.php\/wp-json\/wp\/v2\/product\/5017","targetHints":{"allow":["GET"]}}],"collection":[{"href":"https:\/\/www.sunkaraoke.hu\/index.php\/wp-json\/wp\/v2\/product"}],"about":[{"href":"https:\/\/www.sunkaraoke.hu\/index.php\/wp-json\/wp\/v2\/types\/product"}],"wp:featuredmedia":[{"embeddable":true,"href":"https:\/\/www.sunkaraoke.hu\/index.php\/wp-json\/wp\/v2\/media\/8739"}],"wp:attachment":[{"href":"https:\/\/www.sunkaraoke.hu\/index.php\/wp-json\/wp\/v2\/media?parent=5017"}],"wp:term":[{"taxonomy":"product_cat","embeddable":true,"href":"https:\/\/www.sunkaraoke.hu\/index.php\/wp-json\/wp\/v2\/product_cat?post=5017"},{"taxonomy":"product_tag","embeddable":true,"href":"https:\/\/www.sunkaraoke.hu\/index.php\/wp-json\/wp\/v2\/product_tag?post=5017"}],"curies":[{"name":"wp","href":"https:\/\/api.w.org\/{rel}","templated":true}]}}