{"id":5016,"date":"2022-08-08T20:48:28","date_gmt":"2022-08-08T20:48:28","guid":{"rendered":"https:\/\/www.sunkaraoke.hu\/index.php\/termek\/ruzsa-magdolna-erj-hozzam\/"},"modified":"2025-03-30T16:25:25","modified_gmt":"2025-03-30T16:25:25","slug":"ruzsa-magdolna-erj-hozzam","status":"publish","type":"product","link":"https:\/\/www.sunkaraoke.hu\/index.php\/termek\/ruzsa-magdolna-erj-hozzam\/","title":{"rendered":"<div class=\"wcmp-player-container product-5016\"><audio controlslist=\"nodownload\" data-product=\"5016\"  volume=\"1\"  preload=\"none\" data-lazyloading=\"none\" class=\"wcmp-player track mejs-classic\" data-duration=\"0:35\" data-estimated_duration=\"4\"><source src=\"https:\/\/www.sunkaraoke.hu\/wp-content\/uploads\/2022\/08\/Erj-hozzam-orig-Ruzsa-SB.demo_.mp3\" type=\"audio\/mp3\" \/><\/audio><\/div>R\u00fazsa Magdi &#8211; \u00c9rj hozz\u00e1m (Original)"},"content":{"rendered":"<p><strong>03:18<\/strong> | <strong><img loading=\"lazy\" decoding=\"async\" class=\"alignnone size-full wp-image-467\" src=\"https:\/\/www.sunkaraoke.hu\/wp-content\/uploads\/2022\/07\/choir_2-copy.webp\" alt=\"\" width=\"30\" height=\"30\" \/> <\/strong><\/p>\n","protected":false},"excerpt":{"rendered":"<h6><strong>Bits\u0171r\u0171s\u00e9g: 320 <\/strong>kb\/s<strong><br \/>\n<\/strong><strong>Hossz: <\/strong>03:18<strong><br \/>\n<\/strong><strong style=\"font-size: 16px;\">Vok\u00e1lt tartalmaz: <\/strong>Nem <img loading=\"lazy\" decoding=\"async\" class=\"alignnone size-full wp-image-467\" src=\"http:\/\/www.sunkaraoke.hu\/wp-content\/uploads\/2022\/07\/choir_2-copy.png\" alt=\"\" width=\"30\" height=\"30\" \/><strong style=\"font-size: 16px;\"><br \/>\n<\/strong><\/h6>\n<p>Sunkaraoke mp3 st\u00fadi\u00f3 \/ www.sunkaraoke.hu \/ Inf: Tel: 06 20 4275001<\/p>\n<p>Maradsz-e m\u00e9g, ha a hajnal r\u00e9szeg cs\u00f3kon \u00e9r?<br \/>\nEgy perc el\u00e9g, \u00e9s leszek bolond a kedved\u00e9rt.<br \/>\nRingat a v\u00e1gy,piszkos tang\u00f3t t\u00e1ncol a sz\u00edvemen \u00e1t&#8230;<\/p>\n<p>Maradsz-e m\u00e9g mell\u00e9nk b\u00faj\u00f3 reggel\u00e9rt.<br \/>\nJ\u00f6hetsz el\u00e9m, szemf\u00e9nyveszt\u0151 keddek\u00e9rt.<br \/>\nLopott vil\u00e1g, a tilos sz\u00f6g\u00e9n l\u00f3gat egy \u00e9leten \u00e1t.<\/p>\n<p>\u00c9rj hozz\u00e1m, m\u00e9g egyszer,<br \/>\nhadd, hogy l\u00e1ssam a sz\u00e1rnyad,<br \/>\ncsak meg ne mutasd m\u00e1snak.<br \/>\n\u00c9rj hozz\u00e1m m\u00e9g egyszer,<br \/>\nhagyd, hogy szor\u00edtsalak jobban,<br \/>\nvessz\u00fcnk el a mostban&#8230;<br \/>\n&#8212;Sz\u00f3l\u00f3&#8212;<br \/>\nV\u00e1rni r\u00e1d, \u00e9s rem\u00e9lni, hogy lesz m\u00e9g p\u00e1r,<br \/>\ntal\u00e1lkoz\u00e1s, ny\u00e1rut\u00f3n a Dun\u00e1n\u00e1l.<br \/>\nIsmer\u0151s v\u00e1gy, piszkos tang\u00f3t,<br \/>\nt\u00e1ncol a sz\u00edvemen \u00e1t.<\/p>\n<p>\u00c9rj hozz\u00e1m m\u00e9g egyszer,<br \/>\nhadd, hogy l\u00e1ssam a sz\u00e1rnyad,<br \/>\ncsak meg ne mutasd m\u00e1snak.<br \/>\n\u00c9rj hozz\u00e1m m\u00e9g egyszer,<br \/>\nhagyd, hogy szor\u00edtsalak jobban,<br \/>\nvessz\u00fcnk el a mostban&#8230;<br \/>\n&#8212;Sz\u00f3l\u00f3&#8212;<br \/>\n\u00c9rj hozz\u00e1m&#8230;.\u00e9rj hozz\u00e1m&#8230;..<br \/>\n\u00c9rj hozz\u00e1m&#8230;.\u00e9rj hozz\u00e1m&#8230;..<br \/>\nV\u00e1ltakozik nap \u00e9s \u00e9j,<br \/>\nborban ring\u00f3 t\u00fck\u00f6rk\u00e9p,<br \/>\nLepke vagyok,f\u00e9nyedn\u00e9l,\u00f3h,&#8230;&#8230;<\/p>\n<p>\u00c9rj hozz\u00e1m m\u00e9g egyszer,<br \/>\nhadd, hogy l\u00e1ssam a sz\u00e1rnyad,<br \/>\ncsak meg ne mutasd m\u00e1snak.<br \/>\n\u00c9rj hozz\u00e1m m\u00e9g egyszer,<br \/>\nhagyd, hogy szor\u00edtsalak jobban,<br \/>\nvessz\u00fcnk el a mostban&#8230;<br \/>\n\u00c9rj hozz\u00e1m m\u00e9g egyszer,<br \/>\nhadd, hogy l\u00e1ssam a sz\u00e1rnyad,<br \/>\ncsak meg ne mutasd m\u00e1snak.<br \/>\n\u00c9rj hozz\u00e1m m\u00e9g egyszer,<br \/>\nhagyd, hogy szor\u00edtsalak jobban,<br \/>\nvessz\u00fcnk el a mostban&#8230;<br \/>\n&#8212;V\u00e9ge&#8212;<\/p>\n","protected":false},"featured_media":8717,"template":"","meta":{"site-sidebar-layout":"default","site-content-layout":"default","ast-site-content-layout":"default","site-content-style":"default","site-sidebar-style":"default","ast-global-header-display":"","ast-banner-title-visibility":"","ast-main-header-display":"","ast-hfb-above-header-display":"","ast-hfb-below-header-display":"","ast-hfb-mobile-header-display":"","site-post-title":"","ast-breadcrumbs-content":"","ast-featured-img":"","footer-sml-layout":"","theme-transparent-header-meta":"default","adv-header-id-meta":"","stick-header-meta":"","header-above-stick-meta":"","header-main-stick-meta":"","header-below-stick-meta":"","astra-migrate-meta-layouts":"set","ast-page-background-enabled":"default","ast-page-background-meta":{"desktop":{"background-color":"var(--ast-global-color-4)","background-image":"","background-repeat":"repeat","background-position":"center center","background-size":"auto","background-attachment":"scroll","background-type":"","background-media":"","overlay-type":"","overlay-color":"","overlay-opacity":"","overlay-gradient":""},"tablet":{"background-color":"","background-image":"","background-repeat":"repeat","background-position":"center center","background-size":"auto","background-attachment":"scroll","background-type":"","background-media":"","overlay-type":"","overlay-color":"","overlay-opacity":"","overlay-gradient":""},"mobile":{"background-color":"","background-image":"","background-repeat":"repeat","background-position":"center center","background-size":"auto","background-attachment":"scroll","background-type":"","background-media":"","overlay-type":"","overlay-color":"","overlay-opacity":"","overlay-gradient":""}},"ast-content-background-meta":{"desktop":{"background-color":"var(--ast-global-color-5)","background-image":"","background-repeat":"repeat","background-position":"center center","background-size":"auto","background-attachment":"scroll","background-type":"","background-media":"","overlay-type":"","overlay-color":"","overlay-opacity":"","overlay-gradient":""},"tablet":{"background-color":"var(--ast-global-color-5)","background-image":"","background-repeat":"repeat","background-position":"center center","background-size":"auto","background-attachment":"scroll","background-type":"","background-media":"","overlay-type":"","overlay-color":"","overlay-opacity":"","overlay-gradient":""},"mobile":{"background-color":"var(--ast-global-color-5)","background-image":"","background-repeat":"repeat","background-position":"center center","background-size":"auto","background-attachment":"scroll","background-type":"","background-media":"","overlay-type":"","overlay-color":"","overlay-opacity":"","overlay-gradient":""}}},"product_cat":[48],"product_tag":[],"class_list":["post-5016","product","type-product","status-publish","has-post-thumbnail","hentry","product_cat-sunkaraoke-dalok","desktop-align-left","tablet-align-left","mobile-align-left"],"_links":{"self":[{"href":"https:\/\/www.sunkaraoke.hu\/index.php\/wp-json\/wp\/v2\/product\/5016","targetHints":{"allow":["GET"]}}],"collection":[{"href":"https:\/\/www.sunkaraoke.hu\/index.php\/wp-json\/wp\/v2\/product"}],"about":[{"href":"https:\/\/www.sunkaraoke.hu\/index.php\/wp-json\/wp\/v2\/types\/product"}],"wp:featuredmedia":[{"embeddable":true,"href":"https:\/\/www.sunkaraoke.hu\/index.php\/wp-json\/wp\/v2\/media\/8717"}],"wp:attachment":[{"href":"https:\/\/www.sunkaraoke.hu\/index.php\/wp-json\/wp\/v2\/media?parent=5016"}],"wp:term":[{"taxonomy":"product_cat","embeddable":true,"href":"https:\/\/www.sunkaraoke.hu\/index.php\/wp-json\/wp\/v2\/product_cat?post=5016"},{"taxonomy":"product_tag","embeddable":true,"href":"https:\/\/www.sunkaraoke.hu\/index.php\/wp-json\/wp\/v2\/product_tag?post=5016"}],"curies":[{"name":"wp","href":"https:\/\/api.w.org\/{rel}","templated":true}]}}