{"id":5015,"date":"2022-08-08T20:48:28","date_gmt":"2022-08-08T20:48:28","guid":{"rendered":"https:\/\/www.sunkaraoke.hu\/index.php\/termek\/v-zoy-lanyok-ne-sirjatok\/"},"modified":"2025-04-04T14:35:59","modified_gmt":"2025-04-04T14:35:59","slug":"v-zoy-lanyok-ne-sirjatok","status":"publish","type":"product","link":"https:\/\/www.sunkaraoke.hu\/index.php\/termek\/v-zoy-lanyok-ne-sirjatok\/","title":{"rendered":"<div class=\"wcmp-player-container product-5015\"><audio controlslist=\"nodownload\" data-product=\"5015\"  volume=\"1\"  preload=\"none\" data-lazyloading=\"none\" class=\"wcmp-player track mejs-classic\" data-duration=\"0:34\" data-estimated_duration=\"4\"><source src=\"https:\/\/www.sunkaraoke.hu\/wp-content\/uploads\/2022\/08\/Lanyok-ne-sirjatok-transz-E.demoo_.mp3\" type=\"audio\/mp3\" \/><\/audio><\/div>V-Zoy &#8211; L\u00e1nyok ne s\u00edrjatok (Original Zoly Edition)"},"content":{"rendered":"<p><strong>03:55<\/strong> | <strong><img loading=\"lazy\" decoding=\"async\" class=\"alignnone size-full wp-image-467\" src=\"https:\/\/www.sunkaraoke.hu\/wp-content\/uploads\/2022\/07\/choir_2-copy.webp\" alt=\"\" width=\"30\" height=\"30\" \/> <\/strong><\/p>\n","protected":false},"excerpt":{"rendered":"<h6><strong>Bits\u0171r\u0171s\u00e9g: 320<\/strong>kb\/s<strong><br \/>\n<\/strong><strong>Hossz: <\/strong>03:55<strong><br \/>\n<\/strong><strong style=\"font-size: 16px;\">Vok\u00e1lt tartalmaz: <\/strong>Nem <img loading=\"lazy\" decoding=\"async\" class=\"alignnone size-full wp-image-467\" src=\"http:\/\/www.sunkaraoke.hu\/wp-content\/uploads\/2022\/07\/choir_2-copy.png\" alt=\"\" width=\"30\" height=\"30\" \/><strong style=\"font-size: 16px;\"><br \/>\n<\/strong><\/h6>\n<p>Sunkaraoke mp3 st\u00fadi\u00f3 \/ www.sunkaraoke.hu \/ Inf: Tel: 06 20 4275001<\/p>\n<p>V\u00e1,p\u00e1, p\u00e1, ro, l\u00e9, v\u00e1 p\u00e1, p\u00e1, r\u00e1, l\u00e1&#8230;<br \/>\nV\u00e1,p\u00e1, p\u00e1, ro, l\u00e9, v\u00e1 p\u00e1, p\u00e1, r\u00e1, l\u00e1&#8230;<br \/>\nL\u00e1j, l\u00e1j,&#8230;..<br \/>\nVag\u00e1ny cs\u00e1v\u00f3 vagy te Pityu j\u00f3 nagyra n\u0151tt\u00e9l,<br \/>\nazt k\u00edv\u00e1nom az \u00e9letben sok p\u00e9nzt keress\u00e9l.<br \/>\nElker\u00fclt\u00e9l sz\u00e9p szabolcsb\u00f3l Pest az otthonod,<br \/>\nvan m\u00e1r neked sz\u00e9p csal\u00e1dod nem kell agg\u00f3dnod.<br \/>\nA sz\u00e9p l\u00e1nyok \u00e9rted s\u00edrnak, V-Zoy bar\u00e1tom,<br \/>\nlegy\u00e9l szerencs\u00e9s mindenben \u00e9n azt k\u00edv\u00e1nom.<br \/>\nAz \u00e9jszak\u00e1ban kimulatod mindig magadat,<br \/>\na k\u00f6rny\u00e9ken m\u00e1r \u00fagy ismernek hogy Giggol\u00f3 vagy!<\/p>\n<p>L\u00e1nyok ne s\u00edrjatok, vel\u00fcnk mulassatok,<br \/>\nna gyertek j\u00e1rjuk a t\u00e1ncot, ma \u00e9jszaka nagy buli lesz.<br \/>\nBuny\u00f3s \u00e9s a V-Zoy, j\u00f3kedvet var\u00e1zsol,<br \/>\nna gyertek j\u00e1rjuk a t\u00e1ncot, ne \u00e1rtson meg a sok szesz!<br \/>\n&#8212;Sz\u00f3l\u00f3&#8212;<br \/>\nVag\u00e1ny cs\u00e1v\u00f3 vagy te Pityu j\u00f3 nagyra n\u0151tt\u00e9l,<br \/>\nazt k\u00edv\u00e1nom az \u00e9letben sok p\u00e9nzt keress\u00e9l.<br \/>\nElker\u00fclt\u00e9l messze t\u0151l\u00fcnk Pest az otthonod,<br \/>\nvan m\u00e1r neked sz\u00e9p csal\u00e1dod nem kell agg\u00f3dnod.<br \/>\nA sz\u00e9p l\u00e1nyok \u00e9rted s\u00edrnak, V-Zoy bar\u00e1tom,<br \/>\nlegy\u00e9l szerencs\u00e9s mindenben \u00e9n azt k\u00edv\u00e1nom.<br \/>\nAz \u00e9jszak\u00e1ban kimulatod mindig magadat,<br \/>\na k\u00f6rny\u00e9ken m\u00e1r \u00fagy ismernek hogy Giggol\u00f3 vagy!<\/p>\n<p>L\u00e1nyok ne s\u00edrjatok, vel\u00fcnk mulassatok,<br \/>\nna gyertek j\u00e1rjuk a t\u00e1ncot, ma \u00e9jszaka nagy buli lesz.<br \/>\nBuny\u00f3s \u00e9s a V-Zoy, j\u00f3kedvet var\u00e1zsol,<br \/>\nna gyertek j\u00e1rjuk a t\u00e1ncot, ne \u00e1rtson meg a sok szesz!<br \/>\nL\u00e1nyok ne s\u00edrjatok, vel\u00fcnk mulassatok,<br \/>\nna gyertek j\u00e1rjuk a t\u00e1ncot, ma \u00e9jszaka nagy buli lesz.<br \/>\nBuny\u00f3s \u00e9s a V-Zoy, j\u00f3kedvet var\u00e1zsol,<br \/>\nna gyertek j\u00e1rjuk a t\u00e1ncot, ne \u00e1rtson meg a sok szesz!<br \/>\nL\u00e1nyok ne s\u00edrjatok, vel\u00fcnk mulassatok,<br \/>\nna gyertek j\u00e1rjuk a t\u00e1ncot, ma \u00e9jszaka nagy buli lesz.<br \/>\nBuny\u00f3s \u00e9s a V-Zoy, j\u00f3kedvet var\u00e1zsol,<br \/>\nna gyertek j\u00e1rjuk a t\u00e1ncot, ne \u00e1rtson meg a sok szesz!<br \/>\n&#8212;-V\u00e9ge&#8212;<\/p>\n","protected":false},"featured_media":9681,"template":"","meta":{"site-sidebar-layout":"default","site-content-layout":"default","ast-site-content-layout":"default","site-content-style":"default","site-sidebar-style":"default","ast-global-header-display":"","ast-banner-title-visibility":"","ast-main-header-display":"","ast-hfb-above-header-display":"","ast-hfb-below-header-display":"","ast-hfb-mobile-header-display":"","site-post-title":"","ast-breadcrumbs-content":"","ast-featured-img":"","footer-sml-layout":"","theme-transparent-header-meta":"default","adv-header-id-meta":"","stick-header-meta":"","header-above-stick-meta":"","header-main-stick-meta":"","header-below-stick-meta":"","astra-migrate-meta-layouts":"set","ast-page-background-enabled":"default","ast-page-background-meta":{"desktop":{"background-color":"var(--ast-global-color-4)","background-image":"","background-repeat":"repeat","background-position":"center center","background-size":"auto","background-attachment":"scroll","background-type":"","background-media":"","overlay-type":"","overlay-color":"","overlay-opacity":"","overlay-gradient":""},"tablet":{"background-color":"","background-image":"","background-repeat":"repeat","background-position":"center center","background-size":"auto","background-attachment":"scroll","background-type":"","background-media":"","overlay-type":"","overlay-color":"","overlay-opacity":"","overlay-gradient":""},"mobile":{"background-color":"","background-image":"","background-repeat":"repeat","background-position":"center center","background-size":"auto","background-attachment":"scroll","background-type":"","background-media":"","overlay-type":"","overlay-color":"","overlay-opacity":"","overlay-gradient":""}},"ast-content-background-meta":{"desktop":{"background-color":"var(--ast-global-color-5)","background-image":"","background-repeat":"repeat","background-position":"center center","background-size":"auto","background-attachment":"scroll","background-type":"","background-media":"","overlay-type":"","overlay-color":"","overlay-opacity":"","overlay-gradient":""},"tablet":{"background-color":"var(--ast-global-color-5)","background-image":"","background-repeat":"repeat","background-position":"center center","background-size":"auto","background-attachment":"scroll","background-type":"","background-media":"","overlay-type":"","overlay-color":"","overlay-opacity":"","overlay-gradient":""},"mobile":{"background-color":"var(--ast-global-color-5)","background-image":"","background-repeat":"repeat","background-position":"center center","background-size":"auto","background-attachment":"scroll","background-type":"","background-media":"","overlay-type":"","overlay-color":"","overlay-opacity":"","overlay-gradient":""}}},"product_cat":[58],"product_tag":[],"class_list":["post-5015","product","type-product","status-publish","has-post-thumbnail","hentry","product_cat-erdelyi-zoltan","desktop-align-left","tablet-align-left","mobile-align-left"],"_links":{"self":[{"href":"https:\/\/www.sunkaraoke.hu\/index.php\/wp-json\/wp\/v2\/product\/5015","targetHints":{"allow":["GET"]}}],"collection":[{"href":"https:\/\/www.sunkaraoke.hu\/index.php\/wp-json\/wp\/v2\/product"}],"about":[{"href":"https:\/\/www.sunkaraoke.hu\/index.php\/wp-json\/wp\/v2\/types\/product"}],"wp:featuredmedia":[{"embeddable":true,"href":"https:\/\/www.sunkaraoke.hu\/index.php\/wp-json\/wp\/v2\/media\/9681"}],"wp:attachment":[{"href":"https:\/\/www.sunkaraoke.hu\/index.php\/wp-json\/wp\/v2\/media?parent=5015"}],"wp:term":[{"taxonomy":"product_cat","embeddable":true,"href":"https:\/\/www.sunkaraoke.hu\/index.php\/wp-json\/wp\/v2\/product_cat?post=5015"},{"taxonomy":"product_tag","embeddable":true,"href":"https:\/\/www.sunkaraoke.hu\/index.php\/wp-json\/wp\/v2\/product_tag?post=5015"}],"curies":[{"name":"wp","href":"https:\/\/api.w.org\/{rel}","templated":true}]}}