{"id":5013,"date":"2022-08-08T20:48:28","date_gmt":"2022-08-08T20:48:28","guid":{"rendered":"https:\/\/www.sunkaraoke.hu\/index.php\/termek\/jolly-suzy-nos-gusta-pasar\/"},"modified":"2025-03-25T14:09:43","modified_gmt":"2025-03-25T14:09:43","slug":"jolly-suzy-nos-gusta-pasar","status":"publish","type":"product","link":"https:\/\/www.sunkaraoke.hu\/index.php\/termek\/jolly-suzy-nos-gusta-pasar\/","title":{"rendered":"<div class=\"wcmp-player-container product-5013\"><audio controlslist=\"nodownload\" data-product=\"5013\"  volume=\"1\"  preload=\"none\" data-lazyloading=\"none\" class=\"wcmp-player track mejs-classic\" data-duration=\"0:34\" data-estimated_duration=\"4\"><source src=\"https:\/\/www.sunkaraoke.hu\/wp-content\/uploads\/2022\/08\/Nos-gusta-pasar-orig-SB._demo.mp3\" type=\"audio\/mp3\" \/><\/audio><\/div>Jolly &#038; Suzy &#8211; Nos gusta pasar (Original)"},"content":{"rendered":"<p><strong>03:47<\/strong> | <strong><img loading=\"lazy\" decoding=\"async\" class=\"alignnone size-full wp-image-467\" src=\"https:\/\/www.sunkaraoke.hu\/wp-content\/uploads\/2022\/07\/choir_2-copy.webp\" alt=\"\" width=\"30\" height=\"30\" \/> <\/strong><\/p>\n","protected":false},"excerpt":{"rendered":"<h5>Bits\u0171r\u0171s\u00e9g: 320 kb\/s<br \/>\nHossz: 03:47<br \/>\nVok\u00e1lt tartalmaz: Nem <img loading=\"lazy\" decoding=\"async\" class=\"alignnone size-full wp-image-467\" src=\"http:\/\/www.sunkaraoke.hu\/wp-content\/uploads\/2022\/07\/choir_2-copy.png\" alt=\"\" width=\"30\" height=\"30\" \/><strong style=\"font-size: 16px;\"><br \/>\n<\/strong><\/h5>\n<p>Sunkaraoke mp3 st\u00fadi\u00f3 \/ www.sunkaraoke.hu \/ Inf: Tel: 06 20 4275001<\/p>\n<p>&#8212;Intr\u00f3&#8212;<\/p>\n<p>S\u00e1lom,\u00e1lom,\u00e1lom,oj,l\u00e9,l\u00e9,l\u00e9,\u00e1lom, nos,nos gusta pasar,<br \/>\ns\u00e1lom,\u00e1lom,\u00e1lom,oj,l\u00e9,l\u00e9,l\u00e9,\u00e1lom, nos,nos gusta pasar.<br \/>\nS\u00e1lom,\u00e1lom,\u00e1lom,oj,l\u00e9,l\u00e9,l\u00e9,\u00e1lom, nos,nos gusta pasar,<br \/>\ns\u00e1lom,\u00e1lom,\u00e1lom,oj,l\u00e9,l\u00e9,l\u00e9,\u00e1lom, nos,nos gusta pasar.<\/p>\n<p>Ma este buli van, Jolly van a buliban,<br \/>\n\u00e1j,l\u00e9,ti,ri,ti,ti,t\u00e1,n\u00e1,n\u00e1&#8230;<br \/>\nMa \u00e9jszaka buli van, Suzy van a buliban,<br \/>\n\u00e1j,l\u00e9,l\u00e9,l\u00e9,l\u00e9,l\u00e9,l\u00e9j&#8230;<\/p>\n<p>Hadd l\u00e1ss\u00e1k az emberek, \u00e9n mindent megtehetek,<br \/>\n\u00e1j,l\u00e9,ti,ri,ti,ti,t\u00e1,n\u00e1,n\u00e1&#8230;<br \/>\nArany\u00f3ra,kark\u00f6t\u0151, \u00edgy lehetsz csak nagymen\u0151,<br \/>\n\u00e1j,l\u00e9,l\u00e9,l\u00e9,l\u00e9,l\u00e9,l\u00e9j&#8230;<\/p>\n<p>Azt besz\u00e9li a sok vag\u00e1ny,<br \/>\nnem vagyok \u00e9n annyira k\u00f6nnyelm\u0171 l\u00e1ny,<br \/>\nha felveszem neked a legszebb ruh\u00e1m,<br \/>\ncsak t\u00e1tod a sz\u00e1d, na ne sz\u00e9d\u00edts m\u00e1r.<br \/>\nAzt besz\u00e9li r\u00f3lam a sok liba,<br \/>\nhogy \u00e9n vagyok a k\u00f6rny\u00e9ken a Cassanova,<br \/>\nma este Porsch\u00e9vel megyek \u00e9n le a buliba,<br \/>\ncsak t\u00e1tod a sz\u00e1d, na gyere vaker\u00e1lj!<\/p>\n<p>J\u00f3l van baby ne j\u00e1tsszd meg magad,<br \/>\nhi\u00e1ba sz\u00e9d\u00edted itt a csajokat,<br \/>\nh\u00e1t te is tudod \u00e9n vagyok a nagymen\u0151,<br \/>\nte mondtad hogy \u00e9n vagyok a bomban\u0151!<\/p>\n<p>Mondtam mondtam de ez csak b\u00f3k volt,<br \/>\nnem is tudom mit v\u00e1rt\u00e1l egy giggol\u00f3t\u00f3l,<br \/>\nazt mondom \u00e9n neked kisl\u00e1ny ne l\u00e9gy buta,<br \/>\ngyere ink\u00e1bb el velem egy randira.<\/p>\n<p>&#8212;Sz\u00f3l\u00f3&#8212;<br \/>\nS\u00e1lom,\u00e1lom,\u00e1lom,oj,l\u00e9,l\u00e9,l\u00e9,\u00e1lom, nos,nos gusta pasar,<br \/>\ns\u00e1lom,\u00e1lom,\u00e1lom,oj,l\u00e9,l\u00e9,l\u00e9,\u00e1lom, nos,nos gusta pasar.<br \/>\nMa este buli van, Jolly van a buliban,<br \/>\n\u00e1j,l\u00e9,ti,ri,ti,ti,t\u00e1,n\u00e1,n\u00e1&#8230;<br \/>\nMa \u00e9jszaka buli van, Suzy van a buliban,<br \/>\n\u00e1j,l\u00e9,l\u00e9,l\u00e9,l\u00e9,l\u00e9,l\u00e9j&#8230;<br \/>\nHadd l\u00e1ss\u00e1k az emberek, \u00e9n mindent megthetek,<br \/>\n\u00e1j,l\u00e9,ti,ri,ti,ti,t\u00e1,n\u00e1,n\u00e1&#8230;<br \/>\nArany\u00f3ra , kark\u00f6t\u0151, \u00edgy lehetsz csak nagymen\u0151,<br \/>\n\u00e1j,l\u00e9,l\u00e9,l\u00e9,l\u00e9,l\u00e9,l\u00e9j&#8230;<br \/>\nAzt besz\u00e9li a sok vag\u00e1ny,<br \/>\nnem vagyok \u00e9n annyira k\u00f6nnyelm\u0171 l\u00e1ny,<br \/>\nha felveszem neked a legszebb ruh\u00e1m,<br \/>\ncsak t\u00e1tod a sz\u00e1d, na ne sz\u00e9d\u00edts m\u00e1r.<br \/>\nAzt besz\u00e9li r\u00f3lam a sok liba,<br \/>\nhogy \u00e9n vagyok a k\u00f6rny\u00e9ken a Cassanova,<br \/>\nma este Porsch\u00e9vel megyek \u00e9n le a buliba,<br \/>\ncsak t\u00e1tod a sz\u00e1d, na gyere vaker\u00e1lj!<br \/>\nJ\u00f3l van baby ne j\u00e1tsszd meg magad,<br \/>\nhi\u00e1ba sz\u00e9d\u00edted itt a csajokat,<br \/>\nh\u00e1t te is tudod \u00e9n vagyok a nagymen\u0151,<br \/>\nte mondtad hogy \u00e9n vagyok a bomban\u0151!<br \/>\nMondtam mondtam de ez csak b\u00f3k volt,<br \/>\nnem is tudom mit v\u00e1rt\u00e1l egy giggol\u00f3t\u00f3l,<br \/>\nazt mondom \u00e9n neked kisl\u00e1ny ne l\u00e9gy buta,<br \/>\ngyere ink\u00e1bb el velem egy randira.<br \/>\nMa \u00e9jszaka buli van&#8230;<\/p>\n<p>&#8212;V\u00e9ge&#8212;<\/p>\n","protected":false},"featured_media":9007,"template":"","meta":{"site-sidebar-layout":"default","site-content-layout":"default","ast-site-content-layout":"default","site-content-style":"default","site-sidebar-style":"default","ast-global-header-display":"","ast-banner-title-visibility":"","ast-main-header-display":"","ast-hfb-above-header-display":"","ast-hfb-below-header-display":"","ast-hfb-mobile-header-display":"","site-post-title":"","ast-breadcrumbs-content":"","ast-featured-img":"","footer-sml-layout":"","theme-transparent-header-meta":"default","adv-header-id-meta":"","stick-header-meta":"","header-above-stick-meta":"","header-main-stick-meta":"","header-below-stick-meta":"","astra-migrate-meta-layouts":"set","ast-page-background-enabled":"default","ast-page-background-meta":{"desktop":{"background-color":"var(--ast-global-color-4)","background-image":"","background-repeat":"repeat","background-position":"center center","background-size":"auto","background-attachment":"scroll","background-type":"","background-media":"","overlay-type":"","overlay-color":"","overlay-opacity":"","overlay-gradient":""},"tablet":{"background-color":"","background-image":"","background-repeat":"repeat","background-position":"center center","background-size":"auto","background-attachment":"scroll","background-type":"","background-media":"","overlay-type":"","overlay-color":"","overlay-opacity":"","overlay-gradient":""},"mobile":{"background-color":"","background-image":"","background-repeat":"repeat","background-position":"center center","background-size":"auto","background-attachment":"scroll","background-type":"","background-media":"","overlay-type":"","overlay-color":"","overlay-opacity":"","overlay-gradient":""}},"ast-content-background-meta":{"desktop":{"background-color":"var(--ast-global-color-5)","background-image":"","background-repeat":"repeat","background-position":"center center","background-size":"auto","background-attachment":"scroll","background-type":"","background-media":"","overlay-type":"","overlay-color":"","overlay-opacity":"","overlay-gradient":""},"tablet":{"background-color":"var(--ast-global-color-5)","background-image":"","background-repeat":"repeat","background-position":"center center","background-size":"auto","background-attachment":"scroll","background-type":"","background-media":"","overlay-type":"","overlay-color":"","overlay-opacity":"","overlay-gradient":""},"mobile":{"background-color":"var(--ast-global-color-5)","background-image":"","background-repeat":"repeat","background-position":"center center","background-size":"auto","background-attachment":"scroll","background-type":"","background-media":"","overlay-type":"","overlay-color":"","overlay-opacity":"","overlay-gradient":""}}},"product_cat":[48],"product_tag":[],"class_list":["post-5013","product","type-product","status-publish","has-post-thumbnail","hentry","product_cat-sunkaraoke-dalok","desktop-align-left","tablet-align-left","mobile-align-left"],"_links":{"self":[{"href":"https:\/\/www.sunkaraoke.hu\/index.php\/wp-json\/wp\/v2\/product\/5013","targetHints":{"allow":["GET"]}}],"collection":[{"href":"https:\/\/www.sunkaraoke.hu\/index.php\/wp-json\/wp\/v2\/product"}],"about":[{"href":"https:\/\/www.sunkaraoke.hu\/index.php\/wp-json\/wp\/v2\/types\/product"}],"wp:featuredmedia":[{"embeddable":true,"href":"https:\/\/www.sunkaraoke.hu\/index.php\/wp-json\/wp\/v2\/media\/9007"}],"wp:attachment":[{"href":"https:\/\/www.sunkaraoke.hu\/index.php\/wp-json\/wp\/v2\/media?parent=5013"}],"wp:term":[{"taxonomy":"product_cat","embeddable":true,"href":"https:\/\/www.sunkaraoke.hu\/index.php\/wp-json\/wp\/v2\/product_cat?post=5013"},{"taxonomy":"product_tag","embeddable":true,"href":"https:\/\/www.sunkaraoke.hu\/index.php\/wp-json\/wp\/v2\/product_tag?post=5013"}],"curies":[{"name":"wp","href":"https:\/\/api.w.org\/{rel}","templated":true}]}}