{"id":5005,"date":"2022-08-08T20:48:27","date_gmt":"2022-08-08T20:48:27","guid":{"rendered":"https:\/\/www.sunkaraoke.hu\/index.php\/termek\/marta-joco-elmegyek-en\/"},"modified":"2025-04-11T14:29:57","modified_gmt":"2025-04-11T14:29:57","slug":"marta-joco-elmegyek-en","status":"publish","type":"product","link":"https:\/\/www.sunkaraoke.hu\/index.php\/termek\/marta-joco-elmegyek-en\/","title":{"rendered":"<div class=\"wcmp-player-container product-5005\"><audio controlslist=\"nodownload\" data-product=\"5005\"  volume=\"1\"  preload=\"none\" data-lazyloading=\"none\" class=\"wcmp-player track mejs-classic\" data-duration=\"0:32\" data-estimated_duration=\"4\"><source src=\"https:\/\/www.sunkaraoke.hu\/wp-content\/uploads\/2022\/08\/Elmegyek-en.M.-demoo.mp3\" type=\"audio\/mp3\" \/><\/audio><\/div>M\u00e1rta Joc\u00f3 &#8211; Elmegyek \u00e9n (Original)"},"content":{"rendered":"<p><strong>03:51<\/strong> | <strong><img loading=\"lazy\" decoding=\"async\" class=\"alignnone size-full wp-image-467\" src=\"https:\/\/www.sunkaraoke.hu\/wp-content\/uploads\/2022\/07\/choir_2-copy.webp\" alt=\"\" width=\"30\" height=\"30\" \/> <\/strong><\/p>\n","protected":false},"excerpt":{"rendered":"<h6><strong>Bits\u0171r\u0171s\u00e9g: 320<\/strong>kb\/s<strong><br \/>\n<\/strong><strong>Hossz: <\/strong>03:51<strong><br \/>\n<\/strong><strong style=\"font-size: 16px;\">Vok\u00e1lt tartalmaz: <\/strong>Nem <img loading=\"lazy\" decoding=\"async\" class=\"alignnone size-full wp-image-467\" src=\"http:\/\/www.sunkaraoke.hu\/wp-content\/uploads\/2022\/07\/choir_2-copy.png\" alt=\"\" width=\"30\" height=\"30\" \/><strong style=\"font-size: 16px;\"><br \/>\n<\/strong><\/h6>\n<p>Sunkaraoke mp3 st\u00fadi\u00f3 \/ www.sunkaraoke.hu \/ Inf: Tel: 06 20 4275001<\/p>\n<p>&#8212;Intr\u00f3&#8212;<br \/>\n\u00c9n az \u00e9jjel nem aludtam ki magam,<br \/>\nmert folyton csak a galambomra gondoltam,<br \/>\nhogy merre j\u00e1rhat vajon hol lehet a szerelmem,<br \/>\nmert a vil\u00e1gon senki m\u00e1s nem kell nekem!<br \/>\nHogy merre j\u00e1rhat vajon hol lehet a szerelmem,<br \/>\nmert a vil\u00e1gon senki m\u00e1s nem kell nekem!<br \/>\nF\u00e1j a sz\u00edvem nem tudom hogy mit tegyek,<br \/>\naz \u00e9n bab\u00e1m n\u00e9lk\u00fcl boldog hogyan legyek,<br \/>\nelb\u00fajn\u00e9k \u00e9n, ker\u00fcln\u00e9m a vil\u00e1got,<br \/>\nhogy ne l\u00e1ss\u00e1k k\u00f6nnyeim a zsiv\u00e1nyok.<br \/>\nElb\u00fajn\u00e9k \u00e9n, ker\u00fcln\u00e9m a vil\u00e1got,<br \/>\nhogy ne l\u00e1ss\u00e1k k\u00f6nnyeim a zsiv\u00e1nyok.<br \/>\nElmegyek \u00e9n oda ahol senki se l\u00e1t,<br \/>\nmagammal viszem a sz\u00edvem minden baj\u00e1t,<br \/>\nsz\u0151ke kisl\u00e1ny gyere te is el velem,<br \/>\ncsak veled lehet \u00fajra sz\u00e9p az \u00e9letem.<br \/>\nSz\u0151ke kisl\u00e1ny gyere te is el velem,<br \/>\ncsak veled lehet \u00fajra sz\u00e9p az \u00e9letem.<br \/>\nElmegyek \u00e9n oda ahol senki se l\u00e1t,<br \/>\nmagammal viszem a sz\u00edvem minden baj\u00e1t,<br \/>\nsz\u0151ke kisl\u00e1ny gyere te is el velem,<br \/>\ncsak veled lehet \u00fajra sz\u00e9p az \u00e9letem.<br \/>\nSz\u0151ke kisl\u00e1ny gyere te is el velem,<br \/>\ncsak veled lehet \u00fajra sz\u00e9p az \u00e9letem.<br \/>\n&#8212;Sz\u00f3l\u00f3&#8212;<br \/>\nAz \u00e9n r\u00f3zs\u00e1m mindig azzal hiteget,<br \/>\n\u00e9n vagyok az igazi csak engem szeret,<br \/>\nb\u00e1rcsak tudn\u00e1m \u00fagy van ahogy \u0151 mondja,<br \/>\nh\u00fazatn\u00e9k egy h\u00faszezrest a von\u00f3ba.<br \/>\nB\u00e1rcsak tudn\u00e1m \u00fagy van ahogy \u0151 mondja,<br \/>\nh\u00fazatn\u00e9k egy h\u00faszezrest a von\u00f3ba.<br \/>\n\u00c9n az \u00e9jjel nem aludtam ki magam,<br \/>\nmert folyton csak a galambomra gondoltam,<br \/>\nhogy merre j\u00e1rhat vajon hol lehet a szerelmem,<br \/>\nmert a vil\u00e1gon senki m\u00e1s nem kell nekem!<br \/>\nHogy merre j\u00e1rhat vajon hol lehet a szerelmem,<br \/>\nmert a vil\u00e1gon senki m\u00e1s nem kell nekem.<br \/>\nElmegyek \u00e9n oda ahol senki se l\u00e1t,<br \/>\nmagammal viszem a sz\u00edvem minden baj\u00e1t,<br \/>\nsz\u0151ke kisl\u00e1ny gyere te is el velem,<br \/>\ncsak veled lehet \u00fajra sz\u00e9p az \u00e9letem.<br \/>\nSz\u0151ke kisl\u00e1ny gyere te is el velem,<br \/>\ncsak veled lehet \u00fajra sz\u00e9p az \u00e9letem.<br \/>\nElmegyek \u00e9n oda ahol senki se l\u00e1t,<br \/>\nmagammal viszem a sz\u00edvem minden baj\u00e1t,<br \/>\nsz\u0151ke kisl\u00e1ny gyere te is el velem,<br \/>\ncsak veled lehet \u00fajra sz\u00e9p az \u00e9letem.<br \/>\nSz\u0151ke kisl\u00e1ny gyere te is el velem,<br \/>\ncsak veled lehet \u00fajra sz\u00e9p az \u00e9letem.<br \/>\n&#8212;Sz\u00f3l\u00f3&#8212;<br \/>\nElmegyek \u00e9n oda ahol senki se l\u00e1t,<br \/>\nmagammal viszem a sz\u00edvem minden baj\u00e1t,<br \/>\nsz\u0151ke kisl\u00e1ny gyere te is el velem,<br \/>\ncsak veled lehet \u00fajra sz\u00e9p az \u00e9letem.<br \/>\nSz\u0151ke kisl\u00e1ny gyere te is el velem,<br \/>\ncsak veled lehet \u00fajra sz\u00e9p az \u00e9letem.<br \/>\nElmegyek \u00e9n oda ahol senki se l\u00e1t,<br \/>\nmagammal viszem a sz\u00edvem minden baj\u00e1t,<br \/>\nsz\u0151ke kisl\u00e1ny gyere te is el velem,<br \/>\ncsak veled lehet \u00fajra sz\u00e9p az \u00e9letem.<br \/>\nSz\u0151ke kisl\u00e1ny gyere te is el velem,<br \/>\ncsak veled lehet \u00fajra sz\u00e9p az \u00e9letem.<br \/>\n&#8212;V\u00e9ge&#8212;<\/p>\n","protected":false},"featured_media":8752,"template":"","meta":{"site-sidebar-layout":"default","site-content-layout":"default","ast-site-content-layout":"default","site-content-style":"default","site-sidebar-style":"default","ast-global-header-display":"","ast-banner-title-visibility":"","ast-main-header-display":"","ast-hfb-above-header-display":"","ast-hfb-below-header-display":"","ast-hfb-mobile-header-display":"","site-post-title":"","ast-breadcrumbs-content":"","ast-featured-img":"","footer-sml-layout":"","theme-transparent-header-meta":"default","adv-header-id-meta":"","stick-header-meta":"","header-above-stick-meta":"","header-main-stick-meta":"","header-below-stick-meta":"","astra-migrate-meta-layouts":"set","ast-page-background-enabled":"default","ast-page-background-meta":{"desktop":{"background-color":"var(--ast-global-color-4)","background-image":"","background-repeat":"repeat","background-position":"center center","background-size":"auto","background-attachment":"scroll","background-type":"","background-media":"","overlay-type":"","overlay-color":"","overlay-opacity":"","overlay-gradient":""},"tablet":{"background-color":"","background-image":"","background-repeat":"repeat","background-position":"center center","background-size":"auto","background-attachment":"scroll","background-type":"","background-media":"","overlay-type":"","overlay-color":"","overlay-opacity":"","overlay-gradient":""},"mobile":{"background-color":"","background-image":"","background-repeat":"repeat","background-position":"center center","background-size":"auto","background-attachment":"scroll","background-type":"","background-media":"","overlay-type":"","overlay-color":"","overlay-opacity":"","overlay-gradient":""}},"ast-content-background-meta":{"desktop":{"background-color":"var(--ast-global-color-5)","background-image":"","background-repeat":"repeat","background-position":"center center","background-size":"auto","background-attachment":"scroll","background-type":"","background-media":"","overlay-type":"","overlay-color":"","overlay-opacity":"","overlay-gradient":""},"tablet":{"background-color":"var(--ast-global-color-5)","background-image":"","background-repeat":"repeat","background-position":"center center","background-size":"auto","background-attachment":"scroll","background-type":"","background-media":"","overlay-type":"","overlay-color":"","overlay-opacity":"","overlay-gradient":""},"mobile":{"background-color":"var(--ast-global-color-5)","background-image":"","background-repeat":"repeat","background-position":"center center","background-size":"auto","background-attachment":"scroll","background-type":"","background-media":"","overlay-type":"","overlay-color":"","overlay-opacity":"","overlay-gradient":""}}},"product_cat":[46],"product_tag":[],"class_list":["post-5005","product","type-product","status-publish","has-post-thumbnail","hentry","product_cat-eredeti-karaoke-dalok","desktop-align-left","tablet-align-left","mobile-align-left"],"_links":{"self":[{"href":"https:\/\/www.sunkaraoke.hu\/index.php\/wp-json\/wp\/v2\/product\/5005","targetHints":{"allow":["GET"]}}],"collection":[{"href":"https:\/\/www.sunkaraoke.hu\/index.php\/wp-json\/wp\/v2\/product"}],"about":[{"href":"https:\/\/www.sunkaraoke.hu\/index.php\/wp-json\/wp\/v2\/types\/product"}],"wp:featuredmedia":[{"embeddable":true,"href":"https:\/\/www.sunkaraoke.hu\/index.php\/wp-json\/wp\/v2\/media\/8752"}],"wp:attachment":[{"href":"https:\/\/www.sunkaraoke.hu\/index.php\/wp-json\/wp\/v2\/media?parent=5005"}],"wp:term":[{"taxonomy":"product_cat","embeddable":true,"href":"https:\/\/www.sunkaraoke.hu\/index.php\/wp-json\/wp\/v2\/product_cat?post=5005"},{"taxonomy":"product_tag","embeddable":true,"href":"https:\/\/www.sunkaraoke.hu\/index.php\/wp-json\/wp\/v2\/product_tag?post=5005"}],"curies":[{"name":"wp","href":"https:\/\/api.w.org\/{rel}","templated":true}]}}