{"id":5000,"date":"2022-08-08T20:48:27","date_gmt":"2022-08-08T20:48:27","guid":{"rendered":"https:\/\/www.sunkaraoke.hu\/index.php\/termek\/forte-akit-szeretnek-a-lanyok-2\/"},"modified":"2025-03-31T11:47:35","modified_gmt":"2025-03-31T11:47:35","slug":"forte-akit-szeretnek-a-lanyok-2","status":"publish","type":"product","link":"https:\/\/www.sunkaraoke.hu\/index.php\/termek\/forte-akit-szeretnek-a-lanyok-2\/","title":{"rendered":"<div class=\"wcmp-player-container product-5000\"><audio controlslist=\"nodownload\" data-product=\"5000\"  volume=\"1\"  preload=\"none\" data-lazyloading=\"none\" class=\"wcmp-player track mejs-classic\" data-duration=\"0:33\" data-estimated_duration=\"4\"><source src=\"https:\/\/www.sunkaraoke.hu\/wp-content\/uploads\/2022\/08\/Akit-szeretnek-a-lanyok-vok-Forte-SB.-_demo.mp3\" type=\"audio\/mp3\" \/><\/audio><\/div>Forte &#8211; Akit szeretnek a l\u00e1nyok (Original SB Edition)"},"content":{"rendered":"<p><strong>03:19<\/strong> | <strong><img loading=\"lazy\" decoding=\"async\" class=\"alignnone size-full wp-image-466\" src=\"https:\/\/www.sunkaraoke.hu\/wp-content\/uploads\/2022\/07\/choir_1-copy.webp\" alt=\"\" width=\"30\" height=\"30\" \/> <\/strong><\/p>\n","protected":false},"excerpt":{"rendered":"<h6><strong>Bits\u0171r\u0171s\u00e9g: 320 <\/strong>kb\/s<strong><br \/>\n<\/strong><strong>Hossz: <\/strong>03:19<strong><br \/>\n<\/strong><strong style=\"font-size: 16px;\">Vok\u00e1lt tartalmaz: <\/strong>Igen <img loading=\"lazy\" decoding=\"async\" class=\"alignnone size-full wp-image-466\" src=\"http:\/\/www.sunkaraoke.hu\/wp-content\/uploads\/2022\/07\/choir_1-copy.png\" alt=\"\" width=\"30\" height=\"30\" \/><strong style=\"font-size: 16px;\"><br \/>\n<\/strong><\/h6>\n<p>Sunkaraoke mp3 st\u00fadi\u00f3 \/ www.sunkaraoke.hu \/ Inf: Tel: 06 20 4275001<\/p>\n<p>&#8212;Intr\u00f3&#8212;<br \/>\nB\u00e1rhol \u00e9lsz e f\u00f6ld\u00f6n,<br \/>\nfalun,vagy v\u00e1rosban,<br \/>\nlakhatsz tornyos h\u00e1zban,<br \/>\nvagy lenge s\u00e1torban.<br \/>\nJ\u00e1rhatsz kelhetsz \u00e9lhetsz,<br \/>\nkocsin vagy an\u00e9lk\u00fcl,<br \/>\negy csak egy a biztos,<br \/>\nhogy nem \u00e9lhetsz n\u0151 n\u00e9lk\u00fcl.<\/p>\n<p>Akit szeretnek a l\u00e1nyok annak j\u00f3,<br \/>\nakit szeretnek a n\u0151k, annak m\u00e9gjobb,<br \/>\nde igaz\u00e1n csak azok boldogok,<br \/>\nakiket szeretnek az asszonyok.<br \/>\nAkit szeretnek a l\u00e1nyok annak j\u00f3,<br \/>\nakit szeretnek a n\u0151k annak m\u00e9gjobb,<br \/>\nde igaz\u00e1n csak azok boldogok,<br \/>\nakiket szeretnek az asszonyok.<\/p>\n<p>S\u00e9t\u00e1lj csitri l\u00e1nnyal \u00fcd\u00e9bb a harmatn\u00e1l,<br \/>\na n\u0151v\u00e9r\u00e9nek b\u00f3kolsz, szeret,ha j\u00f3 volt\u00e1l,<br \/>\n\u00e9s hogy mindez semmi csak akkor \u00e9rted meg,<br \/>\nhogyha asszony cs\u00f3kol ha asszony d\u00e9delget.<\/p>\n<p>Akit szeretnek a l\u00e1nyok annak j\u00f3,<br \/>\nakit szeretnek a n\u0151k, annak m\u00e9gjobb,<br \/>\nde igaz\u00e1n csak azok boldogok,<br \/>\nakiket szeretnek az asszonyok.<br \/>\nAkit szeretnek a l\u00e1nyok,annak j\u00f3,<br \/>\nakit szeretnek a n\u0151k,annak m\u00e9gjobb,<br \/>\nde igaz\u00e1n csak azok boldogok,<br \/>\nakiket szeretnek az asszonyok.<br \/>\n&#8212;Sz\u00f3l\u00f3&#8212;<\/p>\n<p>Akit szeretnek a l\u00e1nyok annak j\u00f3,<br \/>\nakit szeretnek a n\u0151k, annak m\u00e9gjobb,<br \/>\nde igaz\u00e1n csak azok boldogok,<br \/>\nakiket szeretnek az asszonyok.<br \/>\nAkit szeretnek a l\u00e1nyok,annak j\u00f3,<br \/>\nakit szeretnek a n\u0151k,annak m\u00e9gjobb,<br \/>\nde igaz\u00e1n csak azok boldogok,<br \/>\nakiket szeretnek az asszonyok.<\/p>\n<p>&#8212;V\u00e9ge&#8212;<\/p>\n","protected":false},"featured_media":16293,"template":"","meta":{"site-sidebar-layout":"default","site-content-layout":"default","ast-site-content-layout":"default","site-content-style":"default","site-sidebar-style":"default","ast-global-header-display":"","ast-banner-title-visibility":"","ast-main-header-display":"","ast-hfb-above-header-display":"","ast-hfb-below-header-display":"","ast-hfb-mobile-header-display":"","site-post-title":"","ast-breadcrumbs-content":"","ast-featured-img":"","footer-sml-layout":"","theme-transparent-header-meta":"default","adv-header-id-meta":"","stick-header-meta":"","header-above-stick-meta":"","header-main-stick-meta":"","header-below-stick-meta":"","astra-migrate-meta-layouts":"set","ast-page-background-enabled":"default","ast-page-background-meta":{"desktop":{"background-color":"var(--ast-global-color-4)","background-image":"","background-repeat":"repeat","background-position":"center center","background-size":"auto","background-attachment":"scroll","background-type":"","background-media":"","overlay-type":"","overlay-color":"","overlay-opacity":"","overlay-gradient":""},"tablet":{"background-color":"","background-image":"","background-repeat":"repeat","background-position":"center center","background-size":"auto","background-attachment":"scroll","background-type":"","background-media":"","overlay-type":"","overlay-color":"","overlay-opacity":"","overlay-gradient":""},"mobile":{"background-color":"","background-image":"","background-repeat":"repeat","background-position":"center center","background-size":"auto","background-attachment":"scroll","background-type":"","background-media":"","overlay-type":"","overlay-color":"","overlay-opacity":"","overlay-gradient":""}},"ast-content-background-meta":{"desktop":{"background-color":"var(--ast-global-color-5)","background-image":"","background-repeat":"repeat","background-position":"center center","background-size":"auto","background-attachment":"scroll","background-type":"","background-media":"","overlay-type":"","overlay-color":"","overlay-opacity":"","overlay-gradient":""},"tablet":{"background-color":"var(--ast-global-color-5)","background-image":"","background-repeat":"repeat","background-position":"center center","background-size":"auto","background-attachment":"scroll","background-type":"","background-media":"","overlay-type":"","overlay-color":"","overlay-opacity":"","overlay-gradient":""},"mobile":{"background-color":"var(--ast-global-color-5)","background-image":"","background-repeat":"repeat","background-position":"center center","background-size":"auto","background-attachment":"scroll","background-type":"","background-media":"","overlay-type":"","overlay-color":"","overlay-opacity":"","overlay-gradient":""}}},"product_cat":[48],"product_tag":[],"class_list":["post-5000","product","type-product","status-publish","has-post-thumbnail","hentry","product_cat-sunkaraoke-dalok","desktop-align-left","tablet-align-left","mobile-align-left"],"_links":{"self":[{"href":"https:\/\/www.sunkaraoke.hu\/index.php\/wp-json\/wp\/v2\/product\/5000","targetHints":{"allow":["GET"]}}],"collection":[{"href":"https:\/\/www.sunkaraoke.hu\/index.php\/wp-json\/wp\/v2\/product"}],"about":[{"href":"https:\/\/www.sunkaraoke.hu\/index.php\/wp-json\/wp\/v2\/types\/product"}],"wp:featuredmedia":[{"embeddable":true,"href":"https:\/\/www.sunkaraoke.hu\/index.php\/wp-json\/wp\/v2\/media\/16293"}],"wp:attachment":[{"href":"https:\/\/www.sunkaraoke.hu\/index.php\/wp-json\/wp\/v2\/media?parent=5000"}],"wp:term":[{"taxonomy":"product_cat","embeddable":true,"href":"https:\/\/www.sunkaraoke.hu\/index.php\/wp-json\/wp\/v2\/product_cat?post=5000"},{"taxonomy":"product_tag","embeddable":true,"href":"https:\/\/www.sunkaraoke.hu\/index.php\/wp-json\/wp\/v2\/product_tag?post=5000"}],"curies":[{"name":"wp","href":"https:\/\/api.w.org\/{rel}","templated":true}]}}