{"id":4997,"date":"2022-08-08T20:48:26","date_gmt":"2022-08-08T20:48:26","guid":{"rendered":"https:\/\/www.sunkaraoke.hu\/index.php\/termek\/marta-joco-utolso-konnycsepp\/"},"modified":"2025-04-11T15:01:13","modified_gmt":"2025-04-11T15:01:13","slug":"marta-joco-utolso-konnycsepp","status":"publish","type":"product","link":"https:\/\/www.sunkaraoke.hu\/index.php\/termek\/marta-joco-utolso-konnycsepp\/","title":{"rendered":"<div class=\"wcmp-player-container product-4997\"><audio controlslist=\"nodownload\" data-product=\"4997\"  volume=\"1\"  preload=\"none\" data-lazyloading=\"none\" class=\"wcmp-player track mejs-classic\" data-duration=\"0:34\" data-estimated_duration=\"4\"><source src=\"https:\/\/www.sunkaraoke.hu\/wp-content\/uploads\/2022\/08\/Utolso-konnycsepp.-kdemoo.mp3\" type=\"audio\/mp3\" \/><\/audio><\/div>M\u00e1rta Joc\u00f3 &#8211; Utols\u00f3 k\u00f6nnycsepp (Original)"},"content":{"rendered":"<p><strong>03:45<\/strong> | <strong><img loading=\"lazy\" decoding=\"async\" class=\"alignnone size-full wp-image-467\" src=\"https:\/\/www.sunkaraoke.hu\/wp-content\/uploads\/2022\/07\/choir_2-copy.webp\" alt=\"\" width=\"30\" height=\"30\" \/> <\/strong><\/p>\n","protected":false},"excerpt":{"rendered":"<h6><strong>Bits\u0171r\u0171s\u00e9g: 320<\/strong>kb\/s<strong><br \/>\n<\/strong><strong>Hossz: <\/strong>03:45<strong><br \/>\n<\/strong><strong style=\"font-size: 16px;\">Vok\u00e1lt tartalmaz: <\/strong>Nem <img loading=\"lazy\" decoding=\"async\" class=\"alignnone size-full wp-image-467\" src=\"http:\/\/www.sunkaraoke.hu\/wp-content\/uploads\/2022\/07\/choir_2-copy.png\" alt=\"\" width=\"30\" height=\"30\" \/><strong style=\"font-size: 16px;\"><br \/>\n<\/strong><\/h6>\n<p>Sunkaraoke mp3 st\u00fadi\u00f3 \/ www.sunkaraoke.hu \/ Inf: Tel: 06 20 4275001<\/p>\n<p>&#8212;Intro&#8212;<\/p>\n<p>Olyan volt\u00e1l nekem, ak\u00e1r a f\u00e9ny,<br \/>\nDe itt hagyt\u00e1l, m\u00e9g is elment\u00e9l.<br \/>\nTal\u00e1n mert nem vigy\u00e1ztam r\u00e1d,<br \/>\nNem az \u00e9n hib\u00e1m.<\/p>\n<p>\u00c1lmomban hallom a hangodat,<br \/>\n\u00c9rzem ahogy simogatod arcomat.<br \/>\nL\u00e1gyan \u00e1t\u00f6lel a sz\u00e9l, mindent megkapn\u00e1l,<br \/>\nHa itt lenn\u00e9l.<\/p>\n<p>Hol van az a mes\u00e9s \u00e1lom,<br \/>\nAmi mindig csak r\u00f3lad sz\u00f3l.<br \/>\nS\u00edrni tudna a sz\u00edvem,<br \/>\nAnnyira hi\u00e1nyzol.<\/p>\n<p>Ez lesz az utols\u00f3 k\u00f6nnycsepp az arcomon,<br \/>\n\u00c9n \u00e9rted s\u00edrni t\u00f6bb\u00e9 nem fogok.<br \/>\nCsak egy utols\u00f3 k\u00f6nnycsepp \u00e9s \u00e9g veled,<br \/>\nAzt hiszem v\u00e9gleg elmegyek.<br \/>\nEz lesz az utols\u00f3 k\u00f6nnycsepp az arcomon,<br \/>\n\u00c9n \u00e9rted s\u00edrni t\u00f6bb\u00e9 nem fogok.<br \/>\nCsak egy utols\u00f3 k\u00f6nnycsepp \u00e9s \u00e9g veled,<br \/>\nAzt hiszem v\u00e9gleg elmegyek.<\/p>\n<p>&#8212;Solo&#8212;<\/p>\n<p>V\u00e1rtalak t\u00fal a hegyeken \u00e1t,<br \/>\nAzt mondtad elj\u00f6ssz, de hazudt\u00e1l.<br \/>\nMost itt \u00e1llok egyed\u00fcl a semmiben,<br \/>\nF\u00e1j a sz\u00edvem, mert nem szeret senki sem.<\/p>\n<p>Csak a git\u00e1r hangja ami vigasztal,<br \/>\n\u00dagy j\u00e1tszom, pont ahogy mutattad.<br \/>\nEgy utols\u00f3 k\u00f6nnycsepp \u00e9s v\u00e9ge m\u00e1r,<br \/>\n\u00c1, \u00e1, \u00e1, elm\u00falt m\u00e1r!!!!<\/p>\n<p>Hol van az a mes\u00e9s \u00e1lom,<br \/>\nAmi mind\u00edg csak r\u00f3lad sz\u00f3l.<br \/>\nS\u00edrni tudna a sz\u00edvem,<br \/>\nAnnyira hi\u00e1nyzol.<\/p>\n<p>Ez lesz az utols\u00f3 k\u00f6nnycsepp az arcomon,<br \/>\n\u00c9n \u00e9rted sirni t\u00f6bb\u00e9 nem fogok.<br \/>\nCsak egy utols\u00f3 k\u00f6nnycsepp \u00e9s \u00e9g veled,<br \/>\nAzt hiszem v\u00e9gleg elmegyek.<br \/>\nEz lesz az utols\u00f3 k\u00f6nnycsepp az arcomon,<br \/>\n\u00c9n \u00e9rted sirni t\u00f6bb\u00e9 nem fogok.<br \/>\nCsak egy utols\u00f3 k\u00f6nnycsepp \u00e9s \u00e9g veled,<br \/>\nAzt hiszem v\u00e9gleg elmegyek.<\/p>\n<p>&#8212;Solo&#8212;<\/p>\n<p>Ez lesz az utols\u00f3 k\u00f6nnycsepp az arcomon,<br \/>\n\u00c9n \u00e9rted sirni t\u00f6bb\u00e9 nem fogok.<br \/>\nCsak egy utols\u00f3 k\u00f6nnycsepp \u00e9s \u00e9g veled,<br \/>\nAzt hiszem v\u00e9gleg elmegyek.<br \/>\nEz lesz az utols\u00f3 k\u00f6nnycsepp az arcomon,<br \/>\n\u00c9n \u00e9rted sirni t\u00f6bb\u00e9 nem fogok.<br \/>\nCsak egy utols\u00f3 k\u00f6nnycsepp \u00e9s \u00e9g veled,<br \/>\nAzt hiszem v\u00e9gleg elmegyek.<\/p>\n<p>&#8212;V\u00e9ge&#8212;<\/p>\n","protected":false},"featured_media":8752,"template":"","meta":{"site-sidebar-layout":"default","site-content-layout":"default","ast-site-content-layout":"default","site-content-style":"default","site-sidebar-style":"default","ast-global-header-display":"","ast-banner-title-visibility":"","ast-main-header-display":"","ast-hfb-above-header-display":"","ast-hfb-below-header-display":"","ast-hfb-mobile-header-display":"","site-post-title":"","ast-breadcrumbs-content":"","ast-featured-img":"","footer-sml-layout":"","theme-transparent-header-meta":"default","adv-header-id-meta":"","stick-header-meta":"","header-above-stick-meta":"","header-main-stick-meta":"","header-below-stick-meta":"","astra-migrate-meta-layouts":"set","ast-page-background-enabled":"default","ast-page-background-meta":{"desktop":{"background-color":"var(--ast-global-color-4)","background-image":"","background-repeat":"repeat","background-position":"center center","background-size":"auto","background-attachment":"scroll","background-type":"","background-media":"","overlay-type":"","overlay-color":"","overlay-opacity":"","overlay-gradient":""},"tablet":{"background-color":"","background-image":"","background-repeat":"repeat","background-position":"center center","background-size":"auto","background-attachment":"scroll","background-type":"","background-media":"","overlay-type":"","overlay-color":"","overlay-opacity":"","overlay-gradient":""},"mobile":{"background-color":"","background-image":"","background-repeat":"repeat","background-position":"center center","background-size":"auto","background-attachment":"scroll","background-type":"","background-media":"","overlay-type":"","overlay-color":"","overlay-opacity":"","overlay-gradient":""}},"ast-content-background-meta":{"desktop":{"background-color":"var(--ast-global-color-5)","background-image":"","background-repeat":"repeat","background-position":"center center","background-size":"auto","background-attachment":"scroll","background-type":"","background-media":"","overlay-type":"","overlay-color":"","overlay-opacity":"","overlay-gradient":""},"tablet":{"background-color":"var(--ast-global-color-5)","background-image":"","background-repeat":"repeat","background-position":"center center","background-size":"auto","background-attachment":"scroll","background-type":"","background-media":"","overlay-type":"","overlay-color":"","overlay-opacity":"","overlay-gradient":""},"mobile":{"background-color":"var(--ast-global-color-5)","background-image":"","background-repeat":"repeat","background-position":"center center","background-size":"auto","background-attachment":"scroll","background-type":"","background-media":"","overlay-type":"","overlay-color":"","overlay-opacity":"","overlay-gradient":""}}},"product_cat":[46],"product_tag":[],"class_list":["post-4997","product","type-product","status-publish","has-post-thumbnail","hentry","product_cat-eredeti-karaoke-dalok","desktop-align-left","tablet-align-left","mobile-align-left"],"_links":{"self":[{"href":"https:\/\/www.sunkaraoke.hu\/index.php\/wp-json\/wp\/v2\/product\/4997","targetHints":{"allow":["GET"]}}],"collection":[{"href":"https:\/\/www.sunkaraoke.hu\/index.php\/wp-json\/wp\/v2\/product"}],"about":[{"href":"https:\/\/www.sunkaraoke.hu\/index.php\/wp-json\/wp\/v2\/types\/product"}],"wp:featuredmedia":[{"embeddable":true,"href":"https:\/\/www.sunkaraoke.hu\/index.php\/wp-json\/wp\/v2\/media\/8752"}],"wp:attachment":[{"href":"https:\/\/www.sunkaraoke.hu\/index.php\/wp-json\/wp\/v2\/media?parent=4997"}],"wp:term":[{"taxonomy":"product_cat","embeddable":true,"href":"https:\/\/www.sunkaraoke.hu\/index.php\/wp-json\/wp\/v2\/product_cat?post=4997"},{"taxonomy":"product_tag","embeddable":true,"href":"https:\/\/www.sunkaraoke.hu\/index.php\/wp-json\/wp\/v2\/product_tag?post=4997"}],"curies":[{"name":"wp","href":"https:\/\/api.w.org\/{rel}","templated":true}]}}