{"id":4996,"date":"2022-08-08T20:48:26","date_gmt":"2022-08-08T20:48:26","guid":{"rendered":"https:\/\/www.sunkaraoke.hu\/index.php\/termek\/marta-joco-annyi-ejjel\/"},"modified":"2022-10-21T14:40:51","modified_gmt":"2022-10-21T14:40:51","slug":"marta-joco-annyi-ejjel","status":"publish","type":"product","link":"https:\/\/www.sunkaraoke.hu\/index.php\/termek\/marta-joco-annyi-ejjel\/","title":{"rendered":"<div class=\"wcmp-player-container product-4996\"><audio controlslist=\"nodownload\" data-product=\"4996\"  volume=\"1\"  preload=\"none\" data-lazyloading=\"none\" class=\"wcmp-player track mejs-classic\" ><source src=\"https:\/\/www.sunkaraoke.hu\/wp-content\/uploads\/wcmp\/19921652a567490fc9e9372bcc84d9d9.mp3\" type=\"audio\/mp3\" \/><\/audio><\/div>M\u00e1rta Joc\u00f3 &#8211; Annyi \u00e9jjel"},"content":{"rendered":"<p><strong>03:55<\/strong> | <strong><img loading=\"lazy\" decoding=\"async\" class=\"alignnone size-full wp-image-467\" src=\"https:\/\/www.sunkaraoke.hu\/wp-content\/uploads\/2022\/07\/choir_2-copy.webp\" alt=\"\" width=\"30\" height=\"30\" \/> <\/p>\n","protected":false},"excerpt":{"rendered":"<p><strong>Bits\u0171r\u0171s\u00e9g: <\/strong>196kb\/s<strong><br \/>\n<\/strong><strong>Hossz: <\/strong>03:55<strong><br \/>\n<\/strong><strong style=\"font-size: 16px;\">Vok\u00e1lt tartalmaz: <\/strong>Nem <img loading=\"lazy\" decoding=\"async\" class=\"alignnone size-full wp-image-467\" src=\"http:\/\/www.sunkaraoke.hu\/wp-content\/uploads\/2022\/07\/choir_2-copy.png\" alt=\"\" width=\"30\" height=\"30\" \/><strong style=\"font-size: 16px;\"><br \/>\n<\/strong><\/p>\n<p>&nbsp;<\/p>\n<p>&#8212;Intro&#8212;<\/p>\n<p>J\u00f3l tudom ma m\u00e1r, mit is jelentesz nekem.<br \/>\nCsak maradj mindig itt, a sz\u00edvemhez k\u00f6zel.<br \/>\nHa \u00edgy marad tal\u00e1n, eg\u00e9sz \u00e9letemen \u00e1t,<br \/>\nGyeng\u00e9d, f\u00e9lt\u0151 sz\u00edvvel, vigy\u00e1zok majd \u00e9n re\u00e1d!<\/p>\n<p>A sok-sok csal\u00f3d\u00e1snak, \u00e9rzem v\u00e9ge m\u00e1r.<br \/>\nElj\u00f6tt \u00e9rtem is tal\u00e1n a boldogs\u00e1g.<br \/>\nAnnyi \u00e9jjel-nappal v\u00e1rtam egymagam,<br \/>\nValami \u00fagy \u00e9rzem v\u00e9gre m\u00e1r felkavart.<br \/>\n\u00c9rzem, tudom j\u00f3l, Te vagy ki kell nekem,<br \/>\nHa r\u00e1d gondolok minden perc \u00f6r\u00f6m nekem.<br \/>\nA boldogs\u00e1g tudom j\u00f3l, most r\u00e1nk tal\u00e1lt,<br \/>\nErre v\u00e1rtam \u00e9n, oly sok \u00e9ven \u00e1t!<\/p>\n<p>R\u00e9gi \u00e9letem, most megv\u00e1ltozott tudom.<br \/>\nGy\u00f6ny\u00f6r\u0171 csillagf\u00e9ny, k\u00eds\u00e9rt el utamon.<br \/>\nAz \u00e9letem tudom, sokszor ujjat mutat m\u00e9g.<br \/>\nA boldogs\u00e1g \u00edz\u00e9t, v\u00e9gre meg\u00e9reztem \u00e9n.<\/p>\n<p>A sok-sok csal\u00f3d\u00e1snak, \u00e9rzem v\u00e9ge m\u00e1r.<br \/>\nElj\u00f6tt \u00e9rtem is tal\u00e1n a boldogs\u00e1g.<br \/>\nAnnyi \u00e9jjel-nappal v\u00e1rtam egymagam,<br \/>\nValami \u00fagy \u00e9rzem v\u00e9gre m\u00e1r felkavart.<\/p>\n<p>&#8212;Solo&#8212;<\/p>\n<p>A sok-sok csal\u00f3d\u00e1snak, \u00e9rzem v\u00e9ge m\u00e1r.<br \/>\nElj\u00f6tt \u00e9rtem is tal\u00e1n a boldogs\u00e1g.<br \/>\nAnnyi \u00e9jjel-nappal v\u00e1rtam egymagam,<br \/>\nValami \u00fagy \u00e9rzem v\u00e9gre m\u00e1r felkavart.<br \/>\n\u00c9rzem, tudom j\u00f3l, Te vagy ki kell nekem,<br \/>\nHa r\u00e1d gondolok minden perc \u00f6r\u00f6m nekem.<br \/>\nA boldogs\u00e1g tudom j\u00f3l, most r\u00e1nk tal\u00e1lt,<br \/>\nErre v\u00e1rtam \u00e9n, oly sok \u00e9ven \u00e1t!<\/p>\n<p>&#8212;V\u00e9ge&#8212;<\/p>\n","protected":false},"featured_media":8752,"template":"","meta":{"site-sidebar-layout":"default","site-content-layout":"default","ast-site-content-layout":"","site-content-style":"default","site-sidebar-style":"default","ast-global-header-display":"","ast-banner-title-visibility":"","ast-main-header-display":"","ast-hfb-above-header-display":"","ast-hfb-below-header-display":"","ast-hfb-mobile-header-display":"","site-post-title":"","ast-breadcrumbs-content":"","ast-featured-img":"","footer-sml-layout":"","theme-transparent-header-meta":"default","adv-header-id-meta":"","stick-header-meta":"","header-above-stick-meta":"","header-main-stick-meta":"","header-below-stick-meta":"","astra-migrate-meta-layouts":"default","ast-page-background-enabled":"default","ast-page-background-meta":{"desktop":{"background-color":"var(--ast-global-color-4)","background-image":"","background-repeat":"repeat","background-position":"center center","background-size":"auto","background-attachment":"scroll","background-type":"","background-media":"","overlay-type":"","overlay-color":"","overlay-opacity":"","overlay-gradient":""},"tablet":{"background-color":"","background-image":"","background-repeat":"repeat","background-position":"center center","background-size":"auto","background-attachment":"scroll","background-type":"","background-media":"","overlay-type":"","overlay-color":"","overlay-opacity":"","overlay-gradient":""},"mobile":{"background-color":"","background-image":"","background-repeat":"repeat","background-position":"center center","background-size":"auto","background-attachment":"scroll","background-type":"","background-media":"","overlay-type":"","overlay-color":"","overlay-opacity":"","overlay-gradient":""}},"ast-content-background-meta":{"desktop":{"background-color":"var(--ast-global-color-5)","background-image":"","background-repeat":"repeat","background-position":"center center","background-size":"auto","background-attachment":"scroll","background-type":"","background-media":"","overlay-type":"","overlay-color":"","overlay-opacity":"","overlay-gradient":""},"tablet":{"background-color":"var(--ast-global-color-5)","background-image":"","background-repeat":"repeat","background-position":"center center","background-size":"auto","background-attachment":"scroll","background-type":"","background-media":"","overlay-type":"","overlay-color":"","overlay-opacity":"","overlay-gradient":""},"mobile":{"background-color":"var(--ast-global-color-5)","background-image":"","background-repeat":"repeat","background-position":"center center","background-size":"auto","background-attachment":"scroll","background-type":"","background-media":"","overlay-type":"","overlay-color":"","overlay-opacity":"","overlay-gradient":""}}},"product_cat":[46],"product_tag":[],"class_list":["post-4996","product","type-product","status-publish","has-post-thumbnail","hentry","product_cat-eredeti-karaoke-dalok","desktop-align-left","tablet-align-left","mobile-align-left"],"_links":{"self":[{"href":"https:\/\/www.sunkaraoke.hu\/index.php\/wp-json\/wp\/v2\/product\/4996","targetHints":{"allow":["GET"]}}],"collection":[{"href":"https:\/\/www.sunkaraoke.hu\/index.php\/wp-json\/wp\/v2\/product"}],"about":[{"href":"https:\/\/www.sunkaraoke.hu\/index.php\/wp-json\/wp\/v2\/types\/product"}],"wp:featuredmedia":[{"embeddable":true,"href":"https:\/\/www.sunkaraoke.hu\/index.php\/wp-json\/wp\/v2\/media\/8752"}],"wp:attachment":[{"href":"https:\/\/www.sunkaraoke.hu\/index.php\/wp-json\/wp\/v2\/media?parent=4996"}],"wp:term":[{"taxonomy":"product_cat","embeddable":true,"href":"https:\/\/www.sunkaraoke.hu\/index.php\/wp-json\/wp\/v2\/product_cat?post=4996"},{"taxonomy":"product_tag","embeddable":true,"href":"https:\/\/www.sunkaraoke.hu\/index.php\/wp-json\/wp\/v2\/product_tag?post=4996"}],"curies":[{"name":"wp","href":"https:\/\/api.w.org\/{rel}","templated":true}]}}