{"id":4995,"date":"2022-08-08T20:48:26","date_gmt":"2022-08-08T20:48:26","guid":{"rendered":"https:\/\/www.sunkaraoke.hu\/index.php\/termek\/marta-joco-hol-van-az-a-jo\/"},"modified":"2025-04-11T14:58:20","modified_gmt":"2025-04-11T14:58:20","slug":"marta-joco-hol-van-az-a-jo","status":"publish","type":"product","link":"https:\/\/www.sunkaraoke.hu\/index.php\/termek\/marta-joco-hol-van-az-a-jo\/","title":{"rendered":"<div class=\"wcmp-player-container product-4995\"><audio controlslist=\"nodownload\" data-product=\"4995\"  volume=\"1\"  preload=\"none\" data-lazyloading=\"none\" class=\"wcmp-player track mejs-classic\" data-duration=\"0:33\" data-estimated_duration=\"4\"><source src=\"https:\/\/www.sunkaraoke.hu\/wp-content\/uploads\/2022\/08\/Hol-van-az-a-jo-M.-kdemoo.mp3\" type=\"audio\/mp3\" \/><\/audio><\/div>M\u00e1rta Joc\u00f3 &#8211; Hol van az a j\u00f3 (Original)"},"content":{"rendered":"<p><strong>03:25<\/strong> | <strong><img loading=\"lazy\" decoding=\"async\" class=\"alignnone size-full wp-image-467\" src=\"https:\/\/www.sunkaraoke.hu\/wp-content\/uploads\/2022\/07\/choir_2-copy.webp\" alt=\"\" width=\"30\" height=\"30\" \/> <\/strong><\/p>\n","protected":false},"excerpt":{"rendered":"<h6><strong>Bits\u0171r\u0171s\u00e9g: 320<\/strong>kb\/s<strong><br \/>\n<\/strong><strong>Hossz: <\/strong>03:25<strong><br \/>\n<\/strong><strong style=\"font-size: 16px;\">Vok\u00e1lt tartalmaz: <\/strong>Nem <img loading=\"lazy\" decoding=\"async\" class=\"alignnone size-full wp-image-467\" src=\"http:\/\/www.sunkaraoke.hu\/wp-content\/uploads\/2022\/07\/choir_2-copy.png\" alt=\"\" width=\"30\" height=\"30\" \/><strong style=\"font-size: 16px;\"><br \/>\n<\/strong><\/h6>\n<p>Sunkaraoke mp3 st\u00fadi\u00f3 \/ www.sunkaraoke.hu \/ Inf: Tel: 06 20 4275001<\/p>\n<p>&#8212;Intro&#8212;<\/p>\n<p>\u00c9n nem \u00e9rtem, hogy mit rontottam el,<br \/>\n\u00c9n nem \u00e9rtem, hogy hol van az a szerelem,<br \/>\nAmi k\u00f6zt\u00fcnk volt, eml\u00e9kszem minden oly sz\u00e9p volt, veled.<\/p>\n<p>R\u00f3lad \u00e1lmodom, minden \u00e9jjel,<br \/>\nKezeim \u00f6sszefogom \u00e9s \u00fagy im\u00e1dkozom,<br \/>\nHogy \u00fajra itt legy\u00e9l \u00e9s hogy \u00e9rtem mindent megtegy\u00e9l.<\/p>\n<p>Hol van az a j\u00f3, hol van az a sz\u00e9p,<br \/>\nHol van az a r\u00e9gi szenved\u00e9ly.<br \/>\nNem \u00e9rtem mi\u00e9rt hagytad azt hogy \u00edgy legyen,<br \/>\nTudod hogy minden t\u00f6nkre menjen.<br \/>\nHol van az a j\u00f3, hol van az a sz\u00e9p,<br \/>\nhol van az a r\u00e9gi szenved\u00e9ly.<br \/>\nAmi\u00e9rt meg\u00e9ri \u00fajra kezdeni,<br \/>\nami\u00e9rt meg\u00e9ri mindent elfelejteni.<\/p>\n<p>&#8212;Solo&#8212;<\/p>\n<p>Hazudt\u00e1l, az volt az els\u0151 alkalom, hogy becsapt\u00e1l,<br \/>\n\u00c9n hi\u00e1ba is akarom, de sajnos v\u00e9ge a mes\u00e9nek,<br \/>\nL\u00e1tom hozz\u00e1d hi\u00e1ba is besz\u00e9lek,<\/p>\n<p>De k\u00e1r hogy elhagyt\u00e1l, \u00e9n belehalok, szemembe hazudt\u00e1l,<br \/>\nLetagadom az \u00e9rz\u00e9seim, azt hogy szeretlek,<br \/>\nM\u00e9g ha k\u00ednoz is el nem feledlek.<\/p>\n<p>Hol van az a j\u00f3, hol van az a sz\u00e9p,<br \/>\nHol van az a r\u00e9gi szenved\u00e9ly.<br \/>\nNem \u00e9rtem mi\u00e9rt hagytad azt hogy \u00edgy legyen,<br \/>\nTudod hogy minden t\u00f6nkre menjen.<br \/>\nHol van az a j\u00f3, hol van az a sz\u00e9p,<br \/>\nhol van az a r\u00e9gi szenved\u00e9ly.<br \/>\nAmi\u00e9rt meg\u00e9ri \u00fajra kezdeni,<br \/>\nami\u00e9rt meg\u00e9ri mindent elfelejteni.<\/p>\n<p>&#8212;Solo&#8212;<\/p>\n<p>Hol van az a j\u00f3, hol van az a sz\u00e9p,<br \/>\nHol van az a r\u00e9gi szenved\u00e9ly.<br \/>\nNem \u00e9rtem mi\u00e9rt hagytad azt hogy \u00edgy legyen,<br \/>\nTudod hogy minden t\u00f6nkre menjen.<br \/>\nHol van az a j\u00f3, hol van az a sz\u00e9p,<br \/>\nhol van az a r\u00e9gi szenved\u00e9ly.<br \/>\nAmi\u00e9rt meg\u00e9ri \u00fajra kezdeni,<br \/>\nami\u00e9rt meg\u00e9ri mindent elfelejteni.<\/p>\n","protected":false},"featured_media":8752,"template":"","meta":{"site-sidebar-layout":"default","site-content-layout":"default","ast-site-content-layout":"default","site-content-style":"default","site-sidebar-style":"default","ast-global-header-display":"","ast-banner-title-visibility":"","ast-main-header-display":"","ast-hfb-above-header-display":"","ast-hfb-below-header-display":"","ast-hfb-mobile-header-display":"","site-post-title":"","ast-breadcrumbs-content":"","ast-featured-img":"","footer-sml-layout":"","theme-transparent-header-meta":"default","adv-header-id-meta":"","stick-header-meta":"","header-above-stick-meta":"","header-main-stick-meta":"","header-below-stick-meta":"","astra-migrate-meta-layouts":"set","ast-page-background-enabled":"default","ast-page-background-meta":{"desktop":{"background-color":"var(--ast-global-color-4)","background-image":"","background-repeat":"repeat","background-position":"center center","background-size":"auto","background-attachment":"scroll","background-type":"","background-media":"","overlay-type":"","overlay-color":"","overlay-opacity":"","overlay-gradient":""},"tablet":{"background-color":"","background-image":"","background-repeat":"repeat","background-position":"center center","background-size":"auto","background-attachment":"scroll","background-type":"","background-media":"","overlay-type":"","overlay-color":"","overlay-opacity":"","overlay-gradient":""},"mobile":{"background-color":"","background-image":"","background-repeat":"repeat","background-position":"center center","background-size":"auto","background-attachment":"scroll","background-type":"","background-media":"","overlay-type":"","overlay-color":"","overlay-opacity":"","overlay-gradient":""}},"ast-content-background-meta":{"desktop":{"background-color":"var(--ast-global-color-5)","background-image":"","background-repeat":"repeat","background-position":"center center","background-size":"auto","background-attachment":"scroll","background-type":"","background-media":"","overlay-type":"","overlay-color":"","overlay-opacity":"","overlay-gradient":""},"tablet":{"background-color":"var(--ast-global-color-5)","background-image":"","background-repeat":"repeat","background-position":"center center","background-size":"auto","background-attachment":"scroll","background-type":"","background-media":"","overlay-type":"","overlay-color":"","overlay-opacity":"","overlay-gradient":""},"mobile":{"background-color":"var(--ast-global-color-5)","background-image":"","background-repeat":"repeat","background-position":"center center","background-size":"auto","background-attachment":"scroll","background-type":"","background-media":"","overlay-type":"","overlay-color":"","overlay-opacity":"","overlay-gradient":""}}},"product_cat":[46],"product_tag":[],"class_list":["post-4995","product","type-product","status-publish","has-post-thumbnail","hentry","product_cat-eredeti-karaoke-dalok","desktop-align-left","tablet-align-left","mobile-align-left"],"_links":{"self":[{"href":"https:\/\/www.sunkaraoke.hu\/index.php\/wp-json\/wp\/v2\/product\/4995","targetHints":{"allow":["GET"]}}],"collection":[{"href":"https:\/\/www.sunkaraoke.hu\/index.php\/wp-json\/wp\/v2\/product"}],"about":[{"href":"https:\/\/www.sunkaraoke.hu\/index.php\/wp-json\/wp\/v2\/types\/product"}],"wp:featuredmedia":[{"embeddable":true,"href":"https:\/\/www.sunkaraoke.hu\/index.php\/wp-json\/wp\/v2\/media\/8752"}],"wp:attachment":[{"href":"https:\/\/www.sunkaraoke.hu\/index.php\/wp-json\/wp\/v2\/media?parent=4995"}],"wp:term":[{"taxonomy":"product_cat","embeddable":true,"href":"https:\/\/www.sunkaraoke.hu\/index.php\/wp-json\/wp\/v2\/product_cat?post=4995"},{"taxonomy":"product_tag","embeddable":true,"href":"https:\/\/www.sunkaraoke.hu\/index.php\/wp-json\/wp\/v2\/product_tag?post=4995"}],"curies":[{"name":"wp","href":"https:\/\/api.w.org\/{rel}","templated":true}]}}