{"id":4993,"date":"2022-08-08T20:48:26","date_gmt":"2022-08-08T20:48:26","guid":{"rendered":"https:\/\/www.sunkaraoke.hu\/index.php\/termek\/marta-joco-ugy-akarok-boldog-lenni\/"},"modified":"2025-04-11T14:51:04","modified_gmt":"2025-04-11T14:51:04","slug":"marta-joco-ugy-akarok-boldog-lenni","status":"publish","type":"product","link":"https:\/\/www.sunkaraoke.hu\/index.php\/termek\/marta-joco-ugy-akarok-boldog-lenni\/","title":{"rendered":"<div class=\"wcmp-player-container product-4993\"><audio controlslist=\"nodownload\" data-product=\"4993\"  volume=\"1\"  preload=\"none\" data-lazyloading=\"none\" class=\"wcmp-player track mejs-classic\" data-duration=\"0:31\" data-estimated_duration=\"4\"><source src=\"https:\/\/www.sunkaraoke.hu\/wp-content\/uploads\/2022\/08\/Ugy-akarok-boldog-lenni-M.kdemoo.mp3\" type=\"audio\/mp3\" \/><\/audio><\/div>M\u00e1rta Joc\u00f3 &#8211; \u00dagy akarok boldog lenni (Original)"},"content":{"rendered":"<p><strong>03:32<\/strong> | <strong><img loading=\"lazy\" decoding=\"async\" class=\"alignnone size-full wp-image-467\" src=\"https:\/\/www.sunkaraoke.hu\/wp-content\/uploads\/2022\/07\/choir_2-copy.webp\" alt=\"\" width=\"30\" height=\"30\" \/> <\/strong><\/p>\n","protected":false},"excerpt":{"rendered":"<h6><strong>Bits\u0171r\u0171s\u00e9g: 320<\/strong>kb\/s<strong><br \/>\n<\/strong><strong>Hossz: <\/strong>03:32<strong><br \/>\n<\/strong><strong style=\"font-size: 16px;\">Vok\u00e1lt tartalmaz: <\/strong>Nem <img loading=\"lazy\" decoding=\"async\" class=\"alignnone size-full wp-image-467\" src=\"http:\/\/www.sunkaraoke.hu\/wp-content\/uploads\/2022\/07\/choir_2-copy.png\" alt=\"\" width=\"30\" height=\"30\" \/><strong style=\"font-size: 16px;\"><br \/>\n<\/strong><\/h6>\n<p>Sunkaraoke mp3 st\u00fadi\u00f3 \/ www.sunkaraoke.hu \/ Inf: Tel: 06 20 4275001<\/p>\n<p>&#8212;Intro&#8212;<\/p>\n<p>Nem kell a szerelem, egyed\u0171l j\u00f3 nekem,<br \/>\nBoldog vagyok, \u00fagy mint a filmeken.<br \/>\nFogom a git\u00e1rom, sz\u00edvemet kit\u00e1rom,<br \/>\n\u00c9nekelek egy dalt neked.<\/p>\n<p>N\u00e1 n\u00e1 n\u00e1 n\u00e1 r\u00e1nn\u00e1, n\u00e1 n\u00e1 n\u00e1 n\u00e1 r\u00e1nn\u00e1,<br \/>\nhozz\u00e1d sz\u00f3l ez a dal most kedvesem.<br \/>\nN\u00e1 n\u00e1 n\u00e1 n\u00e1 r\u00e1nn\u00e1, n\u00e1 n\u00e1 n\u00e1 n\u00e1 r\u00e1nn\u00e1,<br \/>\ngyere Te is \u00e9nekeld velem.<\/p>\n<p>\u00c9n \u00fagy akarok boldog lenni,<br \/>\nde nem, \u00e9rzem nem fog menni.<br \/>\nHozz\u00e1d h\u00faz a sz\u00edvem,<br \/>\nr\u00f3lad \u00e1lmodom minden \u00e9jjel.<br \/>\n\u00c9n \u00fagy akarok boldog lenni,<br \/>\nde nem, \u00e9rzem nem fog menni.<br \/>\nHozz\u00e1d h\u00faz a sz\u00edvem,<br \/>\nr\u00f3lad \u00e1lmodom minden \u00e9jjel.<\/p>\n<p>&#8212;Solo&#8212;<\/p>\n<p>Te vagy az \u00e9letem, Te vagy a mindenem,<br \/>\nR\u00f3lad \u00e1lmodom, pont mint a filmeken.<br \/>\nHa majd v\u00e9get \u00e9r, a dalom elk\u00eds\u00e9r,<br \/>\nAddig is \u00e9nekeld velem.<\/p>\n<p>N\u00e1 n\u00e1 n\u00e1 n\u00e1 r\u00e1nn\u00e1, n\u00e1 n\u00e1 n\u00e1 n\u00e1 r\u00e1nn\u00e1,<br \/>\nhozz\u00e1d sz\u00f3l ez a dal most kedvesem.<br \/>\nN\u00e1 n\u00e1 n\u00e1 n\u00e1 r\u00e1nn\u00e1, n\u00e1 n\u00e1 n\u00e1 n\u00e1 r\u00e1nn\u00e1,<br \/>\ngyere Te is \u00e9nekeld velem.<\/p>\n<p>\u00c9n \u00fagy akarok boldog lenni,<br \/>\nde nem, \u00e9rzem nem fog menni.<br \/>\nHozz\u00e1d h\u00faz a sz\u00edvem,<br \/>\nr\u00f3lad \u00e1lmodom minden \u00e9jjel.<br \/>\n\u00c9n \u00fagy akarok boldog lenni,<br \/>\nde nem, \u00e9rzem nem fog menni.<br \/>\nHozz\u00e1d h\u00faz a sz\u00edvem,<br \/>\nr\u00f3lad \u00e1lmodom minden \u00e9jjel.<\/p>\n<p>&#8212;Solo&#8212;<\/p>\n<p>\u00c9n \u00fagy akarok boldog lenni,<br \/>\nde nem, \u00e9rzem nem fog menni.<br \/>\nHozz\u00e1d h\u00faz a sz\u00edvem,<br \/>\nr\u00f3lad \u00e1lmodom minden \u00e9jjel.<br \/>\n\u00c9n \u00fagy akarok boldog lenni,<br \/>\nde nem, \u00e9rzem nem fog menni.<br \/>\nHozz\u00e1d h\u00faz a sz\u00edvem,<br \/>\nr\u00f3lad \u00e1lmodom minden \u00e9jjel.<br \/>\n\u00c9n \u00fagy akarok boldog lenni,<br \/>\nde nem, \u00e9rzem nem fog menni.<br \/>\nHozz\u00e1d h\u00faz a sz\u00edvem,<br \/>\nr\u00f3lad \u00e1lmodom minden \u00e9jjel.<\/p>\n","protected":false},"featured_media":8752,"template":"","meta":{"site-sidebar-layout":"default","site-content-layout":"default","ast-site-content-layout":"default","site-content-style":"default","site-sidebar-style":"default","ast-global-header-display":"","ast-banner-title-visibility":"","ast-main-header-display":"","ast-hfb-above-header-display":"","ast-hfb-below-header-display":"","ast-hfb-mobile-header-display":"","site-post-title":"","ast-breadcrumbs-content":"","ast-featured-img":"","footer-sml-layout":"","theme-transparent-header-meta":"default","adv-header-id-meta":"","stick-header-meta":"","header-above-stick-meta":"","header-main-stick-meta":"","header-below-stick-meta":"","astra-migrate-meta-layouts":"set","ast-page-background-enabled":"default","ast-page-background-meta":{"desktop":{"background-color":"var(--ast-global-color-4)","background-image":"","background-repeat":"repeat","background-position":"center center","background-size":"auto","background-attachment":"scroll","background-type":"","background-media":"","overlay-type":"","overlay-color":"","overlay-opacity":"","overlay-gradient":""},"tablet":{"background-color":"","background-image":"","background-repeat":"repeat","background-position":"center center","background-size":"auto","background-attachment":"scroll","background-type":"","background-media":"","overlay-type":"","overlay-color":"","overlay-opacity":"","overlay-gradient":""},"mobile":{"background-color":"","background-image":"","background-repeat":"repeat","background-position":"center center","background-size":"auto","background-attachment":"scroll","background-type":"","background-media":"","overlay-type":"","overlay-color":"","overlay-opacity":"","overlay-gradient":""}},"ast-content-background-meta":{"desktop":{"background-color":"var(--ast-global-color-5)","background-image":"","background-repeat":"repeat","background-position":"center center","background-size":"auto","background-attachment":"scroll","background-type":"","background-media":"","overlay-type":"","overlay-color":"","overlay-opacity":"","overlay-gradient":""},"tablet":{"background-color":"var(--ast-global-color-5)","background-image":"","background-repeat":"repeat","background-position":"center center","background-size":"auto","background-attachment":"scroll","background-type":"","background-media":"","overlay-type":"","overlay-color":"","overlay-opacity":"","overlay-gradient":""},"mobile":{"background-color":"var(--ast-global-color-5)","background-image":"","background-repeat":"repeat","background-position":"center center","background-size":"auto","background-attachment":"scroll","background-type":"","background-media":"","overlay-type":"","overlay-color":"","overlay-opacity":"","overlay-gradient":""}}},"product_cat":[46],"product_tag":[],"class_list":["post-4993","product","type-product","status-publish","has-post-thumbnail","hentry","product_cat-eredeti-karaoke-dalok","desktop-align-left","tablet-align-left","mobile-align-left"],"_links":{"self":[{"href":"https:\/\/www.sunkaraoke.hu\/index.php\/wp-json\/wp\/v2\/product\/4993","targetHints":{"allow":["GET"]}}],"collection":[{"href":"https:\/\/www.sunkaraoke.hu\/index.php\/wp-json\/wp\/v2\/product"}],"about":[{"href":"https:\/\/www.sunkaraoke.hu\/index.php\/wp-json\/wp\/v2\/types\/product"}],"wp:featuredmedia":[{"embeddable":true,"href":"https:\/\/www.sunkaraoke.hu\/index.php\/wp-json\/wp\/v2\/media\/8752"}],"wp:attachment":[{"href":"https:\/\/www.sunkaraoke.hu\/index.php\/wp-json\/wp\/v2\/media?parent=4993"}],"wp:term":[{"taxonomy":"product_cat","embeddable":true,"href":"https:\/\/www.sunkaraoke.hu\/index.php\/wp-json\/wp\/v2\/product_cat?post=4993"},{"taxonomy":"product_tag","embeddable":true,"href":"https:\/\/www.sunkaraoke.hu\/index.php\/wp-json\/wp\/v2\/product_tag?post=4993"}],"curies":[{"name":"wp","href":"https:\/\/api.w.org\/{rel}","templated":true}]}}