{"id":4992,"date":"2022-08-08T20:48:26","date_gmt":"2022-08-08T20:48:26","guid":{"rendered":"https:\/\/www.sunkaraoke.hu\/index.php\/termek\/marta-joco-varok-rad-minden-ejjelen\/"},"modified":"2025-04-11T14:44:16","modified_gmt":"2025-04-11T14:44:16","slug":"marta-joco-varok-rad-minden-ejjelen","status":"publish","type":"product","link":"https:\/\/www.sunkaraoke.hu\/index.php\/termek\/marta-joco-varok-rad-minden-ejjelen\/","title":{"rendered":"<div class=\"wcmp-player-container product-4992\"><audio controlslist=\"nodownload\" data-product=\"4992\"  volume=\"1\"  preload=\"none\" data-lazyloading=\"none\" class=\"wcmp-player track mejs-classic\" data-duration=\"0:32\" data-estimated_duration=\"4\"><source src=\"https:\/\/www.sunkaraoke.hu\/wp-content\/uploads\/2022\/08\/Varok-rad-minden-ejjel-M.demoo_.mp3\" type=\"audio\/mp3\" \/><\/audio><\/div>M\u00e1rta Joc\u00f3 &#8211; V\u00e1rok r\u00e1d minden \u00e9jjelen (Original)"},"content":{"rendered":"<p><strong>03:31<\/strong> | <strong><img loading=\"lazy\" decoding=\"async\" class=\"alignnone size-full wp-image-467\" src=\"https:\/\/www.sunkaraoke.hu\/wp-content\/uploads\/2022\/07\/choir_2-copy.webp\" alt=\"\" width=\"30\" height=\"30\" \/> <\/strong><\/p>\n","protected":false},"excerpt":{"rendered":"<h6><strong>Bits\u0171r\u0171s\u00e9g: 320<\/strong>kb\/s<strong><br \/>\n<\/strong><strong>Hossz: <\/strong>03:31<strong><br \/>\n<\/strong><strong style=\"font-size: 16px;\">Vok\u00e1lt tartalmaz: <\/strong>Nem <img loading=\"lazy\" decoding=\"async\" class=\"alignnone size-full wp-image-467\" src=\"http:\/\/www.sunkaraoke.hu\/wp-content\/uploads\/2022\/07\/choir_2-copy.png\" alt=\"\" width=\"30\" height=\"30\" \/><strong style=\"font-size: 16px;\"><br \/>\n<\/strong><\/h6>\n<p>Sunkaraoke mp3 st\u00fadi\u00f3 \/ www.sunkaraoke.hu \/ Inf: Tel: 06 20 4275001<\/p>\n<p>&#8211;Intro&#8211;<br \/>\nElment\u00e9l egy sz\u00e9p napon, vissza j\u00f6ssz m\u00e9g j\u00f3l tudom.<br \/>\nMert elvitted a sz\u00edvemet.<br \/>\nV\u00e1rlak vissza kedvesem, hogy szebb\u00e9 tedd az \u00e9letem.<br \/>\n\u00c9lni sz\u00edv n\u00e9lk\u00fcl nem lehet!<br \/>\nElfeledni nem tudn\u00e1m, ahogy mindig cs\u00f3kolt\u00e1l.<br \/>\n\u00c9s gy\u00f6ng\u00e9den \u00e1t \u00f6lelt\u00e9l.<br \/>\nVeled minden oly csod\u00e1s, nem is kell m\u00e1r senki m\u00e1s.<br \/>\nCsak szeress \u00fagy ahogy szeretn\u00e9l.<br \/>\nV\u00e1rok r\u00e1d minden \u00e9jjel, \u00e9s minden nappalon.<br \/>\nAnnyit \u00e1lmodoztam mi lesz ebb\u0151l magam sem tudom.<br \/>\nCsak f\u00e1j a sz\u00edvem f\u00e1j, na gyere minden perc\u00e9rt k\u00e1r!<br \/>\nV\u00e1rok r\u00e1d minden \u00e9jjel, \u00e9s minden nappalon.<br \/>\nAnnyit \u00e1lmodoztam mi lesz ebb\u0151l magam sem tudom.<br \/>\nCsak f\u00e1j a sz\u00edvem f\u00e1j, na gyere minden perc\u00e9rt k\u00e1r!<br \/>\n&#8212;Solo&#8212;<br \/>\nAnnyi sz\u00e9pet kaptam \u00e9n, megk\u00f6sz\u00f6nni szeretn\u00e9m.<br \/>\nTe vagy nekem az \u00e9letem.<br \/>\nF\u00e1j a sz\u00edvem nagyon f\u00e1j, ha egyszer m\u00e1st is cs\u00f3koln\u00e1l.<br \/>\nGyere minden perc\u00e9rt k\u00e1r!<br \/>\nElfeledni nem tudn\u00e1m, ahogy mindig cs\u00f3kolt\u00e1l.<br \/>\n\u00c9s gy\u00f6ng\u00e9den \u00e1t \u00f6lelt\u00e9l.<br \/>\nVeled minden oly csod\u00e1s, nem is kell m\u00e1r senki m\u00e1s.<br \/>\nCsak szeress \u00fagy ahogy szeretn\u00e9l.<\/p>\n<p>V\u00e1rok r\u00e1d minden \u00e9jjel, \u00e9s minden nappalon.<br \/>\nAnnyit \u00e1lmodoztam mi lesz ebb\u0151l magam sem tudom.<br \/>\nCsak f\u00e1j a sz\u00edvem f\u00e1j, na gyere minden perc\u00e9rt k\u00e1r!<br \/>\nV\u00e1rok r\u00e1d minden \u00e9jjel, \u00e9s minden nappalon.<br \/>\nAnnyit \u00e1lmodoztam mi lesz ebb\u0151l magam sem tudom.<br \/>\nCsak f\u00e1j a sz\u00edvem f\u00e1j, na gyere minden perc\u00e9rt k\u00e1r!<br \/>\n&#8212;Solo&#8212;<br \/>\nV\u00e1rok r\u00e1d minden \u00e9jjel, \u00e9s minden nappalon.<br \/>\nAnnyit \u00e1lmodoztam mi lesz ebb\u0151l magam sem tudom.<br \/>\nCsak f\u00e1j a sz\u00edvem f\u00e1j, na gyere minden perc\u00e9rt k\u00e1r!<br \/>\nV\u00e1rok r\u00e1d minden \u00e9jjel, \u00e9s minden nappalon.<br \/>\nAnnyit \u00e1lmodoztam mi lesz ebb\u0151l magam sem tudom.<br \/>\nCsak f\u00e1j a sz\u00edvem f\u00e1j, na gyere minden perc\u00e9rt k\u00e1r!<br \/>\n&#8212;V\u00e9ge&#8212;<\/p>\n","protected":false},"featured_media":8752,"template":"","meta":{"site-sidebar-layout":"default","site-content-layout":"default","ast-site-content-layout":"default","site-content-style":"default","site-sidebar-style":"default","ast-global-header-display":"","ast-banner-title-visibility":"","ast-main-header-display":"","ast-hfb-above-header-display":"","ast-hfb-below-header-display":"","ast-hfb-mobile-header-display":"","site-post-title":"","ast-breadcrumbs-content":"","ast-featured-img":"","footer-sml-layout":"","theme-transparent-header-meta":"default","adv-header-id-meta":"","stick-header-meta":"","header-above-stick-meta":"","header-main-stick-meta":"","header-below-stick-meta":"","astra-migrate-meta-layouts":"set","ast-page-background-enabled":"default","ast-page-background-meta":{"desktop":{"background-color":"var(--ast-global-color-4)","background-image":"","background-repeat":"repeat","background-position":"center center","background-size":"auto","background-attachment":"scroll","background-type":"","background-media":"","overlay-type":"","overlay-color":"","overlay-opacity":"","overlay-gradient":""},"tablet":{"background-color":"","background-image":"","background-repeat":"repeat","background-position":"center center","background-size":"auto","background-attachment":"scroll","background-type":"","background-media":"","overlay-type":"","overlay-color":"","overlay-opacity":"","overlay-gradient":""},"mobile":{"background-color":"","background-image":"","background-repeat":"repeat","background-position":"center center","background-size":"auto","background-attachment":"scroll","background-type":"","background-media":"","overlay-type":"","overlay-color":"","overlay-opacity":"","overlay-gradient":""}},"ast-content-background-meta":{"desktop":{"background-color":"var(--ast-global-color-5)","background-image":"","background-repeat":"repeat","background-position":"center center","background-size":"auto","background-attachment":"scroll","background-type":"","background-media":"","overlay-type":"","overlay-color":"","overlay-opacity":"","overlay-gradient":""},"tablet":{"background-color":"var(--ast-global-color-5)","background-image":"","background-repeat":"repeat","background-position":"center center","background-size":"auto","background-attachment":"scroll","background-type":"","background-media":"","overlay-type":"","overlay-color":"","overlay-opacity":"","overlay-gradient":""},"mobile":{"background-color":"var(--ast-global-color-5)","background-image":"","background-repeat":"repeat","background-position":"center center","background-size":"auto","background-attachment":"scroll","background-type":"","background-media":"","overlay-type":"","overlay-color":"","overlay-opacity":"","overlay-gradient":""}}},"product_cat":[46],"product_tag":[],"class_list":["post-4992","product","type-product","status-publish","has-post-thumbnail","hentry","product_cat-eredeti-karaoke-dalok","desktop-align-left","tablet-align-left","mobile-align-left"],"_links":{"self":[{"href":"https:\/\/www.sunkaraoke.hu\/index.php\/wp-json\/wp\/v2\/product\/4992","targetHints":{"allow":["GET"]}}],"collection":[{"href":"https:\/\/www.sunkaraoke.hu\/index.php\/wp-json\/wp\/v2\/product"}],"about":[{"href":"https:\/\/www.sunkaraoke.hu\/index.php\/wp-json\/wp\/v2\/types\/product"}],"wp:featuredmedia":[{"embeddable":true,"href":"https:\/\/www.sunkaraoke.hu\/index.php\/wp-json\/wp\/v2\/media\/8752"}],"wp:attachment":[{"href":"https:\/\/www.sunkaraoke.hu\/index.php\/wp-json\/wp\/v2\/media?parent=4992"}],"wp:term":[{"taxonomy":"product_cat","embeddable":true,"href":"https:\/\/www.sunkaraoke.hu\/index.php\/wp-json\/wp\/v2\/product_cat?post=4992"},{"taxonomy":"product_tag","embeddable":true,"href":"https:\/\/www.sunkaraoke.hu\/index.php\/wp-json\/wp\/v2\/product_tag?post=4992"}],"curies":[{"name":"wp","href":"https:\/\/api.w.org\/{rel}","templated":true}]}}