{"id":4989,"date":"2022-08-08T20:48:25","date_gmt":"2022-08-08T20:48:25","guid":{"rendered":"https:\/\/www.sunkaraoke.hu\/index.php\/termek\/marta-joco-szep-rozsaszal\/"},"modified":"2025-04-11T13:05:26","modified_gmt":"2025-04-11T13:05:26","slug":"marta-joco-szep-rozsaszal","status":"publish","type":"product","link":"https:\/\/www.sunkaraoke.hu\/index.php\/termek\/marta-joco-szep-rozsaszal\/","title":{"rendered":"<div class=\"wcmp-player-container product-4989\"><audio controlslist=\"nodownload\" data-product=\"4989\"  volume=\"1\"  preload=\"none\" data-lazyloading=\"none\" class=\"wcmp-player track mejs-classic\" data-duration=\"0:32\" data-estimated_duration=\"4\"><source src=\"https:\/\/www.sunkaraoke.hu\/wp-content\/uploads\/2022\/08\/Szep-rozsaszal-M.-kdemooo.mp3\" type=\"audio\/mp3\" \/><\/audio><\/div>M\u00e1rta Joc\u00f3 &#8211; Sz\u00e9p r\u00f3zsasz\u00e1l (Original)"},"content":{"rendered":"<p><strong>03:52<\/strong> | <strong><img loading=\"lazy\" decoding=\"async\" class=\"alignnone size-full wp-image-467\" src=\"https:\/\/www.sunkaraoke.hu\/wp-content\/uploads\/2022\/07\/choir_2-copy.webp\" alt=\"\" width=\"30\" height=\"30\" \/> <\/strong><\/p>\n","protected":false},"excerpt":{"rendered":"<h6><strong>Bits\u0171r\u0171s\u00e9g: 320<\/strong>kb\/s<strong><br \/>\n<\/strong><strong>Hossz: <\/strong>03:52<strong><br \/>\n<\/strong><strong style=\"font-size: 16px;\">Vok\u00e1lt tartalmaz: <\/strong>Nem <img loading=\"lazy\" decoding=\"async\" class=\"alignnone size-full wp-image-467\" src=\"http:\/\/www.sunkaraoke.hu\/wp-content\/uploads\/2022\/07\/choir_2-copy.png\" alt=\"\" width=\"30\" height=\"30\" \/><strong style=\"font-size: 16px;\"><br \/>\n<\/strong><\/h6>\n<p>Sunkaraoke mp3 st\u00fadi\u00f3 \/ www.sunkaraoke.hu \/ Inf: Tel: 06 20 4275001<\/p>\n<p>&#8212;Intro&#8212;-<\/p>\n<p>Amikor indulok, amikor indulok, hozz\u00e1d kedvesem,<br \/>\n\u00dagy ver az \u00e9n sz\u00edvem, Te vagy a mindenem,<br \/>\nNem tal\u00e1lom a helyem.<br \/>\nAjt\u00f3d el\u0151tt \u00e1llok, sz\u00f3tlanul v\u00e1rok, a kezembe r\u00f3zsasz\u00e1l,<br \/>\nHa majd nyilik az ajt\u00f3, csak k\u00e9rlek hogy nevess r\u00e1m.<\/p>\n<p>Sz\u00e9p r\u00f3zsasz\u00e1l, mondd el hogy szeretem,<br \/>\nMondd el hogy n\u00e9lk\u00fcle nem \u00e9r semmit az \u00e9n \u00e9letem.<br \/>\nSz\u00e9p r\u00f3zsasz\u00e1l, de csak \u0151 kell nekem,<br \/>\nVele boldog lehet m\u00e9g, az eg\u00e9sz \u00e9letem.<\/p>\n<p>&#8212;Solo&#8212;<\/p>\n<p>Veled az \u00e9letem, \u00fajra \u00e1t\u00e9lhetem, nem kell a hazugs\u00e1g,<br \/>\nNem kell a f\u00e1jdalmas, a sz\u00edvnek is \u00e1rtalmas, boldogtalans\u00e1g.<br \/>\nA terveim nagyok, mert szerelmes vagyok, mondd el r\u00f3zsasz\u00e1l,<br \/>\nMondd el hogy szeretem, mondd el hogy vigy\u00e1zok r\u00e1.<\/p>\n<p>Sz\u00e9p r\u00f3zsasz\u00e1l, mondd el hogy szeretem,<br \/>\nMondd el hogy n\u00e9lk\u00fcle nem \u00e9r semmit az \u00e9n \u00e9letem.<br \/>\nSz\u00e9p r\u00f3zsasz\u00e1l, de csak \u0151 kell nekem,<br \/>\nVele boldog lehet m\u00e9g, az eg\u00e9sz \u00e9letem.<br \/>\n&#8212;Solo&#8212;<\/p>\n<p>Amikor indulok, amikor indulok, hozz\u00e1d kedvesem,<br \/>\n\u00dagy ver az \u00e9n sz\u00edvem, Te vagy a mindenem,<br \/>\nNem tal\u00e1lom a helyem.<br \/>\nAjt\u00f3d el\u0151tt \u00e1llok, sz\u00f3tlanul v\u00e1rok, a kezembe r\u00f3zsasz\u00e1l,<br \/>\nHa majd nyilik az ajt\u00f3, csak k\u00e9rlek hogy nevess r\u00e1m.<\/p>\n<p>Sz\u00e9p r\u00f3zsasz\u00e1l, mondd el hogy szeretem,<br \/>\nMondd el hogy n\u00e9lk\u00fcle nem \u00e9r semmit az \u00e9n \u00e9letem.<br \/>\nSz\u00e9p r\u00f3zsasz\u00e1l, de csak \u0151 kell nekem,<br \/>\nVele boldog lehet m\u00e9g, az eg\u00e9sz \u00e9letem.<\/p>\n<p>Sz\u00e9p r\u00f3zsasz\u00e1l, mondd el hogy szeretem,<br \/>\nMondd el hogy n\u00e9lk\u00fcle nem \u00e9r semmit az \u00e9n \u00e9letem.<br \/>\nSz\u00e9p r\u00f3zsasz\u00e1l, de csak \u0151 kell nekem,<br \/>\nVele boldog lehet m\u00e9g, az eg\u00e9sz \u00e9letem.<\/p>\n","protected":false},"featured_media":8752,"template":"","meta":{"site-sidebar-layout":"default","site-content-layout":"default","ast-site-content-layout":"default","site-content-style":"default","site-sidebar-style":"default","ast-global-header-display":"","ast-banner-title-visibility":"","ast-main-header-display":"","ast-hfb-above-header-display":"","ast-hfb-below-header-display":"","ast-hfb-mobile-header-display":"","site-post-title":"","ast-breadcrumbs-content":"","ast-featured-img":"","footer-sml-layout":"","theme-transparent-header-meta":"default","adv-header-id-meta":"","stick-header-meta":"","header-above-stick-meta":"","header-main-stick-meta":"","header-below-stick-meta":"","astra-migrate-meta-layouts":"set","ast-page-background-enabled":"default","ast-page-background-meta":{"desktop":{"background-color":"var(--ast-global-color-4)","background-image":"","background-repeat":"repeat","background-position":"center center","background-size":"auto","background-attachment":"scroll","background-type":"","background-media":"","overlay-type":"","overlay-color":"","overlay-opacity":"","overlay-gradient":""},"tablet":{"background-color":"","background-image":"","background-repeat":"repeat","background-position":"center center","background-size":"auto","background-attachment":"scroll","background-type":"","background-media":"","overlay-type":"","overlay-color":"","overlay-opacity":"","overlay-gradient":""},"mobile":{"background-color":"","background-image":"","background-repeat":"repeat","background-position":"center center","background-size":"auto","background-attachment":"scroll","background-type":"","background-media":"","overlay-type":"","overlay-color":"","overlay-opacity":"","overlay-gradient":""}},"ast-content-background-meta":{"desktop":{"background-color":"var(--ast-global-color-5)","background-image":"","background-repeat":"repeat","background-position":"center center","background-size":"auto","background-attachment":"scroll","background-type":"","background-media":"","overlay-type":"","overlay-color":"","overlay-opacity":"","overlay-gradient":""},"tablet":{"background-color":"var(--ast-global-color-5)","background-image":"","background-repeat":"repeat","background-position":"center center","background-size":"auto","background-attachment":"scroll","background-type":"","background-media":"","overlay-type":"","overlay-color":"","overlay-opacity":"","overlay-gradient":""},"mobile":{"background-color":"var(--ast-global-color-5)","background-image":"","background-repeat":"repeat","background-position":"center center","background-size":"auto","background-attachment":"scroll","background-type":"","background-media":"","overlay-type":"","overlay-color":"","overlay-opacity":"","overlay-gradient":""}}},"product_cat":[46],"product_tag":[],"class_list":["post-4989","product","type-product","status-publish","has-post-thumbnail","hentry","product_cat-eredeti-karaoke-dalok","desktop-align-left","tablet-align-left","mobile-align-left"],"_links":{"self":[{"href":"https:\/\/www.sunkaraoke.hu\/index.php\/wp-json\/wp\/v2\/product\/4989","targetHints":{"allow":["GET"]}}],"collection":[{"href":"https:\/\/www.sunkaraoke.hu\/index.php\/wp-json\/wp\/v2\/product"}],"about":[{"href":"https:\/\/www.sunkaraoke.hu\/index.php\/wp-json\/wp\/v2\/types\/product"}],"wp:featuredmedia":[{"embeddable":true,"href":"https:\/\/www.sunkaraoke.hu\/index.php\/wp-json\/wp\/v2\/media\/8752"}],"wp:attachment":[{"href":"https:\/\/www.sunkaraoke.hu\/index.php\/wp-json\/wp\/v2\/media?parent=4989"}],"wp:term":[{"taxonomy":"product_cat","embeddable":true,"href":"https:\/\/www.sunkaraoke.hu\/index.php\/wp-json\/wp\/v2\/product_cat?post=4989"},{"taxonomy":"product_tag","embeddable":true,"href":"https:\/\/www.sunkaraoke.hu\/index.php\/wp-json\/wp\/v2\/product_tag?post=4989"}],"curies":[{"name":"wp","href":"https:\/\/api.w.org\/{rel}","templated":true}]}}