{"id":4986,"date":"2022-08-08T20:48:25","date_gmt":"2022-08-08T20:48:25","guid":{"rendered":"https:\/\/www.sunkaraoke.hu\/index.php\/termek\/marta-joco-ram-nezett-a-falu-legyszebb-lanya\/"},"modified":"2025-04-11T12:53:17","modified_gmt":"2025-04-11T12:53:17","slug":"marta-joco-ram-nezett-a-falu-legyszebb-lanya","status":"publish","type":"product","link":"https:\/\/www.sunkaraoke.hu\/index.php\/termek\/marta-joco-ram-nezett-a-falu-legyszebb-lanya\/","title":{"rendered":"<div class=\"wcmp-player-container product-4986\"><audio controlslist=\"nodownload\" data-product=\"4986\"  volume=\"1\"  preload=\"none\" data-lazyloading=\"none\" class=\"wcmp-player track mejs-classic\" data-duration=\"0:31\" data-estimated_duration=\"4\"><source src=\"https:\/\/www.sunkaraoke.hu\/wp-content\/uploads\/2022\/08\/Ram-nezett-a-falu-legyszebb-lanya-M.-kdemoo.mp3\" type=\"audio\/mp3\" \/><\/audio><\/div>M\u00e1rta Joc\u00f3 &#8211; R\u00e1m n\u00e9zett a falu legyszebb l\u00e1nya (Original)"},"content":{"rendered":"<p><strong>03:12<\/strong> | <strong><img loading=\"lazy\" decoding=\"async\" class=\"alignnone size-full wp-image-467\" src=\"https:\/\/www.sunkaraoke.hu\/wp-content\/uploads\/2022\/07\/choir_2-copy.webp\" alt=\"\" width=\"30\" height=\"30\" \/> <\/strong><\/p>\n","protected":false},"excerpt":{"rendered":"<h6><strong>Bits\u0171r\u0171s\u00e9g: 320<\/strong>kb\/s<strong><br \/>\n<\/strong><strong>Hossz: <\/strong>03:12<strong><br \/>\n<\/strong><strong style=\"font-size: 16px;\">Vok\u00e1lt tartalmaz: <\/strong>Nem <img loading=\"lazy\" decoding=\"async\" class=\"alignnone size-full wp-image-467\" src=\"http:\/\/www.sunkaraoke.hu\/wp-content\/uploads\/2022\/07\/choir_2-copy.png\" alt=\"\" width=\"30\" height=\"30\" \/><strong style=\"font-size: 16px;\"><br \/>\n<\/strong><\/h6>\n<p>Sunkaraoke mp3 st\u00fadi\u00f3 \/ www.sunkaraoke.hu \/ Inf: Tel: 06 20 4275001<\/p>\n<p>&#8212;Intro&#8212;<\/p>\n<p>Szeg\u00e9ny vagyok, nincs nekem t\u00fal sok p\u00e9nzem,<br \/>\nOszt m\u00e9g is a legszebb l\u00e1ny lett az \u00e9n kincsem.<br \/>\nTitokban s\u00e9t\u00e1lok a f\u00e1k alatt,<br \/>\nL\u00e1ngra lobbant szerelm\u00fcnk egy perc alatt.<br \/>\nMert tiltj\u00e1k t\u0151lem az \u00e9n egyetlen kincsem.<\/p>\n<p>Titokban s\u00e9t\u00e1lok a f\u00e1k alatt,<br \/>\nL\u00e1ngra lobbant szerelm\u00fcnk egy perc alatt.<br \/>\nMert tiltj\u00e1k t\u0151lem az \u00e9n egyetlen kincsem.<\/p>\n<p>R\u00e1m n\u00e9zett a falu legszebb le\u00e1nya,<br \/>\nDe nem is mertem visszan\u00e9zni re\u00e1ja.<br \/>\nTiltott a mi szerelm\u00fcnk mert szeg\u00e9ny vagyok,<br \/>\nDe titokba cs\u00f3kot lopok!<\/p>\n<p>R\u00e1m n\u00e9zett a falu legszebb le\u00e1nya,<br \/>\nDe nem is mertem visszan\u00e9zni re\u00e1ja.<br \/>\nElmegyek \u00e9n oda ahol senki se l\u00e1t,<br \/>\n\u00c9n elsz\u00f6ktetem ezt a l\u00e1nyt!<\/p>\n<p>&#8212;Solo&#8212;<\/p>\n<p>Zen\u00e9sz vagyok, dallamokb\u00f3l \u00e1ll a sz\u00edvem.<br \/>\nAz \u00e9n r\u00f3zs\u00e1m a legszebb vir\u00e1g a r\u00e9ten.<br \/>\nAblak\u00e1n minden este bekopogok,<br \/>\n\u00dagy \u00e9rzem egyszer m\u00e9g mell\u00e9 fogok.<br \/>\nMert tiltj\u00e1k t\u0151lem az \u00e9n egyetlen kincsem.<\/p>\n<p>Ablak\u00e1n minden este bekopogok,<br \/>\n\u00dagy \u00e9rzem egyszer m\u00e9g mell\u00e9 fogok..<br \/>\nMert tiltj\u00e1k t\u0151lem az \u00e9n egyetlen kincsem.<\/p>\n<p>R\u00e1m n\u00e9zett a falu legszebb le\u00e1nya,<br \/>\nDe nem is mertem visszan\u00e9zni re\u00e1ja.<br \/>\nTiltott a mi szerelm\u00fcnk mert szeg\u00e9ny vagyok,<br \/>\nDe titokban cs\u00f3kot lopok!<\/p>\n<p>R\u00e1m n\u00e9zett a falu legszebb le\u00e1nya,<br \/>\nDe nem is mertem visszan\u00e9zni re\u00e1ja.<br \/>\nElmegyek \u00e9n oda ahol senki se l\u00e1t,<br \/>\n\u00c9n elsz\u00f6ktetem ezt a l\u00e1nyt!<\/p>\n<p>&#8212;Solo&#8212;<\/p>\n<p>R\u00e1m n\u00e9zett a falu legszebb le\u00e1nya,<br \/>\nDe nem is mertem visszan\u00e9zni re\u00e1ja.<br \/>\nTiltott a mi szerelm\u00fcnk mert szeg\u00e9ny vagyok,<br \/>\nDe titokban cs\u00f3kot lopok!<\/p>\n<p>R\u00e1m n\u00e9zett a falu legszebb le\u00e1nya,<br \/>\nDe nem is mertem visszan\u00e9zni re\u00e1ja.<br \/>\nElmegyek \u00e9n oda ahol senki se l\u00e1t,<br \/>\n\u00c9n elsz\u00f6ktetem ezt a l\u00e1nyt!<\/p>\n<p>&#8212;V\u00e9ge&#8212;<\/p>\n","protected":false},"featured_media":8752,"template":"","meta":{"site-sidebar-layout":"default","site-content-layout":"default","ast-site-content-layout":"default","site-content-style":"default","site-sidebar-style":"default","ast-global-header-display":"","ast-banner-title-visibility":"","ast-main-header-display":"","ast-hfb-above-header-display":"","ast-hfb-below-header-display":"","ast-hfb-mobile-header-display":"","site-post-title":"","ast-breadcrumbs-content":"","ast-featured-img":"","footer-sml-layout":"","theme-transparent-header-meta":"default","adv-header-id-meta":"","stick-header-meta":"","header-above-stick-meta":"","header-main-stick-meta":"","header-below-stick-meta":"","astra-migrate-meta-layouts":"set","ast-page-background-enabled":"default","ast-page-background-meta":{"desktop":{"background-color":"var(--ast-global-color-4)","background-image":"","background-repeat":"repeat","background-position":"center center","background-size":"auto","background-attachment":"scroll","background-type":"","background-media":"","overlay-type":"","overlay-color":"","overlay-opacity":"","overlay-gradient":""},"tablet":{"background-color":"","background-image":"","background-repeat":"repeat","background-position":"center center","background-size":"auto","background-attachment":"scroll","background-type":"","background-media":"","overlay-type":"","overlay-color":"","overlay-opacity":"","overlay-gradient":""},"mobile":{"background-color":"","background-image":"","background-repeat":"repeat","background-position":"center center","background-size":"auto","background-attachment":"scroll","background-type":"","background-media":"","overlay-type":"","overlay-color":"","overlay-opacity":"","overlay-gradient":""}},"ast-content-background-meta":{"desktop":{"background-color":"var(--ast-global-color-5)","background-image":"","background-repeat":"repeat","background-position":"center center","background-size":"auto","background-attachment":"scroll","background-type":"","background-media":"","overlay-type":"","overlay-color":"","overlay-opacity":"","overlay-gradient":""},"tablet":{"background-color":"var(--ast-global-color-5)","background-image":"","background-repeat":"repeat","background-position":"center center","background-size":"auto","background-attachment":"scroll","background-type":"","background-media":"","overlay-type":"","overlay-color":"","overlay-opacity":"","overlay-gradient":""},"mobile":{"background-color":"var(--ast-global-color-5)","background-image":"","background-repeat":"repeat","background-position":"center center","background-size":"auto","background-attachment":"scroll","background-type":"","background-media":"","overlay-type":"","overlay-color":"","overlay-opacity":"","overlay-gradient":""}}},"product_cat":[46],"product_tag":[],"class_list":["post-4986","product","type-product","status-publish","has-post-thumbnail","hentry","product_cat-eredeti-karaoke-dalok","desktop-align-left","tablet-align-left","mobile-align-left"],"_links":{"self":[{"href":"https:\/\/www.sunkaraoke.hu\/index.php\/wp-json\/wp\/v2\/product\/4986","targetHints":{"allow":["GET"]}}],"collection":[{"href":"https:\/\/www.sunkaraoke.hu\/index.php\/wp-json\/wp\/v2\/product"}],"about":[{"href":"https:\/\/www.sunkaraoke.hu\/index.php\/wp-json\/wp\/v2\/types\/product"}],"wp:featuredmedia":[{"embeddable":true,"href":"https:\/\/www.sunkaraoke.hu\/index.php\/wp-json\/wp\/v2\/media\/8752"}],"wp:attachment":[{"href":"https:\/\/www.sunkaraoke.hu\/index.php\/wp-json\/wp\/v2\/media?parent=4986"}],"wp:term":[{"taxonomy":"product_cat","embeddable":true,"href":"https:\/\/www.sunkaraoke.hu\/index.php\/wp-json\/wp\/v2\/product_cat?post=4986"},{"taxonomy":"product_tag","embeddable":true,"href":"https:\/\/www.sunkaraoke.hu\/index.php\/wp-json\/wp\/v2\/product_tag?post=4986"}],"curies":[{"name":"wp","href":"https:\/\/api.w.org\/{rel}","templated":true}]}}