{"id":4981,"date":"2022-08-08T20:48:25","date_gmt":"2022-08-08T20:48:25","guid":{"rendered":"https:\/\/www.sunkaraoke.hu\/index.php\/termek\/janza-kata-janza-kata-operett-mix\/"},"modified":"2025-04-11T12:45:56","modified_gmt":"2025-04-11T12:45:56","slug":"janza-kata-janza-kata-operett-mix","status":"publish","type":"product","link":"https:\/\/www.sunkaraoke.hu\/index.php\/termek\/janza-kata-janza-kata-operett-mix\/","title":{"rendered":"<div class=\"wcmp-player-container product-4981\"><audio controlslist=\"nodownload\" data-product=\"4981\"  volume=\"1\"  preload=\"none\" data-lazyloading=\"none\" class=\"wcmp-player track mejs-classic\" data-duration=\"0:36\" data-estimated_duration=\"4\"><source src=\"https:\/\/www.sunkaraoke.hu\/wp-content\/uploads\/2022\/08\/Janza-Kata-Operett-Mix-SB.-kdemoo.mp3\" type=\"audio\/mp3\" \/><\/audio><\/div>Janza Kata &#8211; Janza Kata Operett MIX (Original SB Editon)"},"content":{"rendered":"<p><strong>03:39<\/strong> | <strong><img loading=\"lazy\" decoding=\"async\" class=\"alignnone size-full wp-image-467\" src=\"https:\/\/www.sunkaraoke.hu\/wp-content\/uploads\/2022\/07\/choir_2-copy.webp\" alt=\"\" width=\"30\" height=\"30\" \/> <\/strong><\/p>\n","protected":false},"excerpt":{"rendered":"<h6><strong>Bits\u0171r\u0171s\u00e9g: 320<\/strong>kb\/s<strong><br \/>\n<\/strong><strong>Hossz: <\/strong>03:39<strong><br \/>\n<\/strong><strong style=\"font-size: 16px;\">Vok\u00e1lt tartalmaz: <\/strong>Nem <img loading=\"lazy\" decoding=\"async\" class=\"alignnone size-full wp-image-467\" src=\"http:\/\/www.sunkaraoke.hu\/wp-content\/uploads\/2022\/07\/choir_2-copy.png\" alt=\"\" width=\"30\" height=\"30\" \/><strong style=\"font-size: 16px;\"><br \/>\n<\/strong><\/h6>\n<p>Sunkaraoke mp3 st\u00fadi\u00f3 \/ www.sunkaraoke.hu \/ Inf: Tel: 06 20 4275001<\/p>\n<p>&#8212;Intr\u00f3&#8212;<br \/>\nLegyen a Horv\u00e1th kertben Bud\u00e1n,szombaton este f\u00e9l nyolc ut\u00e1n.<br \/>\nKisz\u00f3l a Sz\u00ednk\u00f6rb\u0151l a zene,ragyog az bab\u00e1m k\u00e9t sz\u00e9p szeme.<\/p>\n<p>Legyen a Horv\u00e1th kertben Bud\u00e1n,szombaton este f\u00e9l nyolc ut\u00e1n,<br \/>\nmikor az els\u0151 csillag kigy\u00fal,kicsike bab\u00e1m hozz\u00e1m simul.<\/p>\n<p>J\u00e1nos legyen fenn a J\u00e1nos-hegyen,est\u00e9re odav\u00e1rom.<br \/>\nJ\u00e1nos nekem nehogy \u00e1lmos legyen,mert \u00e9n azt ki nem \u00e1llom!<br \/>\nJaj, Jani, szeretn\u00e9m hallani,szerelmet vallani,csak ez a k\u00edv\u00e1ns\u00e1gom!<br \/>\nJ\u00e1nos legyen fenn a J\u00e1nos-hegyen est\u00e9re odav\u00e1rom.<br \/>\nJaj, Jani, szeretn\u00e9m hallani,szerelmet vallani,csak ez a k\u00edv\u00e1ns\u00e1gom!<br \/>\nJ\u00e1nos legyen fenn a J\u00e1nos-hegyen,est\u00e9re odav\u00e1rom.<\/p>\n<p>H\u00e9tre ma v\u00e1rom a Nemzetin\u00e9l ott, ahol a hatos meg\u00e1ll.<br \/>\nEste az Emke cig\u00e1nya zen\u00e9l,ha nem j\u00f6n el sz\u00edvem, de f\u00e1j!<br \/>\nDe ott lesz ugyeb\u00e1r,lesem, lesem j\u00f6n-e m\u00e1r,hisz r\u00e1nk egy icike-picike mozi v\u00e1r!<br \/>\n\u00c9pp ez\u00e9rt h\u00e9tre ma v\u00e1rom a Nemzetin\u00e9l ott, ahol a hatos meg\u00e1ll!<br \/>\nDe ott lesz ugyeb\u00e1r,lesem, lesem j\u00f6n-e m\u00e1r,hisz r\u00e1nk egy icike-picike mozi v\u00e1r!<br \/>\n\u00c9pp ez\u00e9rt h\u00e9tre ma v\u00e1rom a Nemzetin\u00e9l ott, ahol a hatos meg\u00e1ll!<\/p>\n<p>\u00c9jjel az omnibusz tetej\u00e9neml\u00e9kszel kicsik\u00e9m,de csuda volt!<br \/>\nLent nyikorogtak a kerekek,felett\u00fcnk nevetett a teli hold!<br \/>\nS mik\u00f6zben a lovacsk\u00e1k bandukoltak Bud\u00e1n \u00e1t, eloltottam \u00e9g\u0151 ajkad s a l\u00e1mp\u00e1t.<br \/>\n\u00c9jjel az omnibusz tetej\u00e9n,eml\u00e9kszel kicsik\u00e9m,de csuda volt!<br \/>\nS mik\u00f6zben a lovacsk\u00e1k bandukoltak Bud\u00e1n \u00e1t, eloltottam \u00e9g\u0151 ajkad s a l\u00e1mp\u00e1t.<br \/>\n\u00c9jjel az omnibusz tetej\u00e9n,eml\u00e9kszel kicsik\u00e9m,de csuda volt!<\/p>\n<p>J\u00f6jj\u00f6n ki \u00d3bud\u00e1ra,egy j\u00f3 t\u00far\u00f3s csusz\u00e1ra,<br \/>\na kerthelyis\u00e9gben sramli sz\u00f3l,\u00e9s ott lehet csak inni j\u00f3l.<br \/>\nAz abrosz tarka-barka,\u00e9s rajta j\u00f3 kadarka,<br \/>\n\u00e9s m\u00e1r az els\u0151 cs\u00f3k ut\u00e1n,megl\u00e1tja, de j\u00f3 lesz kinn \u00d3bud\u00e1n.<br \/>\nJ\u00f6jj\u00f6n ki \u00d3bud\u00e1ra,egy j\u00f3 t\u00far\u00f3s csusz\u00e1ra,<br \/>\na kerthelyis\u00e9gben sramli sz\u00f3l,\u00e9s ott lehet csak inni j\u00f3l.<br \/>\nAz abrosz tarka-barka,\u00e9s rajta j\u00f3 kadarka,<br \/>\n\u00e9s m\u00e1r az els\u0151 cs\u00f3k ut\u00e1n,megl\u00e1tja, de j\u00f3 lesz kinn \u00d3bud\u00e1n.<br \/>\n&#8212;V\u00e9ge&#8212;<\/p>\n","protected":false},"featured_media":18598,"template":"","meta":{"site-sidebar-layout":"default","site-content-layout":"default","ast-site-content-layout":"default","site-content-style":"default","site-sidebar-style":"default","ast-global-header-display":"","ast-banner-title-visibility":"","ast-main-header-display":"","ast-hfb-above-header-display":"","ast-hfb-below-header-display":"","ast-hfb-mobile-header-display":"","site-post-title":"","ast-breadcrumbs-content":"","ast-featured-img":"","footer-sml-layout":"","theme-transparent-header-meta":"default","adv-header-id-meta":"","stick-header-meta":"","header-above-stick-meta":"","header-main-stick-meta":"","header-below-stick-meta":"","astra-migrate-meta-layouts":"set","ast-page-background-enabled":"default","ast-page-background-meta":{"desktop":{"background-color":"var(--ast-global-color-4)","background-image":"","background-repeat":"repeat","background-position":"center center","background-size":"auto","background-attachment":"scroll","background-type":"","background-media":"","overlay-type":"","overlay-color":"","overlay-opacity":"","overlay-gradient":""},"tablet":{"background-color":"","background-image":"","background-repeat":"repeat","background-position":"center center","background-size":"auto","background-attachment":"scroll","background-type":"","background-media":"","overlay-type":"","overlay-color":"","overlay-opacity":"","overlay-gradient":""},"mobile":{"background-color":"","background-image":"","background-repeat":"repeat","background-position":"center center","background-size":"auto","background-attachment":"scroll","background-type":"","background-media":"","overlay-type":"","overlay-color":"","overlay-opacity":"","overlay-gradient":""}},"ast-content-background-meta":{"desktop":{"background-color":"var(--ast-global-color-5)","background-image":"","background-repeat":"repeat","background-position":"center center","background-size":"auto","background-attachment":"scroll","background-type":"","background-media":"","overlay-type":"","overlay-color":"","overlay-opacity":"","overlay-gradient":""},"tablet":{"background-color":"var(--ast-global-color-5)","background-image":"","background-repeat":"repeat","background-position":"center center","background-size":"auto","background-attachment":"scroll","background-type":"","background-media":"","overlay-type":"","overlay-color":"","overlay-opacity":"","overlay-gradient":""},"mobile":{"background-color":"var(--ast-global-color-5)","background-image":"","background-repeat":"repeat","background-position":"center center","background-size":"auto","background-attachment":"scroll","background-type":"","background-media":"","overlay-type":"","overlay-color":"","overlay-opacity":"","overlay-gradient":""}}},"product_cat":[48],"product_tag":[],"class_list":["post-4981","product","type-product","status-publish","has-post-thumbnail","hentry","product_cat-sunkaraoke-dalok","desktop-align-left","tablet-align-left","mobile-align-left"],"_links":{"self":[{"href":"https:\/\/www.sunkaraoke.hu\/index.php\/wp-json\/wp\/v2\/product\/4981","targetHints":{"allow":["GET"]}}],"collection":[{"href":"https:\/\/www.sunkaraoke.hu\/index.php\/wp-json\/wp\/v2\/product"}],"about":[{"href":"https:\/\/www.sunkaraoke.hu\/index.php\/wp-json\/wp\/v2\/types\/product"}],"wp:featuredmedia":[{"embeddable":true,"href":"https:\/\/www.sunkaraoke.hu\/index.php\/wp-json\/wp\/v2\/media\/18598"}],"wp:attachment":[{"href":"https:\/\/www.sunkaraoke.hu\/index.php\/wp-json\/wp\/v2\/media?parent=4981"}],"wp:term":[{"taxonomy":"product_cat","embeddable":true,"href":"https:\/\/www.sunkaraoke.hu\/index.php\/wp-json\/wp\/v2\/product_cat?post=4981"},{"taxonomy":"product_tag","embeddable":true,"href":"https:\/\/www.sunkaraoke.hu\/index.php\/wp-json\/wp\/v2\/product_tag?post=4981"}],"curies":[{"name":"wp","href":"https:\/\/api.w.org\/{rel}","templated":true}]}}