{"id":4979,"date":"2022-08-08T20:48:25","date_gmt":"2022-08-08T20:48:25","guid":{"rendered":"https:\/\/www.sunkaraoke.hu\/index.php\/termek\/l-l-juniur-kerlek-ne-szolj\/"},"modified":"2025-04-11T12:56:24","modified_gmt":"2025-04-11T12:56:24","slug":"l-l-juniur-kerlek-ne-szolj","status":"publish","type":"product","link":"https:\/\/www.sunkaraoke.hu\/index.php\/termek\/l-l-juniur-kerlek-ne-szolj\/","title":{"rendered":"<div class=\"wcmp-player-container product-4979\"><audio controlslist=\"nodownload\" data-product=\"4979\"  volume=\"1\"  preload=\"none\" data-lazyloading=\"none\" class=\"wcmp-player track mejs-classic\" data-duration=\"0:32\" data-estimated_duration=\"4\"><source src=\"https:\/\/www.sunkaraoke.hu\/wp-content\/uploads\/2022\/08\/Kerlek-ne-szolj-SB.-demoo.mp3\" type=\"audio\/mp3\" \/><\/audio><\/div>L.L. Juniur &#8211; K\u00e9rlek ne sz\u00f3lj (Original SB Edition)"},"content":{"rendered":"<p><strong>03:14<\/strong> | <strong><img loading=\"lazy\" decoding=\"async\" class=\"alignnone size-full wp-image-467\" src=\"https:\/\/www.sunkaraoke.hu\/wp-content\/uploads\/2022\/07\/choir_2-copy.webp\" alt=\"\" width=\"30\" height=\"30\" \/> <\/strong><\/p>\n","protected":false},"excerpt":{"rendered":"<h6><strong>Bits\u0171r\u0171s\u00e9g: 320<\/strong>kb\/s<strong><br \/>\n<\/strong><strong>Hossz: <\/strong>03:14<strong><br \/>\n<\/strong><strong style=\"font-size: 16px;\">Vok\u00e1lt tartalmaz: <\/strong>Nem <img loading=\"lazy\" decoding=\"async\" class=\"alignnone size-full wp-image-467\" src=\"http:\/\/www.sunkaraoke.hu\/wp-content\/uploads\/2022\/07\/choir_2-copy.png\" alt=\"\" width=\"30\" height=\"30\" \/><strong style=\"font-size: 16px;\"><br \/>\n<\/strong><\/h6>\n<p>Sunkaraoke mp3 st\u00fadi\u00f3 \/ www.sunkaraoke.hu \/ Inf: Tel: 06 20 4275001<\/p>\n<p>&#8212;Intr\u00f3&#8212;<br \/>\nCsapkod m\u00e9g a p\u00e1linka,<br \/>\nhisz olyan hossz\u00fa volt az \u00e9j.<br \/>\nEgy idegen csaj mellett reggel,<br \/>\nt\u0171n\u00f6d\u00f6m hogy nem \u00e9rtem haza m\u00e9g,<br \/>\naz a forr\u00f3 v\u00e9r, ami rossz ir\u00e1nyba hajt,<br \/>\nde m\u00e1r nem is v\u00e1ltozom.<br \/>\nAz a sok-sok n\u0151, aki a j\u00f6v\u0151mb\u0151l akart,biztos el\u00e1tkozott.<\/p>\n<p>K\u00eds\u00e9rt\u00e9s, ugyan\u00fagy cs\u00e1b\u00edt m\u00e9g az \u00e9j,<br \/>\nk\u00eds\u00e9rt\u00e9s, hagyjatok-hagyjatok b\u00e9k\u00e9n,<br \/>\ncsak ez sz\u00e1m\u00edt,az az egy is te volt\u00e1l.<\/p>\n<p>K\u00e9rlek ne sz\u00f3lj,\u00fclj le most mell\u00e9m,<br \/>\nhallgasd hogy s\u00edr a b\u0171nb\u00e1n\u00f3 sz\u00edv,<br \/>\nhinned kell m\u00e9g hogy j\u00f3 leszek egyszer,<br \/>\nvezeklek majd a b\u0171neim\u00e9rt.<\/p>\n<p>Pr\u00f3b\u00e1ltak megv\u00e1ltoztatni,<br \/>\naz eredm\u00e9ny az sajnos sikertelen.<br \/>\nSok l\u00e1nyt meggy\u00f3gy\u00edtottam m\u00e1r,<br \/>\nde m\u00e9gis azt mondj\u00e1k r\u00e1m sz\u00edvtelen.<br \/>\nAz a forr\u00f3 v\u00e9r ami rossz ir\u00e1nyba hajt,<br \/>\nde m\u00e1r nem is v\u00e1ltozom.<br \/>\nAz a sok-sok n\u0151, ki a j\u00f6v\u00f6mb\u0151l akart,biztos el\u00e1tkozott.<\/p>\n<p>K\u00eds\u00e9rt\u00e9s, ugyan\u00fagy cs\u00e1b\u00edt m\u00e9g az \u00e9j,<br \/>\nk\u00eds\u00e9rt\u00e9s, hagyjatok b\u00e9k\u00e9n,<br \/>\ncsak ez sz\u00e1m\u00edt,az az egy is te volt\u00e1l.<\/p>\n<p>K\u00e9rlek ne sz\u00f3lj,\u00fclj le most mell\u00e9m,<br \/>\nhallgasd hogy s\u00edr a b\u0171nb\u00e1n\u00f3 sz\u00edv,<br \/>\nhinned kell m\u00e9g hogy j\u00f3 leszek egyszer,<br \/>\nvezeklek majd a b\u0171neim\u00e9rt<br \/>\nRap:Deman Aba pacha pacha pala la,Zhanen Aba Ke merav me anda la,<br \/>\nSo zhanav me sostar Pala la,La la la la la la la la la,<br \/>\nPhenel adi mange chi bistrel man,Sar avel Ke pala kodi mukhel man?<br \/>\nMandar sa&#8217; muro trajo kamel,Avela man e legmaj lashi shej<\/p>\n<p>K\u00eds\u00e9rt\u00e9s, ugyan\u00fagy cs\u00e1b\u00edt m\u00e9g az \u00e9j,<br \/>\nk\u00eds\u00e9rt\u00e9s, hagyjatok b\u00e9k\u00e9n,<br \/>\ncsak ez sz\u00e1m\u00edt,az az egy is te volt\u00e1l.<\/p>\n<p>K\u00e9rlek ne sz\u00f3lj,\u00fclj le most mell\u00e9m,<br \/>\nhallgasd hogy s\u00edr a b\u0171nb\u00e1n\u00f3 sz\u00edv,<br \/>\nhinned kell m\u00e9g hogy j\u00f3 leszek egyszer,<br \/>\nvezeklek majd a b\u0171neim\u00e9rt.<br \/>\nK\u00e9rlek ne sz\u00f3lj,\u00fclj le most mell\u00e9m,<br \/>\nhallgasd hogy s\u00edr a b\u0171nb\u00e1n\u00f3 sz\u00edv,<br \/>\nhinned kell m\u00e9g hogy j\u00f3 leszek egyszer,<br \/>\nvezeklek majd a b\u0171neim\u00e9rt.<br \/>\n&#8212;V\u00e9ge&#8212;<\/p>\n","protected":false},"featured_media":18607,"template":"","meta":{"site-sidebar-layout":"default","site-content-layout":"default","ast-site-content-layout":"default","site-content-style":"default","site-sidebar-style":"default","ast-global-header-display":"","ast-banner-title-visibility":"","ast-main-header-display":"","ast-hfb-above-header-display":"","ast-hfb-below-header-display":"","ast-hfb-mobile-header-display":"","site-post-title":"","ast-breadcrumbs-content":"","ast-featured-img":"","footer-sml-layout":"","theme-transparent-header-meta":"default","adv-header-id-meta":"","stick-header-meta":"","header-above-stick-meta":"","header-main-stick-meta":"","header-below-stick-meta":"","astra-migrate-meta-layouts":"set","ast-page-background-enabled":"default","ast-page-background-meta":{"desktop":{"background-color":"var(--ast-global-color-4)","background-image":"","background-repeat":"repeat","background-position":"center center","background-size":"auto","background-attachment":"scroll","background-type":"","background-media":"","overlay-type":"","overlay-color":"","overlay-opacity":"","overlay-gradient":""},"tablet":{"background-color":"","background-image":"","background-repeat":"repeat","background-position":"center center","background-size":"auto","background-attachment":"scroll","background-type":"","background-media":"","overlay-type":"","overlay-color":"","overlay-opacity":"","overlay-gradient":""},"mobile":{"background-color":"","background-image":"","background-repeat":"repeat","background-position":"center center","background-size":"auto","background-attachment":"scroll","background-type":"","background-media":"","overlay-type":"","overlay-color":"","overlay-opacity":"","overlay-gradient":""}},"ast-content-background-meta":{"desktop":{"background-color":"var(--ast-global-color-5)","background-image":"","background-repeat":"repeat","background-position":"center center","background-size":"auto","background-attachment":"scroll","background-type":"","background-media":"","overlay-type":"","overlay-color":"","overlay-opacity":"","overlay-gradient":""},"tablet":{"background-color":"var(--ast-global-color-5)","background-image":"","background-repeat":"repeat","background-position":"center center","background-size":"auto","background-attachment":"scroll","background-type":"","background-media":"","overlay-type":"","overlay-color":"","overlay-opacity":"","overlay-gradient":""},"mobile":{"background-color":"var(--ast-global-color-5)","background-image":"","background-repeat":"repeat","background-position":"center center","background-size":"auto","background-attachment":"scroll","background-type":"","background-media":"","overlay-type":"","overlay-color":"","overlay-opacity":"","overlay-gradient":""}}},"product_cat":[48],"product_tag":[],"class_list":["post-4979","product","type-product","status-publish","has-post-thumbnail","hentry","product_cat-sunkaraoke-dalok","desktop-align-left","tablet-align-left","mobile-align-left"],"_links":{"self":[{"href":"https:\/\/www.sunkaraoke.hu\/index.php\/wp-json\/wp\/v2\/product\/4979","targetHints":{"allow":["GET"]}}],"collection":[{"href":"https:\/\/www.sunkaraoke.hu\/index.php\/wp-json\/wp\/v2\/product"}],"about":[{"href":"https:\/\/www.sunkaraoke.hu\/index.php\/wp-json\/wp\/v2\/types\/product"}],"wp:featuredmedia":[{"embeddable":true,"href":"https:\/\/www.sunkaraoke.hu\/index.php\/wp-json\/wp\/v2\/media\/18607"}],"wp:attachment":[{"href":"https:\/\/www.sunkaraoke.hu\/index.php\/wp-json\/wp\/v2\/media?parent=4979"}],"wp:term":[{"taxonomy":"product_cat","embeddable":true,"href":"https:\/\/www.sunkaraoke.hu\/index.php\/wp-json\/wp\/v2\/product_cat?post=4979"},{"taxonomy":"product_tag","embeddable":true,"href":"https:\/\/www.sunkaraoke.hu\/index.php\/wp-json\/wp\/v2\/product_tag?post=4979"}],"curies":[{"name":"wp","href":"https:\/\/api.w.org\/{rel}","templated":true}]}}