{"id":4974,"date":"2022-08-08T20:48:24","date_gmt":"2022-08-08T20:48:24","guid":{"rendered":"https:\/\/www.sunkaraoke.hu\/index.php\/termek\/farao-kiabalj-transzp-v\/"},"modified":"2025-04-05T13:06:29","modified_gmt":"2025-04-05T13:06:29","slug":"farao-kiabalj-transzp-v","status":"publish","type":"product","link":"https:\/\/www.sunkaraoke.hu\/index.php\/termek\/farao-kiabalj-transzp-v\/","title":{"rendered":"<div class=\"wcmp-player-container product-4974\"><audio controlslist=\"nodownload\" data-product=\"4974\"  volume=\"1\"  preload=\"none\" data-lazyloading=\"none\" class=\"wcmp-player track mejs-classic\" data-duration=\"0:32\" data-estimated_duration=\"4\"><source src=\"https:\/\/www.sunkaraoke.hu\/wp-content\/uploads\/2022\/08\/Kiabalj-vok-transz.Farao-SB.-kademoo.mp3\" type=\"audio\/mp3\" \/><\/audio><\/div>F\u00e1ra\u00f3 &#8211; Kiab\u00e1lj (SB Edition)"},"content":{"rendered":"<p><strong>03:22<\/strong> | <strong>\u00a0<strong>| <img loading=\"lazy\" decoding=\"async\" class=\"alignnone size-full wp-image-613\" src=\"https:\/\/www.sunkaraoke.hu\/wp-content\/uploads\/2022\/07\/transzponalas.webp\" alt=\"\" width=\"30\" height=\"30\" \/> <\/strong><strong>+4<\/strong><\/strong><\/p>\n","protected":false},"excerpt":{"rendered":"<h6><strong>Bits\u0171r\u0171s\u00e9g: 320<\/strong>kb\/s<strong><br \/>\n<\/strong><strong>Hossz: <\/strong>03:22<strong><br \/>\n<\/strong><strong style=\"font-size: 16px;\">Vok\u00e1lt tartalmaz: Igen!!<\/strong><strong style=\"font-size: 16px;\"><br \/>\n<\/strong><strong>Transzpon\u00e1l\u00e1s: <\/strong><img loading=\"lazy\" decoding=\"async\" class=\"alignnone size-full wp-image-613\" src=\"http:\/\/www.sunkaraoke.hu\/wp-content\/uploads\/2022\/07\/transzponalas.png\" alt=\"\" width=\"30\" height=\"30\" \/> +4<\/h6>\n<p>Sunkaraoke mp3 st\u00fadi\u00f3 \/ www.sunkaraoke.hu \/ Inf: Tel: 06 20 4275001<\/p>\n<p>&#8212;Intr\u00f3&#8212;<br \/>\nHa kedves az \u00e9leted, ne ugr\u00e1lj, ne ugr\u00e1lj,<br \/>\ntedd fel a k\u00e9t kezed, \u00e9s ne m\u00e1szk\u00e1lj ne m\u00e1szk\u00e1lj.<br \/>\nSose mondd, hogy nagyon f\u00e1j, hagyj\u00e1l b\u00e9k\u00e9n ne piszk\u00e1lj,<br \/>\nmi a l\u00e9nyeget tudjuk m\u00e1r, hallgass r\u00e1nk ez a szab\u00e1ly.<\/p>\n<p>Kiab\u00e1lj, ha tombol a j\u00f3 kedved,kiab\u00e1lj, ha valami f\u00e1j.<br \/>\nKiab\u00e1lj, mi biztosan meghalljuk,de ha nincs baj ne kiab\u00e1lj.<br \/>\nKiab\u00e1lj, ha tombol a j\u00f3 kedved,kiab\u00e1lj, ha valami f\u00e1j.<br \/>\nKiab\u00e1lj, mi biztosan meghalljuk,de ha nincs baj ne kiab\u00e1lj.<\/p>\n<p>Ha nincsen egy kettesed ne h\u00edvj\u00e1l, ne telefon\u00e1lj,<br \/>\nfesd \u00e1t a k\u00e9k eget csak ne s\u00edrj m\u00e1r, ne s\u00edrj m\u00e1r.<br \/>\nEmber k\u00fczdj \u00e9s b\u00edzva b\u00edzz, ping-pongozz, hogy el ne h\u00edzz,<br \/>\nmi a l\u00e9nyeget tudjuk m\u00e1r, hallgass r\u00e1nk ez a szab\u00e1ly.<\/p>\n<p>Kiab\u00e1lj, ha tombol a j\u00f3 kedved,kiab\u00e1lj, ha valami f\u00e1j.<br \/>\nKiab\u00e1lj, mi biztosan meghalljuk,de ha nincs baj ne kiab\u00e1lj.<br \/>\nKiab\u00e1lj, ha tombol a j\u00f3 kedved,kiab\u00e1lj, ha valami f\u00e1j.<br \/>\nKiab\u00e1lj, mi biztosan meghalljuk,de ha nincs baj ne kiab\u00e1lj.<br \/>\n&#8212;Sz\u00f3l\u00f3&#8212;<br \/>\nEmber k\u00fczdj \u00e9s b\u00edzva b\u00edzz, ping-pongozz, hogy el ne h\u00edzz,<br \/>\nmi a l\u00e9nyeget tudjuk m\u00e1r, hallgass r\u00e1nk ez a szab\u00e1ly.<br \/>\nKiab\u00e1lj, ha tombol a j\u00f3 kedved,kiab\u00e1lj, ha valami f\u00e1j.<br \/>\nKiab\u00e1lj, mi biztosan meghalljuk,de ha nincs baj ne kiab\u00e1lj.<br \/>\nKiab\u00e1lj, ha tombol a j\u00f3 kedved,kiab\u00e1lj, ha valami f\u00e1j.<br \/>\nKiab\u00e1lj, mi biztosan meghalljuk,de ha nincs baj ne kiab\u00e1lj.<br \/>\n&#8212;V\u00e9ge&#8212;<\/p>\n","protected":false},"featured_media":9691,"template":"","meta":{"site-sidebar-layout":"default","site-content-layout":"default","ast-site-content-layout":"default","site-content-style":"default","site-sidebar-style":"default","ast-global-header-display":"","ast-banner-title-visibility":"","ast-main-header-display":"","ast-hfb-above-header-display":"","ast-hfb-below-header-display":"","ast-hfb-mobile-header-display":"","site-post-title":"","ast-breadcrumbs-content":"","ast-featured-img":"","footer-sml-layout":"","theme-transparent-header-meta":"default","adv-header-id-meta":"","stick-header-meta":"","header-above-stick-meta":"","header-main-stick-meta":"","header-below-stick-meta":"","astra-migrate-meta-layouts":"set","ast-page-background-enabled":"default","ast-page-background-meta":{"desktop":{"background-color":"var(--ast-global-color-4)","background-image":"","background-repeat":"repeat","background-position":"center center","background-size":"auto","background-attachment":"scroll","background-type":"","background-media":"","overlay-type":"","overlay-color":"","overlay-opacity":"","overlay-gradient":""},"tablet":{"background-color":"","background-image":"","background-repeat":"repeat","background-position":"center center","background-size":"auto","background-attachment":"scroll","background-type":"","background-media":"","overlay-type":"","overlay-color":"","overlay-opacity":"","overlay-gradient":""},"mobile":{"background-color":"","background-image":"","background-repeat":"repeat","background-position":"center center","background-size":"auto","background-attachment":"scroll","background-type":"","background-media":"","overlay-type":"","overlay-color":"","overlay-opacity":"","overlay-gradient":""}},"ast-content-background-meta":{"desktop":{"background-color":"var(--ast-global-color-5)","background-image":"","background-repeat":"repeat","background-position":"center center","background-size":"auto","background-attachment":"scroll","background-type":"","background-media":"","overlay-type":"","overlay-color":"","overlay-opacity":"","overlay-gradient":""},"tablet":{"background-color":"var(--ast-global-color-5)","background-image":"","background-repeat":"repeat","background-position":"center center","background-size":"auto","background-attachment":"scroll","background-type":"","background-media":"","overlay-type":"","overlay-color":"","overlay-opacity":"","overlay-gradient":""},"mobile":{"background-color":"var(--ast-global-color-5)","background-image":"","background-repeat":"repeat","background-position":"center center","background-size":"auto","background-attachment":"scroll","background-type":"","background-media":"","overlay-type":"","overlay-color":"","overlay-opacity":"","overlay-gradient":""}}},"product_cat":[48],"product_tag":[],"class_list":["post-4974","product","type-product","status-publish","has-post-thumbnail","hentry","product_cat-sunkaraoke-dalok","desktop-align-left","tablet-align-left","mobile-align-left"],"_links":{"self":[{"href":"https:\/\/www.sunkaraoke.hu\/index.php\/wp-json\/wp\/v2\/product\/4974","targetHints":{"allow":["GET"]}}],"collection":[{"href":"https:\/\/www.sunkaraoke.hu\/index.php\/wp-json\/wp\/v2\/product"}],"about":[{"href":"https:\/\/www.sunkaraoke.hu\/index.php\/wp-json\/wp\/v2\/types\/product"}],"wp:featuredmedia":[{"embeddable":true,"href":"https:\/\/www.sunkaraoke.hu\/index.php\/wp-json\/wp\/v2\/media\/9691"}],"wp:attachment":[{"href":"https:\/\/www.sunkaraoke.hu\/index.php\/wp-json\/wp\/v2\/media?parent=4974"}],"wp:term":[{"taxonomy":"product_cat","embeddable":true,"href":"https:\/\/www.sunkaraoke.hu\/index.php\/wp-json\/wp\/v2\/product_cat?post=4974"},{"taxonomy":"product_tag","embeddable":true,"href":"https:\/\/www.sunkaraoke.hu\/index.php\/wp-json\/wp\/v2\/product_tag?post=4974"}],"curies":[{"name":"wp","href":"https:\/\/api.w.org\/{rel}","templated":true}]}}