{"id":4965,"date":"2022-08-08T20:48:23","date_gmt":"2022-08-08T20:48:23","guid":{"rendered":"https:\/\/www.sunkaraoke.hu\/index.php\/termek\/notar-mary-siromig-szeretlek-transzp-v\/"},"modified":"2025-03-29T10:14:41","modified_gmt":"2025-03-29T10:14:41","slug":"notar-mary-siromig-szeretlek-transzp-v","status":"publish","type":"product","link":"https:\/\/www.sunkaraoke.hu\/index.php\/termek\/notar-mary-siromig-szeretlek-transzp-v\/","title":{"rendered":"<div class=\"wcmp-player-container product-4965\"><audio controlslist=\"nodownload\" data-product=\"4965\"  volume=\"1\"  preload=\"none\" data-lazyloading=\"none\" class=\"wcmp-player track mejs-classic\" data-duration=\"0:33\" data-estimated_duration=\"4\"><source src=\"https:\/\/www.sunkaraoke.hu\/wp-content\/uploads\/2022\/08\/Siromig-szeretlekTrsz-Notar-SB._demo.mp3\" type=\"audio\/mp3\" \/><\/audio><\/div>Notar Mary &#8211; S\u00edromig szeretlek (SB. Edition)"},"content":{"rendered":"<p><strong>03:28<\/strong> | <strong><img loading=\"lazy\" decoding=\"async\" class=\"alignnone size-full wp-image-467\" src=\"https:\/\/www.sunkaraoke.hu\/wp-content\/uploads\/2022\/07\/choir_2-copy.webp\" alt=\"\" width=\"30\" height=\"30\" \/> <strong> | <img loading=\"lazy\" decoding=\"async\" class=\"alignnone size-full wp-image-613\" src=\"https:\/\/www.sunkaraoke.hu\/wp-content\/uploads\/2022\/07\/transzponalas.webp\" alt=\"\" width=\"30\" height=\"30\" \/> <\/strong><strong>+5<\/strong><\/strong><\/p>\n","protected":false},"excerpt":{"rendered":"<h6>Bits\u0171r\u0171s\u00e9g: 320 kb\/s<br \/>\nHossz: 03:28<br \/>\nVok\u00e1lt tartalmaz: Nem <img loading=\"lazy\" decoding=\"async\" class=\"alignnone size-full wp-image-467\" src=\"http:\/\/www.sunkaraoke.hu\/wp-content\/uploads\/2022\/07\/choir_2-copy.png\" alt=\"\" width=\"30\" height=\"30\" \/><br \/>\nTranszpon\u00e1l\u00e1s: <img loading=\"lazy\" decoding=\"async\" class=\"alignnone size-full wp-image-613\" src=\"http:\/\/www.sunkaraoke.hu\/wp-content\/uploads\/2022\/07\/transzponalas.png\" alt=\"\" width=\"30\" height=\"30\" \/> +5<\/h6>\n<p>Sunkaraoke mp3 st\u00fadi\u00f3 \/ www.sunkaraoke.hu \/ Inf: Tel: 06 20 4275001<\/p>\n<p>&#8212;Intr\u00f3&#8212;<br \/>\nMinden nap \u00e9s minden \u00e9jszaka,<br \/>\ncsillog\u00f3 k\u00f6nnyekkel siratlak,<br \/>\nnem \u00e9rted a f\u00e9lt\u00e9seim,<br \/>\nnem \u00e9rzed az \u00e9rz\u00e9seim,<br \/>\n\u00fagy \u00e9rzem a sz\u00edvem meghasad.<br \/>\nMinden nap \u00e9s minden \u00e9jszaka,<br \/>\nboldog lenn\u00e9k karjaidban aludva,<br \/>\nha belel\u00e1tn\u00e1l a kis sz\u00edvembe,<br \/>\n\u00e1t\u00e9rzedn\u00e9d amit \u00e9rzek,<br \/>\nsoha soha meg nem b\u00e1ntan\u00e1l.<\/p>\n<p>S\u00edromig szeretlek \u00e9n, azont\u00fal mind\u00f6r\u00f6kk\u00e9,<br \/>\nk\u00e9rlek higyj nekem, te vagy az \u00e9letem.<br \/>\nHa nem leszel az eny\u00e9m, hidd el meghalok \u00e9n,<br \/>\n\u00e9rzem, tudod \u00e9rzem.<br \/>\nS\u00edromig szeretlek \u00e9n, azont\u00fal mind\u00f6r\u00f6kk\u00e9,<br \/>\nk\u00e9rlek higyj nekem, te vagy az \u00e9letem.<br \/>\nHa nem leszel az eny\u00e9m, hidd el meghalok \u00e9n,<br \/>\n\u00e9rzem, \u00e9rzem, \u00e9rzem.<\/p>\n<p>Minden nap \u00e9s minden \u00e9jszaka,<br \/>\nszomor\u00faan ballagok haza,<br \/>\na csillagokat sz\u00e1molom, k\u00f6zben r\u00f3lad \u00e1lmodom,<br \/>\negy kicsit meghalok mindennap.<br \/>\nMinden nap \u00e9s minden \u00e9jszaka,<br \/>\nr\u00e1d gondolok t\u00e9ged akarlak,<br \/>\nnem adom \u00e9n fel a rem\u00e9nyt,<br \/>\na sz\u00edvem \u00f6r\u00f6kk\u00e9 rem\u00e9l,<br \/>\negyszer \u00fagyis kopogtatsz n\u00e1lam.<\/p>\n<p>S\u00edromig szeretlek \u00e9n, azont\u00fal mind\u00f6r\u00f6kk\u00e9,<br \/>\nk\u00e9rlek higyj nekem, te vagy az \u00e9letem.<br \/>\nHa nem leszel az eny\u00e9m, hidd el meghalok \u00e9n,<br \/>\n\u00e9rzem, tudod \u00e9rzem.<br \/>\nS\u00edromig szeretlek \u00e9n, azont\u00fal mind\u00f6r\u00f6kk\u00e9,<br \/>\nk\u00e9rlek higyj nekem, te vagy az \u00e9letem.<br \/>\nHa nem leszel az eny\u00e9m, hidd el meghalok \u00e9n,<br \/>\n\u00e9rzem, \u00e9rzem, \u00e9rzem.<br \/>\n&#8212;V\u00e9ge&#8212;<\/p>\n","protected":false},"featured_media":8740,"template":"","meta":{"site-sidebar-layout":"default","site-content-layout":"default","ast-site-content-layout":"default","site-content-style":"default","site-sidebar-style":"default","ast-global-header-display":"","ast-banner-title-visibility":"","ast-main-header-display":"","ast-hfb-above-header-display":"","ast-hfb-below-header-display":"","ast-hfb-mobile-header-display":"","site-post-title":"","ast-breadcrumbs-content":"","ast-featured-img":"","footer-sml-layout":"","theme-transparent-header-meta":"default","adv-header-id-meta":"","stick-header-meta":"","header-above-stick-meta":"","header-main-stick-meta":"","header-below-stick-meta":"","astra-migrate-meta-layouts":"set","ast-page-background-enabled":"default","ast-page-background-meta":{"desktop":{"background-color":"var(--ast-global-color-4)","background-image":"","background-repeat":"repeat","background-position":"center center","background-size":"auto","background-attachment":"scroll","background-type":"","background-media":"","overlay-type":"","overlay-color":"","overlay-opacity":"","overlay-gradient":""},"tablet":{"background-color":"","background-image":"","background-repeat":"repeat","background-position":"center center","background-size":"auto","background-attachment":"scroll","background-type":"","background-media":"","overlay-type":"","overlay-color":"","overlay-opacity":"","overlay-gradient":""},"mobile":{"background-color":"","background-image":"","background-repeat":"repeat","background-position":"center center","background-size":"auto","background-attachment":"scroll","background-type":"","background-media":"","overlay-type":"","overlay-color":"","overlay-opacity":"","overlay-gradient":""}},"ast-content-background-meta":{"desktop":{"background-color":"var(--ast-global-color-5)","background-image":"","background-repeat":"repeat","background-position":"center center","background-size":"auto","background-attachment":"scroll","background-type":"","background-media":"","overlay-type":"","overlay-color":"","overlay-opacity":"","overlay-gradient":""},"tablet":{"background-color":"var(--ast-global-color-5)","background-image":"","background-repeat":"repeat","background-position":"center center","background-size":"auto","background-attachment":"scroll","background-type":"","background-media":"","overlay-type":"","overlay-color":"","overlay-opacity":"","overlay-gradient":""},"mobile":{"background-color":"var(--ast-global-color-5)","background-image":"","background-repeat":"repeat","background-position":"center center","background-size":"auto","background-attachment":"scroll","background-type":"","background-media":"","overlay-type":"","overlay-color":"","overlay-opacity":"","overlay-gradient":""}}},"product_cat":[48],"product_tag":[],"class_list":["post-4965","product","type-product","status-publish","has-post-thumbnail","hentry","product_cat-sunkaraoke-dalok","desktop-align-left","tablet-align-left","mobile-align-left"],"_links":{"self":[{"href":"https:\/\/www.sunkaraoke.hu\/index.php\/wp-json\/wp\/v2\/product\/4965","targetHints":{"allow":["GET"]}}],"collection":[{"href":"https:\/\/www.sunkaraoke.hu\/index.php\/wp-json\/wp\/v2\/product"}],"about":[{"href":"https:\/\/www.sunkaraoke.hu\/index.php\/wp-json\/wp\/v2\/types\/product"}],"wp:featuredmedia":[{"embeddable":true,"href":"https:\/\/www.sunkaraoke.hu\/index.php\/wp-json\/wp\/v2\/media\/8740"}],"wp:attachment":[{"href":"https:\/\/www.sunkaraoke.hu\/index.php\/wp-json\/wp\/v2\/media?parent=4965"}],"wp:term":[{"taxonomy":"product_cat","embeddable":true,"href":"https:\/\/www.sunkaraoke.hu\/index.php\/wp-json\/wp\/v2\/product_cat?post=4965"},{"taxonomy":"product_tag","embeddable":true,"href":"https:\/\/www.sunkaraoke.hu\/index.php\/wp-json\/wp\/v2\/product_tag?post=4965"}],"curies":[{"name":"wp","href":"https:\/\/api.w.org\/{rel}","templated":true}]}}