{"id":4962,"date":"2022-08-08T20:48:23","date_gmt":"2022-08-08T20:48:23","guid":{"rendered":"https:\/\/www.sunkaraoke.hu\/index.php\/termek\/mr-kaly-koszonet-mindenert-2016\/"},"modified":"2025-04-11T13:14:53","modified_gmt":"2025-04-11T13:14:53","slug":"mr-kaly-koszonet-mindenert-2016","status":"publish","type":"product","link":"https:\/\/www.sunkaraoke.hu\/index.php\/termek\/mr-kaly-koszonet-mindenert-2016\/","title":{"rendered":"<div class=\"wcmp-player-container product-4962\"><audio controlslist=\"nodownload\" data-product=\"4962\"  volume=\"1\"  preload=\"none\" data-lazyloading=\"none\" class=\"wcmp-player track mejs-classic\" data-duration=\"0:32\" data-estimated_duration=\"4\"><source src=\"https:\/\/www.sunkaraoke.hu\/wp-content\/uploads\/2022\/08\/Koszonet-mindenert-Kaly-SB.-kdemoo.mp3\" type=\"audio\/mp3\" \/><\/audio><\/div>Mr. Kaly &#8211; K\u00f6sz\u00f6net minden\u00e9rt (Original SB Edition)"},"content":{"rendered":"<p><strong>04:02<\/strong> | <strong><img loading=\"lazy\" decoding=\"async\" class=\"alignnone size-full wp-image-467\" src=\"https:\/\/www.sunkaraoke.hu\/wp-content\/uploads\/2022\/07\/choir_2-copy.webp\" alt=\"\" width=\"30\" height=\"30\" \/> <\/strong><\/p>\n","protected":false},"excerpt":{"rendered":"<h6><strong>Bits\u0171r\u0171s\u00e9g: 320<\/strong>kb\/s<strong><br \/>\n<\/strong><strong>Hossz: <\/strong>04:02<strong><br \/>\n<\/strong><strong style=\"font-size: 16px;\">Vok\u00e1lt tartalmaz: <\/strong>Nem <img loading=\"lazy\" decoding=\"async\" class=\"alignnone size-full wp-image-467\" src=\"http:\/\/www.sunkaraoke.hu\/wp-content\/uploads\/2022\/07\/choir_2-copy.png\" alt=\"\" width=\"30\" height=\"30\" \/><strong style=\"font-size: 16px;\"><br \/>\n<\/strong><\/h6>\n<p>Sunkaraoke mp3 st\u00fadi\u00f3 \/ www.sunkaraoke.hu \/ Inf: Tel: 06 20 4275001<\/p>\n<p>&#8212;Intr\u00f3&#8212;<\/p>\n<p>Ha szomor\u00fa voltam te megv\u00edgasztalt\u00e1l,<br \/>\naz \u00e9let \u00fatj\u00e1n velem f\u00e1radt\u00e1l,<br \/>\nha nevettem te nevett\u00e9l velem,<br \/>\nk\u00f6sz\u00f6n\u00f6m az \u00e9letet.<br \/>\nHa f\u00e1radt voltam \u00fagy figyelt\u00e9l r\u00e1m,<br \/>\nha beteg voltam f\u00e9lt\u0151n \u00e1polt\u00e1l,<br \/>\naz \u00f6r\u00f6m\u00f6dben osztozt\u00e1l velem,<br \/>\n\u00fagy tett\u00e9l hogy j\u00f3 legyen.<\/p>\n<p>K\u00f6sz\u00f6net minden\u00e9rt, az elm\u00falt \u00e9vek\u00e9rt,<br \/>\naz\u00e9rt hogy vigy\u00e1zt\u00e1l re\u00e1m.<br \/>\nK\u00f6sz\u00f6net minden\u00e9rt, mert veled \u00e9lni sz\u00e9p,<br \/>\ns megtal\u00e1lt a boldogs\u00e1g.<br \/>\nK\u00f6sz\u00f6net minden\u00e9rt, az elm\u00falt \u00e9vek\u00e9rt,<br \/>\naz\u00e9rt hogy velem maradt\u00e1l.<br \/>\nK\u00f6sz\u00f6net minden\u00e9rt, mert veled \u00e9lni sz\u00e9p,<br \/>\n\u00e9s megtal\u00e1lt a boldogs\u00e1g.<br \/>\n&#8212;Sz\u00f3l\u00f3&#8212;<\/p>\n<p>Ha s\u00edrtam te is k\u00f6nnyezt\u00e9l velem,<br \/>\nsoha nagy dolgokat nem k\u00e9rt\u00e9l t\u0151lem,<br \/>\nel\u00e9g volt neked egy sz\u00e1l vir\u00e1g,<br \/>\nnem kellett pompa csillog\u00e1s.<br \/>\nTitkaid nem voltak el\u0151ttem,<br \/>\naz \u0151szintes\u00e9g \u00e1radt bel\u0151led,<br \/>\nha \u00fajra kezdhetn\u00e9m m\u00e9gegyszer \u00e9n,<br \/>\ncsakis veled szeretn\u00e9m.<\/p>\n<p>K\u00f6sz\u00f6net minden\u00e9rt, az elm\u00falt \u00e9vek\u00e9rt,<br \/>\naz\u00e9rt hogy vigy\u00e1zt\u00e1l re\u00e1m.<br \/>\nK\u00f6sz\u00f6net minden\u00e9rt, mert veled \u00e9lni sz\u00e9p,<br \/>\ns megtal\u00e1lt a boldogs\u00e1g.<br \/>\nK\u00f6sz\u00f6net minden\u00e9rt, az elm\u00falt \u00e9vek\u00e9rt,<br \/>\naz\u00e9rt hogy velem maradt\u00e1l.<br \/>\nK\u00f6sz\u00f6net minden\u00e9rt, mert veled \u00e9lni sz\u00e9p,<br \/>\n\u00e9s megtal\u00e1lt a boldogs\u00e1g.<\/p>\n<p>K\u00f6sz\u00f6net minden\u00e9rt, az elm\u00falt \u00e9vek\u00e9rt,<br \/>\naz\u00e9rt hogy vigy\u00e1zt\u00e1l re\u00e1m.<br \/>\nK\u00f6sz\u00f6net minden\u00e9rt, mert veled \u00e9lni sz\u00e9p,<br \/>\n\u00e9s megtal\u00e1lt a boldogs\u00e1g.<br \/>\nK\u00f6sz\u00f6net minden\u00e9rt, az elm\u00falt \u00e9vek\u00e9rt,<br \/>\naz\u00e9rt hogy velem maradt\u00e1l.<br \/>\nK\u00f6sz\u00f6net minden\u00e9rt, mert veled \u00e9lni sz\u00e9p,<br \/>\n\u00e9s megtal\u00e1lt a boldogs\u00e1g.<br \/>\n&#8212;V\u00e9ge&#8212;<\/p>\n","protected":false},"featured_media":10524,"template":"","meta":{"site-sidebar-layout":"default","site-content-layout":"default","ast-site-content-layout":"default","site-content-style":"default","site-sidebar-style":"default","ast-global-header-display":"","ast-banner-title-visibility":"","ast-main-header-display":"","ast-hfb-above-header-display":"","ast-hfb-below-header-display":"","ast-hfb-mobile-header-display":"","site-post-title":"","ast-breadcrumbs-content":"","ast-featured-img":"","footer-sml-layout":"","theme-transparent-header-meta":"default","adv-header-id-meta":"","stick-header-meta":"","header-above-stick-meta":"","header-main-stick-meta":"","header-below-stick-meta":"","astra-migrate-meta-layouts":"set","ast-page-background-enabled":"default","ast-page-background-meta":{"desktop":{"background-color":"var(--ast-global-color-4)","background-image":"","background-repeat":"repeat","background-position":"center center","background-size":"auto","background-attachment":"scroll","background-type":"","background-media":"","overlay-type":"","overlay-color":"","overlay-opacity":"","overlay-gradient":""},"tablet":{"background-color":"","background-image":"","background-repeat":"repeat","background-position":"center center","background-size":"auto","background-attachment":"scroll","background-type":"","background-media":"","overlay-type":"","overlay-color":"","overlay-opacity":"","overlay-gradient":""},"mobile":{"background-color":"","background-image":"","background-repeat":"repeat","background-position":"center center","background-size":"auto","background-attachment":"scroll","background-type":"","background-media":"","overlay-type":"","overlay-color":"","overlay-opacity":"","overlay-gradient":""}},"ast-content-background-meta":{"desktop":{"background-color":"var(--ast-global-color-5)","background-image":"","background-repeat":"repeat","background-position":"center center","background-size":"auto","background-attachment":"scroll","background-type":"","background-media":"","overlay-type":"","overlay-color":"","overlay-opacity":"","overlay-gradient":""},"tablet":{"background-color":"var(--ast-global-color-5)","background-image":"","background-repeat":"repeat","background-position":"center center","background-size":"auto","background-attachment":"scroll","background-type":"","background-media":"","overlay-type":"","overlay-color":"","overlay-opacity":"","overlay-gradient":""},"mobile":{"background-color":"var(--ast-global-color-5)","background-image":"","background-repeat":"repeat","background-position":"center center","background-size":"auto","background-attachment":"scroll","background-type":"","background-media":"","overlay-type":"","overlay-color":"","overlay-opacity":"","overlay-gradient":""}}},"product_cat":[48],"product_tag":[],"class_list":["post-4962","product","type-product","status-publish","has-post-thumbnail","hentry","product_cat-sunkaraoke-dalok","desktop-align-left","tablet-align-left","mobile-align-left"],"_links":{"self":[{"href":"https:\/\/www.sunkaraoke.hu\/index.php\/wp-json\/wp\/v2\/product\/4962","targetHints":{"allow":["GET"]}}],"collection":[{"href":"https:\/\/www.sunkaraoke.hu\/index.php\/wp-json\/wp\/v2\/product"}],"about":[{"href":"https:\/\/www.sunkaraoke.hu\/index.php\/wp-json\/wp\/v2\/types\/product"}],"wp:featuredmedia":[{"embeddable":true,"href":"https:\/\/www.sunkaraoke.hu\/index.php\/wp-json\/wp\/v2\/media\/10524"}],"wp:attachment":[{"href":"https:\/\/www.sunkaraoke.hu\/index.php\/wp-json\/wp\/v2\/media?parent=4962"}],"wp:term":[{"taxonomy":"product_cat","embeddable":true,"href":"https:\/\/www.sunkaraoke.hu\/index.php\/wp-json\/wp\/v2\/product_cat?post=4962"},{"taxonomy":"product_tag","embeddable":true,"href":"https:\/\/www.sunkaraoke.hu\/index.php\/wp-json\/wp\/v2\/product_tag?post=4962"}],"curies":[{"name":"wp","href":"https:\/\/api.w.org\/{rel}","templated":true}]}}