{"id":4954,"date":"2022-08-08T20:48:23","date_gmt":"2022-08-08T20:48:23","guid":{"rendered":"https:\/\/www.sunkaraoke.hu\/index.php\/termek\/mario-tedd-a-szivedre-a-kezed\/"},"modified":"2025-04-10T12:45:48","modified_gmt":"2025-04-10T12:45:48","slug":"mario-tedd-a-szivedre-a-kezed","status":"publish","type":"product","link":"https:\/\/www.sunkaraoke.hu\/index.php\/termek\/mario-tedd-a-szivedre-a-kezed\/","title":{"rendered":"<div class=\"wcmp-player-container product-4954\"><audio controlslist=\"nodownload\" data-product=\"4954\"  volume=\"1\"  preload=\"none\" data-lazyloading=\"none\" class=\"wcmp-player track mejs-classic\" data-duration=\"0:33\" data-estimated_duration=\"4\"><source src=\"https:\/\/www.sunkaraoke.hu\/wp-content\/uploads\/2022\/08\/Tedd-a-szivedre-Mario-SB.-demooo-1.mp3\" type=\"audio\/mp3\" \/><\/audio><\/div>M\u00e1ri\u00f3 &#8211; Tedd a sz\u00edvedre a kezed (Original SB Edition)"},"content":{"rendered":"<p><strong>03:28<\/strong> | <strong><img loading=\"lazy\" decoding=\"async\" class=\"alignnone size-full wp-image-467\" src=\"https:\/\/www.sunkaraoke.hu\/wp-content\/uploads\/2022\/07\/choir_2-copy.webp\" alt=\"\" width=\"30\" height=\"30\" \/> <\/strong><\/p>\n","protected":false},"excerpt":{"rendered":"<h6><strong>Bits\u0171r\u0171s\u00e9g: 320<\/strong>kb\/s<strong><br \/>\n<\/strong><strong>Hossz: <\/strong>03:28<strong><br \/>\n<\/strong><strong style=\"font-size: 16px;\">Vok\u00e1lt tartalmaz: <\/strong>Nem <img loading=\"lazy\" decoding=\"async\" class=\"alignnone size-full wp-image-467\" src=\"http:\/\/www.sunkaraoke.hu\/wp-content\/uploads\/2022\/07\/choir_2-copy.png\" alt=\"\" width=\"30\" height=\"30\" \/><strong style=\"font-size: 16px;\"><br \/>\n<\/strong><\/h6>\n<p>Sunkaraoke mp3 st\u00fadi\u00f3 \/ www.sunkaraoke.hu \/ Inf: Tel: 06 20 4275001<\/p>\n<p>&#8212;Intr\u00f3&#8212;<br \/>\nAz utc\u00e1n r\u00fagok egy k\u00f6vet,<br \/>\na v\u00e1ros csendes \u00e1lma megvad\u00edt,<br \/>\negy taxis r\u00e1m vil\u00e1g\u00edt, r\u00e1m legyint,<br \/>\ncsak l\u0151d\u00f6rg\u00f6k mag\u00e1nyosan.<br \/>\nMagamnak r\u00fagom a k\u00f6vet,<br \/>\na ballal a jobb l\u00e1bamra passzolom,<br \/>\negy es\u0151csepp lepereg az arcomon,<br \/>\nnincs teher t\u00f6bb\u00e9 v\u00e1llaimon.<\/p>\n<p>Tedd a sz\u00edvedre a kezed,<br \/>\nneked nem f\u00e1j ami nekem f\u00e1j nagyon,<br \/>\nte sohasem szerett\u00e9l,<br \/>\nmindig csak \u00fagy bec\u00e9zt\u00e9l.<br \/>\n&#8212;Sz\u00f3l\u00f3&#8212;\/\/Modul\u00e1l\/\/<br \/>\nF\u00fclemben hallom hangodat,<br \/>\negy bisztr\u00f3 nyitva \u00e1ll, \u00e9s h\u00edvogat,<br \/>\nforr\u00f3 k\u00e1v\u00e9b\u00f3l h\u00f6rpintve a kortyokat,<br \/>\nm\u00e9g most sem \u00e9rtem titkaidat.<br \/>\nAz\u00e9rt is megr\u00e1zom magam,<br \/>\na hajnal cinkos velem, r\u00e1m kacsint,<br \/>\n\u00f3h,\u00f3h a bor\u00fas \u00e9gnek b\u00facs\u00fat int,<br \/>\n\u00fajra eny\u00e9m az eg\u00e9sz vil\u00e1g.<br \/>\nTedd a sz\u00edvedre a kezed,<br \/>\nneked nem f\u00e1j ami nekem f\u00e1j nagyon,<br \/>\nte sohasem szerett\u00e9l,<br \/>\nmindig csak \u00fagy bec\u00e9zt\u00e9l.<br \/>\nTedd a sz\u00edvedre a kezed,<br \/>\nneked nem f\u00e1j ami nekem f\u00e1j nagyon,<br \/>\nte sohasem szerett\u00e9l,<br \/>\nmindig csak \u00fagy bec\u00e9zt\u00e9l.<br \/>\n-Sz\u00f3l\u00f3&#8212;<br \/>\nTedd a sz\u00edvedre a kezed,<br \/>\nneked nem f\u00e1j ami nekem f\u00e1j nagyon,<br \/>\nte sohasem szerett\u00e9l,<br \/>\nmindig csak \u00fagy bec\u00e9zt\u00e9l.<br \/>\nNeked nem f\u00e1j ami nekem&#8230;..<br \/>\nNeked nem f\u00e1j ami nekem f\u00e1j nagyon,<br \/>\nte sohasem szerett\u00e9l,<br \/>\nmindig csak \u00fagy bec\u00e9zt\u00e9l.<br \/>\nNeked nem f\u00e1j ami nekem&#8230;..<br \/>\nNeked nem f\u00e1j ami nekem f\u00e1j nagyon,<br \/>\nte sohasem szerett\u00e9l,<br \/>\nmindig csak \u00fagy bec\u00e9zt\u00e9l.<br \/>\nNeked nem f\u00e1j ami nekem&#8230;..<br \/>\n&#8212;V\u00e9ge&#8212;<\/p>\n","protected":false},"featured_media":10392,"template":"","meta":{"site-sidebar-layout":"default","site-content-layout":"default","ast-site-content-layout":"default","site-content-style":"default","site-sidebar-style":"default","ast-global-header-display":"","ast-banner-title-visibility":"","ast-main-header-display":"","ast-hfb-above-header-display":"","ast-hfb-below-header-display":"","ast-hfb-mobile-header-display":"","site-post-title":"","ast-breadcrumbs-content":"","ast-featured-img":"","footer-sml-layout":"","theme-transparent-header-meta":"default","adv-header-id-meta":"","stick-header-meta":"","header-above-stick-meta":"","header-main-stick-meta":"","header-below-stick-meta":"","astra-migrate-meta-layouts":"set","ast-page-background-enabled":"default","ast-page-background-meta":{"desktop":{"background-color":"var(--ast-global-color-4)","background-image":"","background-repeat":"repeat","background-position":"center center","background-size":"auto","background-attachment":"scroll","background-type":"","background-media":"","overlay-type":"","overlay-color":"","overlay-opacity":"","overlay-gradient":""},"tablet":{"background-color":"","background-image":"","background-repeat":"repeat","background-position":"center center","background-size":"auto","background-attachment":"scroll","background-type":"","background-media":"","overlay-type":"","overlay-color":"","overlay-opacity":"","overlay-gradient":""},"mobile":{"background-color":"","background-image":"","background-repeat":"repeat","background-position":"center center","background-size":"auto","background-attachment":"scroll","background-type":"","background-media":"","overlay-type":"","overlay-color":"","overlay-opacity":"","overlay-gradient":""}},"ast-content-background-meta":{"desktop":{"background-color":"var(--ast-global-color-5)","background-image":"","background-repeat":"repeat","background-position":"center center","background-size":"auto","background-attachment":"scroll","background-type":"","background-media":"","overlay-type":"","overlay-color":"","overlay-opacity":"","overlay-gradient":""},"tablet":{"background-color":"var(--ast-global-color-5)","background-image":"","background-repeat":"repeat","background-position":"center center","background-size":"auto","background-attachment":"scroll","background-type":"","background-media":"","overlay-type":"","overlay-color":"","overlay-opacity":"","overlay-gradient":""},"mobile":{"background-color":"var(--ast-global-color-5)","background-image":"","background-repeat":"repeat","background-position":"center center","background-size":"auto","background-attachment":"scroll","background-type":"","background-media":"","overlay-type":"","overlay-color":"","overlay-opacity":"","overlay-gradient":""}}},"product_cat":[48],"product_tag":[],"class_list":["post-4954","product","type-product","status-publish","has-post-thumbnail","hentry","product_cat-sunkaraoke-dalok","desktop-align-left","tablet-align-left","mobile-align-left"],"_links":{"self":[{"href":"https:\/\/www.sunkaraoke.hu\/index.php\/wp-json\/wp\/v2\/product\/4954","targetHints":{"allow":["GET"]}}],"collection":[{"href":"https:\/\/www.sunkaraoke.hu\/index.php\/wp-json\/wp\/v2\/product"}],"about":[{"href":"https:\/\/www.sunkaraoke.hu\/index.php\/wp-json\/wp\/v2\/types\/product"}],"wp:featuredmedia":[{"embeddable":true,"href":"https:\/\/www.sunkaraoke.hu\/index.php\/wp-json\/wp\/v2\/media\/10392"}],"wp:attachment":[{"href":"https:\/\/www.sunkaraoke.hu\/index.php\/wp-json\/wp\/v2\/media?parent=4954"}],"wp:term":[{"taxonomy":"product_cat","embeddable":true,"href":"https:\/\/www.sunkaraoke.hu\/index.php\/wp-json\/wp\/v2\/product_cat?post=4954"},{"taxonomy":"product_tag","embeddable":true,"href":"https:\/\/www.sunkaraoke.hu\/index.php\/wp-json\/wp\/v2\/product_tag?post=4954"}],"curies":[{"name":"wp","href":"https:\/\/api.w.org\/{rel}","templated":true}]}}