{"id":4952,"date":"2022-08-08T20:48:22","date_gmt":"2022-08-08T20:48:22","guid":{"rendered":"https:\/\/www.sunkaraoke.hu\/index.php\/termek\/jolly-alltam-a-parton-transzp-v\/"},"modified":"2025-04-11T12:25:38","modified_gmt":"2025-04-11T12:25:38","slug":"jolly-alltam-a-parton-transzp-v","status":"publish","type":"product","link":"https:\/\/www.sunkaraoke.hu\/index.php\/termek\/jolly-alltam-a-parton-transzp-v\/","title":{"rendered":"<div class=\"wcmp-player-container product-4952\"><audio controlslist=\"nodownload\" data-product=\"4952\"  volume=\"1\"  preload=\"none\" data-lazyloading=\"none\" class=\"wcmp-player track mejs-classic\" data-duration=\"0:31\" data-estimated_duration=\"4\"><source src=\"https:\/\/www.sunkaraoke.hu\/wp-content\/uploads\/2022\/08\/Alltam-a-parton-Jolly-transz-SB._demo.mp3\" type=\"audio\/mp3\" \/><\/audio><\/div>Jolly &#8211; \u00c1lltam a parton (SB Edition)"},"content":{"rendered":"<p><strong>03:22<\/strong> | <strong><img loading=\"lazy\" decoding=\"async\" class=\"alignnone size-full wp-image-467\" src=\"https:\/\/www.sunkaraoke.hu\/wp-content\/uploads\/2022\/07\/choir_2-copy.webp\" alt=\"\" width=\"30\" height=\"30\" \/> <strong> | <img loading=\"lazy\" decoding=\"async\" class=\"alignnone size-full wp-image-613\" src=\"https:\/\/www.sunkaraoke.hu\/wp-content\/uploads\/2022\/07\/transzponalas.webp\" alt=\"\" width=\"30\" height=\"30\" \/> <\/strong><strong>-4<\/strong><\/strong><\/p>\n","protected":false},"excerpt":{"rendered":"<h5><strong>Bits\u0171r\u0171s\u00e9g: 320 kb\/s<\/strong><br \/>\n<strong>Hossz: 03:22<\/strong><br \/>\n<strong>Vok\u00e1lt tartalmaz: Nem <img loading=\"lazy\" decoding=\"async\" class=\"alignnone size-full wp-image-467\" src=\"http:\/\/www.sunkaraoke.hu\/wp-content\/uploads\/2022\/07\/choir_2-copy.png\" alt=\"\" width=\"30\" height=\"30\" \/><\/strong><br \/>\n<strong>Transzpon\u00e1l\u00e1s: <img loading=\"lazy\" decoding=\"async\" class=\"alignnone size-full wp-image-613\" src=\"http:\/\/www.sunkaraoke.hu\/wp-content\/uploads\/2022\/07\/transzponalas.png\" alt=\"\" width=\"30\" height=\"30\" \/> -4<\/strong><\/h5>\n<p>Sunkaraoke mp3 st\u00fadi\u00f3 \/ www.sunkaraoke.hu \/ Inf: Tel: 06 20 4275001<\/p>\n<p>&#8230;..L\u00e9j,l\u00e9j&#8230;&#8230;.<br \/>\n\u00c1lltam a parton,s v\u00e1rtalak t\u00e9ged, \u00fajra l\u00e1ssalak,<br \/>\nde te nem j\u00f6tt\u00e9l fel\u00e9m, pedig sz\u00e1zszor h\u00edvtalak \u00e9n.<br \/>\nCsupa szil\u00e1nk lett a sz\u00edvem, nem tudom hol j\u00e1rsz \u00e9s merre vagy,<br \/>\nnekem a boldogs\u00e1g te vagy, veled \u00e9rzem j\u00f3l magamat.<br \/>\n\u00dagy k\u00e9rlek t\u00e9ged, \u00e9rezd hogy kell a sz\u00edvem,<br \/>\nvidd el, \u00f6r\u00f6kre \u00e9s \u0151rizd ameddig \u00e9lek.<br \/>\n\u00dagy k\u00e9rlek t\u00e9ged,hogy v\u00e9gleg szeress engem,<br \/>\nazt k\u00e9rem t\u0151led, hogy mindig f\u00e9ltsd a sz\u00edvem.<br \/>\n&#8212;Sz\u00f3l\u00f3&#8212;<br \/>\n\u00c1lltam a parton,s v\u00e1rtalak t\u00e9ged, \u00fajra l\u00e1ssalak,<br \/>\nde te nem j\u00f6tt\u00e9l fel\u00e9m, pedig sz\u00e1zszor h\u00edvtalak \u00e9n.<br \/>\nCsupa szil\u00e1nk lett a sz\u00edvem, nem tudom hol j\u00e1rsz \u00e9s merre vagy,<br \/>\nnekem a boldogs\u00e1g te vagy,veled \u00e9rzem j\u00f3l magamat.<br \/>\n\u00dagy k\u00e9rlek t\u00e9ged, \u00e9rezd hogy kell a sz\u00edvem,<br \/>\nvidd el, \u00f6r\u00f6kre \u00e9s \u0151rizd ameddig \u00e9lek.<br \/>\n\u00dagy k\u00e9rlek t\u00e9ged,hogy v\u00e9gleg szeress engem,<br \/>\nazt k\u00e9rem t\u0151led, hogy mindig f\u00e9ltsd a sz\u00edvem.<br \/>\n&#8230;.L\u00e9j,l\u00e9j&#8230;&#8230;.<br \/>\n\u00dagy k\u00e9rlek t\u00e9ged, \u00e9rezd hogy kell a sz\u00edvem,<br \/>\nvidd el, \u00f6r\u00f6kre \u00e9s \u0151rizd ameddig \u00e9lek.<br \/>\n\u00dagy k\u00e9rlek t\u00e9ged,hogy v\u00e9gleg szeress engem,<br \/>\nazt k\u00e9rem t\u0151led, hogy mindig f\u00e9ltsd a sz\u00edvem.<br \/>\n&#8212;V\u00e9ge&#8212;<\/p>\n","protected":false},"featured_media":6147,"template":"","meta":{"site-sidebar-layout":"default","site-content-layout":"default","ast-site-content-layout":"default","site-content-style":"default","site-sidebar-style":"default","ast-global-header-display":"","ast-banner-title-visibility":"","ast-main-header-display":"","ast-hfb-above-header-display":"","ast-hfb-below-header-display":"","ast-hfb-mobile-header-display":"","site-post-title":"","ast-breadcrumbs-content":"","ast-featured-img":"","footer-sml-layout":"","theme-transparent-header-meta":"default","adv-header-id-meta":"","stick-header-meta":"","header-above-stick-meta":"","header-main-stick-meta":"","header-below-stick-meta":"","astra-migrate-meta-layouts":"set","ast-page-background-enabled":"default","ast-page-background-meta":{"desktop":{"background-color":"var(--ast-global-color-4)","background-image":"","background-repeat":"repeat","background-position":"center center","background-size":"auto","background-attachment":"scroll","background-type":"","background-media":"","overlay-type":"","overlay-color":"","overlay-opacity":"","overlay-gradient":""},"tablet":{"background-color":"","background-image":"","background-repeat":"repeat","background-position":"center center","background-size":"auto","background-attachment":"scroll","background-type":"","background-media":"","overlay-type":"","overlay-color":"","overlay-opacity":"","overlay-gradient":""},"mobile":{"background-color":"","background-image":"","background-repeat":"repeat","background-position":"center center","background-size":"auto","background-attachment":"scroll","background-type":"","background-media":"","overlay-type":"","overlay-color":"","overlay-opacity":"","overlay-gradient":""}},"ast-content-background-meta":{"desktop":{"background-color":"var(--ast-global-color-5)","background-image":"","background-repeat":"repeat","background-position":"center center","background-size":"auto","background-attachment":"scroll","background-type":"","background-media":"","overlay-type":"","overlay-color":"","overlay-opacity":"","overlay-gradient":""},"tablet":{"background-color":"var(--ast-global-color-5)","background-image":"","background-repeat":"repeat","background-position":"center center","background-size":"auto","background-attachment":"scroll","background-type":"","background-media":"","overlay-type":"","overlay-color":"","overlay-opacity":"","overlay-gradient":""},"mobile":{"background-color":"var(--ast-global-color-5)","background-image":"","background-repeat":"repeat","background-position":"center center","background-size":"auto","background-attachment":"scroll","background-type":"","background-media":"","overlay-type":"","overlay-color":"","overlay-opacity":"","overlay-gradient":""}}},"product_cat":[48],"product_tag":[],"class_list":["post-4952","product","type-product","status-publish","has-post-thumbnail","hentry","product_cat-sunkaraoke-dalok","desktop-align-left","tablet-align-left","mobile-align-left"],"_links":{"self":[{"href":"https:\/\/www.sunkaraoke.hu\/index.php\/wp-json\/wp\/v2\/product\/4952","targetHints":{"allow":["GET"]}}],"collection":[{"href":"https:\/\/www.sunkaraoke.hu\/index.php\/wp-json\/wp\/v2\/product"}],"about":[{"href":"https:\/\/www.sunkaraoke.hu\/index.php\/wp-json\/wp\/v2\/types\/product"}],"wp:featuredmedia":[{"embeddable":true,"href":"https:\/\/www.sunkaraoke.hu\/index.php\/wp-json\/wp\/v2\/media\/6147"}],"wp:attachment":[{"href":"https:\/\/www.sunkaraoke.hu\/index.php\/wp-json\/wp\/v2\/media?parent=4952"}],"wp:term":[{"taxonomy":"product_cat","embeddable":true,"href":"https:\/\/www.sunkaraoke.hu\/index.php\/wp-json\/wp\/v2\/product_cat?post=4952"},{"taxonomy":"product_tag","embeddable":true,"href":"https:\/\/www.sunkaraoke.hu\/index.php\/wp-json\/wp\/v2\/product_tag?post=4952"}],"curies":[{"name":"wp","href":"https:\/\/api.w.org\/{rel}","templated":true}]}}