{"id":4951,"date":"2022-08-08T20:48:22","date_gmt":"2022-08-08T20:48:22","guid":{"rendered":"https:\/\/www.sunkaraoke.hu\/index.php\/termek\/ruzsa-magdolna-tejut-transzp-v\/"},"modified":"2025-03-30T16:15:34","modified_gmt":"2025-03-30T16:15:34","slug":"ruzsa-magdolna-tejut-transzp-v","status":"publish","type":"product","link":"https:\/\/www.sunkaraoke.hu\/index.php\/termek\/ruzsa-magdolna-tejut-transzp-v\/","title":{"rendered":"<div class=\"wcmp-player-container product-4951\"><audio controlslist=\"nodownload\" data-product=\"4951\"  volume=\"1\"  preload=\"none\" data-lazyloading=\"none\" class=\"wcmp-player track mejs-classic\" data-duration=\"0:34\" data-estimated_duration=\"4\"><source src=\"https:\/\/www.sunkaraoke.hu\/wp-content\/uploads\/2022\/08\/Tejut-transz-E.-demo.mp3\" type=\"audio\/mp3\" \/><\/audio><\/div>R\u00fazsa Magdi &#8211; Tej\u00fat (Zoly Edition)"},"content":{"rendered":"<p><strong>03:06<\/strong> | <strong><img loading=\"lazy\" decoding=\"async\" class=\"alignnone size-full wp-image-467\" src=\"https:\/\/www.sunkaraoke.hu\/wp-content\/uploads\/2022\/07\/choir_2-copy.webp\" alt=\"\" width=\"30\" height=\"30\" \/> <strong> | <img loading=\"lazy\" decoding=\"async\" class=\"alignnone size-full wp-image-613\" src=\"https:\/\/www.sunkaraoke.hu\/wp-content\/uploads\/2022\/07\/transzponalas.webp\" alt=\"\" width=\"30\" height=\"30\" \/> <\/strong><strong>-4<\/strong><\/strong><\/p>\n","protected":false},"excerpt":{"rendered":"<h6><strong>Bits\u0171r\u0171s\u00e9g: 320<\/strong>kb\/s<strong><br \/>\n<\/strong><strong>Hossz: <\/strong>03:06<strong><br \/>\n<\/strong><strong style=\"font-size: 16px;\">Vok\u00e1lt tartalmaz: <\/strong>Nem <img loading=\"lazy\" decoding=\"async\" class=\"alignnone size-full wp-image-467\" src=\"http:\/\/www.sunkaraoke.hu\/wp-content\/uploads\/2022\/07\/choir_2-copy.png\" alt=\"\" width=\"30\" height=\"30\" \/><strong style=\"font-size: 16px;\"><br \/>\n<\/strong><strong>Transzpon\u00e1l\u00e1s: <\/strong><img loading=\"lazy\" decoding=\"async\" class=\"alignnone size-full wp-image-613\" src=\"http:\/\/www.sunkaraoke.hu\/wp-content\/uploads\/2022\/07\/transzponalas.png\" alt=\"\" width=\"30\" height=\"30\" \/> -4<\/h6>\n<p>Sunkaraoke mp3 st\u00fadi\u00f3 \/ www.sunkaraoke.hu \/ Inf: Tel: 06 20 4275001<\/p>\n<p>&#8212;Intr\u00f3&#8212;<br \/>\nEressz csak szabadon,\u00e9rezni akarom,<br \/>\nl\u00e1tni a hegyeket,v\u00e1rni a f\u00e9nyeket.<br \/>\n\u00dclni a Tej\u00faton,f\u00e1zni,ha elalszom,<br \/>\nh\u00edvni a kezedet,hogy adjon kis meleget.<\/p>\n<p>Te a Nap,\u00e9n Hold,f\u00f6ldre sz\u00e1lltak az angyalok,<br \/>\nte a Nap,\u00e9n a Hold,k\u00f6nny\u0171 l\u00e9pteid hallgatom.<br \/>\n&#8212;Sz\u00f3l\u00f3&#8212;<br \/>\nDomboknak tetej\u00e9n,fek\u00fcdni gyermekk\u00e9nt,<br \/>\n\u00e1llni az es\u0151ben,j\u00e1rni a cip\u0151dben,<br \/>\n\u00e9s \u00fajra csenni a f\u00e1tokr\u00f3l,k\u00e9rdezni \u00e1lmokr\u00f3l,<br \/>\n\u00fcltetni v\u00e1gyakat,hogy hozzanak sz\u00e1rnyakat.<\/p>\n<p>Te a Nap,\u00e9n Hold,f\u00f6ldre sz\u00e1lltak az angyalok,<br \/>\nte a Nap,\u00e9n a Hold,k\u00f6nny\u0171 l\u00e9pteid hallgatom.<\/p>\n<p>Arcora est\u00e9nk\u00e9nt,\u00e9rkezni es\u0151k\u00e9nt,<br \/>\nmondani im\u00e1kat,nem l\u00e1tni hib\u00e1kat,<br \/>\nmosni sz\u00e9p kezedet,f\u00e9lteni lelkedet,<br \/>\ns\u00fagd majd a f\u00fclembe&#8230;..most \u00e9s mind\u00f6r\u00f6kre.<br \/>\n&#8212;Sz\u00f3l\u00f3&#8212;<br \/>\nTe a Nap,\u00e9n Hold,f\u00f6ldre sz\u00e1lltak az angyalok,<br \/>\nte a Nap,\u00e9n a Hold,k\u00f6nny\u0171 l\u00e9pteid hallgatom.<br \/>\nTe a Nap,\u00e9n Hold,f\u00f6ldre sz\u00e1lltak az angyalok,<br \/>\nte a Nap,\u00e9n a Hold,k\u00f6nny\u0171 l\u00e9pteid hallgatom.<br \/>\n&#8212;V\u00e9ge&#8212;<\/p>\n","protected":false},"featured_media":8717,"template":"","meta":{"site-sidebar-layout":"default","site-content-layout":"default","ast-site-content-layout":"default","site-content-style":"default","site-sidebar-style":"default","ast-global-header-display":"","ast-banner-title-visibility":"","ast-main-header-display":"","ast-hfb-above-header-display":"","ast-hfb-below-header-display":"","ast-hfb-mobile-header-display":"","site-post-title":"","ast-breadcrumbs-content":"","ast-featured-img":"","footer-sml-layout":"","theme-transparent-header-meta":"default","adv-header-id-meta":"","stick-header-meta":"","header-above-stick-meta":"","header-main-stick-meta":"","header-below-stick-meta":"","astra-migrate-meta-layouts":"set","ast-page-background-enabled":"default","ast-page-background-meta":{"desktop":{"background-color":"var(--ast-global-color-4)","background-image":"","background-repeat":"repeat","background-position":"center center","background-size":"auto","background-attachment":"scroll","background-type":"","background-media":"","overlay-type":"","overlay-color":"","overlay-opacity":"","overlay-gradient":""},"tablet":{"background-color":"","background-image":"","background-repeat":"repeat","background-position":"center center","background-size":"auto","background-attachment":"scroll","background-type":"","background-media":"","overlay-type":"","overlay-color":"","overlay-opacity":"","overlay-gradient":""},"mobile":{"background-color":"","background-image":"","background-repeat":"repeat","background-position":"center center","background-size":"auto","background-attachment":"scroll","background-type":"","background-media":"","overlay-type":"","overlay-color":"","overlay-opacity":"","overlay-gradient":""}},"ast-content-background-meta":{"desktop":{"background-color":"var(--ast-global-color-5)","background-image":"","background-repeat":"repeat","background-position":"center center","background-size":"auto","background-attachment":"scroll","background-type":"","background-media":"","overlay-type":"","overlay-color":"","overlay-opacity":"","overlay-gradient":""},"tablet":{"background-color":"var(--ast-global-color-5)","background-image":"","background-repeat":"repeat","background-position":"center center","background-size":"auto","background-attachment":"scroll","background-type":"","background-media":"","overlay-type":"","overlay-color":"","overlay-opacity":"","overlay-gradient":""},"mobile":{"background-color":"var(--ast-global-color-5)","background-image":"","background-repeat":"repeat","background-position":"center center","background-size":"auto","background-attachment":"scroll","background-type":"","background-media":"","overlay-type":"","overlay-color":"","overlay-opacity":"","overlay-gradient":""}}},"product_cat":[58],"product_tag":[],"class_list":["post-4951","product","type-product","status-publish","has-post-thumbnail","hentry","product_cat-erdelyi-zoltan","desktop-align-left","tablet-align-left","mobile-align-left"],"_links":{"self":[{"href":"https:\/\/www.sunkaraoke.hu\/index.php\/wp-json\/wp\/v2\/product\/4951","targetHints":{"allow":["GET"]}}],"collection":[{"href":"https:\/\/www.sunkaraoke.hu\/index.php\/wp-json\/wp\/v2\/product"}],"about":[{"href":"https:\/\/www.sunkaraoke.hu\/index.php\/wp-json\/wp\/v2\/types\/product"}],"wp:featuredmedia":[{"embeddable":true,"href":"https:\/\/www.sunkaraoke.hu\/index.php\/wp-json\/wp\/v2\/media\/8717"}],"wp:attachment":[{"href":"https:\/\/www.sunkaraoke.hu\/index.php\/wp-json\/wp\/v2\/media?parent=4951"}],"wp:term":[{"taxonomy":"product_cat","embeddable":true,"href":"https:\/\/www.sunkaraoke.hu\/index.php\/wp-json\/wp\/v2\/product_cat?post=4951"},{"taxonomy":"product_tag","embeddable":true,"href":"https:\/\/www.sunkaraoke.hu\/index.php\/wp-json\/wp\/v2\/product_tag?post=4951"}],"curies":[{"name":"wp","href":"https:\/\/api.w.org\/{rel}","templated":true}]}}