{"id":4948,"date":"2025-04-11T09:00:22","date_gmt":"2025-04-11T09:00:22","guid":{"rendered":"https:\/\/www.sunkaraoke.hu\/index.php\/termek\/kowalsky-meg-a-vega-amilyen-hulye-vagy-2016-rmx\/"},"modified":"2025-04-11T12:37:55","modified_gmt":"2025-04-11T12:37:55","slug":"kowalsky-meg-a-vega-amilyen-hulye-vagy-2016-rmx","status":"publish","type":"product","link":"https:\/\/www.sunkaraoke.hu\/index.php\/termek\/kowalsky-meg-a-vega-amilyen-hulye-vagy-2016-rmx\/","title":{"rendered":"<div class=\"wcmp-player-container product-4948\"><audio controlslist=\"nodownload\" data-product=\"4948\"  volume=\"1\"  preload=\"none\" data-lazyloading=\"none\" class=\"wcmp-player track mejs-classic\" data-duration=\"0:31\" data-estimated_duration=\"4\"><source src=\"https:\/\/www.sunkaraoke.hu\/wp-content\/uploads\/2022\/08\/Amilyen-hulye-vagy-2016-RMX-SB.-demoo.mp3\" type=\"audio\/mp3\" \/><\/audio><\/div>Kowalsky meg a Vega &#8211; Amilyen h\u00fclye vagy NEW. (SB RMX Edition)"},"content":{"rendered":"<p><strong>02:43<\/strong> | <strong><img loading=\"lazy\" decoding=\"async\" class=\"alignnone size-full wp-image-467\" src=\"https:\/\/www.sunkaraoke.hu\/wp-content\/uploads\/2022\/07\/choir_2-copy.webp\" alt=\"\" width=\"30\" height=\"30\" \/> <\/strong><\/p>\n","protected":false},"excerpt":{"rendered":"<h6><strong>Bits\u0171r\u0171s\u00e9g: 320<\/strong>kb\/s<strong><br \/>\n<\/strong><strong>Hossz: <\/strong>02:43<strong><br \/>\n<\/strong><strong style=\"font-size: 16px;\">Vok\u00e1lt tartalmaz: <\/strong>Nem <img loading=\"lazy\" decoding=\"async\" class=\"alignnone size-full wp-image-467\" src=\"http:\/\/www.sunkaraoke.hu\/wp-content\/uploads\/2022\/07\/choir_2-copy.png\" alt=\"\" width=\"30\" height=\"30\" \/><strong style=\"font-size: 16px;\"><br \/>\n<\/strong><\/h6>\n<p>Sunkaraoke mp3 st\u00fadi\u00f3 \/ www.sunkaraoke.hu \/ Inf: Tel: 06 20 4275001<\/p>\n<p>&#8212;Intr\u00f3&#8212;-<br \/>\nSzeretlek, b\u00e1rmit tehetn\u00e9l,szeretlek m\u00e1sk\u00e9pp mondani,<br \/>\nnem lehet,nem is tudom mi\u00e9rt,szeretn\u00e9l t\u00f6bbet hallani.<br \/>\nBocs\u00e1ss meg mindent magadnak,hisz egyszer \u00fagyis el\u00e9v\u00fcl,<br \/>\nsemmi rossz nem tart \u00f6r\u00f6kk\u00e9,v\u00e9g\u00fcl megsz\u00e9p\u00fcl.<br \/>\nJ\u00f3 az, ha mindent ahogy van,\u00fagy el tudsz fogadni,<br \/>\na baj mindig m\u00fal\u00f3 \u00e1llapot,nem kell folyton keresni!<br \/>\nHa fejjel vagy a homokban,nem l\u00e1tszik, hogy milyen sz\u00e9p ez a nap,<br \/>\nhogy milyen k\u00e9k az \u00e9g.<br \/>\nAmilyen h\u00fclye vagy, \u00e9n \u00fagy szeretlek,t\u00e1n nem is tudod,milyen csoda vagy.<br \/>\nAmilyen h\u00fclye vagyok,beleszerettem az \u00e9letbe meg,mindenbe, mit ad!<br \/>\n&#8212;Sz\u00f3l\u00f3&#8212;<br \/>\nSz\u00fcletsz, hogy tanulj, am\u00edg lehet,feln\u0151sz, azt mondod, hogy te m\u00e1r,<br \/>\nt\u00fal vagy majdnem mindenen,r\u00e1d m\u00e1r nem sok dolog v\u00e1r.<br \/>\nBocs\u00e1ss meg mindent magadnak,hisz egyszer \u00fagyis el\u00e9v\u00fcl,<br \/>\nsemmi rossz nem tart \u00f6r\u00f6kk\u00e9,v\u00e9g\u00fcl megsz\u00e9p\u00fcl.<br \/>\nJ\u00f3 az, ha mindent ahogy van,\u00fagy el tudsz fogadni,<br \/>\na baj mindig m\u00fal\u00f3 \u00e1llapot,nem kell folyton keresni!<br \/>\nHa fejjel vagy a homokban,nem l\u00e1tszik, hogy milyen sz\u00e9p ez a nap,<br \/>\nhogy milyen k\u00e9k az \u00e9g,<br \/>\namilyen h\u00fclye vagy, \u00e9n \u00fagy szeretlek,<br \/>\nt\u00e1n nem is tudod,milyen csoda vagy.<br \/>\nAmilyen h\u00fclye vagyok,beleszerettem az \u00e9letbe meg,<br \/>\nmindenbe, mit ad.<br \/>\n&#8212;V\u00e9ge<\/p>\n","protected":false},"featured_media":18590,"template":"","meta":{"site-sidebar-layout":"default","site-content-layout":"default","ast-site-content-layout":"default","site-content-style":"default","site-sidebar-style":"default","ast-global-header-display":"","ast-banner-title-visibility":"","ast-main-header-display":"","ast-hfb-above-header-display":"","ast-hfb-below-header-display":"","ast-hfb-mobile-header-display":"","site-post-title":"","ast-breadcrumbs-content":"","ast-featured-img":"","footer-sml-layout":"","theme-transparent-header-meta":"default","adv-header-id-meta":"","stick-header-meta":"","header-above-stick-meta":"","header-main-stick-meta":"","header-below-stick-meta":"","astra-migrate-meta-layouts":"set","ast-page-background-enabled":"default","ast-page-background-meta":{"desktop":{"background-color":"var(--ast-global-color-4)","background-image":"","background-repeat":"repeat","background-position":"center center","background-size":"auto","background-attachment":"scroll","background-type":"","background-media":"","overlay-type":"","overlay-color":"","overlay-opacity":"","overlay-gradient":""},"tablet":{"background-color":"","background-image":"","background-repeat":"repeat","background-position":"center center","background-size":"auto","background-attachment":"scroll","background-type":"","background-media":"","overlay-type":"","overlay-color":"","overlay-opacity":"","overlay-gradient":""},"mobile":{"background-color":"","background-image":"","background-repeat":"repeat","background-position":"center center","background-size":"auto","background-attachment":"scroll","background-type":"","background-media":"","overlay-type":"","overlay-color":"","overlay-opacity":"","overlay-gradient":""}},"ast-content-background-meta":{"desktop":{"background-color":"var(--ast-global-color-5)","background-image":"","background-repeat":"repeat","background-position":"center center","background-size":"auto","background-attachment":"scroll","background-type":"","background-media":"","overlay-type":"","overlay-color":"","overlay-opacity":"","overlay-gradient":""},"tablet":{"background-color":"var(--ast-global-color-5)","background-image":"","background-repeat":"repeat","background-position":"center center","background-size":"auto","background-attachment":"scroll","background-type":"","background-media":"","overlay-type":"","overlay-color":"","overlay-opacity":"","overlay-gradient":""},"mobile":{"background-color":"var(--ast-global-color-5)","background-image":"","background-repeat":"repeat","background-position":"center center","background-size":"auto","background-attachment":"scroll","background-type":"","background-media":"","overlay-type":"","overlay-color":"","overlay-opacity":"","overlay-gradient":""}}},"product_cat":[48],"product_tag":[],"class_list":["post-4948","product","type-product","status-publish","has-post-thumbnail","hentry","product_cat-sunkaraoke-dalok","desktop-align-left","tablet-align-left","mobile-align-left"],"_links":{"self":[{"href":"https:\/\/www.sunkaraoke.hu\/index.php\/wp-json\/wp\/v2\/product\/4948","targetHints":{"allow":["GET"]}}],"collection":[{"href":"https:\/\/www.sunkaraoke.hu\/index.php\/wp-json\/wp\/v2\/product"}],"about":[{"href":"https:\/\/www.sunkaraoke.hu\/index.php\/wp-json\/wp\/v2\/types\/product"}],"wp:featuredmedia":[{"embeddable":true,"href":"https:\/\/www.sunkaraoke.hu\/index.php\/wp-json\/wp\/v2\/media\/18590"}],"wp:attachment":[{"href":"https:\/\/www.sunkaraoke.hu\/index.php\/wp-json\/wp\/v2\/media?parent=4948"}],"wp:term":[{"taxonomy":"product_cat","embeddable":true,"href":"https:\/\/www.sunkaraoke.hu\/index.php\/wp-json\/wp\/v2\/product_cat?post=4948"},{"taxonomy":"product_tag","embeddable":true,"href":"https:\/\/www.sunkaraoke.hu\/index.php\/wp-json\/wp\/v2\/product_tag?post=4948"}],"curies":[{"name":"wp","href":"https:\/\/api.w.org\/{rel}","templated":true}]}}