{"id":4947,"date":"2022-08-08T20:48:22","date_gmt":"2022-08-08T20:48:22","guid":{"rendered":"https:\/\/www.sunkaraoke.hu\/index.php\/termek\/jolly-az-orszagban-azt-pletykaljak-transzp-v\/"},"modified":"2025-04-11T12:35:04","modified_gmt":"2025-04-11T12:35:04","slug":"jolly-az-orszagban-azt-pletykaljak-transzp-v","status":"publish","type":"product","link":"https:\/\/www.sunkaraoke.hu\/index.php\/termek\/jolly-az-orszagban-azt-pletykaljak-transzp-v\/","title":{"rendered":"<div class=\"wcmp-player-container product-4947\"><audio controlslist=\"nodownload\" data-product=\"4947\"  volume=\"1\"  preload=\"none\" data-lazyloading=\"none\" class=\"wcmp-player track mejs-classic\" data-duration=\"0:31\" data-estimated_duration=\"4\"><source src=\"https:\/\/www.sunkaraoke.hu\/wp-content\/uploads\/2022\/08\/Az-orszagban-azt-transz-Jolly-S_demo.mp3\" type=\"audio\/mp3\" \/><\/audio><\/div>Jolly &#8211; Az orsz\u00e1gban azt pletyk\u00e1lj\u00e1k (SB Edition)"},"content":{"rendered":"<p><strong>03:24<\/strong> | <strong><img loading=\"lazy\" decoding=\"async\" class=\"alignnone size-full wp-image-467\" src=\"https:\/\/www.sunkaraoke.hu\/wp-content\/uploads\/2022\/07\/choir_2-copy.webp\" alt=\"\" width=\"30\" height=\"30\" \/> <strong> | <img loading=\"lazy\" decoding=\"async\" class=\"alignnone size-full wp-image-613\" src=\"https:\/\/www.sunkaraoke.hu\/wp-content\/uploads\/2022\/07\/transzponalas.webp\" alt=\"\" width=\"30\" height=\"30\" \/> <\/strong><strong>-4<\/strong><\/strong><\/p>\n","protected":false},"excerpt":{"rendered":"<h5><strong>Bits\u0171r\u0171s\u00e9g: 320 kb\/s<\/strong><br \/>\n<strong>Hossz: 03:24<\/strong><br \/>\n<strong>Vok\u00e1lt tartalmaz: Nem <img loading=\"lazy\" decoding=\"async\" class=\"alignnone size-full wp-image-467\" src=\"http:\/\/www.sunkaraoke.hu\/wp-content\/uploads\/2022\/07\/choir_2-copy.png\" alt=\"\" width=\"30\" height=\"30\" \/><\/strong><br \/>\n<strong>Transzpon\u00e1l\u00e1s: <img loading=\"lazy\" decoding=\"async\" class=\"alignnone size-full wp-image-613\" src=\"http:\/\/www.sunkaraoke.hu\/wp-content\/uploads\/2022\/07\/transzponalas.png\" alt=\"\" width=\"30\" height=\"30\" \/> -4<\/strong><\/h5>\n<p>Sunkaraoke mp3 st\u00fadi\u00f3 \/ www.sunkaraoke.hu \/ Inf: Tel: 06 20 4275001<\/p>\n<p>&#8212;Intr\u00f3&#8212;<br \/>\nAz orsz\u00e1gban azt pletyk\u00e1lj\u00e1k,<br \/>\ngazdag vagyok szeg\u00e9nynek sz\u00fclettem,<br \/>\nvan m\u00e1r nekem boldogs\u00e1gom,<br \/>\nsz\u00e9p asszonyom sz\u00e9p csal\u00e1dom s\u00e9j!<br \/>\nA vil\u00e1got \u00e9n bej\u00e1rtam,a szerencs\u00e9met megtal\u00e1ltam \u00e9n,<br \/>\nmegk\u00f6sz\u00f6n\u00f6m az istennek,sz\u00e9p csal\u00e1dot adott nekem testv\u00e9r.<br \/>\nJaj ti, ri, ti, ti, n\u00e1, n\u00e1&#8230;.<br \/>\nOpp, ti, ri, li, l\u00e1, ti, ri, li , ti, l\u00e1,l\u00e1.<br \/>\nJaj ti, ri, ti, ti,l\u00e1, l\u00e1, l\u00e1&#8230;.<br \/>\n\u00e1lom,\u00e1lom, \u00e1lom\u00e1,opp, t\u00e9, ti, ri, li , ti, l\u00e1,l\u00e1.<br \/>\nAz orsz\u00e1gban azt pletyk\u00e1lj\u00e1k,<br \/>\ngazdag szeg\u00e9nynek sz\u00fclettem,<br \/>\nJolly vagyok ez a nevem, ismernek m\u00e1r mindenfel\u00e9 engem!<br \/>\nAz \u00e9jszak\u00e1t \u00e1tmulatom,<br \/>\nmit sz\u00e1m\u00edt az megtehetem \u00e9n.<br \/>\nVoltam szeg\u00e9ny de gazdag lettem,<br \/>\nkihaszn\u00e1lom \u00e9n az \u00e9letem sh\u00e9j.<br \/>\nHej ma iszom, iszom \u00e9n mulatok,j\u00f3kedvemet csin\u00e1lok,<br \/>\naz huzatom a zen\u00e9sszel,leggazdagabb \u00e9n vagyok.<\/p>\n<p>\u00c1lom,\u00e1lom\u00e1, ti, ri, li , ti,l\u00e1,l\u00e1&#8230;.<br \/>\nHopp t\u00e9 ri , ti , t\u00e1, l\u00e1,l\u00e1, j\u00e1lom\u00e1, \u00e1lom, \u00e1lom\u00e1.<br \/>\nJaj ti, ri ti, ti, n\u00e1, n\u00e1&#8230;.<br \/>\nOpp, ti, ri, li, l\u00e1, ti, ri, li , ti, l\u00e1,l\u00e1.<br \/>\nJaj ti, ri, ti, ti,l\u00e1, l\u00e1, l\u00e1&#8230;.<br \/>\n\u00e1lom,\u00e1lom, \u00e1lom\u00e1,opp, t\u00e9, ti, ri, li , ti, l\u00e1,l\u00e1.<\/p>\n<p>Az orsz\u00e1gban azt pletyk\u00e1lj\u00e1k,<br \/>\ngazdag vagyok szeg\u00e9nynek sz\u00fclettem,<br \/>\nvan m\u00e1r nekem boldogs\u00e1gom,<br \/>\nsz\u00e9p asszonyom sz\u00e9p csal\u00e1dom s\u00e9j!<br \/>\nA vil\u00e1got \u00e9n bej\u00e1rtam,a szerencs\u00e9met megtal\u00e1ltam \u00e9n,<br \/>\nmegk\u00f6sz\u00f6n\u00f6m az istennek,sz\u00e9p csal\u00e1dot adott nekem testv\u00e9r.<br \/>\nJaj ti, ri, ti, ti, n\u00e1, n\u00e1&#8230;.<br \/>\nOpp, ti, ri, li, l\u00e1, ti, ri, li , ti, l\u00e1,l\u00e1.<br \/>\nJaj ti, ri, ti, ti,l\u00e1, l\u00e1, l\u00e1&#8230;.<br \/>\n\u00e1lom,\u00e1lom, \u00e1lom\u00e1,opp, t\u00e9 ti, ri, li , ti, l\u00e1,l\u00e1.<br \/>\n&#8212;V\u00e9ge&#8212;<\/p>\n","protected":false},"featured_media":6147,"template":"","meta":{"site-sidebar-layout":"default","site-content-layout":"default","ast-site-content-layout":"default","site-content-style":"default","site-sidebar-style":"default","ast-global-header-display":"","ast-banner-title-visibility":"","ast-main-header-display":"","ast-hfb-above-header-display":"","ast-hfb-below-header-display":"","ast-hfb-mobile-header-display":"","site-post-title":"","ast-breadcrumbs-content":"","ast-featured-img":"","footer-sml-layout":"","theme-transparent-header-meta":"default","adv-header-id-meta":"","stick-header-meta":"","header-above-stick-meta":"","header-main-stick-meta":"","header-below-stick-meta":"","astra-migrate-meta-layouts":"set","ast-page-background-enabled":"default","ast-page-background-meta":{"desktop":{"background-color":"var(--ast-global-color-4)","background-image":"","background-repeat":"repeat","background-position":"center center","background-size":"auto","background-attachment":"scroll","background-type":"","background-media":"","overlay-type":"","overlay-color":"","overlay-opacity":"","overlay-gradient":""},"tablet":{"background-color":"","background-image":"","background-repeat":"repeat","background-position":"center center","background-size":"auto","background-attachment":"scroll","background-type":"","background-media":"","overlay-type":"","overlay-color":"","overlay-opacity":"","overlay-gradient":""},"mobile":{"background-color":"","background-image":"","background-repeat":"repeat","background-position":"center center","background-size":"auto","background-attachment":"scroll","background-type":"","background-media":"","overlay-type":"","overlay-color":"","overlay-opacity":"","overlay-gradient":""}},"ast-content-background-meta":{"desktop":{"background-color":"var(--ast-global-color-5)","background-image":"","background-repeat":"repeat","background-position":"center center","background-size":"auto","background-attachment":"scroll","background-type":"","background-media":"","overlay-type":"","overlay-color":"","overlay-opacity":"","overlay-gradient":""},"tablet":{"background-color":"var(--ast-global-color-5)","background-image":"","background-repeat":"repeat","background-position":"center center","background-size":"auto","background-attachment":"scroll","background-type":"","background-media":"","overlay-type":"","overlay-color":"","overlay-opacity":"","overlay-gradient":""},"mobile":{"background-color":"var(--ast-global-color-5)","background-image":"","background-repeat":"repeat","background-position":"center center","background-size":"auto","background-attachment":"scroll","background-type":"","background-media":"","overlay-type":"","overlay-color":"","overlay-opacity":"","overlay-gradient":""}}},"product_cat":[48],"product_tag":[],"class_list":["post-4947","product","type-product","status-publish","has-post-thumbnail","hentry","product_cat-sunkaraoke-dalok","desktop-align-left","tablet-align-left","mobile-align-left"],"_links":{"self":[{"href":"https:\/\/www.sunkaraoke.hu\/index.php\/wp-json\/wp\/v2\/product\/4947","targetHints":{"allow":["GET"]}}],"collection":[{"href":"https:\/\/www.sunkaraoke.hu\/index.php\/wp-json\/wp\/v2\/product"}],"about":[{"href":"https:\/\/www.sunkaraoke.hu\/index.php\/wp-json\/wp\/v2\/types\/product"}],"wp:featuredmedia":[{"embeddable":true,"href":"https:\/\/www.sunkaraoke.hu\/index.php\/wp-json\/wp\/v2\/media\/6147"}],"wp:attachment":[{"href":"https:\/\/www.sunkaraoke.hu\/index.php\/wp-json\/wp\/v2\/media?parent=4947"}],"wp:term":[{"taxonomy":"product_cat","embeddable":true,"href":"https:\/\/www.sunkaraoke.hu\/index.php\/wp-json\/wp\/v2\/product_cat?post=4947"},{"taxonomy":"product_tag","embeddable":true,"href":"https:\/\/www.sunkaraoke.hu\/index.php\/wp-json\/wp\/v2\/product_tag?post=4947"}],"curies":[{"name":"wp","href":"https:\/\/api.w.org\/{rel}","templated":true}]}}