{"id":4943,"date":"2022-08-08T20:48:22","date_gmt":"2022-08-08T20:48:22","guid":{"rendered":"https:\/\/www.sunkaraoke.hu\/index.php\/termek\/neoton-tarsasjatek-2013-2\/"},"modified":"2025-04-03T09:38:25","modified_gmt":"2025-04-03T09:38:25","slug":"neoton-tarsasjatek-2013-2","status":"publish","type":"product","link":"https:\/\/www.sunkaraoke.hu\/index.php\/termek\/neoton-tarsasjatek-2013-2\/","title":{"rendered":"<div class=\"wcmp-player-container product-4943\"><audio controlslist=\"nodownload\" data-product=\"4943\"  volume=\"1\"  preload=\"none\" data-lazyloading=\"none\" class=\"wcmp-player track mejs-classic\" data-duration=\"0:32\" data-estimated_duration=\"4\"><source src=\"https:\/\/www.sunkaraoke.hu\/wp-content\/uploads\/2022\/08\/Tarsasjatek-vok-.-demooo.mp3\" type=\"audio\/mp3\" \/><\/audio><\/div>Neoton &#8211; T\u00e1rsasj\u00e1t\u00e9k (Original)"},"content":{"rendered":"<p><strong>03:44<\/strong> | <strong><img loading=\"lazy\" decoding=\"async\" class=\"alignnone size-full wp-image-466\" src=\"https:\/\/www.sunkaraoke.hu\/wp-content\/uploads\/2022\/07\/choir_1-copy.webp\" alt=\"\" width=\"30\" height=\"30\" \/> <\/strong><\/p>\n","protected":false},"excerpt":{"rendered":"<h6><strong>Bits\u0171r\u0171s\u00e9g: 320<\/strong>kb\/s<strong><br \/>\n<\/strong><strong>Hossz: <\/strong>03:44<strong><br \/>\n<\/strong><strong style=\"font-size: 16px;\">Vok\u00e1lt tartalmaz: <\/strong>Igen <img loading=\"lazy\" decoding=\"async\" class=\"alignnone size-full wp-image-466\" src=\"http:\/\/www.sunkaraoke.hu\/wp-content\/uploads\/2022\/07\/choir_1-copy.png\" alt=\"\" width=\"30\" height=\"30\" \/><strong style=\"font-size: 16px;\"><br \/>\n<\/strong><\/h6>\n<p>Sunkaraoke mp3 st\u00fadi\u00f3 \/ www.sunkaraoke.hu \/ Inf: Tel: 06 20 4275001<\/p>\n<p>&#8212;Intr\u00f3&#8212;<br \/>\nEgy t\u00e1rsasj\u00e1t\u00e9k, eml\u00e9ke \u00e9l,<br \/>\na k\u00f6rben \u00e1lltunk, egy fi\u00fa, meg \u00e9n.<br \/>\nA zsebkend\u0151met, dobtam el\u00e9,<br \/>\na j\u00e1t\u00e9k az volt, hogy \u0151 lesz \u00edgy a p\u00e1rom.<\/p>\n<p>Hol van a zsebkend\u0151, h\u00e1rom~n\u00e9gy esztend\u0151,<br \/>\nelm\u00falik, egy kett\u0151, a temp\u00f3 rettent\u0151.<br \/>\nA temp\u00f3 rettent\u0151, hol van a zsebkend\u0151,<br \/>\nh\u00e1rom~n\u00e9gy esztend\u0151, elm\u00falik, egykett\u0151.<\/p>\n<p>A fog\u00f3csk\u00e1t oh, meg\u00fantam \u00e9n,<br \/>\na b\u00faj\u00f3csk\u00e1b\u00f3l, \u00e9ppen el\u00e9g.<br \/>\nA jo jo cs\u00facs volt, a siker ter\u00e9n,<br \/>\nl\u00e9pj a k\u00f6rbe, most te leszel a p\u00e1rom.<\/p>\n<p>Itt van a zsebkend\u0151, h\u00e1rom n\u00e9gy esztend\u0151,<br \/>\nelm\u00falik, egy kett\u0151, a temp\u00f3 rettent\u0151.<br \/>\nRep\u00fcl a zsebkend\u0151, a temp\u00f3 rettent\u0151,<br \/>\nh\u00e1rom n\u00e9gy esztend\u0151, elm\u00falik, egy~kett\u0151.<\/p>\n<p>H\u00fa, j\u00e1t\u00e9k az \u00e9letem,<br \/>\n\u00e1tseg\u00edt az \u00e9leten.<br \/>\nK\u00e9t nap, vagy h\u00e1rom \u00e9v,<br \/>\nl\u00e9pj a k\u00f6rbe, te leszel a p\u00e1rom.<\/p>\n<p>Itt van a zsebkend\u0151, h\u00e1rom n\u00e9gy esztend\u0151,<br \/>\nelm\u00falik, egy kett\u0151, a temp\u00f3 rettent\u0151.<br \/>\nRep\u00fcl a zsebkend\u0151, a temp\u00f3 rettent\u0151,<br \/>\nh\u00e1rom n\u00e9gy esztend\u0151, elm\u00falik, egy~kett\u0151!<\/p>\n<p>&#8212;Sz\u00f3l\u00f3&#8212;<br \/>\nHol van a zsebkend\u0151, h\u00e1rom n\u00e9gy esztend\u0151,<br \/>\nelm\u00falik, egy kett\u0151, a temp\u00f3 rettent\u0151.<br \/>\nA temp\u00f3 rettent\u0151, rep\u00fcl a zsebkend\u0151,<br \/>\nh\u00e1rom n\u00e9gy esztend\u0151, elm\u00falik, egykett\u0151.<\/p>\n<p>H\u00fa, j\u00e1t\u00e9k az \u00e9letem,<br \/>\n\u00e1tseg\u00edt az \u00e9leten.<br \/>\nK\u00e9t nap, vagy h\u00e1rom \u00e9v,<br \/>\nl\u00e9pj a k\u00f6rbe, te leszel a p\u00e1rom.<\/p>\n<p>Itt van a zsebkend\u0151, h\u00e1rom n\u00e9gy esztend\u0151,<br \/>\nelm\u00falik, egy kett\u0151, a temp\u00f3 rettent\u0151.<br \/>\nA temp\u00f3 rettent\u0151, rep\u00fcl a zsebkend\u0151.<br \/>\nh\u00e1rom n\u00e9gy esztend\u0151, elm\u00falik, egykett\u0151!<br \/>\nH\u00e1rom n\u00e9gy esztend\u0151&#8230;..<br \/>\nElm\u00falik, egy kett\u0151&#8230;&#8230;<br \/>\nA temp\u00f3 rettent\u0151&#8230;&#8230;..<br \/>\nHol van a zsebkend\u0151.<br \/>\n&#8212;Sz\u00f3l\u00f3&#8212;&#8212;<br \/>\nH\u00e1rom n\u00e9gy esztend\u0151&#8230;&#8230;.<br \/>\nElm\u00falik, egy kett\u0151&#8230;&#8230;..<br \/>\nA temp\u00f3 rettent\u0151&#8230;&#8230;..<br \/>\nHol van a zsebkend\u0151&#8230;.. .<\/p>\n<p>&#8212;V\u00e9ge&#8212;<\/p>\n","protected":false},"featured_media":9391,"template":"","meta":{"site-sidebar-layout":"default","site-content-layout":"default","ast-site-content-layout":"default","site-content-style":"default","site-sidebar-style":"default","ast-global-header-display":"","ast-banner-title-visibility":"","ast-main-header-display":"","ast-hfb-above-header-display":"","ast-hfb-below-header-display":"","ast-hfb-mobile-header-display":"","site-post-title":"","ast-breadcrumbs-content":"","ast-featured-img":"","footer-sml-layout":"","theme-transparent-header-meta":"default","adv-header-id-meta":"","stick-header-meta":"","header-above-stick-meta":"","header-main-stick-meta":"","header-below-stick-meta":"","astra-migrate-meta-layouts":"set","ast-page-background-enabled":"default","ast-page-background-meta":{"desktop":{"background-color":"var(--ast-global-color-4)","background-image":"","background-repeat":"repeat","background-position":"center center","background-size":"auto","background-attachment":"scroll","background-type":"","background-media":"","overlay-type":"","overlay-color":"","overlay-opacity":"","overlay-gradient":""},"tablet":{"background-color":"","background-image":"","background-repeat":"repeat","background-position":"center center","background-size":"auto","background-attachment":"scroll","background-type":"","background-media":"","overlay-type":"","overlay-color":"","overlay-opacity":"","overlay-gradient":""},"mobile":{"background-color":"","background-image":"","background-repeat":"repeat","background-position":"center center","background-size":"auto","background-attachment":"scroll","background-type":"","background-media":"","overlay-type":"","overlay-color":"","overlay-opacity":"","overlay-gradient":""}},"ast-content-background-meta":{"desktop":{"background-color":"var(--ast-global-color-5)","background-image":"","background-repeat":"repeat","background-position":"center center","background-size":"auto","background-attachment":"scroll","background-type":"","background-media":"","overlay-type":"","overlay-color":"","overlay-opacity":"","overlay-gradient":""},"tablet":{"background-color":"var(--ast-global-color-5)","background-image":"","background-repeat":"repeat","background-position":"center center","background-size":"auto","background-attachment":"scroll","background-type":"","background-media":"","overlay-type":"","overlay-color":"","overlay-opacity":"","overlay-gradient":""},"mobile":{"background-color":"var(--ast-global-color-5)","background-image":"","background-repeat":"repeat","background-position":"center center","background-size":"auto","background-attachment":"scroll","background-type":"","background-media":"","overlay-type":"","overlay-color":"","overlay-opacity":"","overlay-gradient":""}}},"product_cat":[48],"product_tag":[],"class_list":["post-4943","product","type-product","status-publish","has-post-thumbnail","hentry","product_cat-sunkaraoke-dalok","desktop-align-left","tablet-align-left","mobile-align-left"],"_links":{"self":[{"href":"https:\/\/www.sunkaraoke.hu\/index.php\/wp-json\/wp\/v2\/product\/4943","targetHints":{"allow":["GET"]}}],"collection":[{"href":"https:\/\/www.sunkaraoke.hu\/index.php\/wp-json\/wp\/v2\/product"}],"about":[{"href":"https:\/\/www.sunkaraoke.hu\/index.php\/wp-json\/wp\/v2\/types\/product"}],"wp:featuredmedia":[{"embeddable":true,"href":"https:\/\/www.sunkaraoke.hu\/index.php\/wp-json\/wp\/v2\/media\/9391"}],"wp:attachment":[{"href":"https:\/\/www.sunkaraoke.hu\/index.php\/wp-json\/wp\/v2\/media?parent=4943"}],"wp:term":[{"taxonomy":"product_cat","embeddable":true,"href":"https:\/\/www.sunkaraoke.hu\/index.php\/wp-json\/wp\/v2\/product_cat?post=4943"},{"taxonomy":"product_tag","embeddable":true,"href":"https:\/\/www.sunkaraoke.hu\/index.php\/wp-json\/wp\/v2\/product_tag?post=4943"}],"curies":[{"name":"wp","href":"https:\/\/api.w.org\/{rel}","templated":true}]}}