{"id":4940,"date":"2022-08-08T20:48:21","date_gmt":"2022-08-08T20:48:21","guid":{"rendered":"https:\/\/www.sunkaraoke.hu\/index.php\/termek\/motiva-zenekar-szuletesnapodra\/"},"modified":"2025-04-11T11:25:45","modified_gmt":"2025-04-11T11:25:45","slug":"motiva-zenekar-szuletesnapodra","status":"publish","type":"product","link":"https:\/\/www.sunkaraoke.hu\/index.php\/termek\/motiva-zenekar-szuletesnapodra\/","title":{"rendered":"<div class=\"wcmp-player-container product-4940\"><audio controlslist=\"nodownload\" data-product=\"4940\"  volume=\"1\"  preload=\"none\" data-lazyloading=\"none\" class=\"wcmp-player track mejs-classic\" data-duration=\"0:33\" data-estimated_duration=\"4\"><source src=\"https:\/\/www.sunkaraoke.hu\/wp-content\/uploads\/2022\/08\/Szuletesnapodra-E.-kdemoo.mp3\" type=\"audio\/mp3\" \/><\/audio><\/div>Motiva zenekar &#8211; Sz\u00fclet\u00e9snapodra (Original)"},"content":{"rendered":"<p><strong>03:38<\/strong> | <strong><img loading=\"lazy\" decoding=\"async\" class=\"alignnone size-full wp-image-467\" src=\"https:\/\/www.sunkaraoke.hu\/wp-content\/uploads\/2022\/07\/choir_2-copy.webp\" alt=\"\" width=\"30\" height=\"30\" \/> <\/strong><\/p>\n","protected":false},"excerpt":{"rendered":"<h6><strong>Bits\u0171r\u0171s\u00e9g: 320<\/strong>kb\/s<strong><br \/>\n<\/strong><strong>Hossz: <\/strong>03:38<strong><br \/>\n<\/strong><strong style=\"font-size: 16px;\">Vok\u00e1lt tartalmaz: <\/strong>Nem <img loading=\"lazy\" decoding=\"async\" class=\"alignnone size-full wp-image-467\" src=\"http:\/\/www.sunkaraoke.hu\/wp-content\/uploads\/2022\/07\/choir_2-copy.png\" alt=\"\" width=\"30\" height=\"30\" \/><strong style=\"font-size: 16px;\"><br \/>\n<\/strong><\/h6>\n<p>Sunkaraoke mp3 st\u00fadi\u00f3 \/ www.sunkaraoke.hu \/ Inf: Tel: 06 20 4275001<\/p>\n<p>&#8212;Intr\u00f3&#8212;<br \/>\nSok sz\u00fclet\u00e9snapokat v\u00edgan meg\u00e9rhess,<br \/>\nnapjaidat sz\u00e1ml\u00e1lni ne l\u00e9gyen terhes!<br \/>\nAz \u00e9g harmatja sz\u00edved \u00faj\u00edtsa,<br \/>\n\u00e1ld\u00e1sok \u00e1rja, h\u00e1zad elbor\u00edtsa!<br \/>\nTen\u00e9ked az \u00f6r\u00f6mb\u0151l mindig adass\u00e9k,<br \/>\namellett a b\u00e1nattal ne tal\u00e1lkozz\u00e9k!<br \/>\n&#8212;Sz\u00f3l\u00f3&#8212;<br \/>\nArcodon a napsug\u00e1r f\u00e9nyes mosolya,<br \/>\nsz\u00edvedben az ifj\u00fas\u00e1g \u00f6r\u00f6k illata.<br \/>\nK\u00edv\u00e1nom, \u00e1lmaid mindig el\u00e9rhesd,<br \/>\nv\u00e1gyak sz\u00e1rny\u00e1n lelkedet magasba rep\u00edthesd,<br \/>\nragyogjanak f\u00e9nyesen r\u00e1d a csillagok!<br \/>\nK\u00edv\u00e1nok nagyon boldog sz\u00fclet\u00e9snapot.<br \/>\n&#8212;Sz\u00f3l\u00f3&#8212;<br \/>\nSok sz\u00fclet\u00e9snapokat v\u00edgan meg\u00e9rhess,<br \/>\nnapjaidat sz\u00e1ml\u00e1lni ne l\u00e9gyen terhes!<br \/>\nAz \u00e9g harmatja sz\u00edved \u00faj\u00edtsa,<br \/>\n\u00e1ld\u00e1sok \u00e1rja h\u00e1zad elbor\u00edtsa!<br \/>\nRagyogjanak f\u00e9nyesen r\u00e1d a csillagok!<br \/>\nK\u00edv\u00e1nok nagyon boldog sz\u00fclet\u00e9snapot.<br \/>\nK\u00edv\u00e1nok nagyon boldog sz\u00fclet\u00e9snapot.<br \/>\n&#8212;V\u00e9ge&#8212;<\/p>\n","protected":false},"featured_media":18576,"template":"","meta":{"site-sidebar-layout":"default","site-content-layout":"default","ast-site-content-layout":"default","site-content-style":"default","site-sidebar-style":"default","ast-global-header-display":"","ast-banner-title-visibility":"","ast-main-header-display":"","ast-hfb-above-header-display":"","ast-hfb-below-header-display":"","ast-hfb-mobile-header-display":"","site-post-title":"","ast-breadcrumbs-content":"","ast-featured-img":"","footer-sml-layout":"","theme-transparent-header-meta":"default","adv-header-id-meta":"","stick-header-meta":"","header-above-stick-meta":"","header-main-stick-meta":"","header-below-stick-meta":"","astra-migrate-meta-layouts":"set","ast-page-background-enabled":"default","ast-page-background-meta":{"desktop":{"background-color":"var(--ast-global-color-4)","background-image":"","background-repeat":"repeat","background-position":"center center","background-size":"auto","background-attachment":"scroll","background-type":"","background-media":"","overlay-type":"","overlay-color":"","overlay-opacity":"","overlay-gradient":""},"tablet":{"background-color":"","background-image":"","background-repeat":"repeat","background-position":"center center","background-size":"auto","background-attachment":"scroll","background-type":"","background-media":"","overlay-type":"","overlay-color":"","overlay-opacity":"","overlay-gradient":""},"mobile":{"background-color":"","background-image":"","background-repeat":"repeat","background-position":"center center","background-size":"auto","background-attachment":"scroll","background-type":"","background-media":"","overlay-type":"","overlay-color":"","overlay-opacity":"","overlay-gradient":""}},"ast-content-background-meta":{"desktop":{"background-color":"var(--ast-global-color-5)","background-image":"","background-repeat":"repeat","background-position":"center center","background-size":"auto","background-attachment":"scroll","background-type":"","background-media":"","overlay-type":"","overlay-color":"","overlay-opacity":"","overlay-gradient":""},"tablet":{"background-color":"var(--ast-global-color-5)","background-image":"","background-repeat":"repeat","background-position":"center center","background-size":"auto","background-attachment":"scroll","background-type":"","background-media":"","overlay-type":"","overlay-color":"","overlay-opacity":"","overlay-gradient":""},"mobile":{"background-color":"var(--ast-global-color-5)","background-image":"","background-repeat":"repeat","background-position":"center center","background-size":"auto","background-attachment":"scroll","background-type":"","background-media":"","overlay-type":"","overlay-color":"","overlay-opacity":"","overlay-gradient":""}}},"product_cat":[58],"product_tag":[],"class_list":["post-4940","product","type-product","status-publish","has-post-thumbnail","hentry","product_cat-erdelyi-zoltan","desktop-align-left","tablet-align-left","mobile-align-left"],"_links":{"self":[{"href":"https:\/\/www.sunkaraoke.hu\/index.php\/wp-json\/wp\/v2\/product\/4940","targetHints":{"allow":["GET"]}}],"collection":[{"href":"https:\/\/www.sunkaraoke.hu\/index.php\/wp-json\/wp\/v2\/product"}],"about":[{"href":"https:\/\/www.sunkaraoke.hu\/index.php\/wp-json\/wp\/v2\/types\/product"}],"wp:featuredmedia":[{"embeddable":true,"href":"https:\/\/www.sunkaraoke.hu\/index.php\/wp-json\/wp\/v2\/media\/18576"}],"wp:attachment":[{"href":"https:\/\/www.sunkaraoke.hu\/index.php\/wp-json\/wp\/v2\/media?parent=4940"}],"wp:term":[{"taxonomy":"product_cat","embeddable":true,"href":"https:\/\/www.sunkaraoke.hu\/index.php\/wp-json\/wp\/v2\/product_cat?post=4940"},{"taxonomy":"product_tag","embeddable":true,"href":"https:\/\/www.sunkaraoke.hu\/index.php\/wp-json\/wp\/v2\/product_tag?post=4940"}],"curies":[{"name":"wp","href":"https:\/\/api.w.org\/{rel}","templated":true}]}}