{"id":4939,"date":"2022-08-08T20:48:21","date_gmt":"2022-08-08T20:48:21","guid":{"rendered":"https:\/\/www.sunkaraoke.hu\/index.php\/termek\/jolly-irigyeim-sokan-vagytok-transzp-v\/"},"modified":"2025-04-11T12:17:09","modified_gmt":"2025-04-11T12:17:09","slug":"jolly-irigyeim-sokan-vagytok-transzp-v","status":"publish","type":"product","link":"https:\/\/www.sunkaraoke.hu\/index.php\/termek\/jolly-irigyeim-sokan-vagytok-transzp-v\/","title":{"rendered":"<div class=\"wcmp-player-container product-4939\"><audio controlslist=\"nodownload\" data-product=\"4939\"  volume=\"1\"  preload=\"none\" data-lazyloading=\"none\" class=\"wcmp-player track mejs-classic\" data-duration=\"0:31\" data-estimated_duration=\"4\"><source src=\"https:\/\/www.sunkaraoke.hu\/wp-content\/uploads\/2022\/08\/Irigyeim-sokan-vagytok-transz-Jolly.-SB._demo.mp3\" type=\"audio\/mp3\" \/><\/audio><\/div>Jolly &#8211; Irigyeim sokan vagytok (SB. Edition)"},"content":{"rendered":"<p><strong>03:57<\/strong> | <strong><img loading=\"lazy\" decoding=\"async\" class=\"alignnone size-full wp-image-467\" src=\"https:\/\/www.sunkaraoke.hu\/wp-content\/uploads\/2022\/07\/choir_2-copy.webp\" alt=\"\" width=\"30\" height=\"30\" \/> <strong> | <img loading=\"lazy\" decoding=\"async\" class=\"alignnone size-full wp-image-613\" src=\"https:\/\/www.sunkaraoke.hu\/wp-content\/uploads\/2022\/07\/transzponalas.webp\" alt=\"\" width=\"30\" height=\"30\" \/> <\/strong><strong>-4<\/strong><\/strong><\/p>\n","protected":false},"excerpt":{"rendered":"<h5>Bits\u0171r\u0171s\u00e9g: 320 kb\/s<br \/>\nHossz: 03:57<br \/>\nVok\u00e1lt tartalmaz: Nem <img loading=\"lazy\" decoding=\"async\" class=\"alignnone size-full wp-image-467\" src=\"http:\/\/www.sunkaraoke.hu\/wp-content\/uploads\/2022\/07\/choir_2-copy.png\" alt=\"\" width=\"30\" height=\"30\" \/><br \/>\nTranszpon\u00e1l\u00e1s: <img loading=\"lazy\" decoding=\"async\" class=\"alignnone size-full wp-image-613\" src=\"http:\/\/www.sunkaraoke.hu\/wp-content\/uploads\/2022\/07\/transzponalas.png\" alt=\"\" width=\"30\" height=\"30\" \/> -4<\/h5>\n<p>Sunkaraoke mp3 st\u00fadi\u00f3 \/ www.sunkaraoke.hu \/ Inf: Tel: 06 20 4275001<\/p>\n<p>&#8212;Intr\u00f3&#8212;<br \/>\nIrigyeim de sokan vagytok,<br \/>\nmint a kuty\u00e1k, \u00fagy ugattok,<br \/>\nh\u00e1j j\u00e1, di, d\u00e1, di, d\u00e1li, d\u00e1&#8230;<br \/>\nA zen\u00e9ben a b\u00fcszkes\u00e9gem,<br \/>\nszeret engem a k\u00f6z\u00f6ns\u00e9gem,<br \/>\nh\u00e1j j\u00e1, di, d\u00e1, di, d\u00e1li, d\u00e1&#8230;<\/p>\n<p>Gyere gyere gyere hadd sz\u00f3ljon a zene,<br \/>\nlegyen mindig szerencs\u00e9nk,<br \/>\nh\u00e1t ne irigykedj testv\u00e9r, legyen benned j\u00f3 v\u00e9r,<br \/>\ncsin\u00e1ld ut\u00e1nam amit \u00e9n.<\/p>\n<p>Gyere gyere gyere hadd sz\u00f3ljon a zene,<br \/>\nlegyen mindig szerencs\u00e9nk,<br \/>\n\u00e9n Istenem tegy\u00e9l csod\u00e1t,<br \/>\nverd meg a sok irigy kuty\u00e1t.<\/p>\n<p>Irigyeim de sokan vagytok,<br \/>\nmint a kuty\u00e1k, \u00fagy ugattok,<br \/>\nh\u00e1j j\u00e1, di, d\u00e1, di, d\u00e1li, d\u00e1&#8230;<br \/>\nH\u00e1tam m\u00f6g\u00f6tt kibesz\u00e9ltek,<br \/>\na szememben megd\u00edcs\u00e9rtek,<br \/>\nh\u00e1j j\u00e1, di, d\u00e1, di, d\u00e1li, d\u00e1&#8230;<\/p>\n<p>Gyere gyere gyere hadd sz\u00f3ljon a zene,<br \/>\nlegyen mindig szerencs\u00e9nk,<br \/>\nh\u00e1t ne irigykedj testv\u00e9r, legyen benned j\u00f3 v\u00e9r,<br \/>\ncsin\u00e1ld ut\u00e1nam amit \u00e9n.<br \/>\nGyere gyere gyere hadd sz\u00f3ljon a zene,<br \/>\nlegyen mindig szerencs\u00e9nk,<br \/>\n\u00e9n Istenem tegy\u00e9l nagycsod\u00e1t,<br \/>\nverd meg a sok irigy kuty\u00e1t.<br \/>\n&#8212;Sz\u00f3l\u00f3&#8212;<\/p>\n<p>Szerzek nekik j\u00f3 napokat,<br \/>\nhadd ugass\u00e1k ki j\u00f3l magukat,<br \/>\nh\u00e1j j\u00e1, di, d\u00e1, di, d\u00e1li, d\u00e1&#8230;<br \/>\nIrigyeim de sokan vagytok,<br \/>\nmint a kuty\u00e1k, \u00fagy ugattok,<br \/>\nh\u00e1j j\u00e1, di, d\u00e1, di, d\u00e1li, d\u00e1&#8230;<br \/>\nGyere gyere gyere hadd sz\u00f3ljon a zene,<br \/>\nlegyen mindig szerencs\u00e9nk,<br \/>\nh\u00e1t ne irigykedj testv\u00e9r, legyen benned j\u00f3 v\u00e9r,<br \/>\ncsin\u00e1ld ut\u00e1nam amit \u00e9n.<br \/>\nGyere gyere gyere hadd sz\u00f3ljon a zene,<br \/>\nlegyen mindig szerencs\u00e9nk,<br \/>\n\u00e9n Istenem tegy\u00e9l nagy csod\u00e1t,<br \/>\nverd meg a sok irigy kuty\u00e1t.<br \/>\nIrigyeim de sokan vagytok,<br \/>\nmint a kuty\u00e1k, \u00fagy ugattok,<br \/>\nh\u00e1j j\u00e1, di, d\u00e1, di, d\u00e1li, d\u00e1&#8230;<br \/>\nA zen\u00e9ben a b\u00fcszkes\u00e9gem,<br \/>\nszeret engem a k\u00f6z\u00f6ns\u00e9gem,<br \/>\nh\u00e1j j\u00e1, di, d\u00e1, di, d\u00e1li, d\u00e1&#8230;<\/p>\n<p>Gyere gyere gyere hadd sz\u00f3ljon a zene,<br \/>\nlegyen mindig szerencs\u00e9nk,<br \/>\nh\u00e1t ne irigykedj testv\u00e9r, legyen benned j\u00f3 v\u00e9r,<br \/>\ncsin\u00e1ld ut\u00e1nam amit \u00e9n.<br \/>\nGyere gyere gyere hadd sz\u00f3ljon a zene,<br \/>\nlegyen mindig szerencs\u00e9nk,<br \/>\n\u00e9n Istenem tegy\u00e9l nagy csod\u00e1t,<br \/>\nverd meg a sok irigy kuty\u00e1t.<br \/>\n&#8212;V\u00e9ge&#8212;<\/p>\n","protected":false},"featured_media":6147,"template":"","meta":{"site-sidebar-layout":"default","site-content-layout":"default","ast-site-content-layout":"default","site-content-style":"default","site-sidebar-style":"default","ast-global-header-display":"","ast-banner-title-visibility":"","ast-main-header-display":"","ast-hfb-above-header-display":"","ast-hfb-below-header-display":"","ast-hfb-mobile-header-display":"","site-post-title":"","ast-breadcrumbs-content":"","ast-featured-img":"","footer-sml-layout":"","theme-transparent-header-meta":"default","adv-header-id-meta":"","stick-header-meta":"","header-above-stick-meta":"","header-main-stick-meta":"","header-below-stick-meta":"","astra-migrate-meta-layouts":"set","ast-page-background-enabled":"default","ast-page-background-meta":{"desktop":{"background-color":"var(--ast-global-color-4)","background-image":"","background-repeat":"repeat","background-position":"center center","background-size":"auto","background-attachment":"scroll","background-type":"","background-media":"","overlay-type":"","overlay-color":"","overlay-opacity":"","overlay-gradient":""},"tablet":{"background-color":"","background-image":"","background-repeat":"repeat","background-position":"center center","background-size":"auto","background-attachment":"scroll","background-type":"","background-media":"","overlay-type":"","overlay-color":"","overlay-opacity":"","overlay-gradient":""},"mobile":{"background-color":"","background-image":"","background-repeat":"repeat","background-position":"center center","background-size":"auto","background-attachment":"scroll","background-type":"","background-media":"","overlay-type":"","overlay-color":"","overlay-opacity":"","overlay-gradient":""}},"ast-content-background-meta":{"desktop":{"background-color":"var(--ast-global-color-5)","background-image":"","background-repeat":"repeat","background-position":"center center","background-size":"auto","background-attachment":"scroll","background-type":"","background-media":"","overlay-type":"","overlay-color":"","overlay-opacity":"","overlay-gradient":""},"tablet":{"background-color":"var(--ast-global-color-5)","background-image":"","background-repeat":"repeat","background-position":"center center","background-size":"auto","background-attachment":"scroll","background-type":"","background-media":"","overlay-type":"","overlay-color":"","overlay-opacity":"","overlay-gradient":""},"mobile":{"background-color":"var(--ast-global-color-5)","background-image":"","background-repeat":"repeat","background-position":"center center","background-size":"auto","background-attachment":"scroll","background-type":"","background-media":"","overlay-type":"","overlay-color":"","overlay-opacity":"","overlay-gradient":""}}},"product_cat":[48],"product_tag":[],"class_list":["post-4939","product","type-product","status-publish","has-post-thumbnail","hentry","product_cat-sunkaraoke-dalok","desktop-align-left","tablet-align-left","mobile-align-left"],"_links":{"self":[{"href":"https:\/\/www.sunkaraoke.hu\/index.php\/wp-json\/wp\/v2\/product\/4939","targetHints":{"allow":["GET"]}}],"collection":[{"href":"https:\/\/www.sunkaraoke.hu\/index.php\/wp-json\/wp\/v2\/product"}],"about":[{"href":"https:\/\/www.sunkaraoke.hu\/index.php\/wp-json\/wp\/v2\/types\/product"}],"wp:featuredmedia":[{"embeddable":true,"href":"https:\/\/www.sunkaraoke.hu\/index.php\/wp-json\/wp\/v2\/media\/6147"}],"wp:attachment":[{"href":"https:\/\/www.sunkaraoke.hu\/index.php\/wp-json\/wp\/v2\/media?parent=4939"}],"wp:term":[{"taxonomy":"product_cat","embeddable":true,"href":"https:\/\/www.sunkaraoke.hu\/index.php\/wp-json\/wp\/v2\/product_cat?post=4939"},{"taxonomy":"product_tag","embeddable":true,"href":"https:\/\/www.sunkaraoke.hu\/index.php\/wp-json\/wp\/v2\/product_tag?post=4939"}],"curies":[{"name":"wp","href":"https:\/\/api.w.org\/{rel}","templated":true}]}}