{"id":4931,"date":"2022-08-08T20:48:20","date_gmt":"2022-08-08T20:48:20","guid":{"rendered":"https:\/\/www.sunkaraoke.hu\/index.php\/termek\/jolly-fujhat-a-szel-transzp-v\/"},"modified":"2025-04-11T11:22:29","modified_gmt":"2025-04-11T11:22:29","slug":"jolly-fujhat-a-szel-transzp-v","status":"publish","type":"product","link":"https:\/\/www.sunkaraoke.hu\/index.php\/termek\/jolly-fujhat-a-szel-transzp-v\/","title":{"rendered":"<div class=\"wcmp-player-container product-4931\"><audio controlslist=\"nodownload\" data-product=\"4931\"  volume=\"1\"  preload=\"none\" data-lazyloading=\"none\" class=\"wcmp-player track mejs-classic\" data-duration=\"0:33\" data-estimated_duration=\"4\"><source src=\"https:\/\/www.sunkaraoke.hu\/wp-content\/uploads\/2022\/08\/Fujhat-a-szel-transz-Jolly-SB._demo.mp3\" type=\"audio\/mp3\" \/><\/audio><\/div>Jolly &#8211; F\u00fajhat a sz\u00e9l (SB Edition)"},"content":{"rendered":"<p><strong>03:45<\/strong> | <strong><img loading=\"lazy\" decoding=\"async\" class=\"alignnone size-full wp-image-467\" src=\"https:\/\/www.sunkaraoke.hu\/wp-content\/uploads\/2022\/07\/choir_2-copy.webp\" alt=\"\" width=\"30\" height=\"30\" \/> <strong> | <img loading=\"lazy\" decoding=\"async\" class=\"alignnone size-full wp-image-613\" src=\"https:\/\/www.sunkaraoke.hu\/wp-content\/uploads\/2022\/07\/transzponalas.webp\" alt=\"\" width=\"30\" height=\"30\" \/> <\/strong><strong>-4<\/strong><\/strong><\/p>\n","protected":false},"excerpt":{"rendered":"<h5><strong>Bits\u0171r\u0171s\u00e9g: 320 <\/strong>kb\/s<strong><br \/>\n<\/strong><strong>Hossz: <\/strong>03:45<strong><br \/>\n<\/strong><strong style=\"font-size: 16px;\">Vok\u00e1lt tartalmaz: <\/strong>Nem <img loading=\"lazy\" decoding=\"async\" class=\"alignnone size-full wp-image-467\" src=\"http:\/\/www.sunkaraoke.hu\/wp-content\/uploads\/2022\/07\/choir_2-copy.png\" alt=\"\" width=\"30\" height=\"30\" \/><strong style=\"font-size: 16px;\"><br \/>\n<\/strong><strong>Transzpon\u00e1l\u00e1s: <\/strong><img loading=\"lazy\" decoding=\"async\" class=\"alignnone size-full wp-image-613\" src=\"http:\/\/www.sunkaraoke.hu\/wp-content\/uploads\/2022\/07\/transzponalas.png\" alt=\"\" width=\"30\" height=\"30\" \/> -4<\/h5>\n<p>Sunkaraoke mp3 st\u00fadi\u00f3 \/ www.sunkaraoke.hu \/ Inf: Tel: 06 20 4275001<\/p>\n<p>&#8212;Intr\u00f3&#8212;<br \/>\nF\u00fajhat a sz\u00e9l, eshet az es\u0151,<br \/>\naz \u00e9n sz\u00edvemben, csak te vagy a nyer\u0151.<br \/>\nLehet t\u00e9l, lehet ny\u00e1r,sz\u00edvem \u00e9rted kalap\u00e1l,<br \/>\nszeretn\u00e9m, ha velem lenn\u00e9l minden \u00e9jszak\u00e1n.<br \/>\nF\u00fajhat a sz\u00e9l, eshet az es\u0151,<br \/>\naz \u00e9n sz\u00edvemben,csak te vagy a nyer\u0151.<br \/>\n\u00c9jjel is, nappal is, te vagy ki t\u00e1ncba visz,<br \/>\nmelletted a szerelem elvak\u00edt.(pici\u00e1llj)<br \/>\nMegl\u00e1ttam a k\u00e9t szemed,<br \/>\ncs\u00f3kot loptam el t\u0151led \u00e9n,<br \/>\nl\u00e9j, l\u00e9j, l\u00e9j, l\u00e9j.<br \/>\nHi\u00e1ba is tagadom,<br \/>\n\u00e9jjelem, se nappalom, s\u00e9j,<br \/>\nhopp, hopp, hopp, hopp.<br \/>\n\u00c9jszak\u00e1ba ny\u00falnak a nappalok,<br \/>\nt\u00e1vol lenni t\u0151led \u00e9n m\u00e1r nem tudok,<br \/>\nboldogs\u00e1g vagy nekem,rabb\u00e1 tetted sz\u00edvem,<br \/>\nnincsen n\u00e1lad szebb nekem.<br \/>\n\u00c9jszak\u00e1ba ny\u00falnak a nappalok,<br \/>\nelaludni n\u00e9lk\u00fcled m\u00e1r nem tudok.<br \/>\nboldogs\u00e1g vagy nekem, te vagy az \u00e9letem,<br \/>\nnincsen n\u00e1lad jobb nekem.(pici\u00e1llj)<br \/>\nF\u00fajhat a sz\u00e9l, eshet az es\u0151,<br \/>\naz \u00e9n sz\u00edvemben,csak te vagy a nyer\u0151.<br \/>\nLehet t\u00e9l, lehet ny\u00e1r, sz\u00edvem \u00e9rted kalap\u00e1l,<br \/>\nszeretn\u00e9m, ha velem lenn\u00e9l minden \u00e9jszak\u00e1n.<br \/>\nF\u00fajhat a sz\u00e9l, eshet az es\u0151,<br \/>\naz \u00e9n sz\u00edvemben, csak te vagy a nyer\u0151.<br \/>\n\u00c9jjel is, nappal is,te vagy ki t\u00e1ncba visz,<br \/>\nmelletted a szerelem elvak\u00edt.<br \/>\n&#8212;Sz\u00f3l\u00f3&#8212;\/\/02:32\/\/<br \/>\nMegl\u00e1ttam a szemedet,<br \/>\ncs\u00f3kot loptam el t\u0151led \u00e9n.<br \/>\nl\u00e9j, l\u00e9j, l\u00e9j, l\u00e9j.<br \/>\nHi\u00e1ba is tagadn\u00e1m,<br \/>\nte vagy nekem a vil\u00e1g, s\u00e9j,<br \/>\nhopp, hopp, hopp, hopp.<br \/>\n\u00c9jszak\u00e1ba ny\u00falnak a nappalok,<br \/>\nelaludni n\u00e9lk\u00fcled m\u00e1r nem tudok.<br \/>\nboldogs\u00e1g vagy nekem, te vagy az \u00e9letem,<br \/>\nnincsen n\u00e1lad jobb nekem.<br \/>\n\u00c9jszak\u00e1ba ny\u00falnak a nappalok,<br \/>\nelaludni n\u00e9lk\u00fcled m\u00e1r nem tudok.<br \/>\nboldogs\u00e1g vagy nekem, te vagy az \u00e9letem,<br \/>\nnincsen n\u00e1lad jobb nekem.<br \/>\n\u00c9jszak\u00e1ba ny\u00falnak a nappalok,<br \/>\nelaludni n\u00e9lk\u00fcled m\u00e1r nem tudok.<br \/>\nboldogs\u00e1g vagy nekem, te vagy az \u00e9letem,<br \/>\nnincsen n\u00e1lad jobb nekem.<br \/>\n\u00c9jszak\u00e1ba ny\u00falnak a nappalok,<br \/>\nelaludni n\u00e9lk\u00fcled m\u00e1r nem tudok.<br \/>\nboldogs\u00e1g vagy nekem, te vagy az \u00e9letem,<br \/>\nnincsen n\u00e1lad jobb nekem.<br \/>\n&#8212;V\u00e9ge&#8212;<\/p>\n","protected":false},"featured_media":6147,"template":"","meta":{"site-sidebar-layout":"default","site-content-layout":"default","ast-site-content-layout":"default","site-content-style":"default","site-sidebar-style":"default","ast-global-header-display":"","ast-banner-title-visibility":"","ast-main-header-display":"","ast-hfb-above-header-display":"","ast-hfb-below-header-display":"","ast-hfb-mobile-header-display":"","site-post-title":"","ast-breadcrumbs-content":"","ast-featured-img":"","footer-sml-layout":"","theme-transparent-header-meta":"default","adv-header-id-meta":"","stick-header-meta":"","header-above-stick-meta":"","header-main-stick-meta":"","header-below-stick-meta":"","astra-migrate-meta-layouts":"set","ast-page-background-enabled":"default","ast-page-background-meta":{"desktop":{"background-color":"var(--ast-global-color-4)","background-image":"","background-repeat":"repeat","background-position":"center center","background-size":"auto","background-attachment":"scroll","background-type":"","background-media":"","overlay-type":"","overlay-color":"","overlay-opacity":"","overlay-gradient":""},"tablet":{"background-color":"","background-image":"","background-repeat":"repeat","background-position":"center center","background-size":"auto","background-attachment":"scroll","background-type":"","background-media":"","overlay-type":"","overlay-color":"","overlay-opacity":"","overlay-gradient":""},"mobile":{"background-color":"","background-image":"","background-repeat":"repeat","background-position":"center center","background-size":"auto","background-attachment":"scroll","background-type":"","background-media":"","overlay-type":"","overlay-color":"","overlay-opacity":"","overlay-gradient":""}},"ast-content-background-meta":{"desktop":{"background-color":"var(--ast-global-color-5)","background-image":"","background-repeat":"repeat","background-position":"center center","background-size":"auto","background-attachment":"scroll","background-type":"","background-media":"","overlay-type":"","overlay-color":"","overlay-opacity":"","overlay-gradient":""},"tablet":{"background-color":"var(--ast-global-color-5)","background-image":"","background-repeat":"repeat","background-position":"center center","background-size":"auto","background-attachment":"scroll","background-type":"","background-media":"","overlay-type":"","overlay-color":"","overlay-opacity":"","overlay-gradient":""},"mobile":{"background-color":"var(--ast-global-color-5)","background-image":"","background-repeat":"repeat","background-position":"center center","background-size":"auto","background-attachment":"scroll","background-type":"","background-media":"","overlay-type":"","overlay-color":"","overlay-opacity":"","overlay-gradient":""}}},"product_cat":[48],"product_tag":[],"class_list":["post-4931","product","type-product","status-publish","has-post-thumbnail","hentry","product_cat-sunkaraoke-dalok","desktop-align-left","tablet-align-left","mobile-align-left"],"_links":{"self":[{"href":"https:\/\/www.sunkaraoke.hu\/index.php\/wp-json\/wp\/v2\/product\/4931","targetHints":{"allow":["GET"]}}],"collection":[{"href":"https:\/\/www.sunkaraoke.hu\/index.php\/wp-json\/wp\/v2\/product"}],"about":[{"href":"https:\/\/www.sunkaraoke.hu\/index.php\/wp-json\/wp\/v2\/types\/product"}],"wp:featuredmedia":[{"embeddable":true,"href":"https:\/\/www.sunkaraoke.hu\/index.php\/wp-json\/wp\/v2\/media\/6147"}],"wp:attachment":[{"href":"https:\/\/www.sunkaraoke.hu\/index.php\/wp-json\/wp\/v2\/media?parent=4931"}],"wp:term":[{"taxonomy":"product_cat","embeddable":true,"href":"https:\/\/www.sunkaraoke.hu\/index.php\/wp-json\/wp\/v2\/product_cat?post=4931"},{"taxonomy":"product_tag","embeddable":true,"href":"https:\/\/www.sunkaraoke.hu\/index.php\/wp-json\/wp\/v2\/product_tag?post=4931"}],"curies":[{"name":"wp","href":"https:\/\/api.w.org\/{rel}","templated":true}]}}