{"id":4928,"date":"2022-08-08T20:48:20","date_gmt":"2022-08-08T20:48:20","guid":{"rendered":"https:\/\/www.sunkaraoke.hu\/index.php\/termek\/jolly-beleszerettem-2015-transzp-v\/"},"modified":"2025-04-11T12:21:39","modified_gmt":"2025-04-11T12:21:39","slug":"jolly-beleszerettem-2015-transzp-v","status":"publish","type":"product","link":"https:\/\/www.sunkaraoke.hu\/index.php\/termek\/jolly-beleszerettem-2015-transzp-v\/","title":{"rendered":"<div class=\"wcmp-player-container product-4928\"><audio controlslist=\"nodownload\" data-product=\"4928\"  volume=\"1\"  preload=\"none\" data-lazyloading=\"none\" class=\"wcmp-player track mejs-classic\" data-duration=\"0:31\" data-estimated_duration=\"4\"><source src=\"https:\/\/www.sunkaraoke.hu\/wp-content\/uploads\/2022\/08\/Beleszerettem-transz-Jolly-SB._demo.mp3\" type=\"audio\/mp3\" \/><\/audio><\/div>Jolly &#8211; Beleszerettem (SB Edition)"},"content":{"rendered":"<p><strong>03:51<\/strong> | <strong><img loading=\"lazy\" decoding=\"async\" class=\"alignnone size-full wp-image-467\" src=\"https:\/\/www.sunkaraoke.hu\/wp-content\/uploads\/2022\/07\/choir_2-copy.webp\" alt=\"\" width=\"30\" height=\"30\" \/> <strong> | <img loading=\"lazy\" decoding=\"async\" class=\"alignnone size-full wp-image-613\" src=\"https:\/\/www.sunkaraoke.hu\/wp-content\/uploads\/2022\/07\/transzponalas.webp\" alt=\"\" width=\"30\" height=\"30\" \/> <\/strong><strong>-3<\/strong><\/strong><\/p>\n","protected":false},"excerpt":{"rendered":"<h5>Bits\u0171r\u0171s\u00e9g: 320 kb\/s<br \/>\nHossz: 03:51<br \/>\nVok\u00e1lt tartalmaz: Nem <img loading=\"lazy\" decoding=\"async\" class=\"alignnone size-full wp-image-467\" src=\"http:\/\/www.sunkaraoke.hu\/wp-content\/uploads\/2022\/07\/choir_2-copy.png\" alt=\"\" width=\"30\" height=\"30\" \/><br \/>\nTranszpon\u00e1l\u00e1s: <img loading=\"lazy\" decoding=\"async\" class=\"alignnone size-full wp-image-613\" src=\"http:\/\/www.sunkaraoke.hu\/wp-content\/uploads\/2022\/07\/transzponalas.png\" alt=\"\" width=\"30\" height=\"30\" \/> -3<\/h5>\n<p>Sunkaraoke mp3 st\u00fadi\u00f3 \/ www.sunkaraoke.hu \/ Inf: Tel: 06 20 4275001<\/p>\n<p>&#8212;Intr\u00f3&#8212;<br \/>\nS\u00e1lom \u00e1lom dilom\u00e1 d\u00e1lom \u00e1lom diloma daloma,<br \/>\ns\u00e1lom \u00e1lom dilom\u00e1 d\u00e1lom \u00e1lom dilom alom.<br \/>\nS\u00e1lom \u00e1lom dilom\u00e1 d\u00e1lom \u00e1lom diloma daloma,<br \/>\ns\u00e1lom \u00e1lom dilom\u00e1 d\u00e1lom \u00e1lom ojlelele.<\/p>\n<p>Ha k\u00f6nnycsepp lenn\u00e9k, sosem s\u00edrn\u00e9k nehogy elvesz\u00edtselek,<br \/>\nszomor\u00fa sz\u00edvem annyira f\u00e1j, mert nem velem t\u00f6lt\u00f6d el az az \u00e9jszak\u00e1t.<br \/>\nEsik es\u0151 az \u00e9jszak\u00e1ban, kereslek de nem tal\u00e1llak,<br \/>\nhol j\u00e1rsz most, merre j\u00e1r a sz\u00edved,<br \/>\nbelehalok \u00e9rzem ha nem lehetek a tied.<\/p>\n<p>Bele-beleszerettem a k\u00e9t szemedbe,<br \/>\nboldogs\u00e1got hozt\u00e1l te az \u00e9n sz\u00edvembe,<br \/>\nszebb\u00e9 tetted minden napom, sz\u00e9p menyecske,<br \/>\nte vagy az \u00e9letemnek, \u00e9rtelme.<br \/>\nBele-beleszerettem a k\u00e9t szemedbe,<br \/>\ns \u00e9jjel-nappal csak te j\u00e1rsz az \u00e9n eszembe,<br \/>\nnem is tudn\u00e9k \u00e9lni \u00e9n m\u00e1r te n\u00e9lk\u00fcled,<br \/>\nsz\u00edvednek rabja vagyok, szerelmem.<br \/>\n&#8212;Sz\u00f3l\u00f3&#8212;<br \/>\nS\u00e1 -S\u00e1 -S\u00e1, S\u00e1lom \u00e1lom dilom\u00e1 d\u00e1lom \u00e1lom diloma daloma,<br \/>\ns\u00e1lom \u00e1lom dilom\u00e1 d\u00e1lom \u00e1lom dilom alom.<br \/>\nS\u00e1lom \u00e1lom dilom\u00e1 d\u00e1lom \u00e1lom diloma daloma,<br \/>\ns\u00e1lom \u00e1lom dilom\u00e1 d\u00e1lom \u00e1lom ojlelele.<\/p>\n<p>Ha k\u00f6nnycsepp lenn\u00e9k, sosem s\u00edrn\u00e9k nehogy elvesz\u00edtselek,<br \/>\nszomor\u00fa sz\u00edvem annyira f\u00e1j, mert nem velem t\u00f6lt\u00f6d el az az \u00e9jszak\u00e1t.<br \/>\nEsik es\u0151 az \u00e9jszak\u00e1ban, kereslek de nem tal\u00e1llak,<br \/>\nhol j\u00e1rsz most, merre j\u00e1r a sz\u00edved,<br \/>\nbelehalok \u00e9rzem ha nem lehetek a tied.<\/p>\n<p>Bele-beleszerettem a k\u00e9t szemedbe,<br \/>\nboldogs\u00e1got hozt\u00e1l te az \u00e9n sz\u00edvembe,<br \/>\nszebb\u00e9 tetted minden napom, sz\u00e9p menyecske,<br \/>\nte vagy az \u00e9letemnek, \u00e9rtelme.<br \/>\nBele-beleszerettem a k\u00e9t szemedbe,<br \/>\ns \u00e9jjel-nappal csak te j\u00e1rsz az \u00e9n eszembe,<br \/>\nnem is tudn\u00e9k \u00e9lni \u00e9n m\u00e1r te n\u00e9lk\u00fcled,<br \/>\nsz\u00edvednek rabja vagyok, szerelmem.<\/p>\n<p>Bele-beleszerettem a k\u00e9t szemedbe,<br \/>\nboldogs\u00e1got hozt\u00e1l te az \u00e9n sz\u00edvembe,<br \/>\nszebb\u00e9 tetted minden napom, sz\u00e9p menyecske,<br \/>\nte vagy az \u00e9letemnek, \u00e9rtelme.<br \/>\nBele-beleszerettem a k\u00e9t szemedbe,<br \/>\ns \u00e9jjel-nappal csak te j\u00e1rsz az \u00e9n eszembe,<br \/>\nnem is tudn\u00e9k \u00e9lni \u00e9n m\u00e1r te n\u00e9lk\u00fcled,<br \/>\nsz\u00edvednek rabja vagyok, szerelmem.<br \/>\n&#8212;V\u00e9ge&#8212;<\/p>\n","protected":false},"featured_media":6147,"template":"","meta":{"site-sidebar-layout":"default","site-content-layout":"default","ast-site-content-layout":"default","site-content-style":"default","site-sidebar-style":"default","ast-global-header-display":"","ast-banner-title-visibility":"","ast-main-header-display":"","ast-hfb-above-header-display":"","ast-hfb-below-header-display":"","ast-hfb-mobile-header-display":"","site-post-title":"","ast-breadcrumbs-content":"","ast-featured-img":"","footer-sml-layout":"","theme-transparent-header-meta":"default","adv-header-id-meta":"","stick-header-meta":"","header-above-stick-meta":"","header-main-stick-meta":"","header-below-stick-meta":"","astra-migrate-meta-layouts":"set","ast-page-background-enabled":"default","ast-page-background-meta":{"desktop":{"background-color":"var(--ast-global-color-4)","background-image":"","background-repeat":"repeat","background-position":"center center","background-size":"auto","background-attachment":"scroll","background-type":"","background-media":"","overlay-type":"","overlay-color":"","overlay-opacity":"","overlay-gradient":""},"tablet":{"background-color":"","background-image":"","background-repeat":"repeat","background-position":"center center","background-size":"auto","background-attachment":"scroll","background-type":"","background-media":"","overlay-type":"","overlay-color":"","overlay-opacity":"","overlay-gradient":""},"mobile":{"background-color":"","background-image":"","background-repeat":"repeat","background-position":"center center","background-size":"auto","background-attachment":"scroll","background-type":"","background-media":"","overlay-type":"","overlay-color":"","overlay-opacity":"","overlay-gradient":""}},"ast-content-background-meta":{"desktop":{"background-color":"var(--ast-global-color-5)","background-image":"","background-repeat":"repeat","background-position":"center center","background-size":"auto","background-attachment":"scroll","background-type":"","background-media":"","overlay-type":"","overlay-color":"","overlay-opacity":"","overlay-gradient":""},"tablet":{"background-color":"var(--ast-global-color-5)","background-image":"","background-repeat":"repeat","background-position":"center center","background-size":"auto","background-attachment":"scroll","background-type":"","background-media":"","overlay-type":"","overlay-color":"","overlay-opacity":"","overlay-gradient":""},"mobile":{"background-color":"var(--ast-global-color-5)","background-image":"","background-repeat":"repeat","background-position":"center center","background-size":"auto","background-attachment":"scroll","background-type":"","background-media":"","overlay-type":"","overlay-color":"","overlay-opacity":"","overlay-gradient":""}}},"product_cat":[48],"product_tag":[],"class_list":["post-4928","product","type-product","status-publish","has-post-thumbnail","hentry","product_cat-sunkaraoke-dalok","desktop-align-left","tablet-align-left","mobile-align-left"],"_links":{"self":[{"href":"https:\/\/www.sunkaraoke.hu\/index.php\/wp-json\/wp\/v2\/product\/4928","targetHints":{"allow":["GET"]}}],"collection":[{"href":"https:\/\/www.sunkaraoke.hu\/index.php\/wp-json\/wp\/v2\/product"}],"about":[{"href":"https:\/\/www.sunkaraoke.hu\/index.php\/wp-json\/wp\/v2\/types\/product"}],"wp:featuredmedia":[{"embeddable":true,"href":"https:\/\/www.sunkaraoke.hu\/index.php\/wp-json\/wp\/v2\/media\/6147"}],"wp:attachment":[{"href":"https:\/\/www.sunkaraoke.hu\/index.php\/wp-json\/wp\/v2\/media?parent=4928"}],"wp:term":[{"taxonomy":"product_cat","embeddable":true,"href":"https:\/\/www.sunkaraoke.hu\/index.php\/wp-json\/wp\/v2\/product_cat?post=4928"},{"taxonomy":"product_tag","embeddable":true,"href":"https:\/\/www.sunkaraoke.hu\/index.php\/wp-json\/wp\/v2\/product_tag?post=4928"}],"curies":[{"name":"wp","href":"https:\/\/api.w.org\/{rel}","templated":true}]}}