{"id":4922,"date":"2022-08-08T20:48:20","date_gmt":"2022-08-08T20:48:20","guid":{"rendered":"https:\/\/www.sunkaraoke.hu\/index.php\/termek\/kormoran-harangok-dala\/"},"modified":"2022-10-21T14:14:09","modified_gmt":"2022-10-21T14:14:09","slug":"kormoran-harangok-dala","status":"publish","type":"product","link":"https:\/\/www.sunkaraoke.hu\/index.php\/termek\/kormoran-harangok-dala\/","title":{"rendered":"<div class=\"wcmp-player-container product-4922\"><audio controlslist=\"nodownload\" data-product=\"4922\"  volume=\"1\"  preload=\"none\" data-lazyloading=\"none\" class=\"wcmp-player track mejs-classic\" ><source src=\"https:\/\/www.sunkaraoke.hu\/wp-content\/uploads\/wcmp\/518438565c6e171104793bbf27da7d5c.mp3\" type=\"audio\/mp3\" \/><\/audio><\/div>Kormor\u00e1n &#8211; Harangok dala"},"content":{"rendered":"<p><strong>04:48<\/strong> | <strong><img loading=\"lazy\" decoding=\"async\" class=\"alignnone size-full wp-image-467\" src=\"https:\/\/www.sunkaraoke.hu\/wp-content\/uploads\/2022\/07\/choir_2-copy.webp\" alt=\"\" width=\"30\" height=\"30\" \/> <strong> | <img loading=\"lazy\" decoding=\"async\" class=\"alignnone size-full wp-image-613\" src=\"https:\/\/www.sunkaraoke.hu\/wp-content\/uploads\/2022\/07\/transzponalas.webp\" alt=\"\" width=\"30\" height=\"30\" \/> <\/strong><strong>-2<\/strong><\/p>\n","protected":false},"excerpt":{"rendered":"<p><strong>Bits\u0171r\u0171s\u00e9g: <\/strong>196kb\/s<strong><br \/>\n<\/strong><strong>Hossz: <\/strong>04:48<strong><br \/>\n<\/strong><strong style=\"font-size: 16px;\">Vok\u00e1lt tartalmaz: <\/strong>Nem <img loading=\"lazy\" decoding=\"async\" class=\"alignnone size-full wp-image-467\" src=\"http:\/\/www.sunkaraoke.hu\/wp-content\/uploads\/2022\/07\/choir_2-copy.png\" alt=\"\" width=\"30\" height=\"30\" \/><strong style=\"font-size: 16px;\"><br \/>\n<\/strong><strong>Transzpon\u00e1l\u00e1s: <\/strong><img loading=\"lazy\" decoding=\"async\" class=\"alignnone size-full wp-image-613\" src=\"http:\/\/www.sunkaraoke.hu\/wp-content\/uploads\/2022\/07\/transzponalas.png\" alt=\"\" width=\"30\" height=\"30\" \/> -2<\/p>\n<p>&nbsp;<\/p>\n<p>&#8212;Intr\u00f3&#8212;<br \/>\nNe k\u00e9ssetek harangok,siessetek csat\u00e1ba,<br \/>\nIsten torny\u00e1b\u00f3l sz\u00e1lljatok a szeg\u00e9ny f\u00f6ld sar\u00e1ba.<br \/>\nSeg\u00edts harang d\u00f6r\u00f6gni,nyelved \u00edgy megmarad,<br \/>\nmost majd \u00e1gy\u00fa d\u00f6rgi el Im\u00e1ds\u00e1godat.<br \/>\nNe k\u00e9ssetek harangok,siessetek csat\u00e1ba,<br \/>\nIsten torny\u00e1b\u00f3l sz\u00e1lljatok a szeg\u00e9ny f\u00f6ld sar\u00e1ba.<br \/>\nSeg\u00edts harang d\u00f6r\u00f6gni,nyelved \u00edgy megmarad,<br \/>\nmost majd \u00e1gy\u00fa d\u00f6rgi el Im\u00e1ds\u00e1godat.<\/p>\n<p>Templom lett az \u00e9gbolt,csat\u00e1k tere benne,<br \/>\na szabads\u00e1g olt\u00e1r\u00e1hoz \u00e1gy\u00fak t\u00e9rdepelnek.<br \/>\nTemplom lett az \u00e9gbolt,csat\u00e1k tere benne,<br \/>\na szabads\u00e1g olt\u00e1r\u00e1hoz \u00e1gy\u00fak t\u00e9rdepelnek.<\/p>\n<p>Nem lesz \u00fcres a tornyod, ne f\u00e9lj harang, ne f\u00e9lj.<br \/>\nSz\u00edv\u00fcnk ott fenn dobban egy m\u00e9g szebb tornyod\u00e9rt.<br \/>\nSzabads\u00e1g lesz a tornyod, ne f\u00e9lj harang, ne f\u00e9lj.<br \/>\nAdd h\u00e1t k\u00f6lcs\u00f6n nyelved, d\u00f6rg\u00e9ssel besz\u00e9lj.<br \/>\nNem lesz \u00fcres a tornyod, ne f\u00e9lj harang, ne f\u00e9lj.<br \/>\nSz\u00edv\u00fcnk ott fenn dobban egy m\u00e9g szebb tornyod\u00e9rt.<br \/>\nSzabads\u00e1g lesz a tornyod, ne f\u00e9lj harang, ne f\u00e9lj.<br \/>\nAdd h\u00e1t k\u00f6lcs\u00f6n nyelved, d\u00f6rg\u00e9ssel besz\u00e9lj.<\/p>\n<p>\u00dagy \u00e9l\u00fcnk tov\u00e1bb,ha most mind meghalunk,<br \/>\na szabads\u00e1g isten\u00e9hez \u00e1gy\u00fakkal im\u00e1dkozunk.<br \/>\n\u00dagy \u00e9l\u00fcnk tov\u00e1bb,ha most mind meghalunk,<br \/>\na szabads\u00e1g isten\u00e9hez \u00e1gy\u00fakkal im\u00e1dkozunk.<\/p>\n<p>\u00c1lmodtam az \u00e9jjel, puszta lett a vil\u00e1g.<br \/>\nSz\u00e1zezernyi s\u00edrhantra nem ker\u00fclt vir\u00e1g.<br \/>\n\u00c1lmodtam, hogy h\u0151s any\u00e1k fi\u00fakat siratt\u00e1k,<br \/>\n\u00e9s tiltva volt az \u00fcnnep is, mikor gy\u0151z\u00f6tt a szabads\u00e1g.<\/p>\n<p>Gy\u0151zni fogunk, ha itt m\u00e1r seregben \u00e1gy\u00fa \u00e1ll.<br \/>\nAz obsitos harang is egyszer torny\u00e1ba visszasz\u00e1ll.<br \/>\nElfeledj\u00fck majd lassan a harcot, v\u00e9r\u00f6z\u00f6nt,<br \/>\na b\u00e9ke minden \u00e1gy\u00fat harangg\u00e1 vissza\u00f6nt.<br \/>\nGy\u0151zni fogunk, ha itt m\u00e1r seregben \u00e1gy\u00fa \u00e1ll.<br \/>\nAz obsitos harang is egyszer torny\u00e1ba visszasz\u00e1ll.<br \/>\nElfeledj\u00fck majd lassan a harcot, v\u00e9r\u00f6z\u00f6nt,<br \/>\na b\u00e9ke minden \u00e1gy\u00fat harangg\u00e1 vissza\u00f6nt.<\/p>\n<p>&#8212;V\u00e9ge&#8212;<\/p>\n","protected":false},"featured_media":288,"template":"","meta":{"site-sidebar-layout":"default","site-content-layout":"default","ast-site-content-layout":"","site-content-style":"default","site-sidebar-style":"default","ast-global-header-display":"","ast-banner-title-visibility":"","ast-main-header-display":"","ast-hfb-above-header-display":"","ast-hfb-below-header-display":"","ast-hfb-mobile-header-display":"","site-post-title":"","ast-breadcrumbs-content":"","ast-featured-img":"","footer-sml-layout":"","theme-transparent-header-meta":"default","adv-header-id-meta":"","stick-header-meta":"","header-above-stick-meta":"","header-main-stick-meta":"","header-below-stick-meta":"","astra-migrate-meta-layouts":"default","ast-page-background-enabled":"default","ast-page-background-meta":{"desktop":{"background-color":"var(--ast-global-color-4)","background-image":"","background-repeat":"repeat","background-position":"center center","background-size":"auto","background-attachment":"scroll","background-type":"","background-media":"","overlay-type":"","overlay-color":"","overlay-opacity":"","overlay-gradient":""},"tablet":{"background-color":"","background-image":"","background-repeat":"repeat","background-position":"center center","background-size":"auto","background-attachment":"scroll","background-type":"","background-media":"","overlay-type":"","overlay-color":"","overlay-opacity":"","overlay-gradient":""},"mobile":{"background-color":"","background-image":"","background-repeat":"repeat","background-position":"center center","background-size":"auto","background-attachment":"scroll","background-type":"","background-media":"","overlay-type":"","overlay-color":"","overlay-opacity":"","overlay-gradient":""}},"ast-content-background-meta":{"desktop":{"background-color":"var(--ast-global-color-5)","background-image":"","background-repeat":"repeat","background-position":"center center","background-size":"auto","background-attachment":"scroll","background-type":"","background-media":"","overlay-type":"","overlay-color":"","overlay-opacity":"","overlay-gradient":""},"tablet":{"background-color":"var(--ast-global-color-5)","background-image":"","background-repeat":"repeat","background-position":"center center","background-size":"auto","background-attachment":"scroll","background-type":"","background-media":"","overlay-type":"","overlay-color":"","overlay-opacity":"","overlay-gradient":""},"mobile":{"background-color":"var(--ast-global-color-5)","background-image":"","background-repeat":"repeat","background-position":"center center","background-size":"auto","background-attachment":"scroll","background-type":"","background-media":"","overlay-type":"","overlay-color":"","overlay-opacity":"","overlay-gradient":""}}},"product_cat":[58],"product_tag":[],"class_list":["post-4922","product","type-product","status-publish","has-post-thumbnail","hentry","product_cat-erdelyi-zoltan","desktop-align-left","tablet-align-left","mobile-align-left"],"_links":{"self":[{"href":"https:\/\/www.sunkaraoke.hu\/index.php\/wp-json\/wp\/v2\/product\/4922","targetHints":{"allow":["GET"]}}],"collection":[{"href":"https:\/\/www.sunkaraoke.hu\/index.php\/wp-json\/wp\/v2\/product"}],"about":[{"href":"https:\/\/www.sunkaraoke.hu\/index.php\/wp-json\/wp\/v2\/types\/product"}],"wp:featuredmedia":[{"embeddable":true,"href":"https:\/\/www.sunkaraoke.hu\/index.php\/wp-json\/wp\/v2\/media\/288"}],"wp:attachment":[{"href":"https:\/\/www.sunkaraoke.hu\/index.php\/wp-json\/wp\/v2\/media?parent=4922"}],"wp:term":[{"taxonomy":"product_cat","embeddable":true,"href":"https:\/\/www.sunkaraoke.hu\/index.php\/wp-json\/wp\/v2\/product_cat?post=4922"},{"taxonomy":"product_tag","embeddable":true,"href":"https:\/\/www.sunkaraoke.hu\/index.php\/wp-json\/wp\/v2\/product_tag?post=4922"}],"curies":[{"name":"wp","href":"https:\/\/api.w.org\/{rel}","templated":true}]}}