{"id":4901,"date":"2022-08-08T20:48:18","date_gmt":"2022-08-08T20:48:18","guid":{"rendered":"https:\/\/www.sunkaraoke.hu\/index.php\/termek\/kovats-kriszta-gallai-peter-a-hid-fele\/"},"modified":"2025-04-11T11:17:45","modified_gmt":"2025-04-11T11:17:45","slug":"kovats-kriszta-gallai-peter-a-hid-fele","status":"publish","type":"product","link":"https:\/\/www.sunkaraoke.hu\/index.php\/termek\/kovats-kriszta-gallai-peter-a-hid-fele\/","title":{"rendered":"<div class=\"wcmp-player-container product-4901\"><audio controlslist=\"nodownload\" data-product=\"4901\"  volume=\"1\"  preload=\"none\" data-lazyloading=\"none\" class=\"wcmp-player track mejs-classic\" data-duration=\"0:34\" data-estimated_duration=\"4\"><source src=\"https:\/\/www.sunkaraoke.hu\/wp-content\/uploads\/2022\/08\/A-hid-fele-SB.-kdemoo.mp3\" type=\"audio\/mp3\" \/><\/audio><\/div>Kov\u00e1ts Kriszta &#038; Gallai P\u00e9ter &#8211; A h\u00edd fel\u00e9 (Original)"},"content":{"rendered":"<p><strong>04:56<\/strong> | <strong><img loading=\"lazy\" decoding=\"async\" class=\"alignnone size-full wp-image-467\" src=\"https:\/\/www.sunkaraoke.hu\/wp-content\/uploads\/2022\/07\/choir_2-copy.webp\" alt=\"\" width=\"30\" height=\"30\" \/> <\/strong><\/p>\n","protected":false},"excerpt":{"rendered":"<h6><strong>Bits\u0171r\u0171s\u00e9g: 320<\/strong>kb\/s<strong><br \/>\n<\/strong><strong>Hossz: <\/strong>04:56<strong><br \/>\n<\/strong><strong style=\"font-size: 16px;\">Vok\u00e1lt tartalmaz: <\/strong>Nem <img loading=\"lazy\" decoding=\"async\" class=\"alignnone size-full wp-image-467\" src=\"http:\/\/www.sunkaraoke.hu\/wp-content\/uploads\/2022\/07\/choir_2-copy.png\" alt=\"\" width=\"30\" height=\"30\" \/><strong style=\"font-size: 16px;\"><br \/>\n<\/strong><\/h6>\n<p>Sunkaraoke mp3 st\u00fadi\u00f3 \/ www.sunkaraoke.hu \/ Inf: Tel: 06 20 4275001<\/p>\n<p>&#8212;Intr\u00f3&#8212;<br \/>\nAhogy indult\u00e1l a h\u00edd fel\u00e9,<br \/>\nhogy a villamosra sz\u00e1llj,<br \/>\nahogy elb\u00facs\u00fazt\u00e1l hirtelen,<br \/>\n\u00e9s \u00e9n nem sz\u00f3ltam, hogy v\u00e1rj.<br \/>\nEz az eml\u00e9k n\u00e9ha visszaj\u00f6n,<br \/>\nez az eml\u00e9k n\u00e9ha f\u00e1j,<br \/>\nahogy indult\u00e1l a h\u00edd fel\u00e9,<br \/>\n\u00e9s \u00e9n nem sz\u00f3ltam, hogy v\u00e1rj.<\/p>\n<p>Persze nem hittem hogy sz\u00f3lni kell,<br \/>\naki indul menjen el.<\/p>\n<p>L\u00e1tom t\u00e9tov\u00e1n m\u00e9sz, a h\u00edd fel\u00e9 a k\u00f6dben,<br \/>\ns hogy a villamos visz a h\u00eddon \u00e1t.<br \/>\nL\u00e1tom nem j\u00f6ssz t\u00f6bb\u00e9, \u00e9s l\u00e1tom k\u00f6zben,<br \/>\nazt az el nem m\u00fal\u00f3 \u00e9jszak\u00e1t.<\/p>\n<p>Hiszen azt mondtad hogy jobb nekem,<br \/>\nmert \u00fagyis v\u00e9get \u00e9r,<br \/>\n\u00e9s k\u00f6zben fogtad a s\u00e1lamat,<br \/>\nmert kapaszkodik, aki f\u00e9l.<br \/>\nHiszen azt is mondtad j\u00f3 vagyok,<br \/>\n\u00e9s hogy m\u00e9gsem j\u00f3 a j\u00f3.<br \/>\nV\u00e9g\u00fcl elmosolyodt\u00e1l azt hiszem,<br \/>\nahhoz \u00fagysem kell a sz\u00f3.<\/p>\n<p>\u00c9s \u00e9n nem hittem hogy sz\u00f3lni kell,<br \/>\naki indul, menjen el.<\/p>\n<p>L\u00e1tom t\u00e9tov\u00e1n m\u00e9sz, a h\u00edd fel\u00e9 a k\u00f6dben,<br \/>\ns hogy a villamos visz a h\u00eddon \u00e1t.<br \/>\nL\u00e1tom nem j\u00f6ssz t\u00f6bb\u00e9, \u00e9s l\u00e1tom k\u00f6zben,<br \/>\nazt az el nem m\u00fal\u00f3 \u00e9jszak\u00e1t.<br \/>\n&#8212;Sz\u00f3l\u00f3&#8212;<br \/>\nL\u00e1tom t\u00e9tov\u00e1n m\u00e9sz, a h\u00edd fel\u00e9 a k\u00f6dben,<br \/>\ns hogy a villamos visz a h\u00eddon \u00e1t.<br \/>\nL\u00e1tom nem j\u00f6ssz t\u00f6bb\u00e9, \u00e9s l\u00e1tom k\u00f6zben,<br \/>\nazt az el nem m\u00fal\u00f3 \u00e9jszak\u00e1t.<br \/>\nL\u00e1tom t\u00e9tov\u00e1n m\u00e9sz, a h\u00edd fel\u00e9 a k\u00f6dben,<br \/>\ns hogy a villamos visz a h\u00eddon \u00e1t.<br \/>\nL\u00e1tom nem j\u00f6ssz t\u00f6bb\u00e9, \u00e9s l\u00e1tom k\u00f6zben,<br \/>\nazt a soha nem m\u00fal\u00f3 \u00e9jszak\u00e1t.<br \/>\n&#8212;V\u00e9ge&#8212;<\/p>\n","protected":false},"featured_media":18572,"template":"","meta":{"site-sidebar-layout":"default","site-content-layout":"default","ast-site-content-layout":"default","site-content-style":"default","site-sidebar-style":"default","ast-global-header-display":"","ast-banner-title-visibility":"","ast-main-header-display":"","ast-hfb-above-header-display":"","ast-hfb-below-header-display":"","ast-hfb-mobile-header-display":"","site-post-title":"","ast-breadcrumbs-content":"","ast-featured-img":"","footer-sml-layout":"","theme-transparent-header-meta":"default","adv-header-id-meta":"","stick-header-meta":"","header-above-stick-meta":"","header-main-stick-meta":"","header-below-stick-meta":"","astra-migrate-meta-layouts":"set","ast-page-background-enabled":"default","ast-page-background-meta":{"desktop":{"background-color":"var(--ast-global-color-4)","background-image":"","background-repeat":"repeat","background-position":"center center","background-size":"auto","background-attachment":"scroll","background-type":"","background-media":"","overlay-type":"","overlay-color":"","overlay-opacity":"","overlay-gradient":""},"tablet":{"background-color":"","background-image":"","background-repeat":"repeat","background-position":"center center","background-size":"auto","background-attachment":"scroll","background-type":"","background-media":"","overlay-type":"","overlay-color":"","overlay-opacity":"","overlay-gradient":""},"mobile":{"background-color":"","background-image":"","background-repeat":"repeat","background-position":"center center","background-size":"auto","background-attachment":"scroll","background-type":"","background-media":"","overlay-type":"","overlay-color":"","overlay-opacity":"","overlay-gradient":""}},"ast-content-background-meta":{"desktop":{"background-color":"var(--ast-global-color-5)","background-image":"","background-repeat":"repeat","background-position":"center center","background-size":"auto","background-attachment":"scroll","background-type":"","background-media":"","overlay-type":"","overlay-color":"","overlay-opacity":"","overlay-gradient":""},"tablet":{"background-color":"var(--ast-global-color-5)","background-image":"","background-repeat":"repeat","background-position":"center center","background-size":"auto","background-attachment":"scroll","background-type":"","background-media":"","overlay-type":"","overlay-color":"","overlay-opacity":"","overlay-gradient":""},"mobile":{"background-color":"var(--ast-global-color-5)","background-image":"","background-repeat":"repeat","background-position":"center center","background-size":"auto","background-attachment":"scroll","background-type":"","background-media":"","overlay-type":"","overlay-color":"","overlay-opacity":"","overlay-gradient":""}}},"product_cat":[48],"product_tag":[],"class_list":["post-4901","product","type-product","status-publish","has-post-thumbnail","hentry","product_cat-sunkaraoke-dalok","desktop-align-left","tablet-align-left","mobile-align-left"],"_links":{"self":[{"href":"https:\/\/www.sunkaraoke.hu\/index.php\/wp-json\/wp\/v2\/product\/4901","targetHints":{"allow":["GET"]}}],"collection":[{"href":"https:\/\/www.sunkaraoke.hu\/index.php\/wp-json\/wp\/v2\/product"}],"about":[{"href":"https:\/\/www.sunkaraoke.hu\/index.php\/wp-json\/wp\/v2\/types\/product"}],"wp:featuredmedia":[{"embeddable":true,"href":"https:\/\/www.sunkaraoke.hu\/index.php\/wp-json\/wp\/v2\/media\/18572"}],"wp:attachment":[{"href":"https:\/\/www.sunkaraoke.hu\/index.php\/wp-json\/wp\/v2\/media?parent=4901"}],"wp:term":[{"taxonomy":"product_cat","embeddable":true,"href":"https:\/\/www.sunkaraoke.hu\/index.php\/wp-json\/wp\/v2\/product_cat?post=4901"},{"taxonomy":"product_tag","embeddable":true,"href":"https:\/\/www.sunkaraoke.hu\/index.php\/wp-json\/wp\/v2\/product_tag?post=4901"}],"curies":[{"name":"wp","href":"https:\/\/api.w.org\/{rel}","templated":true}]}}