{"id":4898,"date":"2022-08-08T20:48:17","date_gmt":"2022-08-08T20:48:17","guid":{"rendered":"https:\/\/www.sunkaraoke.hu\/index.php\/termek\/hooligans-feat-lofti-begi-paradicsom\/"},"modified":"2025-04-11T10:18:57","modified_gmt":"2025-04-11T10:18:57","slug":"hooligans-feat-lofti-begi-paradicsom","status":"publish","type":"product","link":"https:\/\/www.sunkaraoke.hu\/index.php\/termek\/hooligans-feat-lofti-begi-paradicsom\/","title":{"rendered":"<div class=\"wcmp-player-container product-4898\"><audio controlslist=\"nodownload\" data-product=\"4898\"  volume=\"1\"  preload=\"none\" data-lazyloading=\"none\" class=\"wcmp-player track mejs-classic\" data-duration=\"0:33\" data-estimated_duration=\"4\"><source src=\"https:\/\/www.sunkaraoke.hu\/wp-content\/uploads\/2022\/08\/Paradicsom-Lotfi.-orig-SB.-demooo.mp3\" type=\"audio\/mp3\" \/><\/audio><\/div>Hooligans Feat Lofti Begi &#8211; Paradicsom (Original SB Edition)"},"content":{"rendered":"<p><strong>03:14<\/strong> | <strong><img loading=\"lazy\" decoding=\"async\" class=\"alignnone size-full wp-image-467\" src=\"https:\/\/www.sunkaraoke.hu\/wp-content\/uploads\/2022\/07\/choir_2-copy.webp\" alt=\"\" width=\"30\" height=\"30\" \/> <\/strong><\/p>\n","protected":false},"excerpt":{"rendered":"<h6><strong>Bits\u0171r\u0171s\u00e9g: 320<\/strong>kb\/s<strong><br \/>\n<\/strong><strong>Hossz: <\/strong>03:14<strong><br \/>\n<\/strong><strong style=\"font-size: 16px;\">Vok\u00e1lt tartalmaz: <\/strong>Nem <img loading=\"lazy\" decoding=\"async\" class=\"alignnone size-full wp-image-467\" src=\"http:\/\/www.sunkaraoke.hu\/wp-content\/uploads\/2022\/07\/choir_2-copy.png\" alt=\"\" width=\"30\" height=\"30\" \/><strong style=\"font-size: 16px;\"><br \/>\n<\/strong><\/h6>\n<p>Sunkaraoke mp3 st\u00fadi\u00f3 \/ www.sunkaraoke.hu \/ Inf: Tel: 06 20 4275001<\/p>\n<p>&#8212;Intr\u00f3&#8212;<br \/>\nS\u00fct a nap, egy felh\u0151n fekszem,<br \/>\nr\u00f3zsasz\u00edn napszem\u00fcvegben.<br \/>\nB\u00edbor k\u00f6d, a felh\u0151k f\u00f6l\u00f6tt,<br \/>\nkipr\u00f3b\u00e1lom, m\u00e1skor is bej\u00f6tt,<br \/>\nez a v\u00e9gtelen, k\u00e9nyelem sziget,<br \/>\nn\u00e9zz sz\u00e9t, \u00fagyse l\u00e1tt\u00e1l ilyet.<br \/>\nV\u00e9gtelen, k\u00e9nyelem sziget,<br \/>\nparadicsom, a felh\u0151k felett.<\/p>\n<p>Ez marha j\u00f3, mint egy l\u00e9ghaj\u00f3,<br \/>\nez marha j\u00f3, rep\u00fclsz mint egy l\u00e9ghaj\u00f3.<br \/>\n&#8212;Sz\u00f3l\u00f3&#8212;<br \/>\nH\u00e9 v\u00e1rj, sz\u00edvj el egy cigit,<br \/>\n\u00e9lvezd te is ezt a bibliai dilit.<br \/>\n\u00c1d\u00e1m, \u00c9va a felh\u0151k k\u00f6z\u00f6tt,<br \/>\nlehet, hogy holnap odak\u00f6lt\u00f6z\u00f6m.<br \/>\nOtt nyaral a p\u00e1pa, a Vatik\u00e1n hideg,<br \/>\n\u00e9s ott l\u00f3g a l\u00e1ma, mert unalmas m\u00e1r Tibet.<br \/>\nV\u00e9gtelen k\u00e9nyelem sziget,<br \/>\nparadicsomi b\u0151s\u00e9gliget.<\/p>\n<p>Ez marha j\u00f3, mint egy l\u00e9ghaj\u00f3,<br \/>\nez marha j\u00f3, rep\u00fclsz mint egy l\u00e9ghaj\u00f3.<br \/>\n&#8212;Sz\u00f3l\u00f3&#8212;<br \/>\nS\u00fct a nap, egy felh\u0151n fekszem,<br \/>\nr\u00f3zsasz\u00edn napszem\u00fcvegben.<br \/>\nB\u00edbor k\u00f6d a felh\u0151k f\u00f6l\u00f6tt,<br \/>\nkipr\u00f3b\u00e1lom, m\u00e1skor is bej\u00f6tt,<br \/>\nez a v\u00e9gtelen k\u00e9nyelem sziget,<br \/>\nn\u00e9zz sz\u00e9t, \u00fagyse l\u00e1tt\u00e1l ilyet.<br \/>\nV\u00e9gtelen, k\u00e9nyelem sziget,<br \/>\nparadicsom a felh\u0151k felett.<\/p>\n<p>Ez marha j\u00f3, mint egy l\u00e9ghaj\u00f3,<br \/>\nez marha j\u00f3, rep\u00fclsz, mint egy l\u00e9ghaj\u00f3.<\/p>\n<p>Az \u00e9n paradicsom&#8230;&#8230;&#8230;.<br \/>\nAz \u00e9n paradicsom&#8230;&#8230;&#8230;.<br \/>\nAz \u00e9n paradicsom&#8230;&#8230;&#8230;.<br \/>\nAz \u00e9n paradicsom&#8230;&#8230;&#8230;.<br \/>\nParadicsom&#8230;&#8230;&#8230;..<br \/>\nAz \u00e9n paradicsom&#8230;&#8230;&#8230;.<br \/>\n&#8212;V\u00e9ge&#8212;<\/p>\n","protected":false},"featured_media":10422,"template":"","meta":{"site-sidebar-layout":"default","site-content-layout":"default","ast-site-content-layout":"default","site-content-style":"default","site-sidebar-style":"default","ast-global-header-display":"","ast-banner-title-visibility":"","ast-main-header-display":"","ast-hfb-above-header-display":"","ast-hfb-below-header-display":"","ast-hfb-mobile-header-display":"","site-post-title":"","ast-breadcrumbs-content":"","ast-featured-img":"","footer-sml-layout":"","theme-transparent-header-meta":"default","adv-header-id-meta":"","stick-header-meta":"","header-above-stick-meta":"","header-main-stick-meta":"","header-below-stick-meta":"","astra-migrate-meta-layouts":"set","ast-page-background-enabled":"default","ast-page-background-meta":{"desktop":{"background-color":"var(--ast-global-color-4)","background-image":"","background-repeat":"repeat","background-position":"center center","background-size":"auto","background-attachment":"scroll","background-type":"","background-media":"","overlay-type":"","overlay-color":"","overlay-opacity":"","overlay-gradient":""},"tablet":{"background-color":"","background-image":"","background-repeat":"repeat","background-position":"center center","background-size":"auto","background-attachment":"scroll","background-type":"","background-media":"","overlay-type":"","overlay-color":"","overlay-opacity":"","overlay-gradient":""},"mobile":{"background-color":"","background-image":"","background-repeat":"repeat","background-position":"center center","background-size":"auto","background-attachment":"scroll","background-type":"","background-media":"","overlay-type":"","overlay-color":"","overlay-opacity":"","overlay-gradient":""}},"ast-content-background-meta":{"desktop":{"background-color":"var(--ast-global-color-5)","background-image":"","background-repeat":"repeat","background-position":"center center","background-size":"auto","background-attachment":"scroll","background-type":"","background-media":"","overlay-type":"","overlay-color":"","overlay-opacity":"","overlay-gradient":""},"tablet":{"background-color":"var(--ast-global-color-5)","background-image":"","background-repeat":"repeat","background-position":"center center","background-size":"auto","background-attachment":"scroll","background-type":"","background-media":"","overlay-type":"","overlay-color":"","overlay-opacity":"","overlay-gradient":""},"mobile":{"background-color":"var(--ast-global-color-5)","background-image":"","background-repeat":"repeat","background-position":"center center","background-size":"auto","background-attachment":"scroll","background-type":"","background-media":"","overlay-type":"","overlay-color":"","overlay-opacity":"","overlay-gradient":""}}},"product_cat":[48],"product_tag":[],"class_list":["post-4898","product","type-product","status-publish","has-post-thumbnail","hentry","product_cat-sunkaraoke-dalok","desktop-align-left","tablet-align-left","mobile-align-left"],"_links":{"self":[{"href":"https:\/\/www.sunkaraoke.hu\/index.php\/wp-json\/wp\/v2\/product\/4898","targetHints":{"allow":["GET"]}}],"collection":[{"href":"https:\/\/www.sunkaraoke.hu\/index.php\/wp-json\/wp\/v2\/product"}],"about":[{"href":"https:\/\/www.sunkaraoke.hu\/index.php\/wp-json\/wp\/v2\/types\/product"}],"wp:featuredmedia":[{"embeddable":true,"href":"https:\/\/www.sunkaraoke.hu\/index.php\/wp-json\/wp\/v2\/media\/10422"}],"wp:attachment":[{"href":"https:\/\/www.sunkaraoke.hu\/index.php\/wp-json\/wp\/v2\/media?parent=4898"}],"wp:term":[{"taxonomy":"product_cat","embeddable":true,"href":"https:\/\/www.sunkaraoke.hu\/index.php\/wp-json\/wp\/v2\/product_cat?post=4898"},{"taxonomy":"product_tag","embeddable":true,"href":"https:\/\/www.sunkaraoke.hu\/index.php\/wp-json\/wp\/v2\/product_tag?post=4898"}],"curies":[{"name":"wp","href":"https:\/\/api.w.org\/{rel}","templated":true}]}}