{"id":4894,"date":"2022-08-08T20:48:17","date_gmt":"2022-08-08T20:48:17","guid":{"rendered":"https:\/\/www.sunkaraoke.hu\/index.php\/termek\/notar-mary-ide-figyelj-baba\/"},"modified":"2025-03-29T10:37:35","modified_gmt":"2025-03-29T10:37:35","slug":"notar-mary-ide-figyelj-baba","status":"publish","type":"product","link":"https:\/\/www.sunkaraoke.hu\/index.php\/termek\/notar-mary-ide-figyelj-baba\/","title":{"rendered":"<div class=\"wcmp-player-container product-4894\"><audio controlslist=\"nodownload\" data-product=\"4894\"  volume=\"1\"  preload=\"none\" data-lazyloading=\"none\" class=\"wcmp-player track mejs-classic\" data-duration=\"0:33\" data-estimated_duration=\"4\"><source src=\"https:\/\/www.sunkaraoke.hu\/wp-content\/uploads\/2022\/08\/Ide-figyelj-baba-Notar-SB.-_demo.mp3\" type=\"audio\/mp3\" \/><\/audio><\/div>Notar Mary &#8211; Ide figyelj baba (Original)"},"content":{"rendered":"<p><strong>03:20<\/strong> | <strong><img loading=\"lazy\" decoding=\"async\" class=\"alignnone size-full wp-image-467\" src=\"https:\/\/www.sunkaraoke.hu\/wp-content\/uploads\/2022\/07\/choir_2-copy.webp\" alt=\"\" width=\"30\" height=\"30\" \/> <\/strong><\/p>\n","protected":false},"excerpt":{"rendered":"<h6><strong>Bits\u0171r\u0171s\u00e9g: 320 kb\/s<\/strong><br \/>\n<strong>Hossz: 03:20<\/strong><br \/>\n<strong>Vok\u00e1lt tartalmaz: Nem <img loading=\"lazy\" decoding=\"async\" class=\"alignnone size-full wp-image-467\" src=\"http:\/\/www.sunkaraoke.hu\/wp-content\/uploads\/2022\/07\/choir_2-copy.png\" alt=\"\" width=\"30\" height=\"30\" \/><\/strong><strong style=\"font-size: 16px;\"><br \/>\n<\/strong><\/h6>\n<p>Sunkaraoke mp3 st\u00fadi\u00f3 \/ www.sunkaraoke.hu \/ Inf: Tel: 06 20 4275001<\/p>\n<p>Tidi, di, t\u00e1, t\u00e1, tidi, di, t\u00e1, d\u00e1, l\u00e1l, l\u00e1&#8230;.<br \/>\nIde figyelj baba, nem vagyok a mama,<br \/>\ntidi, di, t\u00e1, t\u00e1, tidi, di, t\u00e1, d\u00e1.<br \/>\nGyorsan gyere haza, ne legy\u00e9l m\u00e1r laza,<br \/>\ntidi, di, t\u00e1, t\u00e1, tidi, di, t\u00e1, d\u00e1.<br \/>\nH\u00e1t vissza \u00fczent nekem, tudjam hol a helyem,<br \/>\ntidi, di, t\u00e1, t\u00e1, tidi, di, t\u00e1, d\u00e1.<br \/>\nF\u0151zzek a t\u0171zhelyen, k\u00f6ssem be a fejem,<br \/>\ntidi, di, t\u00e1, t\u00e1, tidi, di, t\u00e1, d\u00e1.<br \/>\nH\u00e1t f\u00e9lt\u00e9keny vagyok ter\u00e1d,<br \/>\ntidi, di, t\u00e1, t\u00e1, tidi, di, t\u00e1, d\u00e1.<br \/>\nA k\u00e9t szemed \u00fagy megbabon\u00e1z,<br \/>\ntidi, di, t\u00e1, t\u00e1, tidi, di, t\u00e1, d\u00e1.<br \/>\nH\u00e1t f\u00e9lt\u00e9keny vagyok ter\u00e1d,<br \/>\ntidi, di, t\u00e1, t\u00e1, tidi, di, t\u00e1, d\u00e1.<br \/>\nA k\u00e9t szemed \u00fagy megbabon\u00e1z,<br \/>\ntidi, di, t\u00e1, t\u00e1, tidi, di, t\u00e1, d\u00e1.<br \/>\nTidi, di, t\u00e1, t\u00e1, tidi, di, t\u00e1, d\u00e1, l\u00e1l, l\u00e1&#8230;.<br \/>\n&#8212;Sz\u00f3l\u00f3&#8212;<br \/>\nMegj\u00e1tszod itt magad,teszed itt az agyad,<br \/>\ntidi, di, t\u00e1, t\u00e1, tidi, di, t\u00e1, d\u00e1.<br \/>\nJ\u00f6ssz te m\u00e9g majd haza, na akkor dum\u00e1lj apa,<br \/>\ntidi, di, t\u00e1, t\u00e1, tidi, di, t\u00e1, d\u00e1.<br \/>\nNa mit \u00fczengetsz anya,mindj\u00e1rt mengyek haza,<br \/>\ntidi, di, t\u00e1, t\u00e1, tidi, di, t\u00e1, d\u00e1.<br \/>\nNe veszekedj baba, sok p\u00e9nzt viszek haza,<br \/>\ntidi, di, t\u00e1, t\u00e1, tidi, di, t\u00e1, d\u00e1.<br \/>\nH\u00e1t f\u00e9lt\u00e9keny vagyok ter\u00e1d,<br \/>\ntidi, di, t\u00e1, t\u00e1, tidi, di, t\u00e1, d\u00e1.<br \/>\nA k\u00e9t szemed \u00fagy megbabon\u00e1z,<br \/>\ntidi, di, t\u00e1, t\u00e1, tidi, di, t\u00e1, d\u00e1.<br \/>\nH\u00e1t f\u00e9lt\u00e9keny vagyok ter\u00e1d,<br \/>\ntidi, di, t\u00e1, t\u00e1, tidi, di, t\u00e1, d\u00e1.<br \/>\nA k\u00e9t szemed \u00fagy megbabon\u00e1z,<br \/>\ntidi, di, t\u00e1, t\u00e1, tidi, di, t\u00e1, d\u00e1.<br \/>\n&#8212;Sz\u00f3l\u00f3&#8212;<br \/>\nL\u00e1j,l\u00e1j, l\u00e1,l\u00e1&#8230;..<br \/>\nH\u00e1t f\u00e9lt\u00e9keny vagyok ter\u00e1d,<br \/>\ntidi, di, t\u00e1, t\u00e1, tidi, di, t\u00e1, d\u00e1.<br \/>\nA k\u00e9t szemed \u00fagy megbabon\u00e1z,<br \/>\ntidi, di, t\u00e1, t\u00e1, tidi, di, t\u00e1, d\u00e1.<br \/>\nTidi, di, t\u00e1, t\u00e1, tidi, di, t\u00e1, d\u00e1, l\u00e1l, l\u00e1&#8230;.<br \/>\n&#8212;V\u00e9ge&#8212;<\/p>\n","protected":false},"featured_media":8740,"template":"","meta":{"site-sidebar-layout":"default","site-content-layout":"default","ast-site-content-layout":"default","site-content-style":"default","site-sidebar-style":"default","ast-global-header-display":"","ast-banner-title-visibility":"","ast-main-header-display":"","ast-hfb-above-header-display":"","ast-hfb-below-header-display":"","ast-hfb-mobile-header-display":"","site-post-title":"","ast-breadcrumbs-content":"","ast-featured-img":"","footer-sml-layout":"","theme-transparent-header-meta":"default","adv-header-id-meta":"","stick-header-meta":"","header-above-stick-meta":"","header-main-stick-meta":"","header-below-stick-meta":"","astra-migrate-meta-layouts":"set","ast-page-background-enabled":"default","ast-page-background-meta":{"desktop":{"background-color":"var(--ast-global-color-4)","background-image":"","background-repeat":"repeat","background-position":"center center","background-size":"auto","background-attachment":"scroll","background-type":"","background-media":"","overlay-type":"","overlay-color":"","overlay-opacity":"","overlay-gradient":""},"tablet":{"background-color":"","background-image":"","background-repeat":"repeat","background-position":"center center","background-size":"auto","background-attachment":"scroll","background-type":"","background-media":"","overlay-type":"","overlay-color":"","overlay-opacity":"","overlay-gradient":""},"mobile":{"background-color":"","background-image":"","background-repeat":"repeat","background-position":"center center","background-size":"auto","background-attachment":"scroll","background-type":"","background-media":"","overlay-type":"","overlay-color":"","overlay-opacity":"","overlay-gradient":""}},"ast-content-background-meta":{"desktop":{"background-color":"var(--ast-global-color-5)","background-image":"","background-repeat":"repeat","background-position":"center center","background-size":"auto","background-attachment":"scroll","background-type":"","background-media":"","overlay-type":"","overlay-color":"","overlay-opacity":"","overlay-gradient":""},"tablet":{"background-color":"var(--ast-global-color-5)","background-image":"","background-repeat":"repeat","background-position":"center center","background-size":"auto","background-attachment":"scroll","background-type":"","background-media":"","overlay-type":"","overlay-color":"","overlay-opacity":"","overlay-gradient":""},"mobile":{"background-color":"var(--ast-global-color-5)","background-image":"","background-repeat":"repeat","background-position":"center center","background-size":"auto","background-attachment":"scroll","background-type":"","background-media":"","overlay-type":"","overlay-color":"","overlay-opacity":"","overlay-gradient":""}}},"product_cat":[48],"product_tag":[],"class_list":["post-4894","product","type-product","status-publish","has-post-thumbnail","hentry","product_cat-sunkaraoke-dalok","desktop-align-left","tablet-align-left","mobile-align-left"],"_links":{"self":[{"href":"https:\/\/www.sunkaraoke.hu\/index.php\/wp-json\/wp\/v2\/product\/4894","targetHints":{"allow":["GET"]}}],"collection":[{"href":"https:\/\/www.sunkaraoke.hu\/index.php\/wp-json\/wp\/v2\/product"}],"about":[{"href":"https:\/\/www.sunkaraoke.hu\/index.php\/wp-json\/wp\/v2\/types\/product"}],"wp:featuredmedia":[{"embeddable":true,"href":"https:\/\/www.sunkaraoke.hu\/index.php\/wp-json\/wp\/v2\/media\/8740"}],"wp:attachment":[{"href":"https:\/\/www.sunkaraoke.hu\/index.php\/wp-json\/wp\/v2\/media?parent=4894"}],"wp:term":[{"taxonomy":"product_cat","embeddable":true,"href":"https:\/\/www.sunkaraoke.hu\/index.php\/wp-json\/wp\/v2\/product_cat?post=4894"},{"taxonomy":"product_tag","embeddable":true,"href":"https:\/\/www.sunkaraoke.hu\/index.php\/wp-json\/wp\/v2\/product_tag?post=4894"}],"curies":[{"name":"wp","href":"https:\/\/api.w.org\/{rel}","templated":true}]}}