{"id":4891,"date":"2022-08-08T20:48:17","date_gmt":"2022-08-08T20:48:17","guid":{"rendered":"https:\/\/www.sunkaraoke.hu\/index.php\/termek\/bodi-csabi-csokkiraly\/"},"modified":"2025-04-02T12:53:49","modified_gmt":"2025-04-02T12:53:49","slug":"bodi-csabi-csokkiraly","status":"publish","type":"product","link":"https:\/\/www.sunkaraoke.hu\/index.php\/termek\/bodi-csabi-csokkiraly\/","title":{"rendered":"<div class=\"wcmp-player-container product-4891\"><audio controlslist=\"nodownload\" data-product=\"4891\"  volume=\"1\"  preload=\"none\" data-lazyloading=\"none\" class=\"wcmp-player track mejs-classic\" data-duration=\"0:32\" data-estimated_duration=\"4\"><source src=\"https:\/\/www.sunkaraoke.hu\/wp-content\/uploads\/2022\/08\/Csokkiraly-Bodi-Orig-SB.-demooo.mp3\" type=\"audio\/mp3\" \/><\/audio><\/div>B\u00f3di Csabi &#8211; Cs\u00f3kkir\u00e1ly (Original)"},"content":{"rendered":"<p><strong>02:58<\/strong> | <strong><img loading=\"lazy\" decoding=\"async\" class=\"alignnone size-full wp-image-467\" src=\"https:\/\/www.sunkaraoke.hu\/wp-content\/uploads\/2022\/07\/choir_2-copy.webp\" alt=\"\" width=\"30\" height=\"30\" \/> <\/strong><\/p>\n","protected":false},"excerpt":{"rendered":"<h6><strong>Bits\u0171r\u0171s\u00e9g: 320<\/strong>kb\/s<strong><br \/>\n<\/strong><strong>Hossz: <\/strong>02:58<strong><br \/>\n<\/strong><strong style=\"font-size: 16px;\">Vok\u00e1lt tartalmaz: <\/strong>Nem <img loading=\"lazy\" decoding=\"async\" class=\"alignnone size-full wp-image-467\" src=\"http:\/\/www.sunkaraoke.hu\/wp-content\/uploads\/2022\/07\/choir_2-copy.png\" alt=\"\" width=\"30\" height=\"30\" \/><strong style=\"font-size: 16px;\"><br \/>\n<\/strong><\/h6>\n<p>Sunkaraoke mp3 st\u00fadi\u00f3 \/ www.sunkaraoke.hu \/ Inf: Tel: 06 20 4275001<\/p>\n<p>&#8212;Intr\u00f3&#8212;<br \/>\nAngyalar\u00fa cig\u00e1nyl\u00e1ny, \u00e9n vagyok a cs\u00f3kkir\u00e1ly,<br \/>\nelvar\u00e1zsol k\u00e9t szemed, add ide a pici sz\u00e1d.<br \/>\nGy\u00f6ny\u00f6r\u0171 \u00e9des barna l\u00e1ny, \u00e9n vagyok a cs\u00f3kkir\u00e1ly,<br \/>\nhaljak meg ha \u00e9rdekel, rajtad k\u00edv\u00fcl b\u00e1rki m\u00e1s.<br \/>\nA finom \u00e9des cs\u00f3kod jaj de \u00e9des l\u00e1cs\u00f3,<br \/>\nnem \u00e9reztem ilyen \u00edzt m\u00e9g soha a vil\u00e1gon,<br \/>\nmondom neked \u00f3-\u00f3,k\u00e9rek \u00e9rte cs\u00f3kot,!<br \/>\nA cs\u00f3kos sz\u00e1j a barna szem ami k\u00eds\u00e9rt\u00e9sbe visz,<br \/>\na mosolyod \u00e9s a cs\u00f3kod b\u00e1rcsak tudn\u00e1m \u00e9n feledni!<br \/>\nAngyal arc\u00fa cig\u00e1nyl\u00e1ny, \u00e9n vagyok a cs\u00f3kkir\u00e1ly,<br \/>\nelvar\u00e1zsol k\u00e9t szemed, add ide a pici sz\u00e1d.<br \/>\nGy\u00f6ny\u00f6r\u0171 \u00e9des barna l\u00e1ny, \u00e9n vagyok a cs\u00f3kkir\u00e1ly,<br \/>\nhaljak meg ha \u00e9rdekel, rajtad k\u00edv\u00fcl b\u00e1rki m\u00e1s.<br \/>\n&#8212;Sz\u00f3l\u00f3&#8212;<br \/>\nA finom \u00e9des cs\u00f3kod jaj de \u00e9des l\u00e1cs\u00f3,<br \/>\nnem \u00e9reztem ilyen \u00edzt m\u00e9g soha a vil\u00e1gon,<br \/>\nmondom neked \u00f3-\u00f3,k\u00e9rek \u00e9rte cs\u00f3kot,!<br \/>\nA cs\u00f3kos sz\u00e1j a barna szem ami k\u00eds\u00e9rt\u00e9sbe visz,<br \/>\na mosolyod \u00e9s a cs\u00f3kod b\u00e1rcsak tudn\u00e1m \u00e9n feledni!<br \/>\nAngyal ar\u00fa cig\u00e1nyl\u00e1ny, \u00e9n vagyok a cs\u00f3kkir\u00e1ly,<br \/>\nelvar\u00e1zsol k\u00e9t szemed, add ide a pici sz\u00e1d.<br \/>\nGy\u00f6ny\u00f6r\u0171 \u00e9des barna l\u00e1ny, \u00e9n vagyok a cs\u00f3kir\u00e1ly,<br \/>\nhaljak meg ha \u00e9rdekel, rajtad k\u00edv\u0171l b\u00e1rki m\u00e1s.<br \/>\n&#8212;Sz\u00f3l\u00f3&#8212;<br \/>\nAngyal arc\u00fa cig\u00e1nyl\u00e1ny, \u00e9n vagyok a cs\u00f3kkir\u00e1ly,<br \/>\nelvar\u00e1zsol k\u00e9t szemed, add ide a pici sz\u00e1d.<br \/>\nGy\u00f6ny\u00f6r\u0171 \u00e9des barna l\u00e1ny, \u00e9n vagyok a cs\u00f3kkir\u00e1ly,<br \/>\nhaljak meg ha \u00e9rdekel, rajtad k\u00edv\u00fcl b\u00e1rki m\u00e1s.<br \/>\nAngyal arc\u00fa cig\u00e1nyl\u00e1ny, \u00e9n vagyok a cs\u00f3kkir\u00e1ly,<br \/>\nelvar\u00e1zsol k\u00e9t szemed, add ide a pici sz\u00e1d.<br \/>\nGy\u00f6ny\u00f6r\u0171 \u00e9des barna l\u00e1ny, \u00e9n vagyok a cs\u00f3kkir\u00e1ly,<br \/>\nhaljak meg ha \u00e9rdekel, rajtad k\u00edv\u00fcl b\u00e1rki m\u00e1s.<br \/>\nAngyal arc\u00fa cig\u00e1nyl\u00e1ny, \u00e9n vagyok a cs\u00f3kkir\u00e1ly,<br \/>\nelvar\u00e1zsol k\u00e9t szemed, add ide a pici sz\u00e1d.<br \/>\nGy\u00f6ny\u00f6r\u0171 \u00e9des barna l\u00e1ny, \u00e9n vagyok a cs\u00f3kkir\u00e1ly,<br \/>\nhaljak meg ha \u00e9rdekel, rajtad k\u00edv\u00fcl b\u00e1rki m\u00e1s.<br \/>\n&#8212;V\u00e9ge&#8212;<\/p>\n","protected":false},"featured_media":8742,"template":"","meta":{"site-sidebar-layout":"default","site-content-layout":"default","ast-site-content-layout":"default","site-content-style":"default","site-sidebar-style":"default","ast-global-header-display":"","ast-banner-title-visibility":"","ast-main-header-display":"","ast-hfb-above-header-display":"","ast-hfb-below-header-display":"","ast-hfb-mobile-header-display":"","site-post-title":"","ast-breadcrumbs-content":"","ast-featured-img":"","footer-sml-layout":"","theme-transparent-header-meta":"default","adv-header-id-meta":"","stick-header-meta":"","header-above-stick-meta":"","header-main-stick-meta":"","header-below-stick-meta":"","astra-migrate-meta-layouts":"set","ast-page-background-enabled":"default","ast-page-background-meta":{"desktop":{"background-color":"var(--ast-global-color-4)","background-image":"","background-repeat":"repeat","background-position":"center center","background-size":"auto","background-attachment":"scroll","background-type":"","background-media":"","overlay-type":"","overlay-color":"","overlay-opacity":"","overlay-gradient":""},"tablet":{"background-color":"","background-image":"","background-repeat":"repeat","background-position":"center center","background-size":"auto","background-attachment":"scroll","background-type":"","background-media":"","overlay-type":"","overlay-color":"","overlay-opacity":"","overlay-gradient":""},"mobile":{"background-color":"","background-image":"","background-repeat":"repeat","background-position":"center center","background-size":"auto","background-attachment":"scroll","background-type":"","background-media":"","overlay-type":"","overlay-color":"","overlay-opacity":"","overlay-gradient":""}},"ast-content-background-meta":{"desktop":{"background-color":"var(--ast-global-color-5)","background-image":"","background-repeat":"repeat","background-position":"center center","background-size":"auto","background-attachment":"scroll","background-type":"","background-media":"","overlay-type":"","overlay-color":"","overlay-opacity":"","overlay-gradient":""},"tablet":{"background-color":"var(--ast-global-color-5)","background-image":"","background-repeat":"repeat","background-position":"center center","background-size":"auto","background-attachment":"scroll","background-type":"","background-media":"","overlay-type":"","overlay-color":"","overlay-opacity":"","overlay-gradient":""},"mobile":{"background-color":"var(--ast-global-color-5)","background-image":"","background-repeat":"repeat","background-position":"center center","background-size":"auto","background-attachment":"scroll","background-type":"","background-media":"","overlay-type":"","overlay-color":"","overlay-opacity":"","overlay-gradient":""}}},"product_cat":[48],"product_tag":[],"class_list":["post-4891","product","type-product","status-publish","has-post-thumbnail","hentry","product_cat-sunkaraoke-dalok","desktop-align-left","tablet-align-left","mobile-align-left"],"_links":{"self":[{"href":"https:\/\/www.sunkaraoke.hu\/index.php\/wp-json\/wp\/v2\/product\/4891","targetHints":{"allow":["GET"]}}],"collection":[{"href":"https:\/\/www.sunkaraoke.hu\/index.php\/wp-json\/wp\/v2\/product"}],"about":[{"href":"https:\/\/www.sunkaraoke.hu\/index.php\/wp-json\/wp\/v2\/types\/product"}],"wp:featuredmedia":[{"embeddable":true,"href":"https:\/\/www.sunkaraoke.hu\/index.php\/wp-json\/wp\/v2\/media\/8742"}],"wp:attachment":[{"href":"https:\/\/www.sunkaraoke.hu\/index.php\/wp-json\/wp\/v2\/media?parent=4891"}],"wp:term":[{"taxonomy":"product_cat","embeddable":true,"href":"https:\/\/www.sunkaraoke.hu\/index.php\/wp-json\/wp\/v2\/product_cat?post=4891"},{"taxonomy":"product_tag","embeddable":true,"href":"https:\/\/www.sunkaraoke.hu\/index.php\/wp-json\/wp\/v2\/product_tag?post=4891"}],"curies":[{"name":"wp","href":"https:\/\/api.w.org\/{rel}","templated":true}]}}