{"id":4885,"date":"2022-08-08T20:48:16","date_gmt":"2022-08-08T20:48:16","guid":{"rendered":"https:\/\/www.sunkaraoke.hu\/index.php\/termek\/suzy-csepel-felol-feltamadt-a-szel\/"},"modified":"2025-04-11T10:33:22","modified_gmt":"2025-04-11T10:33:22","slug":"suzy-csepel-felol-feltamadt-a-szel","status":"publish","type":"product","link":"https:\/\/www.sunkaraoke.hu\/index.php\/termek\/suzy-csepel-felol-feltamadt-a-szel\/","title":{"rendered":"<div class=\"wcmp-player-container product-4885\"><audio controlslist=\"nodownload\" data-product=\"4885\"  volume=\"1\"  preload=\"none\" data-lazyloading=\"none\" class=\"wcmp-player track mejs-classic\" data-duration=\"0:37\" data-estimated_duration=\"4\"><source src=\"https:\/\/www.sunkaraoke.hu\/wp-content\/uploads\/2022\/08\/Csepel-felol-feltamadt-a-szel-transz.SBdemoo.mp3\" type=\"audio\/mp3\" \/><\/audio><\/div>Suzy &#8211; Csepel fel\u0151l felt\u00e1madt a sz\u00e9l (SB Edition)"},"content":{"rendered":"<p><strong>03:35<\/strong> | <strong><img loading=\"lazy\" decoding=\"async\" class=\"alignnone size-full wp-image-467\" src=\"https:\/\/www.sunkaraoke.hu\/wp-content\/uploads\/2022\/07\/choir_2-copy.webp\" alt=\"\" width=\"30\" height=\"30\" \/> <strong> | <img loading=\"lazy\" decoding=\"async\" class=\"alignnone size-full wp-image-613\" src=\"https:\/\/www.sunkaraoke.hu\/wp-content\/uploads\/2022\/07\/transzponalas.webp\" alt=\"\" width=\"30\" height=\"30\" \/>\u00a0 +4<\/strong><\/strong><\/p>\n","protected":false},"excerpt":{"rendered":"<h6><strong>Bits\u0171r\u0171s\u00e9g: 320<\/strong>kb\/s<strong><br \/>\n<\/strong><strong>Hossz: <\/strong>03:35<strong><br \/>\n<\/strong><strong style=\"font-size: 16px;\">Vok\u00e1lt tartalmaz: <\/strong>Nem <img loading=\"lazy\" decoding=\"async\" class=\"alignnone size-full wp-image-467\" src=\"http:\/\/www.sunkaraoke.hu\/wp-content\/uploads\/2022\/07\/choir_2-copy.png\" alt=\"\" width=\"30\" height=\"30\" \/><br \/>\nTranszpon\u00e1l\u00e1s: Igen +4<\/h6>\n<p>Sunkaraoke mp3 st\u00fadi\u00f3 \/ www.sunkaraoke.hu \/ Inf: Tel: 06 20 4275001<\/p>\n<p>&#8212;Intr\u00f3&#8212;<br \/>\nCsepel fel\u0151l felt\u00e1mad a sz\u00e9l,<br \/>\n\u00f3 a sz\u00e9l, \u00f3 az \u0151szi sz\u00e9l,r\u00f3lad mes\u00e9l.<br \/>\nCsepel fel\u0151l felt\u00e1mad a sz\u00e9l,<br \/>\n\u00f3 a sz\u00e9l, \u00f3 az \u0151szi sz\u00e9l,r\u00f3lad mes\u00e9l.<br \/>\n\u00dagy \u00e9rzem, hogy gondolsz n\u00e9ha r\u00e1m,<br \/>\n\u00e9s \u00e1t\u00f6lel a napsug\u00e1r,<br \/>\nazt \u00e9rzem, hogy gondolsz n\u00e9ha r\u00e1m,<br \/>\n\u00e9s \u00e1t\u00f6lel a napsug\u00e1r,\u00f3h a napsug\u00e1r!<br \/>\nCsepel fel\u0151l felt\u00e1mad a sz\u00e9l,<br \/>\n\u00f3 a sz\u00e9l, \u00f3 az \u0151szi sz\u00e9l,r\u00f3lad mes\u00e9l.<br \/>\nAz \u00e1lmaimat sz\u00e9tf\u00fajja a sz\u00e9l,<br \/>\n\u00f3 a sz\u00e9l, \u00f3 az \u0151szi sz\u00e9l.<br \/>\n\u00dagy \u00e9rzem, gondolsz n\u00e9ha r\u00e1m,<br \/>\n\u00e9s \u00e1t\u00f6lel a napsug\u00e1r,a napsug\u00e1r!<\/p>\n<p>N\u00e1j, n\u00e1, n\u00e1, n\u00e1, n\u00e1&#8230;&#8230;<br \/>\nCsepel fel\u0151l felt\u00e1mad a sz\u00e9l,<br \/>\n\u00f3 a sz\u00e9l, \u00f3 az \u0151szi sz\u00e9l,r\u00f3lad mes\u00e9l.<br \/>\nCsepel fel\u0151l felt\u00e1mad a sz\u00e9l,<br \/>\n\u00f3 a sz\u00e9l, \u00f3 az \u0151szi sz\u00e9l,r\u00f3lad mes\u00e9l.<\/p>\n<p>\u00dagy \u00e9rzem, hogy gondolsz n\u00e9ha r\u00e1m,<br \/>\n\u00e9s \u00e1t\u00f6lel a napsug\u00e1r,<br \/>\nazt \u00e9rzem, hogy gondolsz n\u00e9ha r\u00e1m,<br \/>\n\u00e9s \u00e1t\u00f6lel a napsug\u00e1r,\u00f3h a napsug\u00e1r!<br \/>\n&#8212;V\u00e9ge&#8212;<\/p>\n","protected":false},"featured_media":9887,"template":"","meta":{"site-sidebar-layout":"default","site-content-layout":"default","ast-site-content-layout":"default","site-content-style":"default","site-sidebar-style":"default","ast-global-header-display":"","ast-banner-title-visibility":"","ast-main-header-display":"","ast-hfb-above-header-display":"","ast-hfb-below-header-display":"","ast-hfb-mobile-header-display":"","site-post-title":"","ast-breadcrumbs-content":"","ast-featured-img":"","footer-sml-layout":"","theme-transparent-header-meta":"default","adv-header-id-meta":"","stick-header-meta":"","header-above-stick-meta":"","header-main-stick-meta":"","header-below-stick-meta":"","astra-migrate-meta-layouts":"set","ast-page-background-enabled":"default","ast-page-background-meta":{"desktop":{"background-color":"var(--ast-global-color-4)","background-image":"","background-repeat":"repeat","background-position":"center center","background-size":"auto","background-attachment":"scroll","background-type":"","background-media":"","overlay-type":"","overlay-color":"","overlay-opacity":"","overlay-gradient":""},"tablet":{"background-color":"","background-image":"","background-repeat":"repeat","background-position":"center center","background-size":"auto","background-attachment":"scroll","background-type":"","background-media":"","overlay-type":"","overlay-color":"","overlay-opacity":"","overlay-gradient":""},"mobile":{"background-color":"","background-image":"","background-repeat":"repeat","background-position":"center center","background-size":"auto","background-attachment":"scroll","background-type":"","background-media":"","overlay-type":"","overlay-color":"","overlay-opacity":"","overlay-gradient":""}},"ast-content-background-meta":{"desktop":{"background-color":"var(--ast-global-color-5)","background-image":"","background-repeat":"repeat","background-position":"center center","background-size":"auto","background-attachment":"scroll","background-type":"","background-media":"","overlay-type":"","overlay-color":"","overlay-opacity":"","overlay-gradient":""},"tablet":{"background-color":"var(--ast-global-color-5)","background-image":"","background-repeat":"repeat","background-position":"center center","background-size":"auto","background-attachment":"scroll","background-type":"","background-media":"","overlay-type":"","overlay-color":"","overlay-opacity":"","overlay-gradient":""},"mobile":{"background-color":"var(--ast-global-color-5)","background-image":"","background-repeat":"repeat","background-position":"center center","background-size":"auto","background-attachment":"scroll","background-type":"","background-media":"","overlay-type":"","overlay-color":"","overlay-opacity":"","overlay-gradient":""}}},"product_cat":[48],"product_tag":[],"class_list":["post-4885","product","type-product","status-publish","has-post-thumbnail","hentry","product_cat-sunkaraoke-dalok","desktop-align-left","tablet-align-left","mobile-align-left"],"_links":{"self":[{"href":"https:\/\/www.sunkaraoke.hu\/index.php\/wp-json\/wp\/v2\/product\/4885","targetHints":{"allow":["GET"]}}],"collection":[{"href":"https:\/\/www.sunkaraoke.hu\/index.php\/wp-json\/wp\/v2\/product"}],"about":[{"href":"https:\/\/www.sunkaraoke.hu\/index.php\/wp-json\/wp\/v2\/types\/product"}],"wp:featuredmedia":[{"embeddable":true,"href":"https:\/\/www.sunkaraoke.hu\/index.php\/wp-json\/wp\/v2\/media\/9887"}],"wp:attachment":[{"href":"https:\/\/www.sunkaraoke.hu\/index.php\/wp-json\/wp\/v2\/media?parent=4885"}],"wp:term":[{"taxonomy":"product_cat","embeddable":true,"href":"https:\/\/www.sunkaraoke.hu\/index.php\/wp-json\/wp\/v2\/product_cat?post=4885"},{"taxonomy":"product_tag","embeddable":true,"href":"https:\/\/www.sunkaraoke.hu\/index.php\/wp-json\/wp\/v2\/product_tag?post=4885"}],"curies":[{"name":"wp","href":"https:\/\/api.w.org\/{rel}","templated":true}]}}