{"id":4882,"date":"2022-08-08T20:48:16","date_gmt":"2022-08-08T20:48:16","guid":{"rendered":"https:\/\/www.sunkaraoke.hu\/index.php\/termek\/jolly-suzy-gyere-olelj-most-at-transzp-v\/"},"modified":"2025-03-26T16:13:34","modified_gmt":"2025-03-26T16:13:34","slug":"jolly-suzy-gyere-olelj-most-at-transzp-v","status":"publish","type":"product","link":"https:\/\/www.sunkaraoke.hu\/index.php\/termek\/jolly-suzy-gyere-olelj-most-at-transzp-v\/","title":{"rendered":"<div class=\"wcmp-player-container product-4882\"><audio controlslist=\"nodownload\" data-product=\"4882\"  volume=\"1\"  preload=\"none\" data-lazyloading=\"none\" class=\"wcmp-player track mejs-classic\" data-duration=\"0:33\" data-estimated_duration=\"4\"><source src=\"https:\/\/www.sunkaraoke.hu\/wp-content\/uploads\/2022\/08\/Gyere-olelj-most-at-transz-Jolly._demo.mp3\" type=\"audio\/mp3\" \/><\/audio><\/div>Jolly &#038; Suzy &#8211; Gyere \u00f6lelj most \u00e1t"},"content":{"rendered":"<p><strong>03:01<\/strong> | <strong><img loading=\"lazy\" decoding=\"async\" class=\"alignnone size-full wp-image-467\" src=\"https:\/\/www.sunkaraoke.hu\/wp-content\/uploads\/2022\/07\/choir_2-copy.webp\" alt=\"\" width=\"30\" height=\"30\" \/> <strong> | <img loading=\"lazy\" decoding=\"async\" class=\"alignnone size-full wp-image-613\" src=\"https:\/\/www.sunkaraoke.hu\/wp-content\/uploads\/2022\/07\/transzponalas.webp\" alt=\"\" width=\"30\" height=\"30\" \/> <\/strong><strong>-3<\/strong><\/strong><\/p>\n","protected":false},"excerpt":{"rendered":"<h6>Bits\u0171r\u0171s\u00e9g: 320 kb\/s<br \/>\nHossz: 03:01<br \/>\nVok\u00e1lt tartalmaz: Nem <img loading=\"lazy\" decoding=\"async\" class=\"alignnone size-full wp-image-467\" src=\"http:\/\/www.sunkaraoke.hu\/wp-content\/uploads\/2022\/07\/choir_2-copy.png\" alt=\"\" width=\"30\" height=\"30\" \/><br \/>\nTranszpon\u00e1l\u00e1s: <img loading=\"lazy\" decoding=\"async\" class=\"alignnone size-full wp-image-613\" src=\"http:\/\/www.sunkaraoke.hu\/wp-content\/uploads\/2022\/07\/transzponalas.png\" alt=\"\" width=\"30\" height=\"30\" \/> -3<\/h6>\n<p>Sunkaraoke mp3 st\u00fadi\u00f3 \/ www.sunkaraoke.hu \/ Inf: Tel: 06 20 4275001<\/p>\n<p>&#8212;-Intr\u00f3&#8212;<br \/>\n\u00c9n annyira v\u00e1rom az \u00e9jszak\u00e1t,<br \/>\nez a szerelem \u00fajra ma is r\u00e1m tal\u00e1lt.<br \/>\nCsak te vagy, aki l\u00e1ngra gy\u00fajtja sz\u00edvem,<br \/>\n\u00e9s veled \u00e9rzem boldognak az \u00e9letem.<br \/>\n\/\/Ki\u00e1ll\u00e1s\/\/<br \/>\nGyere \u00f6lelj most \u00e1t \u00e9s szor\u00edts nagyon,<br \/>\ncsak te vagy az \u00e9jjelem \u00e9s nappalom.<br \/>\nCsak n\u00e9zz most r\u00e1m, \u00e9s cs\u00f3kold a sz\u00e1m,<br \/>\n\u00e9s \u00e9rezd, hogy \u0151r\u00fclten v\u00e1gyom r\u00e1d.<br \/>\n&#8212;Sz\u00f3l\u00f3&#8212;<br \/>\nGyere \u00f6lelj most \u00e1t \u00e9s szor\u00edts nagyon,<br \/>\nnekem te vagy az \u00e9jjelem \u00e9s nappalom.<br \/>\nGyere gy\u00fajtsd most fel a sz\u00edvemet,<br \/>\n\u00e9s boldogg\u00e1 teszem \u00e9n az \u00e9leted.<\/p>\n<p>Rabb\u00e1 tetted a sz\u00edvemet,<br \/>\n\u00e9n nem is tudn\u00e9k \u00e9lni n\u00e9lk\u00fcled,<br \/>\n\u00e9s nem akarok senki m\u00e1st csak t\u00e9ged,<br \/>\na rabod leszek, am\u00edg csak \u00e9lek.<br \/>\n\/\/Ki\u00e1ll\u00e1s\/\/<br \/>\nGyere \u00f6lelj most \u00e1t \u00e9s szor\u00edts nagyon,<br \/>\ncsak te vagy az \u00e9jjelem \u00e9s nappalom.<br \/>\nCsak n\u00e9zz most r\u00e1m \u00e9s cs\u00f3kold a sz\u00e1m,<br \/>\n\u00e9s \u00e9rezd, hogy \u0151r\u00fclten v\u00e1gyom r\u00e1d.<\/p>\n<p>&#8212;Sz\u00f3l\u00f3&#8212;<br \/>\nGyere \u00f6lelj most \u00e1t \u00e9s szor\u00edts nagyon,<br \/>\nnekem te vagy az \u00e9jjelem \u00e9s nappalom,<br \/>\nGyere gy\u00fajtsd most fel a sz\u00edvemet,<br \/>\n\u00e9s boldogg\u00e1 teszem \u00e9n az \u00e9leted.<br \/>\n&#8212;V\u00e9ge&#8212;<\/p>\n","protected":false},"featured_media":9007,"template":"","meta":{"site-sidebar-layout":"default","site-content-layout":"default","ast-site-content-layout":"default","site-content-style":"default","site-sidebar-style":"default","ast-global-header-display":"","ast-banner-title-visibility":"","ast-main-header-display":"","ast-hfb-above-header-display":"","ast-hfb-below-header-display":"","ast-hfb-mobile-header-display":"","site-post-title":"","ast-breadcrumbs-content":"","ast-featured-img":"","footer-sml-layout":"","theme-transparent-header-meta":"default","adv-header-id-meta":"","stick-header-meta":"","header-above-stick-meta":"","header-main-stick-meta":"","header-below-stick-meta":"","astra-migrate-meta-layouts":"set","ast-page-background-enabled":"default","ast-page-background-meta":{"desktop":{"background-color":"var(--ast-global-color-4)","background-image":"","background-repeat":"repeat","background-position":"center center","background-size":"auto","background-attachment":"scroll","background-type":"","background-media":"","overlay-type":"","overlay-color":"","overlay-opacity":"","overlay-gradient":""},"tablet":{"background-color":"","background-image":"","background-repeat":"repeat","background-position":"center center","background-size":"auto","background-attachment":"scroll","background-type":"","background-media":"","overlay-type":"","overlay-color":"","overlay-opacity":"","overlay-gradient":""},"mobile":{"background-color":"","background-image":"","background-repeat":"repeat","background-position":"center center","background-size":"auto","background-attachment":"scroll","background-type":"","background-media":"","overlay-type":"","overlay-color":"","overlay-opacity":"","overlay-gradient":""}},"ast-content-background-meta":{"desktop":{"background-color":"var(--ast-global-color-5)","background-image":"","background-repeat":"repeat","background-position":"center center","background-size":"auto","background-attachment":"scroll","background-type":"","background-media":"","overlay-type":"","overlay-color":"","overlay-opacity":"","overlay-gradient":""},"tablet":{"background-color":"var(--ast-global-color-5)","background-image":"","background-repeat":"repeat","background-position":"center center","background-size":"auto","background-attachment":"scroll","background-type":"","background-media":"","overlay-type":"","overlay-color":"","overlay-opacity":"","overlay-gradient":""},"mobile":{"background-color":"var(--ast-global-color-5)","background-image":"","background-repeat":"repeat","background-position":"center center","background-size":"auto","background-attachment":"scroll","background-type":"","background-media":"","overlay-type":"","overlay-color":"","overlay-opacity":"","overlay-gradient":""}}},"product_cat":[48],"product_tag":[],"class_list":["post-4882","product","type-product","status-publish","has-post-thumbnail","hentry","product_cat-sunkaraoke-dalok","desktop-align-left","tablet-align-left","mobile-align-left"],"_links":{"self":[{"href":"https:\/\/www.sunkaraoke.hu\/index.php\/wp-json\/wp\/v2\/product\/4882","targetHints":{"allow":["GET"]}}],"collection":[{"href":"https:\/\/www.sunkaraoke.hu\/index.php\/wp-json\/wp\/v2\/product"}],"about":[{"href":"https:\/\/www.sunkaraoke.hu\/index.php\/wp-json\/wp\/v2\/types\/product"}],"wp:featuredmedia":[{"embeddable":true,"href":"https:\/\/www.sunkaraoke.hu\/index.php\/wp-json\/wp\/v2\/media\/9007"}],"wp:attachment":[{"href":"https:\/\/www.sunkaraoke.hu\/index.php\/wp-json\/wp\/v2\/media?parent=4882"}],"wp:term":[{"taxonomy":"product_cat","embeddable":true,"href":"https:\/\/www.sunkaraoke.hu\/index.php\/wp-json\/wp\/v2\/product_cat?post=4882"},{"taxonomy":"product_tag","embeddable":true,"href":"https:\/\/www.sunkaraoke.hu\/index.php\/wp-json\/wp\/v2\/product_tag?post=4882"}],"curies":[{"name":"wp","href":"https:\/\/api.w.org\/{rel}","templated":true}]}}