{"id":4868,"date":"2022-08-08T20:48:14","date_gmt":"2022-08-08T20:48:14","guid":{"rendered":"https:\/\/www.sunkaraoke.hu\/index.php\/termek\/tajtiboy-vig-nota-2\/"},"modified":"2025-04-05T11:20:57","modified_gmt":"2025-04-05T11:20:57","slug":"tajtiboy-vig-nota-2","status":"publish","type":"product","link":"https:\/\/www.sunkaraoke.hu\/index.php\/termek\/tajtiboy-vig-nota-2\/","title":{"rendered":"<div class=\"wcmp-player-container product-4868\"><audio controlslist=\"nodownload\" data-product=\"4868\"  volume=\"1\"  preload=\"none\" data-lazyloading=\"none\" class=\"wcmp-player track mejs-classic\" data-duration=\"0:32\" data-estimated_duration=\"4\"><source src=\"https:\/\/www.sunkaraoke.hu\/wp-content\/uploads\/2022\/08\/Vig-nota-voc-N.-kdemoo.mp3\" type=\"audio\/mp3\" \/><\/audio><\/div>Tajtiboy &#8211; V\u00edg n\u00f3ta (Original)"},"content":{"rendered":"<p><strong>03:12<\/strong> | <strong><img loading=\"lazy\" decoding=\"async\" class=\"alignnone size-full wp-image-466\" src=\"https:\/\/www.sunkaraoke.hu\/wp-content\/uploads\/2022\/07\/choir_1-copy.webp\" alt=\"\" width=\"30\" height=\"30\" \/> <\/strong><\/p>\n","protected":false},"excerpt":{"rendered":"<h6><strong>Bits\u0171r\u0171s\u00e9g: 320<\/strong>kb\/s<strong><br \/>\n<\/strong><strong>Hossz: <\/strong>03:12<strong><br \/>\n<\/strong><strong style=\"font-size: 16px;\">Vok\u00e1lt tartalmaz: <\/strong>Igen <img loading=\"lazy\" decoding=\"async\" class=\"alignnone size-full wp-image-466\" src=\"http:\/\/www.sunkaraoke.hu\/wp-content\/uploads\/2022\/07\/choir_1-copy.png\" alt=\"\" width=\"30\" height=\"30\" \/><strong style=\"font-size: 16px;\"><br \/>\n<\/strong><\/h6>\n<p>Sunkaraoke mp3 st\u00fadi\u00f3 \/ www.sunkaraoke.hu \/ Inf: Tel: 06 20 4275001<\/p>\n<p>&#8212;Intr\u00f3&#8212;<\/p>\n<p>Minden \u00e9jszak\u00e1n mag\u00e1nyos \u00e1gy v\u00e1r,<br \/>\nnem hitt nekem elment a bab\u00e1m,<br \/>\nnincs ki fogja bajban k\u00e9t kezem.<br \/>\nMerre j\u00e1r \u0150 az Isten tudja,<br \/>\nk\u00e9rlek t\u00e9ged j\u00f6jj h\u00e1t vissza,<br \/>\nfogd a kezem el ne engedj soha.<\/p>\n<p>Sz\u00f3ljon a v\u00edg n\u00f3ta,omolj a karomba,<br \/>\nl\u00e1bamon sz\u00e9p cip\u0151,legy\u00e9l a szeret\u0151m.<br \/>\nP\u00f6r\u00f6gj\u00f6n a szoknya,a bab\u00e1m had ropja,<br \/>\nsz\u00f3ljon a d\u00ednom-d\u00e1nom \u00e9n nem b\u00e1nom.<br \/>\nSz\u00f3ljon a v\u00edg n\u00f3ta,omolj a karomba,<br \/>\nl\u00e1bamon sz\u00e9p cip\u0151,legy\u00e9l a szeret\u0151m.<br \/>\nP\u00f6r\u00f6gj\u00f6n a szoknya,a bab\u00e1m had ropja,<br \/>\nsz\u00f3ljon a d\u00ednom-d\u00e1nom \u00e9n nem b\u00e1nom.<\/p>\n<p>Visszaj\u00f6tt h\u00e1t az \u00e9n r\u00f3zs\u00e1m,<br \/>\nmegbocs\u00e1tott minden hib\u00e1m,<br \/>\nmeg\u00edg\u00e9rtem \u00e9n hogy h\u0171 leszek.<br \/>\nA rossz ut\u00e1n csak j\u00f3 j\u00f6het,<br \/>\nnem k\u00e9rek \u00e9n ann\u00e1l t\u00f6bbet,<br \/>\ncsak hogy mindig melletted legyek.<\/p>\n<p>Sz\u00f3ljon a v\u00edg n\u00f3ta,omolj a karomba,<br \/>\nl\u00e1bamon sz\u00e9p cip\u0151,legy\u00e9l a szeret\u0151m.<br \/>\nP\u00f6r\u00f6gj\u00f6n a szoknya,a bab\u00e1m had ropja,<br \/>\nsz\u00f3ljon a d\u00ednom-d\u00e1nom \u00e9n nem b\u00e1nom.<br \/>\nSz\u00f3ljon a v\u00edg n\u00f3ta,omolj a karomba,<br \/>\nl\u00e1bamon sz\u00e9p cip\u0151,legy\u00e9l a szeret\u0151m.<br \/>\nP\u00f6r\u00f6gj\u00f6n a szoknya,a bab\u00e1m had ropja,<br \/>\nsz\u00f3ljon a d\u00ednom-d\u00e1nom \u00e9n nem b\u00e1nom.<\/p>\n<p>&#8212;Sz\u00f3l\u00f3&#8212;<\/p>\n<p>Sz\u00f3ljon a v\u00edg n\u00f3ta,omolj a karomba,<br \/>\nl\u00e1bamon sz\u00e9p cip\u0151,legy\u00e9l a szeret\u0151m.<br \/>\nP\u00f6r\u00f6gj\u00f6n a szoknya,a bab\u00e1m had ropja,<br \/>\nsz\u00f3ljon a d\u00ednom-d\u00e1nom \u00e9n nem b\u00e1nom.<br \/>\nSz\u00f3ljon a v\u00edg n\u00f3ta,omolj a karomba,<br \/>\nl\u00e1bamon sz\u00e9p cip\u0151,legy\u00e9l a szeret\u0151m.<br \/>\nP\u00f6r\u00f6gj\u00f6n a szoknya,a bab\u00e1m had ropja,<br \/>\nsz\u00f3ljon a d\u00ednom-d\u00e1nom \u00e9n nem b\u00e1nom.<\/p>\n<p>Sz\u00f3ljon a v\u00edg n\u00f3ta,omolj a karomba,<br \/>\nl\u00e1bamon sz\u00e9p cip\u0151,legy\u00e9l a szeret\u0151m.<br \/>\nP\u00f6r\u00f6gj\u00f6n a szoknya,a bab\u00e1m had ropja,<br \/>\nsz\u00f3ljon a d\u00ednom-d\u00e1nom \u00e9n nem b\u00e1nom.<br \/>\nSz\u00f3ljon a v\u00edg n\u00f3ta,omolj a karomba,<br \/>\nl\u00e1bamon sz\u00e9p cip\u0151,legy\u00e9l a szeret\u0151m.<br \/>\nP\u00f6r\u00f6gj\u00f6n a szoknya,a bab\u00e1m had ropja,<br \/>\nsz\u00f3ljon a d\u00ednom-d\u00e1nom \u00e9n nem b\u00e1nom.<\/p>\n<p>&#8212;V\u00e9ge&#8212;<\/p>\n","protected":false},"featured_media":9020,"template":"","meta":{"site-sidebar-layout":"default","site-content-layout":"default","ast-site-content-layout":"default","site-content-style":"default","site-sidebar-style":"default","ast-global-header-display":"","ast-banner-title-visibility":"","ast-main-header-display":"","ast-hfb-above-header-display":"","ast-hfb-below-header-display":"","ast-hfb-mobile-header-display":"","site-post-title":"","ast-breadcrumbs-content":"","ast-featured-img":"","footer-sml-layout":"","theme-transparent-header-meta":"default","adv-header-id-meta":"","stick-header-meta":"","header-above-stick-meta":"","header-main-stick-meta":"","header-below-stick-meta":"","astra-migrate-meta-layouts":"set","ast-page-background-enabled":"default","ast-page-background-meta":{"desktop":{"background-color":"var(--ast-global-color-4)","background-image":"","background-repeat":"repeat","background-position":"center center","background-size":"auto","background-attachment":"scroll","background-type":"","background-media":"","overlay-type":"","overlay-color":"","overlay-opacity":"","overlay-gradient":""},"tablet":{"background-color":"","background-image":"","background-repeat":"repeat","background-position":"center center","background-size":"auto","background-attachment":"scroll","background-type":"","background-media":"","overlay-type":"","overlay-color":"","overlay-opacity":"","overlay-gradient":""},"mobile":{"background-color":"","background-image":"","background-repeat":"repeat","background-position":"center center","background-size":"auto","background-attachment":"scroll","background-type":"","background-media":"","overlay-type":"","overlay-color":"","overlay-opacity":"","overlay-gradient":""}},"ast-content-background-meta":{"desktop":{"background-color":"var(--ast-global-color-5)","background-image":"","background-repeat":"repeat","background-position":"center center","background-size":"auto","background-attachment":"scroll","background-type":"","background-media":"","overlay-type":"","overlay-color":"","overlay-opacity":"","overlay-gradient":""},"tablet":{"background-color":"var(--ast-global-color-5)","background-image":"","background-repeat":"repeat","background-position":"center center","background-size":"auto","background-attachment":"scroll","background-type":"","background-media":"","overlay-type":"","overlay-color":"","overlay-opacity":"","overlay-gradient":""},"mobile":{"background-color":"var(--ast-global-color-5)","background-image":"","background-repeat":"repeat","background-position":"center center","background-size":"auto","background-attachment":"scroll","background-type":"","background-media":"","overlay-type":"","overlay-color":"","overlay-opacity":"","overlay-gradient":""}}},"product_cat":[48],"product_tag":[],"class_list":["post-4868","product","type-product","status-publish","has-post-thumbnail","hentry","product_cat-sunkaraoke-dalok","desktop-align-left","tablet-align-left","mobile-align-left"],"_links":{"self":[{"href":"https:\/\/www.sunkaraoke.hu\/index.php\/wp-json\/wp\/v2\/product\/4868","targetHints":{"allow":["GET"]}}],"collection":[{"href":"https:\/\/www.sunkaraoke.hu\/index.php\/wp-json\/wp\/v2\/product"}],"about":[{"href":"https:\/\/www.sunkaraoke.hu\/index.php\/wp-json\/wp\/v2\/types\/product"}],"wp:featuredmedia":[{"embeddable":true,"href":"https:\/\/www.sunkaraoke.hu\/index.php\/wp-json\/wp\/v2\/media\/9020"}],"wp:attachment":[{"href":"https:\/\/www.sunkaraoke.hu\/index.php\/wp-json\/wp\/v2\/media?parent=4868"}],"wp:term":[{"taxonomy":"product_cat","embeddable":true,"href":"https:\/\/www.sunkaraoke.hu\/index.php\/wp-json\/wp\/v2\/product_cat?post=4868"},{"taxonomy":"product_tag","embeddable":true,"href":"https:\/\/www.sunkaraoke.hu\/index.php\/wp-json\/wp\/v2\/product_tag?post=4868"}],"curies":[{"name":"wp","href":"https:\/\/api.w.org\/{rel}","templated":true}]}}