{"id":4866,"date":"2022-08-08T20:48:14","date_gmt":"2022-08-08T20:48:14","guid":{"rendered":"https:\/\/www.sunkaraoke.hu\/index.php\/termek\/wellhello-rakpart\/"},"modified":"2025-04-11T09:53:24","modified_gmt":"2025-04-11T09:53:24","slug":"wellhello-rakpart","status":"publish","type":"product","link":"https:\/\/www.sunkaraoke.hu\/index.php\/termek\/wellhello-rakpart\/","title":{"rendered":"<div class=\"wcmp-player-container product-4866\"><audio controlslist=\"nodownload\" data-product=\"4866\"  volume=\"1\"  preload=\"none\" data-lazyloading=\"none\" class=\"wcmp-player track mejs-classic\" data-duration=\"0:35\" data-estimated_duration=\"4\"><source src=\"https:\/\/www.sunkaraoke.hu\/wp-content\/uploads\/2022\/08\/Rakpart_demmmo.mp3\" type=\"audio\/mp3\" \/><\/audio><\/div>Wellhello &#8211; Rakpart (Original SB RMX)"},"content":{"rendered":"<p><strong>03:11<\/strong> | <strong><img loading=\"lazy\" decoding=\"async\" class=\"alignnone size-full wp-image-467\" src=\"https:\/\/www.sunkaraoke.hu\/wp-content\/uploads\/2022\/07\/choir_2-copy.webp\" alt=\"\" width=\"30\" height=\"30\" \/> <\/strong><\/p>\n","protected":false},"excerpt":{"rendered":"<h6><strong>Bits\u0171r\u0171s\u00e9g: 320<\/strong>kb\/s<strong><br \/>\n<\/strong><strong>Hossz: <\/strong>03:11<strong><br \/>\n<\/strong><strong style=\"font-size: 16px;\">Vok\u00e1lt tartalmaz: <\/strong>Nem <img loading=\"lazy\" decoding=\"async\" class=\"alignnone size-full wp-image-467\" src=\"http:\/\/www.sunkaraoke.hu\/wp-content\/uploads\/2022\/07\/choir_2-copy.png\" alt=\"\" width=\"30\" height=\"30\" \/><strong style=\"font-size: 16px;\"><br \/>\n<\/strong><\/h6>\n<p>Sunkaraoke mp3 st\u00fadi\u00f3 \/ www.sunkaraoke.hu \/ Inf: Tel: 06 20 4275001<\/p>\n<p>&#8212;Intr\u00f3&#8211;<br \/>\nHa tudn\u00e1m, h\u00e1ny szerelmet b\u00edr m\u00e9g el a rakpart,<br \/>\nmost a kavicsok k\u00f6z\u00e9 vinn\u00e9lek magammal.<br \/>\nHa tudn\u00e1m, h\u00e1ny k\u00e9p f\u00e9r m\u00e9g bele a ny\u00e1rba,<br \/>\nveled maradn\u00e9k minden egyes villan\u00e1sra.<\/p>\n<p>Libben a f\u00fcgg\u00f6ny, nyikorog az ajt\u00f3,bepr\u00e9sel\u0151dik a kinti zajb\u00f3l,<br \/>\negy roz\u00e9t\u00f3l \u00e1zott szerelmes sz\u00f3,meghalni ny\u00e1ron csak veled lesz j\u00f3.<br \/>\nMost h\u00fazzuk t\u00fal, most \u00e1lljunk bele,most guruljunk egy\u00fctt a h\u00e1zunk fele,<br \/>\n\u00edzlik a szezon, b\u00edrom, mint a j\u00f3 bort,felettem nap le, alattam longboard.<br \/>\nEz j\u00f3, nem sz\u00e1m\u00edt, hogy \u00edgy van-e rendben,a cs\u00f3kod, az arcod, insta effektben,<br \/>\nminden l\u00e1ny, kinek titka lehettem,a sztorikat a rakpart \u00edrta helyettem.<\/p>\n<p>Ha tudn\u00e1m, h\u00e1ny szerelmet b\u00edr m\u00e9g el a rakpart,<br \/>\nmost a kavicsok k\u00f6z\u00e9 vinn\u00e9lek magammal.<br \/>\nHa tudn\u00e1m, h\u00e1ny k\u00e9p f\u00e9r m\u00e9g bele a ny\u00e1rba,<br \/>\nveled maradn\u00e9k minden egyes villan\u00e1sra.<br \/>\n&#8212;Sz\u00f3l\u00f3&#8212;<br \/>\nEz a pillanat kell, zsebre rakn\u00e1m,ut\u00e1nany\u00falok, de messze van m\u00e1r,<br \/>\nmadzagra k\u00f6t\u00f6m a sz\u00edvem \u00e9s titkon,lend\u00fcletb\u0151l a Dun\u00e1ba haj\u00edtom.<br \/>\n\u00dczenet az \u00e9letben l\u00e9v\u0151knek,j\u00e1tsszunk sohav\u00e9getnem\u00e9r\u0151set,<br \/>\narccal a m\u00e1nak,kik hasonl\u00edtanak, egym\u00e1sra tal\u00e1lnak,<br \/>\na mosolyok, a vonz\u00f3 t\u00faloldal,a szabads\u00e1g\u00e9rzet a klubokban,<br \/>\na hazafele hajnal, nincs meg a cuccom,a rakpart egyed\u00fcl, ki ismer az \u00faton.<\/p>\n<p>Ha tudn\u00e1m, h\u00e1ny szerelmet b\u00edr m\u00e9g el a rakpart,<br \/>\nmost a kavicsok k\u00f6z\u00e9 vinn\u00e9lek magammal.<br \/>\nHa tudn\u00e1m, h\u00e1ny k\u00e9p f\u00e9r m\u00e9g bele a ny\u00e1rba,<br \/>\nveled maradn\u00e9k minden egyes villan\u00e1sra.<br \/>\n&#8212;Sz\u00f3l\u00f3&#8212;<br \/>\n\u00dcl\u00f6k a sz\u00e9l\u00e9n, hadd j\u00f6jj\u00f6n a hull\u00e1m,hadd j\u00f6jj\u00f6n, hadd j\u00f6jj\u00f6n,<br \/>\n\u00fcl\u00f6k a sz\u00e9l\u00e9n, hadd j\u00f6jj\u00f6n a hull\u00e1m,veled maradn\u00e9k, ha tudn\u00e1m&#8230;<\/p>\n<p>Ha tudn\u00e1m, h\u00e1ny szerelmet b\u00edr m\u00e9g el a rakpart,<br \/>\nmost a kavicsok k\u00f6z\u00e9 vinn\u00e9lek magammal.<br \/>\nHa tudn\u00e1m, h\u00e1ny k\u00e9p f\u00e9r m\u00e9g bele a ny\u00e1rba,<br \/>\nveled maradn\u00e9k minden egyes villan\u00e1sra.<br \/>\n&#8212;V\u00e9ge&#8212;<\/p>\n","protected":false},"featured_media":18489,"template":"","meta":{"site-sidebar-layout":"default","site-content-layout":"default","ast-site-content-layout":"default","site-content-style":"default","site-sidebar-style":"default","ast-global-header-display":"","ast-banner-title-visibility":"","ast-main-header-display":"","ast-hfb-above-header-display":"","ast-hfb-below-header-display":"","ast-hfb-mobile-header-display":"","site-post-title":"","ast-breadcrumbs-content":"","ast-featured-img":"","footer-sml-layout":"","theme-transparent-header-meta":"default","adv-header-id-meta":"","stick-header-meta":"","header-above-stick-meta":"","header-main-stick-meta":"","header-below-stick-meta":"","astra-migrate-meta-layouts":"set","ast-page-background-enabled":"default","ast-page-background-meta":{"desktop":{"background-color":"var(--ast-global-color-4)","background-image":"","background-repeat":"repeat","background-position":"center center","background-size":"auto","background-attachment":"scroll","background-type":"","background-media":"","overlay-type":"","overlay-color":"","overlay-opacity":"","overlay-gradient":""},"tablet":{"background-color":"","background-image":"","background-repeat":"repeat","background-position":"center center","background-size":"auto","background-attachment":"scroll","background-type":"","background-media":"","overlay-type":"","overlay-color":"","overlay-opacity":"","overlay-gradient":""},"mobile":{"background-color":"","background-image":"","background-repeat":"repeat","background-position":"center center","background-size":"auto","background-attachment":"scroll","background-type":"","background-media":"","overlay-type":"","overlay-color":"","overlay-opacity":"","overlay-gradient":""}},"ast-content-background-meta":{"desktop":{"background-color":"var(--ast-global-color-5)","background-image":"","background-repeat":"repeat","background-position":"center center","background-size":"auto","background-attachment":"scroll","background-type":"","background-media":"","overlay-type":"","overlay-color":"","overlay-opacity":"","overlay-gradient":""},"tablet":{"background-color":"var(--ast-global-color-5)","background-image":"","background-repeat":"repeat","background-position":"center center","background-size":"auto","background-attachment":"scroll","background-type":"","background-media":"","overlay-type":"","overlay-color":"","overlay-opacity":"","overlay-gradient":""},"mobile":{"background-color":"var(--ast-global-color-5)","background-image":"","background-repeat":"repeat","background-position":"center center","background-size":"auto","background-attachment":"scroll","background-type":"","background-media":"","overlay-type":"","overlay-color":"","overlay-opacity":"","overlay-gradient":""}}},"product_cat":[48],"product_tag":[],"class_list":["post-4866","product","type-product","status-publish","has-post-thumbnail","hentry","product_cat-sunkaraoke-dalok","desktop-align-left","tablet-align-left","mobile-align-left"],"_links":{"self":[{"href":"https:\/\/www.sunkaraoke.hu\/index.php\/wp-json\/wp\/v2\/product\/4866","targetHints":{"allow":["GET"]}}],"collection":[{"href":"https:\/\/www.sunkaraoke.hu\/index.php\/wp-json\/wp\/v2\/product"}],"about":[{"href":"https:\/\/www.sunkaraoke.hu\/index.php\/wp-json\/wp\/v2\/types\/product"}],"wp:featuredmedia":[{"embeddable":true,"href":"https:\/\/www.sunkaraoke.hu\/index.php\/wp-json\/wp\/v2\/media\/18489"}],"wp:attachment":[{"href":"https:\/\/www.sunkaraoke.hu\/index.php\/wp-json\/wp\/v2\/media?parent=4866"}],"wp:term":[{"taxonomy":"product_cat","embeddable":true,"href":"https:\/\/www.sunkaraoke.hu\/index.php\/wp-json\/wp\/v2\/product_cat?post=4866"},{"taxonomy":"product_tag","embeddable":true,"href":"https:\/\/www.sunkaraoke.hu\/index.php\/wp-json\/wp\/v2\/product_tag?post=4866"}],"curies":[{"name":"wp","href":"https:\/\/api.w.org\/{rel}","templated":true}]}}