{"id":4860,"date":"2022-08-08T20:48:14","date_gmt":"2022-08-08T20:48:14","guid":{"rendered":"https:\/\/www.sunkaraoke.hu\/index.php\/termek\/kis-grofo-vedd-fel-az-oltonyod\/"},"modified":"2025-04-03T05:08:14","modified_gmt":"2025-04-03T05:08:14","slug":"kis-grofo-vedd-fel-az-oltonyod","status":"publish","type":"product","link":"https:\/\/www.sunkaraoke.hu\/index.php\/termek\/kis-grofo-vedd-fel-az-oltonyod\/","title":{"rendered":"<div class=\"wcmp-player-container product-4860\"><audio controlslist=\"nodownload\" data-product=\"4860\"  volume=\"1\"  preload=\"none\" data-lazyloading=\"none\" class=\"wcmp-player track mejs-classic\" data-duration=\"0:32\" data-estimated_duration=\"4\"><source src=\"https:\/\/www.sunkaraoke.hu\/wp-content\/uploads\/2022\/08\/Vedd-fel-az-oltonyod-Orig-Grofo-SB.demo_.mp3\" type=\"audio\/mp3\" \/><\/audio><\/div>Kis Gr\u00f3f\u00f3 &#8211; Vedd fel az \u00f6lt\u00f6ny\u00f6d (Original)"},"content":{"rendered":"<p><strong>03:20<\/strong> | <strong><img loading=\"lazy\" decoding=\"async\" class=\"alignnone size-full wp-image-467\" src=\"https:\/\/www.sunkaraoke.hu\/wp-content\/uploads\/2022\/07\/choir_2-copy.webp\" alt=\"\" width=\"30\" height=\"30\" \/> <\/strong><\/p>\n","protected":false},"excerpt":{"rendered":"<h6><strong>Bits\u0171r\u0171s\u00e9g: 320<\/strong>kb\/s<strong><br \/>\n<\/strong><strong>Hossz: <\/strong>03:20<strong><br \/>\n<\/strong><strong style=\"font-size: 16px;\">Vok\u00e1lt tartalmaz: <\/strong>Nem <img loading=\"lazy\" decoding=\"async\" class=\"alignnone size-full wp-image-467\" src=\"http:\/\/www.sunkaraoke.hu\/wp-content\/uploads\/2022\/07\/choir_2-copy.png\" alt=\"\" width=\"30\" height=\"30\" \/><strong style=\"font-size: 16px;\"><br \/>\n<\/strong><\/h6>\n<p>Sunkaraoke mp3 st\u00fadi\u00f3 \/ www.sunkaraoke.hu \/ Inf: Tel: 06 20 4275001<\/p>\n<p>&#8212;Intr\u00f3&#8212;<br \/>\nSzia cs\u00e1 csumi hell\u00f3, gyere cs\u00e1 csumi hell\u00f3!<br \/>\nEz a cs\u00e1 csumi hell\u00f3, \u00f6r\u00fcl\u00fcnk, hogy itt vagy m\u00e1r&#8230;<\/p>\n<p>Vedd fel az \u00f6lt\u00f6ny\u00f6d,\u00e9s kelj fel ha \u00e9rzed,<br \/>\nhogy elj\u00f6tt a pillanat.<br \/>\nMi v\u00e1runk r\u00e1d,<br \/>\nha unod m\u00e1r a keser\u0171 mag\u00e1nyt!<br \/>\nAz \u00e9let neh\u00e9z ma, de kell, hogy adj n\u00e9ha, magadnak is egy napot,<br \/>\ngyere j\u00f6jj h\u00e1t, \u00e9s felejtsd el most mindazt, ami b\u00e1nt.<\/p>\n<p>Szia cs\u00e1 csumi hell\u00f3, gyere cs\u00e1 csumi hell\u00f3!<br \/>\nEz a cs\u00e1 csumi hell\u00f3, \u00f6r\u00fcl\u00fcnk, hogy itt vagy m\u00e1r&#8230;<br \/>\nSzia cs\u00e1 csumi hell\u00f3, gyere cs\u00e1 csumi hell\u00f3!<br \/>\nEz a cs\u00e1 csumi hell\u00f3, \u00f6r\u00fcl\u00fcnk, hogy itt vagy m\u00e1r&#8230;<\/p>\n<p>Egy k\u00e9k szem\u0171 l\u00e1ny, aki r\u00e1m \u00edr a facebookon,<br \/>\nk\u00e9rdezi hol vagyok m\u00e1r,<br \/>\n\u00e9s az utc\u00e1n, egy csom\u00f3 haver v\u00e1r a kapun\u00e1l.<br \/>\nJ\u00f3 lesz a hangulat \u00e9rezd h\u00e1t j\u00f3l magad,<br \/>\nitt van a sok bar\u00e1t,<br \/>\ngyere t\u00e1ncolj, \u00e9s mutasd az \u00faj figur\u00e1t!<\/p>\n<p>Szia cs\u00e1 csumi hell\u00f3, gyere cs\u00e1 csumi hell\u00f3!<br \/>\nEz a cs\u00e1 csumi hell\u00f3, \u00f6r\u00fcl\u00fcnk, hogy itt vagy m\u00e1r&#8230;<br \/>\nSzia cs\u00e1 csumi hell\u00f3, gyere cs\u00e1 csumi hell\u00f3!<br \/>\nEz a cs\u00e1 csumi hell\u00f3, \u00f6r\u00fcl\u00fcnk, hogy itt vagy m\u00e1r&#8230;<br \/>\n&#8212;Sz\u00f3l\u00f3&#8212;<\/p>\n<p>Szia cs\u00e1 csumi hell\u00f3, gyere cs\u00e1 csumi hell\u00f3!<br \/>\nEz a cs\u00e1 csumi hell\u00f3, \u00f6r\u00fcl\u00fcnk, hogy itt vagy m\u00e1r&#8230;<br \/>\nSzia cs\u00e1 csumi hell\u00f3, gyere cs\u00e1 csumi hell\u00f3!<br \/>\nEz a cs\u00e1 csumi hell\u00f3, \u00f6r\u00fcl\u00fcnk, hogy itt vagy m\u00e1r&#8230;<br \/>\nSzia cs\u00e1 csumi hell\u00f3, gyere cs\u00e1 csumi hell\u00f3!<br \/>\nEz a cs\u00e1 csumi hell\u00f3, \u00f6r\u00fcl\u00fcnk, hogy itt vagy m\u00e1r&#8230;<br \/>\n&#8212;V\u00e9ge&#8212;<\/p>\n","protected":false},"featured_media":9603,"template":"","meta":{"site-sidebar-layout":"default","site-content-layout":"default","ast-site-content-layout":"default","site-content-style":"default","site-sidebar-style":"default","ast-global-header-display":"","ast-banner-title-visibility":"","ast-main-header-display":"","ast-hfb-above-header-display":"","ast-hfb-below-header-display":"","ast-hfb-mobile-header-display":"","site-post-title":"","ast-breadcrumbs-content":"","ast-featured-img":"","footer-sml-layout":"","theme-transparent-header-meta":"default","adv-header-id-meta":"","stick-header-meta":"","header-above-stick-meta":"","header-main-stick-meta":"","header-below-stick-meta":"","astra-migrate-meta-layouts":"set","ast-page-background-enabled":"default","ast-page-background-meta":{"desktop":{"background-color":"var(--ast-global-color-4)","background-image":"","background-repeat":"repeat","background-position":"center center","background-size":"auto","background-attachment":"scroll","background-type":"","background-media":"","overlay-type":"","overlay-color":"","overlay-opacity":"","overlay-gradient":""},"tablet":{"background-color":"","background-image":"","background-repeat":"repeat","background-position":"center center","background-size":"auto","background-attachment":"scroll","background-type":"","background-media":"","overlay-type":"","overlay-color":"","overlay-opacity":"","overlay-gradient":""},"mobile":{"background-color":"","background-image":"","background-repeat":"repeat","background-position":"center center","background-size":"auto","background-attachment":"scroll","background-type":"","background-media":"","overlay-type":"","overlay-color":"","overlay-opacity":"","overlay-gradient":""}},"ast-content-background-meta":{"desktop":{"background-color":"var(--ast-global-color-5)","background-image":"","background-repeat":"repeat","background-position":"center center","background-size":"auto","background-attachment":"scroll","background-type":"","background-media":"","overlay-type":"","overlay-color":"","overlay-opacity":"","overlay-gradient":""},"tablet":{"background-color":"var(--ast-global-color-5)","background-image":"","background-repeat":"repeat","background-position":"center center","background-size":"auto","background-attachment":"scroll","background-type":"","background-media":"","overlay-type":"","overlay-color":"","overlay-opacity":"","overlay-gradient":""},"mobile":{"background-color":"var(--ast-global-color-5)","background-image":"","background-repeat":"repeat","background-position":"center center","background-size":"auto","background-attachment":"scroll","background-type":"","background-media":"","overlay-type":"","overlay-color":"","overlay-opacity":"","overlay-gradient":""}}},"product_cat":[48],"product_tag":[],"class_list":["post-4860","product","type-product","status-publish","has-post-thumbnail","hentry","product_cat-sunkaraoke-dalok","desktop-align-left","tablet-align-left","mobile-align-left"],"_links":{"self":[{"href":"https:\/\/www.sunkaraoke.hu\/index.php\/wp-json\/wp\/v2\/product\/4860","targetHints":{"allow":["GET"]}}],"collection":[{"href":"https:\/\/www.sunkaraoke.hu\/index.php\/wp-json\/wp\/v2\/product"}],"about":[{"href":"https:\/\/www.sunkaraoke.hu\/index.php\/wp-json\/wp\/v2\/types\/product"}],"wp:featuredmedia":[{"embeddable":true,"href":"https:\/\/www.sunkaraoke.hu\/index.php\/wp-json\/wp\/v2\/media\/9603"}],"wp:attachment":[{"href":"https:\/\/www.sunkaraoke.hu\/index.php\/wp-json\/wp\/v2\/media?parent=4860"}],"wp:term":[{"taxonomy":"product_cat","embeddable":true,"href":"https:\/\/www.sunkaraoke.hu\/index.php\/wp-json\/wp\/v2\/product_cat?post=4860"},{"taxonomy":"product_tag","embeddable":true,"href":"https:\/\/www.sunkaraoke.hu\/index.php\/wp-json\/wp\/v2\/product_tag?post=4860"}],"curies":[{"name":"wp","href":"https:\/\/api.w.org\/{rel}","templated":true}]}}