{"id":4859,"date":"2022-08-08T20:48:14","date_gmt":"2022-08-08T20:48:14","guid":{"rendered":"https:\/\/www.sunkaraoke.hu\/index.php\/termek\/jolly-kis-grofo-lej-mamo-lej-2015-transzp-v\/"},"modified":"2025-03-26T16:27:36","modified_gmt":"2025-03-26T16:27:36","slug":"jolly-kis-grofo-lej-mamo-lej-2015-transzp-v","status":"publish","type":"product","link":"https:\/\/www.sunkaraoke.hu\/index.php\/termek\/jolly-kis-grofo-lej-mamo-lej-2015-transzp-v\/","title":{"rendered":"<div class=\"wcmp-player-container product-4859\"><audio controlslist=\"nodownload\" data-product=\"4859\"  volume=\"1\"  preload=\"none\" data-lazyloading=\"none\" class=\"wcmp-player track mejs-classic\" data-duration=\"0:32\" data-estimated_duration=\"4\"><source src=\"https:\/\/www.sunkaraoke.hu\/wp-content\/uploads\/2022\/08\/Lej-mamo-lej-Grofo-transz.-SB.-_demo.mp3\" type=\"audio\/mp3\" \/><\/audio><\/div>Jolly &#038; Kis Gr\u00f3f\u00f3 &#8211; L\u00e9j m\u00e1mo l\u00e9j (SB Version)"},"content":{"rendered":"<p><strong>04:15<\/strong> | <strong><img loading=\"lazy\" decoding=\"async\" class=\"alignnone size-full wp-image-467\" src=\"https:\/\/www.sunkaraoke.hu\/wp-content\/uploads\/2022\/07\/choir_2-copy.webp\" alt=\"\" width=\"30\" height=\"30\" \/> <strong> | <img loading=\"lazy\" decoding=\"async\" class=\"alignnone size-full wp-image-613\" src=\"https:\/\/www.sunkaraoke.hu\/wp-content\/uploads\/2022\/07\/transzponalas.webp\" alt=\"\" width=\"30\" height=\"30\" \/> <\/strong><strong>+4<\/strong><\/strong><\/p>\n","protected":false},"excerpt":{"rendered":"<h6>Bits\u0171r\u0171s\u00e9g: 320 kb\/s<br \/>\nHossz: 04:15<br \/>\nVok\u00e1lt tartalmaz: Nem <img loading=\"lazy\" decoding=\"async\" class=\"alignnone size-full wp-image-467\" src=\"http:\/\/www.sunkaraoke.hu\/wp-content\/uploads\/2022\/07\/choir_2-copy.png\" alt=\"\" width=\"30\" height=\"30\" \/><br \/>\nTranszpon\u00e1l\u00e1s: <img loading=\"lazy\" decoding=\"async\" class=\"alignnone size-full wp-image-613\" src=\"http:\/\/www.sunkaraoke.hu\/wp-content\/uploads\/2022\/07\/transzponalas.png\" alt=\"\" width=\"30\" height=\"30\" \/> +4<\/h6>\n<p>Sunkaraoke mp3 st\u00fadi\u00f3 \/ www.sunkaraoke.hu \/ Inf: Tel: 06 20 4275001<\/p>\n<p>&#8212;Intr\u00f3&#8212;<br \/>\nL\u00e9j, m\u00e1mo, l\u00e9j, m\u00e1mo, hopp\u00e1&#8230;.<br \/>\nL\u00e9j, m\u00e1mo, l\u00e9j, m\u00e1mo, digi, digi, di,l\u00e1, l\u00e1, l\u00e1&#8230;<br \/>\nL\u00e9j, m\u00e1mo, l\u00e9j, m\u00e1mo, hopp\u00e1&#8230;.<br \/>\nS\u00e1,l\u00e1,l\u00e1, l\u00e1, l\u00e1, l\u00e1&#8230;..<\/p>\n<p>L\u00e9j, m\u00e1mo, l\u00e9j, m\u00e1mo, hopp\u00e1&#8230;.<br \/>\nS\u00e1,l\u00e1,l\u00e1, l\u00e1, l\u00e1, l\u00e1&#8230;..<br \/>\nL\u00e9j, m\u00e1mo, l\u00e9j, m\u00e1mo, hopp\u00e1..<br \/>\nS\u00e1,l\u00e1,l\u00e1, l\u00e1, l\u00e1, l\u00e1&#8230;..<br \/>\nHa elj\u00f6n az \u00e9jszaka, elmegy a Jolly a buliba,<br \/>\nmulass Jolly mulass\u00e1l, h\u00e1t megteheted te vagy a kir\u00e1ly.<br \/>\nHa elj\u00f6n az \u00e9jszaka, elmegy a Gr\u00f3f\u00f3 a buliba,<br \/>\nj\u00f6nnek vele a sz\u00e9p csajok, meg a legnagyobb zsiv\u00e1nyok.<\/p>\n<p>J\u00e1j m\u00e1mo,j\u00e1j m\u00e1mo l\u00e9j, a Jolly meg a Gr\u00f3f\u00f3 vissza t\u00e9r,<br \/>\nminden sz\u00e9p l\u00e1ny legyen a mi\u00e9nk, h\u00e1t mulass Jolly benned van a v\u00e9r.<br \/>\nJ\u00e1j m\u00e1mo,j\u00e1j m\u00e1mo l\u00e9j, ha ketten mulatunk itt nem sz\u00e1m\u00edt a p\u00e9nz,<br \/>\nte vagy a number one, egy \u00edgazi szt\u00e1r,\u00e9rted rajong minden bomba l\u00e1ny.<br \/>\nJ\u00e1j m\u00e1mo,j\u00e1j m\u00e1mo l\u00e9j, Gr\u00f3f\u00f3 az isten \u00e9ltessen sok\u00e1ig m\u00e9g,<br \/>\nh\u00e1t azt k\u00edv\u00e1nom, legy\u00e9l szerencs\u00e9s, h\u00e1t mulass Gr\u00f3f\u00f3 benned van a v\u00e9r.<br \/>\nJ\u00e1j m\u00e1mo,j\u00e1j m\u00e1mo l\u00e9j, ha ketten mulatunk itt nem sz\u00e1m\u00edt a p\u00e9nz,<br \/>\nte vagy a number one, egy \u00edgazi szt\u00e1r, \u00e9rted rajong minden bomba l\u00e1ny.<\/p>\n<p>\u00c1lom,\u00e1lom,\u00e1lom, \u00e1lom, \u00e1j, gyere, gyere ,gyere Jolly mulass\u00e1l,<br \/>\nte vagy itt a legnagyobb kir\u00e1ly.<br \/>\n\u00c1lom,\u00e1lom,\u00e1lom, \u00e1lom, \u00e1j, gyere, gyere ,Jolly bulizz\u00e1l,<br \/>\n\u00e9rted rajong minden bomba l\u00e1ny.<\/p>\n<p>\u00c1lom,\u00e1lom,\u00e1lom, \u00e1lom, \u00e1j, gyere, gyere ,Grofo bulizz\u00e1l,<br \/>\nte vagy itt a legnagyobb zsiv\u00e1ny<br \/>\n\u00c1lom,\u00e1lom,\u00e1lom, \u00e1lom, \u00e1j, gyere, gyere ,gyere Gr\u00f3f\u00f3 bulizz\u00e1l,<br \/>\n\u00e9rted rajong minden roma l\u00e1ny.<br \/>\nL\u00e9j m\u00e1mo,l\u00e9j, l\u00e9j, m\u00e1mo l\u00e9j,<br \/>\nha ketten mulatunk itt nem sz\u00e1m\u00edt a p\u00e9nz,<br \/>\nminden sz\u00e9p l\u00e1ny legyen a mi\u00e9nk,<br \/>\nh\u00e1t ti is ,halgass\u00e1tok ezt a j\u00f3 zen\u00e9t.<\/p>\n<p>L\u00e9j m\u00e1mo,l\u00e9j, l\u00e9j, jaj m\u00e1mo l\u00e9j, a Jolly meg a Gr\u00f3f\u00f3 vissza t\u00e9r,<br \/>\nminden sz\u00e9p l\u00e1ny legyen a mi\u00e9nk,<br \/>\nez most a number one mert benn\u00fcnk van a v\u00e9r.<br \/>\nL\u00e9j, m\u00e1mo, l\u00e9j, m\u00e1mo, hopp\u00e1&#8230;.<br \/>\nL\u00e9j, m\u00e1mo, l\u00e9j, m\u00e1mo, digi, digi, di,l\u00e1, l\u00e1, l\u00e1&#8230;<br \/>\nL\u00e9j, m\u00e1mo, l\u00e9j, m\u00e1mo, hopp\u00e1&#8230;.<br \/>\nS\u00e1,l\u00e1,l\u00e1, l\u00e1, l\u00e1, l\u00e1&#8230;..<br \/>\nJ\u00e1j m\u00e1mo,j\u00e1j m\u00e1mo l\u00e9j, a Jolly meg a Gr\u00f3f\u00f3 vissza t\u00e9r,<br \/>\nminden sz\u00e9p l\u00e1ny legyen a mi\u00e9nk, h\u00e1t mulass Gr\u00f3f\u00f3 benned van a v\u00e9r.<br \/>\nJ\u00e1j m\u00e1mo l\u00e9j,j\u00e1j m\u00e1mo l\u00e9j, ha ketten mulatunk itt nem sz\u00e1m\u00edt a p\u00e9nz,<br \/>\nte vagy a number one, egy \u00edgazi szt\u00e1r, \u00e9rt\u00fcnk rajong minden bomba l\u00e1ny.<br \/>\n&#8212;V\u00e9ge&#8212;<\/p>\n","protected":false},"featured_media":9603,"template":"","meta":{"site-sidebar-layout":"default","site-content-layout":"default","ast-site-content-layout":"default","site-content-style":"default","site-sidebar-style":"default","ast-global-header-display":"","ast-banner-title-visibility":"","ast-main-header-display":"","ast-hfb-above-header-display":"","ast-hfb-below-header-display":"","ast-hfb-mobile-header-display":"","site-post-title":"","ast-breadcrumbs-content":"","ast-featured-img":"","footer-sml-layout":"","theme-transparent-header-meta":"default","adv-header-id-meta":"","stick-header-meta":"","header-above-stick-meta":"","header-main-stick-meta":"","header-below-stick-meta":"","astra-migrate-meta-layouts":"set","ast-page-background-enabled":"default","ast-page-background-meta":{"desktop":{"background-color":"var(--ast-global-color-4)","background-image":"","background-repeat":"repeat","background-position":"center center","background-size":"auto","background-attachment":"scroll","background-type":"","background-media":"","overlay-type":"","overlay-color":"","overlay-opacity":"","overlay-gradient":""},"tablet":{"background-color":"","background-image":"","background-repeat":"repeat","background-position":"center center","background-size":"auto","background-attachment":"scroll","background-type":"","background-media":"","overlay-type":"","overlay-color":"","overlay-opacity":"","overlay-gradient":""},"mobile":{"background-color":"","background-image":"","background-repeat":"repeat","background-position":"center center","background-size":"auto","background-attachment":"scroll","background-type":"","background-media":"","overlay-type":"","overlay-color":"","overlay-opacity":"","overlay-gradient":""}},"ast-content-background-meta":{"desktop":{"background-color":"var(--ast-global-color-5)","background-image":"","background-repeat":"repeat","background-position":"center center","background-size":"auto","background-attachment":"scroll","background-type":"","background-media":"","overlay-type":"","overlay-color":"","overlay-opacity":"","overlay-gradient":""},"tablet":{"background-color":"var(--ast-global-color-5)","background-image":"","background-repeat":"repeat","background-position":"center center","background-size":"auto","background-attachment":"scroll","background-type":"","background-media":"","overlay-type":"","overlay-color":"","overlay-opacity":"","overlay-gradient":""},"mobile":{"background-color":"var(--ast-global-color-5)","background-image":"","background-repeat":"repeat","background-position":"center center","background-size":"auto","background-attachment":"scroll","background-type":"","background-media":"","overlay-type":"","overlay-color":"","overlay-opacity":"","overlay-gradient":""}}},"product_cat":[48],"product_tag":[],"class_list":["post-4859","product","type-product","status-publish","has-post-thumbnail","hentry","product_cat-sunkaraoke-dalok","desktop-align-left","tablet-align-left","mobile-align-left"],"_links":{"self":[{"href":"https:\/\/www.sunkaraoke.hu\/index.php\/wp-json\/wp\/v2\/product\/4859","targetHints":{"allow":["GET"]}}],"collection":[{"href":"https:\/\/www.sunkaraoke.hu\/index.php\/wp-json\/wp\/v2\/product"}],"about":[{"href":"https:\/\/www.sunkaraoke.hu\/index.php\/wp-json\/wp\/v2\/types\/product"}],"wp:featuredmedia":[{"embeddable":true,"href":"https:\/\/www.sunkaraoke.hu\/index.php\/wp-json\/wp\/v2\/media\/9603"}],"wp:attachment":[{"href":"https:\/\/www.sunkaraoke.hu\/index.php\/wp-json\/wp\/v2\/media?parent=4859"}],"wp:term":[{"taxonomy":"product_cat","embeddable":true,"href":"https:\/\/www.sunkaraoke.hu\/index.php\/wp-json\/wp\/v2\/product_cat?post=4859"},{"taxonomy":"product_tag","embeddable":true,"href":"https:\/\/www.sunkaraoke.hu\/index.php\/wp-json\/wp\/v2\/product_tag?post=4859"}],"curies":[{"name":"wp","href":"https:\/\/api.w.org\/{rel}","templated":true}]}}