{"id":4851,"date":"2022-08-08T20:48:13","date_gmt":"2022-08-08T20:48:13","guid":{"rendered":"https:\/\/www.sunkaraoke.hu\/index.php\/termek\/neoton-visz-a-hajo\/"},"modified":"2025-04-03T10:14:25","modified_gmt":"2025-04-03T10:14:25","slug":"neoton-visz-a-hajo","status":"publish","type":"product","link":"https:\/\/www.sunkaraoke.hu\/index.php\/termek\/neoton-visz-a-hajo\/","title":{"rendered":"<div class=\"wcmp-player-container product-4851\"><audio controlslist=\"nodownload\" data-product=\"4851\"  volume=\"1\"  preload=\"none\" data-lazyloading=\"none\" class=\"wcmp-player track mejs-classic\" data-duration=\"0:31\" data-estimated_duration=\"4\"><source src=\"https:\/\/www.sunkaraoke.hu\/wp-content\/uploads\/2022\/08\/Visz-a-hajo-Neoton-E.-emoo.mp3\" type=\"audio\/mp3\" \/><\/audio><\/div>Neoton &#8211; Visz a haj\u00f3 (Original)"},"content":{"rendered":"<p><strong>04:22<\/strong> | <strong><img loading=\"lazy\" decoding=\"async\" class=\"alignnone size-full wp-image-467\" src=\"https:\/\/www.sunkaraoke.hu\/wp-content\/uploads\/2022\/07\/choir_2-copy.webp\" alt=\"\" width=\"30\" height=\"30\" \/> <\/strong><\/p>\n","protected":false},"excerpt":{"rendered":"<h6><strong>Bits\u0171r\u0171s\u00e9g: 320<\/strong>kb\/s<strong><br \/>\n<\/strong><strong>Hossz: <\/strong>04:22<strong><br \/>\n<\/strong><strong style=\"font-size: 16px;\">Vok\u00e1lt tartalmaz: <\/strong>Nem <img loading=\"lazy\" decoding=\"async\" class=\"alignnone size-full wp-image-467\" src=\"http:\/\/www.sunkaraoke.hu\/wp-content\/uploads\/2022\/07\/choir_2-copy.png\" alt=\"\" width=\"30\" height=\"30\" \/><strong style=\"font-size: 16px;\"><br \/>\n<\/strong><\/h6>\n<p>Sunkaraoke mp3 st\u00fadi\u00f3 \/ www.sunkaraoke.hu \/ Inf: Tel: 06 20 4275001<\/p>\n<p>&#8212;Intr\u00f3&#8212;<br \/>\nHossz\u00fa az \u00fat, messze van a part,<br \/>\naki nevezett vel\u00fcnk, ugyan oda tart!<br \/>\nEmbert a v\u00edzben,fogjuk meg a kez\u00e9t,<br \/>\nkellhet neki, a seg\u00edts\u00e9g!<\/p>\n<p>Hossz\u00fa az \u00fat, borul az id\u0151,<br \/>\nk\u00f6r\u00fcl\u00f6tt\u00fcnk sz\u00fcrk\u00fcl a k\u00e9k, h\u0171l a leveg\u0151!<br \/>\nEmber a v\u00edzb\u0151l,ugye j\u00f3 itt neked,<br \/>\na csillagod k\u00f6zt\u00fcnk vezet!<\/p>\n<p>Visz a haj\u00f3, f\u00faj a sz\u00e9l!<br \/>\nVihar el\u0151tti szenved\u00e9ly!<br \/>\nFesz\u00fcl a k\u00f6t\u00e9l,merre van az \u00faj ir\u00e1ny?<br \/>\nVisz a haj\u00f3, v\u00e1g a sz\u00e9l!<br \/>\nLassan a v\u00edz \u00e9gig \u00e9r!<br \/>\nHely\u00e9n a sz\u00edv\u00fcnk,h\u00fazhatunk a vitorl\u00e1n!<\/p>\n<p>&#8212;Sz\u00f3l\u00f3&#8212;<br \/>\nHossz\u00fa az \u00fat, borul az id\u0151,<br \/>\nk\u00f6r\u00fcl\u00f6tt\u00fcnk sz\u00fcrk\u00fcl a k\u00e9k, h\u0171l a leveg\u0151!<br \/>\nEmber a v\u00edzb\u0151l,ugye j\u00f3 itt neked,<br \/>\na csillagod k\u00f6zt\u00fcnk vezet!<\/p>\n<p>Visz a haj\u00f3, f\u00faj a sz\u00e9l!<br \/>\nVihar el\u0151tti szenved\u00e9ly!<br \/>\nFesz\u00fcl a k\u00f6t\u00e9l,merre van az \u00faj ir\u00e1ny?<br \/>\nVisz a haj\u00f3, v\u00e1g a sz\u00e9l!<br \/>\nLassan a v\u00edz \u00e9gig \u00e9r!<br \/>\nHely\u00e9n a sz\u00edv\u00fcnk,h\u00fazhatunk a vitorl\u00e1n!<\/p>\n<p>Visz a haj\u00f3, f\u00faj a sz\u00e9l!<br \/>\nVihar el\u0151tti szenved\u00e9ly!<br \/>\nFesz\u00fcl a k\u00f6t\u00e9l,merre van az \u00faj ir\u00e1ny?<br \/>\nVisz a haj\u00f3, v\u00e1g a sz\u00e9l!<br \/>\nLassan a v\u00edz \u00e9gig \u00e9r!<br \/>\nHely\u00e9n a sz\u00edv\u00fcnk,h\u00fazhatunk a vitorl\u00e1n!<\/p>\n<p>&#8212;V\u00e9ge&#8212;<\/p>\n","protected":false},"featured_media":9391,"template":"","meta":{"site-sidebar-layout":"default","site-content-layout":"default","ast-site-content-layout":"default","site-content-style":"default","site-sidebar-style":"default","ast-global-header-display":"","ast-banner-title-visibility":"","ast-main-header-display":"","ast-hfb-above-header-display":"","ast-hfb-below-header-display":"","ast-hfb-mobile-header-display":"","site-post-title":"","ast-breadcrumbs-content":"","ast-featured-img":"","footer-sml-layout":"","theme-transparent-header-meta":"default","adv-header-id-meta":"","stick-header-meta":"","header-above-stick-meta":"","header-main-stick-meta":"","header-below-stick-meta":"","astra-migrate-meta-layouts":"set","ast-page-background-enabled":"default","ast-page-background-meta":{"desktop":{"background-color":"var(--ast-global-color-4)","background-image":"","background-repeat":"repeat","background-position":"center center","background-size":"auto","background-attachment":"scroll","background-type":"","background-media":"","overlay-type":"","overlay-color":"","overlay-opacity":"","overlay-gradient":""},"tablet":{"background-color":"","background-image":"","background-repeat":"repeat","background-position":"center center","background-size":"auto","background-attachment":"scroll","background-type":"","background-media":"","overlay-type":"","overlay-color":"","overlay-opacity":"","overlay-gradient":""},"mobile":{"background-color":"","background-image":"","background-repeat":"repeat","background-position":"center center","background-size":"auto","background-attachment":"scroll","background-type":"","background-media":"","overlay-type":"","overlay-color":"","overlay-opacity":"","overlay-gradient":""}},"ast-content-background-meta":{"desktop":{"background-color":"var(--ast-global-color-5)","background-image":"","background-repeat":"repeat","background-position":"center center","background-size":"auto","background-attachment":"scroll","background-type":"","background-media":"","overlay-type":"","overlay-color":"","overlay-opacity":"","overlay-gradient":""},"tablet":{"background-color":"var(--ast-global-color-5)","background-image":"","background-repeat":"repeat","background-position":"center center","background-size":"auto","background-attachment":"scroll","background-type":"","background-media":"","overlay-type":"","overlay-color":"","overlay-opacity":"","overlay-gradient":""},"mobile":{"background-color":"var(--ast-global-color-5)","background-image":"","background-repeat":"repeat","background-position":"center center","background-size":"auto","background-attachment":"scroll","background-type":"","background-media":"","overlay-type":"","overlay-color":"","overlay-opacity":"","overlay-gradient":""}}},"product_cat":[58],"product_tag":[],"class_list":["post-4851","product","type-product","status-publish","has-post-thumbnail","hentry","product_cat-erdelyi-zoltan","desktop-align-left","tablet-align-left","mobile-align-left"],"_links":{"self":[{"href":"https:\/\/www.sunkaraoke.hu\/index.php\/wp-json\/wp\/v2\/product\/4851","targetHints":{"allow":["GET"]}}],"collection":[{"href":"https:\/\/www.sunkaraoke.hu\/index.php\/wp-json\/wp\/v2\/product"}],"about":[{"href":"https:\/\/www.sunkaraoke.hu\/index.php\/wp-json\/wp\/v2\/types\/product"}],"wp:featuredmedia":[{"embeddable":true,"href":"https:\/\/www.sunkaraoke.hu\/index.php\/wp-json\/wp\/v2\/media\/9391"}],"wp:attachment":[{"href":"https:\/\/www.sunkaraoke.hu\/index.php\/wp-json\/wp\/v2\/media?parent=4851"}],"wp:term":[{"taxonomy":"product_cat","embeddable":true,"href":"https:\/\/www.sunkaraoke.hu\/index.php\/wp-json\/wp\/v2\/product_cat?post=4851"},{"taxonomy":"product_tag","embeddable":true,"href":"https:\/\/www.sunkaraoke.hu\/index.php\/wp-json\/wp\/v2\/product_tag?post=4851"}],"curies":[{"name":"wp","href":"https:\/\/api.w.org\/{rel}","templated":true}]}}