{"id":4845,"date":"2022-08-08T20:48:12","date_gmt":"2022-08-08T20:48:12","guid":{"rendered":"https:\/\/www.sunkaraoke.hu\/index.php\/termek\/jolly-palika-bombashej-transzp-v\/"},"modified":"2025-04-11T07:51:15","modified_gmt":"2025-04-11T07:51:15","slug":"jolly-palika-bombashej-transzp-v","status":"publish","type":"product","link":"https:\/\/www.sunkaraoke.hu\/index.php\/termek\/jolly-palika-bombashej-transzp-v\/","title":{"rendered":"<div class=\"wcmp-player-container product-4845\"><audio controlslist=\"nodownload\" data-product=\"4845\"  volume=\"1\"  preload=\"none\" data-lazyloading=\"none\" class=\"wcmp-player track mejs-classic\" data-duration=\"0:32\" data-estimated_duration=\"4\"><source src=\"https:\/\/www.sunkaraoke.hu\/wp-content\/uploads\/2022\/08\/Bombashej-transz.-SB.-_demo.mp3\" type=\"audio\/mp3\" \/><\/audio><\/div>Jolly &#038; Palika &#8211; Bombash\u00e9j (SB Edition)"},"content":{"rendered":"<p><strong>03:28<\/strong> | <strong><img loading=\"lazy\" decoding=\"async\" class=\"alignnone size-full wp-image-467\" src=\"https:\/\/www.sunkaraoke.hu\/wp-content\/uploads\/2022\/07\/choir_2-copy.webp\" alt=\"\" width=\"30\" height=\"30\" \/> <strong> | <img loading=\"lazy\" decoding=\"async\" class=\"alignnone size-full wp-image-613\" src=\"https:\/\/www.sunkaraoke.hu\/wp-content\/uploads\/2022\/07\/transzponalas.webp\" alt=\"\" width=\"30\" height=\"30\" \/> <\/strong><strong>-3<\/strong><\/strong><\/p>\n","protected":false},"excerpt":{"rendered":"<h6>Bits\u0171r\u0171s\u00e9g: 320 kb\/s<br \/>\nHossz: 03:28<br \/>\nVok\u00e1lt tartalmaz: Nem <img loading=\"lazy\" decoding=\"async\" class=\"alignnone size-full wp-image-467\" src=\"http:\/\/www.sunkaraoke.hu\/wp-content\/uploads\/2022\/07\/choir_2-copy.png\" alt=\"\" width=\"30\" height=\"30\" \/><br \/>\nTranszpon\u00e1l\u00e1s: <img loading=\"lazy\" decoding=\"async\" class=\"alignnone size-full wp-image-613\" src=\"http:\/\/www.sunkaraoke.hu\/wp-content\/uploads\/2022\/07\/transzponalas.png\" alt=\"\" width=\"30\" height=\"30\" \/> -3<\/h6>\n<p>Sunkaraoke mp3 st\u00fadi\u00f3 \/ www.sunkaraoke.hu \/ Inf: Tel: 06 20 4275001<\/p>\n<p>&#8212;Intr\u00f3&#8212;<\/p>\n<p>Bomba, bombash\u00e9j, bomba, bombash\u00e9j&#8230;<br \/>\nBomba, bombash\u00e9j, bomba, bombash\u00e9j&#8230;<\/p>\n<p>Bomba, bombash\u00e9j, bomba, bombash\u00e9j&#8230;<br \/>\nBomba, bombash\u00e9j, bomba, bombash\u00e9j&#8230;<br \/>\nSzia, szia hell\u00f3, itt a vak\u00e1ci\u00f3, elcs\u00e1b\u00edt az \u00e9jszaka sz\u00f3l a zene sz\u00f3l,<br \/>\nnekem az , az a j\u00f3, ha velem bulizol,cs\u00facs ez a parti bombaj\u00f3!<br \/>\nCsumi, csumi, csumi, hadd menjen a boogie,<br \/>\nj\u00e1rjon a l\u00e1bad , r\u00e1 p\u00e1 p\u00e1, \u00e9rezd j\u00f3l magad,<br \/>\nh\u00e1t itt van a nagy buli, a Jolly meg a Pali,<br \/>\nitt mi osztjuk most a lapokat.<\/p>\n<p>Bomba, bombash\u00e9j, gyere t\u00e1ncolj most a kedv\u00fcnk\u00e9rt.<br \/>\nHej ma \u00f6sszekoccan k\u00e9t poh\u00e1r, igy\u00e1l Jolly ne sajn\u00e1ld,<br \/>\nh\u00e1j d\u00e1li, d\u00e1li, d\u00e1li, d\u00e1!<br \/>\nBomba, bombash\u00e9j, gyere t\u00e1ncolj most a kedv\u00fcnk\u00e9rt,<br \/>\nmert ahol ott van a Jolly ott mindig j\u00f3 lesz buli,<br \/>\noj, l\u00e9, l\u00e9, l\u00e9, l\u00e9.<\/p>\n<p>\u00c9jjel is nappal j\u00f3 a kedvem, testv\u00e9rekkel mulatok,<br \/>\nj\u00f3l \u00e9rzem \u00e9n magam, sz\u00e9p l\u00e1nyokkal eg\u00e9sz \u00e9jjel bulizok.<br \/>\nKir\u00e1ly ez a buli, hadd menjen a boogie,<br \/>\nj\u00e1rjon a l\u00e1bad , r\u00e1 p\u00e1 p\u00e1, \u00e9rezd j\u00f3l magad.<br \/>\nH\u00e9j jupi, jupi, a Jolly meg a Pali,<br \/>\nitt mi osztjuk ma a lapokat.<\/p>\n<p>Bomba, bombash\u00e9j, gyere t\u00e1ncolj most a kedv\u00fcnk\u00e9rt,<br \/>\nmert ahol ott van a Pali, ott mindig j\u00f3 lesz buli,<br \/>\noj, l\u00e9, l\u00e9, l\u00e9, l\u00e9.<br \/>\nBomba, bombash\u00e9j, gyere t\u00e1ncolj most a kedv\u00fcnk\u00e9rt,<br \/>\nmert ahol ott van a Jolly, ott mindig j\u00f3 lesz buli,<br \/>\noj, l\u00e9, l\u00e9, l\u00e9, l\u00e9.<br \/>\nOj, t\u00e9, ri, t\u00e1, l\u00e1, l\u00e1&#8230;..<br \/>\nBomba, bombash\u00e9j, gyere t\u00e1ncolj most a kedv\u00fcnk\u00e9rt.<br \/>\nHej ma \u00f6sszekoccan k\u00e9t poh\u00e1r, igy\u00e1l tes\u00f3 ne sajn\u00e1ld,<br \/>\nh\u00e1j d\u00e1li, d\u00e1li, d\u00e1li, d\u00e1!<br \/>\nBomba, bombash\u00e9j, gyere t\u00e1ncolj most a kedv\u00fcnk\u00e9rt,<br \/>\nmert ahol ott van a Jolly ott mindig j\u00f3 lesz buli,<br \/>\noj, l\u00e9, l\u00e9, l\u00e9, l\u00e9.<br \/>\nMert ahol ott van a Pali ott mindig j\u00f3 lesz buli,<br \/>\noj, l\u00e9, l\u00e9, l\u00e9, l\u00e9.<br \/>\n&#8212;V\u00e9ge&#8212;<\/p>\n","protected":false},"featured_media":9009,"template":"","meta":{"site-sidebar-layout":"default","site-content-layout":"default","ast-site-content-layout":"default","site-content-style":"default","site-sidebar-style":"default","ast-global-header-display":"","ast-banner-title-visibility":"","ast-main-header-display":"","ast-hfb-above-header-display":"","ast-hfb-below-header-display":"","ast-hfb-mobile-header-display":"","site-post-title":"","ast-breadcrumbs-content":"","ast-featured-img":"","footer-sml-layout":"","theme-transparent-header-meta":"default","adv-header-id-meta":"","stick-header-meta":"","header-above-stick-meta":"","header-main-stick-meta":"","header-below-stick-meta":"","astra-migrate-meta-layouts":"set","ast-page-background-enabled":"default","ast-page-background-meta":{"desktop":{"background-color":"var(--ast-global-color-4)","background-image":"","background-repeat":"repeat","background-position":"center center","background-size":"auto","background-attachment":"scroll","background-type":"","background-media":"","overlay-type":"","overlay-color":"","overlay-opacity":"","overlay-gradient":""},"tablet":{"background-color":"","background-image":"","background-repeat":"repeat","background-position":"center center","background-size":"auto","background-attachment":"scroll","background-type":"","background-media":"","overlay-type":"","overlay-color":"","overlay-opacity":"","overlay-gradient":""},"mobile":{"background-color":"","background-image":"","background-repeat":"repeat","background-position":"center center","background-size":"auto","background-attachment":"scroll","background-type":"","background-media":"","overlay-type":"","overlay-color":"","overlay-opacity":"","overlay-gradient":""}},"ast-content-background-meta":{"desktop":{"background-color":"var(--ast-global-color-5)","background-image":"","background-repeat":"repeat","background-position":"center center","background-size":"auto","background-attachment":"scroll","background-type":"","background-media":"","overlay-type":"","overlay-color":"","overlay-opacity":"","overlay-gradient":""},"tablet":{"background-color":"var(--ast-global-color-5)","background-image":"","background-repeat":"repeat","background-position":"center center","background-size":"auto","background-attachment":"scroll","background-type":"","background-media":"","overlay-type":"","overlay-color":"","overlay-opacity":"","overlay-gradient":""},"mobile":{"background-color":"var(--ast-global-color-5)","background-image":"","background-repeat":"repeat","background-position":"center center","background-size":"auto","background-attachment":"scroll","background-type":"","background-media":"","overlay-type":"","overlay-color":"","overlay-opacity":"","overlay-gradient":""}}},"product_cat":[48],"product_tag":[],"class_list":["post-4845","product","type-product","status-publish","has-post-thumbnail","hentry","product_cat-sunkaraoke-dalok","desktop-align-left","tablet-align-left","mobile-align-left"],"_links":{"self":[{"href":"https:\/\/www.sunkaraoke.hu\/index.php\/wp-json\/wp\/v2\/product\/4845","targetHints":{"allow":["GET"]}}],"collection":[{"href":"https:\/\/www.sunkaraoke.hu\/index.php\/wp-json\/wp\/v2\/product"}],"about":[{"href":"https:\/\/www.sunkaraoke.hu\/index.php\/wp-json\/wp\/v2\/types\/product"}],"wp:featuredmedia":[{"embeddable":true,"href":"https:\/\/www.sunkaraoke.hu\/index.php\/wp-json\/wp\/v2\/media\/9009"}],"wp:attachment":[{"href":"https:\/\/www.sunkaraoke.hu\/index.php\/wp-json\/wp\/v2\/media?parent=4845"}],"wp:term":[{"taxonomy":"product_cat","embeddable":true,"href":"https:\/\/www.sunkaraoke.hu\/index.php\/wp-json\/wp\/v2\/product_cat?post=4845"},{"taxonomy":"product_tag","embeddable":true,"href":"https:\/\/www.sunkaraoke.hu\/index.php\/wp-json\/wp\/v2\/product_tag?post=4845"}],"curies":[{"name":"wp","href":"https:\/\/api.w.org\/{rel}","templated":true}]}}