{"id":4831,"date":"2022-08-08T20:48:11","date_gmt":"2022-08-08T20:48:11","guid":{"rendered":"https:\/\/www.sunkaraoke.hu\/index.php\/termek\/nemeth-tibor-az-a-rendes-iparos-mix\/"},"modified":"2025-04-11T08:21:20","modified_gmt":"2025-04-11T08:21:20","slug":"nemeth-tibor-az-a-rendes-iparos-mix","status":"publish","type":"product","link":"https:\/\/www.sunkaraoke.hu\/index.php\/termek\/nemeth-tibor-az-a-rendes-iparos-mix\/","title":{"rendered":"<div class=\"wcmp-player-container product-4831\"><audio controlslist=\"nodownload\" data-product=\"4831\"  volume=\"1\"  preload=\"none\" data-lazyloading=\"none\" class=\"wcmp-player track mejs-classic\" data-duration=\"0:33\" data-estimated_duration=\"4\"><source src=\"https:\/\/www.sunkaraoke.hu\/wp-content\/uploads\/2022\/08\/Az-a-rendes-iparos-mix-Nemeth.-demoo.mp3\" type=\"audio\/mp3\" \/><\/audio><\/div>N\u00e9meth Tibor &#8211; Az a rendes iparos MIX (Original)"},"content":{"rendered":"<p><strong>03:51<\/strong> | <strong><img loading=\"lazy\" decoding=\"async\" class=\"alignnone size-full wp-image-467\" src=\"https:\/\/www.sunkaraoke.hu\/wp-content\/uploads\/2022\/07\/choir_2-copy.webp\" alt=\"\" width=\"30\" height=\"30\" \/> <\/strong><\/p>\n","protected":false},"excerpt":{"rendered":"<h6><strong>Bits\u0171r\u0171s\u00e9g: 320<\/strong>kb\/s<strong><br \/>\n<\/strong><strong>Hossz: <\/strong>03:51<strong><br \/>\n<\/strong><strong style=\"font-size: 16px;\">Vok\u00e1lt tartalmaz: <\/strong>Nem <img loading=\"lazy\" decoding=\"async\" class=\"alignnone size-full wp-image-467\" src=\"http:\/\/www.sunkaraoke.hu\/wp-content\/uploads\/2022\/07\/choir_2-copy.png\" alt=\"\" width=\"30\" height=\"30\" \/><strong style=\"font-size: 16px;\"><br \/>\n<\/strong><\/h6>\n<p>Sunkaraoke mp3 st\u00fadi\u00f3 \/ www.sunkaraoke.hu \/ Inf: Tel: 06 20 4275001<\/p>\n<p>&#8212;Intr\u00f3&#8212;<br \/>\nAz a rendes iparos,aki mindig italos,<br \/>\n\u00e9s sohasem r\u00e9szeg.<br \/>\nAz a rendes iparos,aki mindig italos,<br \/>\n\u00e9s sohasem r\u00e9szeg.<br \/>\nA munk\u00e1ban ott hagy minden csapot-papot,<br \/>\na kocsm\u00e1ban t\u00f6lti el az eg\u00e9sz napot.<br \/>\nAz a rendes iparos,aki mindig italos,<br \/>\n\u00e9s sohasem r\u00e9szeg.<br \/>\nA munk\u00e1ban ott hagy minden csapot-papot,<br \/>\na kocsm\u00e1ban t\u00f6lti el az eg\u00e9sz napot.<br \/>\nAz a rendes iparos,aki mindig italos,<br \/>\n\u00e9s sohasem r\u00e9szeg.<br \/>\n&#8212;Sz\u00f3l\u00f3&#8212;<br \/>\nM\u00e1r min\u00e1lunk bab\u00e1m,m\u00e1r min\u00e1lunk bab\u00e1m ,<br \/>\naz j\u00f6tt a szok\u00e1sba,<br \/>\nhogy nem szedik a meggyet,<br \/>\nnem szedik a meggyet, fedeles kos\u00e1rba.<br \/>\nFelmegy a leg\u00e9ny a f\u00e1ra,<br \/>\na meggyfa tetej\u00e9re,<br \/>\nler\u00e1zza a meggyet, te meg bab\u00e1m szedjed,<br \/>\na r\u00f3zs\u00e1s k\u00f6t\u00e9nyedbe!<br \/>\nFelmegy a leg\u00e9ny a f\u00e1ra,<br \/>\na meggyfa tetej\u00e9re,<br \/>\nler\u00e1zza a meggyet, te meg bab\u00e1m szedjed,<br \/>\na r\u00f3zs\u00e1s k\u00f6t\u00e9nyedbe!<br \/>\n&#8212;Sz\u00f3l\u00f3&#8212;<br \/>\nSz\u00e9p a r\u00f3zs\u00e1m, nincs hib\u00e1ja,<br \/>\ncsak egy kicst libeg\u0151s a j\u00e1r\u00e1sa,<br \/>\nhuncut adta cs\u00f3kos ajka,<br \/>\njaj, de huncut a k\u00e9t szeme j\u00e1r\u00e1sa.<br \/>\nNe csud\u00e1lja, ha hib\u00e1ja nincs n\u00e9ki,<br \/>\nhisz \u00e9n vagyok a szeret\u0151je sz\u00edvb\u00e9li,<br \/>\nsz\u00e9p a r\u00f3zs\u00e1m, nincs hib\u00e1ja,<br \/>\ncsak egy kicsit libeg\u0151s a j\u00e1r\u00e1sa.<\/p>\n<p>Ne csud\u00e1lja, ha hib\u00e1ja nincs n\u00e9ki,<br \/>\nhisz \u00e9n vagyok a szeret\u0151je sz\u00edvb\u00e9li,<br \/>\nsz\u00e9p a r\u00f3zs\u00e1m, nincs hib\u00e1ja,<br \/>\ncsak egy kicsit libeg\u0151s a j\u00e1r\u00e1sa.<br \/>\n&#8212;V\u00e9ge&#8212;<\/p>\n","protected":false},"featured_media":18504,"template":"","meta":{"site-sidebar-layout":"default","site-content-layout":"default","ast-site-content-layout":"default","site-content-style":"default","site-sidebar-style":"default","ast-global-header-display":"","ast-banner-title-visibility":"","ast-main-header-display":"","ast-hfb-above-header-display":"","ast-hfb-below-header-display":"","ast-hfb-mobile-header-display":"","site-post-title":"","ast-breadcrumbs-content":"","ast-featured-img":"","footer-sml-layout":"","theme-transparent-header-meta":"default","adv-header-id-meta":"","stick-header-meta":"","header-above-stick-meta":"","header-main-stick-meta":"","header-below-stick-meta":"","astra-migrate-meta-layouts":"set","ast-page-background-enabled":"default","ast-page-background-meta":{"desktop":{"background-color":"var(--ast-global-color-4)","background-image":"","background-repeat":"repeat","background-position":"center center","background-size":"auto","background-attachment":"scroll","background-type":"","background-media":"","overlay-type":"","overlay-color":"","overlay-opacity":"","overlay-gradient":""},"tablet":{"background-color":"","background-image":"","background-repeat":"repeat","background-position":"center center","background-size":"auto","background-attachment":"scroll","background-type":"","background-media":"","overlay-type":"","overlay-color":"","overlay-opacity":"","overlay-gradient":""},"mobile":{"background-color":"","background-image":"","background-repeat":"repeat","background-position":"center center","background-size":"auto","background-attachment":"scroll","background-type":"","background-media":"","overlay-type":"","overlay-color":"","overlay-opacity":"","overlay-gradient":""}},"ast-content-background-meta":{"desktop":{"background-color":"var(--ast-global-color-5)","background-image":"","background-repeat":"repeat","background-position":"center center","background-size":"auto","background-attachment":"scroll","background-type":"","background-media":"","overlay-type":"","overlay-color":"","overlay-opacity":"","overlay-gradient":""},"tablet":{"background-color":"var(--ast-global-color-5)","background-image":"","background-repeat":"repeat","background-position":"center center","background-size":"auto","background-attachment":"scroll","background-type":"","background-media":"","overlay-type":"","overlay-color":"","overlay-opacity":"","overlay-gradient":""},"mobile":{"background-color":"var(--ast-global-color-5)","background-image":"","background-repeat":"repeat","background-position":"center center","background-size":"auto","background-attachment":"scroll","background-type":"","background-media":"","overlay-type":"","overlay-color":"","overlay-opacity":"","overlay-gradient":""}}},"product_cat":[46],"product_tag":[],"class_list":["post-4831","product","type-product","status-publish","has-post-thumbnail","hentry","product_cat-eredeti-karaoke-dalok","desktop-align-left","tablet-align-left","mobile-align-left"],"_links":{"self":[{"href":"https:\/\/www.sunkaraoke.hu\/index.php\/wp-json\/wp\/v2\/product\/4831","targetHints":{"allow":["GET"]}}],"collection":[{"href":"https:\/\/www.sunkaraoke.hu\/index.php\/wp-json\/wp\/v2\/product"}],"about":[{"href":"https:\/\/www.sunkaraoke.hu\/index.php\/wp-json\/wp\/v2\/types\/product"}],"wp:featuredmedia":[{"embeddable":true,"href":"https:\/\/www.sunkaraoke.hu\/index.php\/wp-json\/wp\/v2\/media\/18504"}],"wp:attachment":[{"href":"https:\/\/www.sunkaraoke.hu\/index.php\/wp-json\/wp\/v2\/media?parent=4831"}],"wp:term":[{"taxonomy":"product_cat","embeddable":true,"href":"https:\/\/www.sunkaraoke.hu\/index.php\/wp-json\/wp\/v2\/product_cat?post=4831"},{"taxonomy":"product_tag","embeddable":true,"href":"https:\/\/www.sunkaraoke.hu\/index.php\/wp-json\/wp\/v2\/product_tag?post=4831"}],"curies":[{"name":"wp","href":"https:\/\/api.w.org\/{rel}","templated":true}]}}