{"id":4830,"date":"2022-08-08T20:48:11","date_gmt":"2022-08-08T20:48:11","guid":{"rendered":"https:\/\/www.sunkaraoke.hu\/index.php\/termek\/nemeth-tibor-ne-jatssz-tovabb\/"},"modified":"2026-02-14T15:46:11","modified_gmt":"2026-02-14T13:46:11","slug":"nemeth-tibor-ne-jatssz-tovabb","status":"publish","type":"product","link":"https:\/\/www.sunkaraoke.hu\/index.php\/termek\/nemeth-tibor-ne-jatssz-tovabb\/","title":{"rendered":"<div class=\"wcmp-player-container product-4830\"><audio controlslist=\"nodownload\" data-product=\"4830\"  volume=\"1\"  preload=\"none\" data-lazyloading=\"none\" class=\"wcmp-player track mejs-classic\" data-duration=\"0:34\" data-estimated_duration=\"4\"><source src=\"https:\/\/www.sunkaraoke.hu\/wp-content\/uploads\/2022\/08\/Ne-jatssz-tovabb-Nemeth.-kdemoo.mp3\" type=\"audio\/mp3\" \/><\/audio><\/div>N\u00e9meth Tibor &#8211; Ne j\u00e1tssz tov\u00e1bb (Original)"},"content":{"rendered":"<p><strong>03:21<\/strong> | <strong><img loading=\"lazy\" decoding=\"async\" class=\"alignnone size-full wp-image-467\" src=\"https:\/\/www.sunkaraoke.hu\/wp-content\/uploads\/2022\/07\/choir_2-copy.webp\" alt=\"\" width=\"30\" height=\"30\" \/> <\/strong><\/p>\n","protected":false},"excerpt":{"rendered":"<h6><strong>Bits\u0171r\u0171s\u00e9g: 320<\/strong>kb\/s<strong><br \/>\n<\/strong><strong>Hossz: <\/strong>03:21<strong><br \/>\n<\/strong><strong style=\"font-size: 16px;\">Vok\u00e1lt tartalmaz: <\/strong>Nem <img loading=\"lazy\" decoding=\"async\" class=\"alignnone size-full wp-image-467\" src=\"http:\/\/www.sunkaraoke.hu\/wp-content\/uploads\/2022\/07\/choir_2-copy.png\" alt=\"\" width=\"30\" height=\"30\" \/><strong style=\"font-size: 16px;\"><br \/>\n<\/strong><\/h6>\n<p>Sunkaraoke mp3 st\u00fadi\u00f3 \/ www.sunkaraoke.hu \/ Inf: Tel: 06 20 4275001<\/p>\n<p>&#8212;Intr\u00f3&#8212;<br \/>\nNem vettem \u00e9n \u00e9szre hogy j\u00e1tszol csak velem,<br \/>\nj\u00e1t\u00e9kra haszn\u00e1ltad az eg\u00e9sz \u00e9letem.<br \/>\nSzemembe hazudt\u00e1l, baleknak tartott\u00e1l,<br \/>\nmost j\u00f6ttem r\u00e1 cs\u00fany\u00e1n becsapt\u00e1l.<br \/>\n&#8212;Sz\u00f3l\u00f3&#8212;<br \/>\nMinden gyerek tudja csak \u00e9n nem hittem el,<br \/>\naz igaz szerelemhez k\u00e9t ember kell.<br \/>\nNem j\u00e1t\u00e9k ez t\u00f6bb\u00e9 \u00e9s tal\u00e1n tudod m\u00e1r,<br \/>\na j\u00e1t\u00e9k v\u00e9g\u00e9re magadra maradt\u00e1l.<\/p>\n<p>Ne j\u00e1tsz tov\u00e1bb, a sz\u00edvemmel.<br \/>\nNe j\u00e1tsz tov\u00e1bb, a szerelemmel.<br \/>\nNe j\u00e1tsz tov\u00e1bb, a sz\u00edvemmel,<br \/>\nmert boldog, sosem leszel.<br \/>\n&#8212;Sz\u00f3l\u00f3&#8212;<\/p>\n<p>Nem vettem \u00e9n \u00e9szre hogy j\u00e1tszol csak velem,<br \/>\nj\u00e1t\u00e9kra haszn\u00e1ltad az eg\u00e9sz \u00e9letem.<br \/>\nSzemembe hazudt\u00e1l, baleknak tartott\u00e1l,<br \/>\nmost j\u00f6ttem r\u00e1 cs\u00fany\u00e1n becsapt\u00e1l.<br \/>\n&#8212;Sz\u00f3l\u00f3&#8212;<br \/>\nMinden gyerek tudja, csak \u00e9n nem hittem el,<br \/>\naz igaz szerelemhez, k\u00e9t ember kell.<br \/>\nNem j\u00e1t\u00e9k ez t\u00f6bb\u00e9, \u00e9s tal\u00e1n tudod m\u00e1r,<br \/>\na j\u00e1t\u00e9k v\u00e9g\u00e9re magadra maradt\u00e1l.<\/p>\n<p>Ne j\u00e1tsz tov\u00e1bb, a sz\u00edvemmel.<br \/>\nNe j\u00e1tsz tov\u00e1bb, a szerelemmel.<br \/>\nNe j\u00e1tsz tov\u00e1bb, a sz\u00edvemmel,<br \/>\nmert boldog, sosem leszel.<br \/>\nNe j\u00e1tsz tov\u00e1bb, a sz\u00edvemmel.<br \/>\nNe j\u00e1tsz tov\u00e1bb, a szerelemmel.<br \/>\nNe j\u00e1tsz tov\u00e1bb, a sz\u00edvemmel,<br \/>\nmert boldog, sosem leszel.<br \/>\n&#8212;Sz\u00f3l\u00f3&#8212;<\/p>\n<p>Ne j\u00e1tsz tov\u00e1bb, a sz\u00edvemmel.<br \/>\nNe j\u00e1tsz tov\u00e1bb, a szerelemmel.<br \/>\nNe j\u00e1tsz tov\u00e1bb, a sz\u00edvemmel,<br \/>\nmert boldog, sosem leszel.<br \/>\nNe j\u00e1tsz tov\u00e1bb, a sz\u00edvemmel.<br \/>\nNe j\u00e1tsz tov\u00e1bb, a szerelemmel.<br \/>\nNe j\u00e1tsz tov\u00e1bb, a sz\u00edvemmel,<br \/>\nmert boldog, sosem leszel.<br \/>\n&#8212;V\u00e9ge&#8212;<\/p>\n","protected":false},"featured_media":18504,"template":"","meta":{"site-sidebar-layout":"default","site-content-layout":"default","ast-site-content-layout":"default","site-content-style":"default","site-sidebar-style":"default","ast-global-header-display":"","ast-banner-title-visibility":"","ast-main-header-display":"","ast-hfb-above-header-display":"","ast-hfb-below-header-display":"","ast-hfb-mobile-header-display":"","site-post-title":"","ast-breadcrumbs-content":"","ast-featured-img":"","footer-sml-layout":"","theme-transparent-header-meta":"default","adv-header-id-meta":"","stick-header-meta":"","header-above-stick-meta":"","header-main-stick-meta":"","header-below-stick-meta":"","astra-migrate-meta-layouts":"set","ast-page-background-enabled":"default","ast-page-background-meta":{"desktop":{"background-color":"var(--ast-global-color-4)","background-image":"","background-repeat":"repeat","background-position":"center center","background-size":"auto","background-attachment":"scroll","background-type":"","background-media":"","overlay-type":"","overlay-color":"","overlay-opacity":"","overlay-gradient":""},"tablet":{"background-color":"","background-image":"","background-repeat":"repeat","background-position":"center center","background-size":"auto","background-attachment":"scroll","background-type":"","background-media":"","overlay-type":"","overlay-color":"","overlay-opacity":"","overlay-gradient":""},"mobile":{"background-color":"","background-image":"","background-repeat":"repeat","background-position":"center center","background-size":"auto","background-attachment":"scroll","background-type":"","background-media":"","overlay-type":"","overlay-color":"","overlay-opacity":"","overlay-gradient":""}},"ast-content-background-meta":{"desktop":{"background-color":"var(--ast-global-color-5)","background-image":"","background-repeat":"repeat","background-position":"center center","background-size":"auto","background-attachment":"scroll","background-type":"","background-media":"","overlay-type":"","overlay-color":"","overlay-opacity":"","overlay-gradient":""},"tablet":{"background-color":"var(--ast-global-color-5)","background-image":"","background-repeat":"repeat","background-position":"center center","background-size":"auto","background-attachment":"scroll","background-type":"","background-media":"","overlay-type":"","overlay-color":"","overlay-opacity":"","overlay-gradient":""},"mobile":{"background-color":"var(--ast-global-color-5)","background-image":"","background-repeat":"repeat","background-position":"center center","background-size":"auto","background-attachment":"scroll","background-type":"","background-media":"","overlay-type":"","overlay-color":"","overlay-opacity":"","overlay-gradient":""}}},"product_cat":[46],"product_tag":[],"class_list":["post-4830","product","type-product","status-publish","has-post-thumbnail","hentry","product_cat-eredeti-karaoke-dalok","desktop-align-left","tablet-align-left","mobile-align-left"],"_links":{"self":[{"href":"https:\/\/www.sunkaraoke.hu\/index.php\/wp-json\/wp\/v2\/product\/4830","targetHints":{"allow":["GET"]}}],"collection":[{"href":"https:\/\/www.sunkaraoke.hu\/index.php\/wp-json\/wp\/v2\/product"}],"about":[{"href":"https:\/\/www.sunkaraoke.hu\/index.php\/wp-json\/wp\/v2\/types\/product"}],"wp:featuredmedia":[{"embeddable":true,"href":"https:\/\/www.sunkaraoke.hu\/index.php\/wp-json\/wp\/v2\/media\/18504"}],"wp:attachment":[{"href":"https:\/\/www.sunkaraoke.hu\/index.php\/wp-json\/wp\/v2\/media?parent=4830"}],"wp:term":[{"taxonomy":"product_cat","embeddable":true,"href":"https:\/\/www.sunkaraoke.hu\/index.php\/wp-json\/wp\/v2\/product_cat?post=4830"},{"taxonomy":"product_tag","embeddable":true,"href":"https:\/\/www.sunkaraoke.hu\/index.php\/wp-json\/wp\/v2\/product_tag?post=4830"}],"curies":[{"name":"wp","href":"https:\/\/api.w.org\/{rel}","templated":true}]}}