{"id":4828,"date":"2022-08-08T20:48:11","date_gmt":"2022-08-08T20:48:11","guid":{"rendered":"https:\/\/www.sunkaraoke.hu\/index.php\/termek\/f-l-y-zenekar-ma-este-dragam-mix\/"},"modified":"2025-04-11T08:09:44","modified_gmt":"2025-04-11T08:09:44","slug":"f-l-y-zenekar-ma-este-dragam-mix","status":"publish","type":"product","link":"https:\/\/www.sunkaraoke.hu\/index.php\/termek\/f-l-y-zenekar-ma-este-dragam-mix\/","title":{"rendered":"<div class=\"wcmp-player-container product-4828\"><audio controlslist=\"nodownload\" data-product=\"4828\"  volume=\"1\"  preload=\"none\" data-lazyloading=\"none\" class=\"wcmp-player track mejs-classic\" data-duration=\"0:32\" data-estimated_duration=\"4\"><source src=\"https:\/\/www.sunkaraoke.hu\/wp-content\/uploads\/2022\/08\/Ma-este-dragam-mix-FLY.-kdemoo.mp3\" type=\"audio\/mp3\" \/><\/audio><\/div>F.L.Y. Zenekar  &#8211; Ma este dr\u00e1g\u00e1m MIX (Original)"},"content":{"rendered":"<p><strong>04:26<\/strong> | <strong><img loading=\"lazy\" decoding=\"async\" class=\"alignnone size-full wp-image-467\" src=\"https:\/\/www.sunkaraoke.hu\/wp-content\/uploads\/2022\/07\/choir_2-copy.webp\" alt=\"\" width=\"30\" height=\"30\" \/> <\/strong><\/p>\n","protected":false},"excerpt":{"rendered":"<h6><strong>Bits\u0171r\u0171s\u00e9g: 320<\/strong>kb\/s<strong><br \/>\n<\/strong><strong>Hossz: <\/strong>04:26<strong><br \/>\n<\/strong><strong style=\"font-size: 16px;\">Vok\u00e1lt tartalmaz: <\/strong>Nem <img loading=\"lazy\" decoding=\"async\" class=\"alignnone size-full wp-image-467\" src=\"http:\/\/www.sunkaraoke.hu\/wp-content\/uploads\/2022\/07\/choir_2-copy.png\" alt=\"\" width=\"30\" height=\"30\" \/><strong style=\"font-size: 16px;\"><br \/>\n<\/strong><\/h6>\n<p>Sunkaraoke mp3 st\u00fadi\u00f3 \/ www.sunkaraoke.hu \/ Inf: Tel: 06 20 4275001<\/p>\n<p>&#8212;Intr\u00f3&#8212;<br \/>\nTegnap kicsit elt\u00e9vedtem,<br \/>\nkir\u00fagtam a h\u00e1mb\u00f3l.<br \/>\n\u00c1tz\u00fcll\u00f6ttem az \u00e9jszak\u00e1t,<br \/>\nj\u00f3 p\u00e1r kocsm\u00e1t bej\u00e1rtam.<br \/>\nTal\u00e1n kicsit be is r\u00fagtam,<br \/>\nm\u00e9g most is sz\u00e9d\u00fcl a fejem.<br \/>\nM\u00e1r nem eml\u00e9kszem, hogy merre j\u00e1rtam,<br \/>\negy l\u00e1ny \u00e1gy\u00e1ban \u00e9bredtem.<\/p>\n<p>Ma este dr\u00e1g\u00e1m nem alszom n\u00e1lad,<br \/>\nHazamegyek v\u00e1r a csal\u00e1dom.<br \/>\nSz\u00e9p volt veled, j\u00f3 volt veled,<br \/>\nel kell v\u00e1lnunk sajn\u00e1lom.<br \/>\nMa este dr\u00e1g\u00e1m nem alszom n\u00e1lad,<br \/>\nHazamegyek v\u00e1r a csal\u00e1dom.<br \/>\nSz\u00e9p volt veled, j\u00f3 volt veled,<br \/>\nel kell v\u00e1lnunk sajn\u00e1lom.<\/p>\n<p>Csak az\u00e9rt is!<br \/>\nBocs\u00e1ssa meg nekem a vil\u00e1g,<br \/>\nszeretem a heged\u0171 szav\u00e1t.<br \/>\nBocs\u00e1ssa meg nekem a vil\u00e1g,<br \/>\nszeretem a magyar muzsik\u00e1t.<br \/>\nH\u00fazzad h\u00e1t \u00f6reg cig\u00e1ny, \u00f6reg cig\u00e1ny,<br \/>\na f\u00fclembe h\u00fazd, a f\u00fclembe h\u00fazd,<br \/>\nMuzsik\u00e1ld el n\u00e9kem, hogy a sz\u00edvem m\u00e9gse f\u00e1j.<br \/>\nCsak az\u00e9rt is!<br \/>\nBocs\u00e1ssa meg nekem a vil\u00e1g,<br \/>\nmegsiratom a romantik\u00e1t.<br \/>\nTiszteltetem az elektronik\u00e1t,<br \/>\na m\u0171vir\u00e1g nem igazi vir\u00e1g.<br \/>\nH\u00fazzad h\u00e1t \u00f6reg cig\u00e1ny, \u00f6reg cig\u00e1ny,<br \/>\na f\u00fclembe h\u00fazd, a f\u00fclembe h\u00fazd,<br \/>\nMuzsik\u00e1ld el n\u00e9kem, hogy a sz\u00edvem m\u00e9gse f\u00e1j.<br \/>\nVolt egy nagy-nagy szerelmem,<br \/>\n\u00fagy ott hagyott, hogy erre \u00e9n sem tal\u00e1lok hasonlatot.<br \/>\nH\u00f3ban j\u00e1rtam bok\u00e1ig most itt vagyok,<br \/>\nEnnyi sz\u00e9pen nem felejtek sok\u00e1ig.<br \/>\nF\u0151leg hogyha nem is akarok.<br \/>\nCsak az\u00e9rt is!<br \/>\nBocs\u00e1ssa meg nekem a vil\u00e1g,<br \/>\nszeretem a heged\u0171 szav\u00e1t.<br \/>\nBocs\u00e1ssa meg nekem a vil\u00e1g,<br \/>\nszeretem a magyar muzsik\u00e1t.<\/p>\n<p>H\u00fazzad h\u00e1t \u00f6reg cig\u00e1ny, \u00f6reg cig\u00e1ny,<br \/>\na f\u00fclembe h\u00fazd, a f\u00fclembe h\u00fazd,<br \/>\nMuzsik\u00e1ld el n\u00e9kem, hogy a sz\u00edvem m\u00e9gse f\u00e1j.<br \/>\nM\u00e1r ezut\u00e1n \u00fagy \u00e9lem vil\u00e1gom,<br \/>\nkis kalapom a jobb szememre v\u00e1gom.<br \/>\nJobb szememr\u0151l a bal szememre v\u00e1gom,<br \/>\ncsak a leszerel\u0151 kisk\u00f6nyvemet v\u00e1rom.<br \/>\nJobb szememr\u0151l a bal szememre v\u00e1gom,<br \/>\ncsak a leszerel\u0151 kisk\u00f6nyvemet v\u00e1rom.<br \/>\n&#8212;Sz\u00f3l\u00f3&#8212;<br \/>\nM\u00e1r ezut\u00e1n k\u00e9t szeret\u0151t tartok,<br \/>\naz egyikt\u0151l a m\u00e1sikhoz j\u00e1rok.<br \/>\nHa az egyik h\u0171tlen lesz \u00e9s megcsal,<br \/>\nmegyek a m\u00e1sikhoz majd \u0150 megvigasztal.<br \/>\nHa az egyik h\u0171tlen lesz \u00e9s megcsal,<br \/>\nmegyek a m\u00e1sikhoz majd \u0150 megvigasztal.<br \/>\nHa az egyik h\u0171tlen lesz \u00e9s megcsal,<br \/>\nmegyek a m\u00e1sikhoz majd \u0150 megvigasztal.<br \/>\n&#8212;V\u00e9ge&#8212;<\/p>\n","protected":false},"featured_media":18494,"template":"","meta":{"site-sidebar-layout":"default","site-content-layout":"default","ast-site-content-layout":"default","site-content-style":"default","site-sidebar-style":"default","ast-global-header-display":"","ast-banner-title-visibility":"","ast-main-header-display":"","ast-hfb-above-header-display":"","ast-hfb-below-header-display":"","ast-hfb-mobile-header-display":"","site-post-title":"","ast-breadcrumbs-content":"","ast-featured-img":"","footer-sml-layout":"","theme-transparent-header-meta":"default","adv-header-id-meta":"","stick-header-meta":"","header-above-stick-meta":"","header-main-stick-meta":"","header-below-stick-meta":"","astra-migrate-meta-layouts":"set","ast-page-background-enabled":"default","ast-page-background-meta":{"desktop":{"background-color":"var(--ast-global-color-4)","background-image":"","background-repeat":"repeat","background-position":"center center","background-size":"auto","background-attachment":"scroll","background-type":"","background-media":"","overlay-type":"","overlay-color":"","overlay-opacity":"","overlay-gradient":""},"tablet":{"background-color":"","background-image":"","background-repeat":"repeat","background-position":"center center","background-size":"auto","background-attachment":"scroll","background-type":"","background-media":"","overlay-type":"","overlay-color":"","overlay-opacity":"","overlay-gradient":""},"mobile":{"background-color":"","background-image":"","background-repeat":"repeat","background-position":"center center","background-size":"auto","background-attachment":"scroll","background-type":"","background-media":"","overlay-type":"","overlay-color":"","overlay-opacity":"","overlay-gradient":""}},"ast-content-background-meta":{"desktop":{"background-color":"var(--ast-global-color-5)","background-image":"","background-repeat":"repeat","background-position":"center center","background-size":"auto","background-attachment":"scroll","background-type":"","background-media":"","overlay-type":"","overlay-color":"","overlay-opacity":"","overlay-gradient":""},"tablet":{"background-color":"var(--ast-global-color-5)","background-image":"","background-repeat":"repeat","background-position":"center center","background-size":"auto","background-attachment":"scroll","background-type":"","background-media":"","overlay-type":"","overlay-color":"","overlay-opacity":"","overlay-gradient":""},"mobile":{"background-color":"var(--ast-global-color-5)","background-image":"","background-repeat":"repeat","background-position":"center center","background-size":"auto","background-attachment":"scroll","background-type":"","background-media":"","overlay-type":"","overlay-color":"","overlay-opacity":"","overlay-gradient":""}}},"product_cat":[46],"product_tag":[],"class_list":["post-4828","product","type-product","status-publish","has-post-thumbnail","hentry","product_cat-eredeti-karaoke-dalok","desktop-align-left","tablet-align-left","mobile-align-left"],"_links":{"self":[{"href":"https:\/\/www.sunkaraoke.hu\/index.php\/wp-json\/wp\/v2\/product\/4828","targetHints":{"allow":["GET"]}}],"collection":[{"href":"https:\/\/www.sunkaraoke.hu\/index.php\/wp-json\/wp\/v2\/product"}],"about":[{"href":"https:\/\/www.sunkaraoke.hu\/index.php\/wp-json\/wp\/v2\/types\/product"}],"wp:featuredmedia":[{"embeddable":true,"href":"https:\/\/www.sunkaraoke.hu\/index.php\/wp-json\/wp\/v2\/media\/18494"}],"wp:attachment":[{"href":"https:\/\/www.sunkaraoke.hu\/index.php\/wp-json\/wp\/v2\/media?parent=4828"}],"wp:term":[{"taxonomy":"product_cat","embeddable":true,"href":"https:\/\/www.sunkaraoke.hu\/index.php\/wp-json\/wp\/v2\/product_cat?post=4828"},{"taxonomy":"product_tag","embeddable":true,"href":"https:\/\/www.sunkaraoke.hu\/index.php\/wp-json\/wp\/v2\/product_tag?post=4828"}],"curies":[{"name":"wp","href":"https:\/\/api.w.org\/{rel}","templated":true}]}}