{"id":4827,"date":"2022-08-08T20:48:11","date_gmt":"2022-08-08T20:48:11","guid":{"rendered":"https:\/\/www.sunkaraoke.hu\/index.php\/termek\/f-l-y-zenekar-lesz-maga-juszt\/"},"modified":"2025-04-11T08:05:35","modified_gmt":"2025-04-11T08:05:35","slug":"f-l-y-zenekar-lesz-maga-juszt","status":"publish","type":"product","link":"https:\/\/www.sunkaraoke.hu\/index.php\/termek\/f-l-y-zenekar-lesz-maga-juszt\/","title":{"rendered":"<div class=\"wcmp-player-container product-4827\"><audio controlslist=\"nodownload\" data-product=\"4827\"  volume=\"1\"  preload=\"none\" data-lazyloading=\"none\" class=\"wcmp-player track mejs-classic\" data-duration=\"0:33\" data-estimated_duration=\"4\"><source src=\"https:\/\/www.sunkaraoke.hu\/wp-content\/uploads\/2022\/08\/Lesz-maga-juszt-_demoo.mp3\" type=\"audio\/mp3\" \/><\/audio><\/div>F.L.Y. Zenekar &#8211; Lesz maga Juszt (Original)"},"content":{"rendered":"<p><strong>04:16<\/strong> | <strong><img loading=\"lazy\" decoding=\"async\" class=\"alignnone size-full wp-image-467\" src=\"https:\/\/www.sunkaraoke.hu\/wp-content\/uploads\/2022\/07\/choir_2-copy.webp\" alt=\"\" width=\"30\" height=\"30\" \/> <\/strong><\/p>\n","protected":false},"excerpt":{"rendered":"<h6><strong>Bits\u0171r\u0171s\u00e9g: 320<\/strong>kb\/s<strong><br \/>\n<\/strong><strong>Hossz: <\/strong>04:16<strong><br \/>\n<\/strong><strong style=\"font-size: 16px;\">Vok\u00e1lt tartalmaz: <\/strong>Nem <img loading=\"lazy\" decoding=\"async\" class=\"alignnone size-full wp-image-467\" src=\"http:\/\/www.sunkaraoke.hu\/wp-content\/uploads\/2022\/07\/choir_2-copy.png\" alt=\"\" width=\"30\" height=\"30\" \/><strong style=\"font-size: 16px;\"><br \/>\n<\/strong><\/h6>\n<p>Sunkaraoke mp3 st\u00fadi\u00f3 \/ www.sunkaraoke.hu \/ Inf: Tel: 06 20 4275001<br \/>\n&#8212;Intr\u00f3&#8212;<br \/>\nTavasszal m\u00e9g csak azt daloltam,<br \/>\nzokogva, hogy szeretem \u00e9n.<br \/>\nTavasszal m\u00e9g bolondja voltam,<br \/>\nde m\u00e9gsem nyertem el sz\u00edv\u00e9t.<br \/>\nMa m\u00e1r a v\u00e9n szigetre h\u00f3 hullt,<br \/>\ns a f\u00e1kat r\u00e1zza a d\u00e9li sz\u00e9l.<br \/>\nS a lelkem csak \u00fajra l\u00e1ngra gy\u00fal,<br \/>\ns a sz\u00edvem megint rem\u00e9l.<br \/>\nLesz maga juszt is az eny\u00e9m,<br \/>\ncsak az eny\u00e9m, csak az eny\u00e9m.<br \/>\nDe nincs egyebem csak a rem\u00e9ny,<br \/>\ncsak a rem\u00e9ny, a rem\u00e9ny.<br \/>\nKarika gy\u0171r\u0171 ragyoghat a kez\u00e9n,<br \/>\nkacaghat gy\u00fanyosan ma m\u00e9g fel\u00e9m.<br \/>\nLesz maga juszt is az eny\u00e9m,<br \/>\ncsak az eny\u00e9m, az eny\u00e9m.<br \/>\n&#8212;Sz\u00f3l\u00f3&#8212;<br \/>\nHi\u00e1ba t\u00e1ncol \u00e9jszak\u00e1n \u00e1t,<br \/>\nhi\u00e1ba van bab\u00e1ja sz\u00e1z.<br \/>\nTudom, hogy gy\u00f6tr\u00f6m minden \u00e1lm\u00e1t,<br \/>\nvid\u00e1m sz\u00edv\u00e9be n\u00e9z ki l\u00e1t.<br \/>\nTudom, hogy j\u00e1rja m\u00e9g a t\u00e1ncot,<br \/>\na pezsg\u0151 gy\u00f6nge k\u00f6nny csup\u00e1n.<br \/>\nA b\u00e1nat ezerszer jajjgat\u00f3bb,<br \/>\na sok sok poh\u00e1r ut\u00e1n.<br \/>\nLesz maga juszt is az eny\u00e9m,<br \/>\ncsak az eny\u00e9m, csak az eny\u00e9m.<br \/>\nDe nincs egyebem csak a rem\u00e9ny,<br \/>\ncsak a rem\u00e9ny, a rem\u00e9ny.<br \/>\nKarika gy\u0171r\u0171 ragyoghat a kez\u00e9n,<br \/>\nkacaghat gy\u00fanyosan ma m\u00e9g fel\u00e9m.<br \/>\nLesz maga juszt is az eny\u00e9m,<br \/>\ncsak az eny\u00e9m, csak az eny\u00e9m.<br \/>\nKarika gy\u0171r\u0171 ragyoghat a kez\u00e9n,<br \/>\nkacaghat gy\u00fanyosan ma m\u00e9g fel\u00e9m.<br \/>\nLesz maga juszt is az eny\u00e9m,<br \/>\ncsak az eny\u00e9m, az eny\u00e9m.<br \/>\n&#8212;Sz\u00f3l\u00f3&#8212;<br \/>\nLesz maga juszt is az eny\u00e9m,<br \/>\ncsak az eny\u00e9m, csak az eny\u00e9m.<br \/>\nDe nincs egyebem csak a rem\u00e9ny,<br \/>\ncsak a rem\u00e9ny, a rem\u00e9ny.<br \/>\nKarika gy\u0171r\u0171 ragyoghat a kez\u00e9n,<br \/>\nkacaghat gy\u00fanyosan ma m\u00e9g fel\u00e9m.<br \/>\nLesz maga juszt is az eny\u00e9m,<br \/>\ncsak az eny\u00e9m, csak az eny\u00e9m.<br \/>\nKarika gy\u0171r\u0171 ragyoghat a kez\u00e9n,<br \/>\nkacaghat gy\u00fanyosan ma m\u00e9g fel\u00e9m.<br \/>\nLesz maga juszt is az eny\u00e9m,<br \/>\ncsak az eny\u00e9m, az eny\u00e9m.<br \/>\n&#8212;V\u00e9ge&#8212;<\/p>\n","protected":false},"featured_media":18494,"template":"","meta":{"site-sidebar-layout":"default","site-content-layout":"default","ast-site-content-layout":"default","site-content-style":"default","site-sidebar-style":"default","ast-global-header-display":"","ast-banner-title-visibility":"","ast-main-header-display":"","ast-hfb-above-header-display":"","ast-hfb-below-header-display":"","ast-hfb-mobile-header-display":"","site-post-title":"","ast-breadcrumbs-content":"","ast-featured-img":"","footer-sml-layout":"","theme-transparent-header-meta":"default","adv-header-id-meta":"","stick-header-meta":"","header-above-stick-meta":"","header-main-stick-meta":"","header-below-stick-meta":"","astra-migrate-meta-layouts":"set","ast-page-background-enabled":"default","ast-page-background-meta":{"desktop":{"background-color":"var(--ast-global-color-4)","background-image":"","background-repeat":"repeat","background-position":"center center","background-size":"auto","background-attachment":"scroll","background-type":"","background-media":"","overlay-type":"","overlay-color":"","overlay-opacity":"","overlay-gradient":""},"tablet":{"background-color":"","background-image":"","background-repeat":"repeat","background-position":"center center","background-size":"auto","background-attachment":"scroll","background-type":"","background-media":"","overlay-type":"","overlay-color":"","overlay-opacity":"","overlay-gradient":""},"mobile":{"background-color":"","background-image":"","background-repeat":"repeat","background-position":"center center","background-size":"auto","background-attachment":"scroll","background-type":"","background-media":"","overlay-type":"","overlay-color":"","overlay-opacity":"","overlay-gradient":""}},"ast-content-background-meta":{"desktop":{"background-color":"var(--ast-global-color-5)","background-image":"","background-repeat":"repeat","background-position":"center center","background-size":"auto","background-attachment":"scroll","background-type":"","background-media":"","overlay-type":"","overlay-color":"","overlay-opacity":"","overlay-gradient":""},"tablet":{"background-color":"var(--ast-global-color-5)","background-image":"","background-repeat":"repeat","background-position":"center center","background-size":"auto","background-attachment":"scroll","background-type":"","background-media":"","overlay-type":"","overlay-color":"","overlay-opacity":"","overlay-gradient":""},"mobile":{"background-color":"var(--ast-global-color-5)","background-image":"","background-repeat":"repeat","background-position":"center center","background-size":"auto","background-attachment":"scroll","background-type":"","background-media":"","overlay-type":"","overlay-color":"","overlay-opacity":"","overlay-gradient":""}}},"product_cat":[46],"product_tag":[],"class_list":["post-4827","product","type-product","status-publish","has-post-thumbnail","hentry","product_cat-eredeti-karaoke-dalok","desktop-align-left","tablet-align-left","mobile-align-left"],"_links":{"self":[{"href":"https:\/\/www.sunkaraoke.hu\/index.php\/wp-json\/wp\/v2\/product\/4827","targetHints":{"allow":["GET"]}}],"collection":[{"href":"https:\/\/www.sunkaraoke.hu\/index.php\/wp-json\/wp\/v2\/product"}],"about":[{"href":"https:\/\/www.sunkaraoke.hu\/index.php\/wp-json\/wp\/v2\/types\/product"}],"wp:featuredmedia":[{"embeddable":true,"href":"https:\/\/www.sunkaraoke.hu\/index.php\/wp-json\/wp\/v2\/media\/18494"}],"wp:attachment":[{"href":"https:\/\/www.sunkaraoke.hu\/index.php\/wp-json\/wp\/v2\/media?parent=4827"}],"wp:term":[{"taxonomy":"product_cat","embeddable":true,"href":"https:\/\/www.sunkaraoke.hu\/index.php\/wp-json\/wp\/v2\/product_cat?post=4827"},{"taxonomy":"product_tag","embeddable":true,"href":"https:\/\/www.sunkaraoke.hu\/index.php\/wp-json\/wp\/v2\/product_tag?post=4827"}],"curies":[{"name":"wp","href":"https:\/\/api.w.org\/{rel}","templated":true}]}}