{"id":4822,"date":"2022-08-08T20:48:11","date_gmt":"2022-08-08T20:48:11","guid":{"rendered":"https:\/\/www.sunkaraoke.hu\/index.php\/termek\/didi-lamour-razd-a-bulad\/"},"modified":"2026-02-14T15:46:12","modified_gmt":"2026-02-14T13:46:12","slug":"didi-lamour-razd-a-bulad","status":"publish","type":"product","link":"https:\/\/www.sunkaraoke.hu\/index.php\/termek\/didi-lamour-razd-a-bulad\/","title":{"rendered":"<div class=\"wcmp-player-container product-4822\"><audio controlslist=\"nodownload\" data-product=\"4822\"  volume=\"1\"  preload=\"none\" data-lazyloading=\"none\" class=\"wcmp-player track mejs-classic\" data-duration=\"0:32\" data-estimated_duration=\"4\"><source src=\"https:\/\/www.sunkaraoke.hu\/wp-content\/uploads\/2022\/08\/Razd-a-bulad-Voc-Didi.-demoo.mp3\" type=\"audio\/mp3\" \/><\/audio><\/div>Didi Lamour &#8211; R\u00e1zd a bul\u00e1d (Original)"},"content":{"rendered":"<p><strong>03:08<\/strong> | <strong><img loading=\"lazy\" decoding=\"async\" class=\"alignnone size-full wp-image-466\" src=\"https:\/\/www.sunkaraoke.hu\/wp-content\/uploads\/2022\/07\/choir_1-copy.webp\" alt=\"\" width=\"30\" height=\"30\" \/> <\/strong><\/p>\n","protected":false},"excerpt":{"rendered":"<h6><strong>Bits\u0171r\u0171s\u00e9g: 320<\/strong>kb\/s<strong><br \/>\n<\/strong><strong>Hossz: <\/strong>03:08<strong><br \/>\n<\/strong><strong style=\"font-size: 16px;\">Vok\u00e1lt tartalmaz: <\/strong>Igen <img loading=\"lazy\" decoding=\"async\" class=\"alignnone size-full wp-image-466\" src=\"http:\/\/www.sunkaraoke.hu\/wp-content\/uploads\/2022\/07\/choir_1-copy.png\" alt=\"\" width=\"30\" height=\"30\" \/><strong style=\"font-size: 16px;\"><br \/>\n<\/strong><\/h6>\n<p>Sunkaraoke mp3 st\u00fadi\u00f3 \/ www.sunkaraoke.hu \/ Inf: Tel: 06 20 4275001<\/p>\n<p>&#8212;Intr\u00f3&#8212;<\/p>\n<p>Ha beindul a party gyere velem csajszi, f\u00e9s\u00fcld \u00e1t sorra a frizur\u00e1d,<br \/>\nr\u00f3zs\u00e1t t\u0171zz\u00e9l bele jobban tetszel vele, vedd fel a legszebbik ruh\u00e1d.<br \/>\nEz a buli kir\u00e1ly neked sz\u00f3l a git\u00e1r, a zenekar neked muzsik\u00e1l,<br \/>\nhad sz\u00f3ljon a zene gyer\u00fcnk mindent bele, \u00e9rezd a zene ritmus\u00e1t.<\/p>\n<p>R\u00e1zd a bul\u00e1d had sz\u00e9d\u00fclj\u00f6n a vil\u00e1g ilyen bul\u00e1t nem pip\u00e1lt a vil\u00e1g.<br \/>\nR\u00e1zd a bul\u00e1d had sz\u00e9d\u00fclj\u00f6n a vil\u00e1g gyere gyere gyere gyere risz\u00e1ld.<br \/>\nR\u00e1zd a bul\u00e1d had sz\u00e9d\u00fclj\u00f6n a vil\u00e1g ilyen bul\u00e1t nem pip\u00e1lt a vil\u00e1g.<br \/>\nR\u00e1zd a bul\u00e1d had sz\u00e9d\u00fclj\u00f6n a vil\u00e1g gyere gyere gyere gyere risz\u00e1ld.<\/p>\n<p>&#8212;Sz\u00f3l\u00f3&#8212;<\/p>\n<p>\u00d6lelem a csajom j\u00f3 a hangulatom megiszok egy pina coladat,<br \/>\nsz\u00ednes lampionok t\u00e1ncolnak a csajok olyan mint egy sz\u00ednes karnev\u00e1l.<br \/>\nEz a buli kir\u00e1ly neked sz\u00f3l a git\u00e1r, a zenekar neked muzsik\u00e1l,<br \/>\nhad sz\u00f3ljon a zene gyer\u00fcnk mindent bele, \u00e9rezd a zene ritmus\u00e1t.<\/p>\n<p>R\u00e1zd a bul\u00e1d had sz\u00e9d\u00fclj\u00f6n a vil\u00e1g ilyen bul\u00e1t nem pip\u00e1lt a vil\u00e1g.<br \/>\nR\u00e1zd a bul\u00e1d had sz\u00e9d\u00fclj\u00f6n a vil\u00e1g gyere gyere gyere gyere risz\u00e1ld.<br \/>\nR\u00e1zd a bul\u00e1d had sz\u00e9d\u00fclj\u00f6n a vil\u00e1g ilyen bul\u00e1t nem pip\u00e1lt a vil\u00e1g.<br \/>\nR\u00e1zd a bul\u00e1d had sz\u00e9d\u00fclj\u00f6n a vil\u00e1g gyere gyere gyere gyere risz\u00e1ld.<\/p>\n<p>&#8212;Sz\u00f3l\u00f3&#8212;<\/p>\n<p>S\u00e1jn\u00e1n\u00e1.<\/p>\n<p>&#8212;Sz\u00f3l\u00f3&#8212;<\/p>\n<p>R\u00e1zd a bul\u00e1d had sz\u00e9d\u00fclj\u00f6n a vil\u00e1g ilyen bul\u00e1t nem pip\u00e1lt a vil\u00e1g.<br \/>\nR\u00e1zd a bul\u00e1d had sz\u00e9d\u00fclj\u00f6n a vil\u00e1g gyere gyere gyere gyere risz\u00e1ld.<br \/>\nR\u00e1zd a bul\u00e1d had sz\u00e9d\u00fclj\u00f6n a vil\u00e1g ilyen bul\u00e1t nem pip\u00e1lt a vil\u00e1g.<br \/>\nR\u00e1zd a bul\u00e1d had sz\u00e9d\u00fclj\u00f6n a vil\u00e1g gyere gyere gyere gyere risz\u00e1ld.<\/p>\n<p>&#8212;v\u00e9ge&#8212;<\/p>\n","protected":false},"featured_media":721,"template":"","meta":{"site-sidebar-layout":"default","site-content-layout":"default","ast-site-content-layout":"default","site-content-style":"default","site-sidebar-style":"default","ast-global-header-display":"","ast-banner-title-visibility":"","ast-main-header-display":"","ast-hfb-above-header-display":"","ast-hfb-below-header-display":"","ast-hfb-mobile-header-display":"","site-post-title":"","ast-breadcrumbs-content":"","ast-featured-img":"","footer-sml-layout":"","theme-transparent-header-meta":"default","adv-header-id-meta":"","stick-header-meta":"","header-above-stick-meta":"","header-main-stick-meta":"","header-below-stick-meta":"","astra-migrate-meta-layouts":"set","ast-page-background-enabled":"default","ast-page-background-meta":{"desktop":{"background-color":"var(--ast-global-color-4)","background-image":"","background-repeat":"repeat","background-position":"center center","background-size":"auto","background-attachment":"scroll","background-type":"","background-media":"","overlay-type":"","overlay-color":"","overlay-opacity":"","overlay-gradient":""},"tablet":{"background-color":"","background-image":"","background-repeat":"repeat","background-position":"center center","background-size":"auto","background-attachment":"scroll","background-type":"","background-media":"","overlay-type":"","overlay-color":"","overlay-opacity":"","overlay-gradient":""},"mobile":{"background-color":"","background-image":"","background-repeat":"repeat","background-position":"center center","background-size":"auto","background-attachment":"scroll","background-type":"","background-media":"","overlay-type":"","overlay-color":"","overlay-opacity":"","overlay-gradient":""}},"ast-content-background-meta":{"desktop":{"background-color":"var(--ast-global-color-5)","background-image":"","background-repeat":"repeat","background-position":"center center","background-size":"auto","background-attachment":"scroll","background-type":"","background-media":"","overlay-type":"","overlay-color":"","overlay-opacity":"","overlay-gradient":""},"tablet":{"background-color":"var(--ast-global-color-5)","background-image":"","background-repeat":"repeat","background-position":"center center","background-size":"auto","background-attachment":"scroll","background-type":"","background-media":"","overlay-type":"","overlay-color":"","overlay-opacity":"","overlay-gradient":""},"mobile":{"background-color":"var(--ast-global-color-5)","background-image":"","background-repeat":"repeat","background-position":"center center","background-size":"auto","background-attachment":"scroll","background-type":"","background-media":"","overlay-type":"","overlay-color":"","overlay-opacity":"","overlay-gradient":""}}},"product_cat":[46],"product_tag":[],"class_list":["post-4822","product","type-product","status-publish","has-post-thumbnail","hentry","product_cat-eredeti-karaoke-dalok","desktop-align-left","tablet-align-left","mobile-align-left"],"_links":{"self":[{"href":"https:\/\/www.sunkaraoke.hu\/index.php\/wp-json\/wp\/v2\/product\/4822","targetHints":{"allow":["GET"]}}],"collection":[{"href":"https:\/\/www.sunkaraoke.hu\/index.php\/wp-json\/wp\/v2\/product"}],"about":[{"href":"https:\/\/www.sunkaraoke.hu\/index.php\/wp-json\/wp\/v2\/types\/product"}],"wp:featuredmedia":[{"embeddable":true,"href":"https:\/\/www.sunkaraoke.hu\/index.php\/wp-json\/wp\/v2\/media\/721"}],"wp:attachment":[{"href":"https:\/\/www.sunkaraoke.hu\/index.php\/wp-json\/wp\/v2\/media?parent=4822"}],"wp:term":[{"taxonomy":"product_cat","embeddable":true,"href":"https:\/\/www.sunkaraoke.hu\/index.php\/wp-json\/wp\/v2\/product_cat?post=4822"},{"taxonomy":"product_tag","embeddable":true,"href":"https:\/\/www.sunkaraoke.hu\/index.php\/wp-json\/wp\/v2\/product_tag?post=4822"}],"curies":[{"name":"wp","href":"https:\/\/api.w.org\/{rel}","templated":true}]}}