{"id":4821,"date":"2022-08-08T20:48:10","date_gmt":"2022-08-08T20:48:10","guid":{"rendered":"https:\/\/www.sunkaraoke.hu\/index.php\/termek\/didi-lamour-szeretem-a-csokod-izet\/"},"modified":"2026-02-14T15:46:12","modified_gmt":"2026-02-14T13:46:12","slug":"didi-lamour-szeretem-a-csokod-izet","status":"publish","type":"product","link":"https:\/\/www.sunkaraoke.hu\/index.php\/termek\/didi-lamour-szeretem-a-csokod-izet\/","title":{"rendered":"<div class=\"wcmp-player-container product-4821\"><audio controlslist=\"nodownload\" data-product=\"4821\"  volume=\"1\"  preload=\"none\" data-lazyloading=\"none\" class=\"wcmp-player track mejs-classic\" data-duration=\"0:33\" data-estimated_duration=\"4\"><source src=\"https:\/\/www.sunkaraoke.hu\/wp-content\/uploads\/2022\/08\/Szeretem-a-csokod-izet-Voc-Didi.-demooo.mp3\" type=\"audio\/mp3\" \/><\/audio><\/div>Didi Lamour &#8211; Szeretem a cs\u00f3kod \u00edz\u00e9t (Original)"},"content":{"rendered":"<p><strong>03:25<\/strong> | <strong><img loading=\"lazy\" decoding=\"async\" class=\"alignnone size-full wp-image-466\" src=\"https:\/\/www.sunkaraoke.hu\/wp-content\/uploads\/2022\/07\/choir_1-copy.webp\" alt=\"\" width=\"30\" height=\"30\" \/> <\/strong><\/p>\n","protected":false},"excerpt":{"rendered":"<h6><strong>Bits\u0171r\u0171s\u00e9g: 320<\/strong>kb\/s<strong><br \/>\n<\/strong><strong>Hossz: <\/strong>03:25<strong><br \/>\n<\/strong><strong style=\"font-size: 16px;\">Vok\u00e1lt tartalmaz: <\/strong>Igen <img loading=\"lazy\" decoding=\"async\" class=\"alignnone size-full wp-image-466\" src=\"http:\/\/www.sunkaraoke.hu\/wp-content\/uploads\/2022\/07\/choir_1-copy.png\" alt=\"\" width=\"30\" height=\"30\" \/><strong style=\"font-size: 16px;\"><br \/>\n<\/strong><\/h6>\n<p>Sunkaraoke mp3 st\u00fadi\u00f3 \/ www.sunkaraoke.hu \/ Inf: Tel: 06 20 4275001<\/p>\n<p>&#8212;Intr\u00f3&#8212;<\/p>\n<p>Sz\u00e9pen sz\u00e1ll az esti f\u00e9ny,<br \/>\na tenger k\u00e9kel\u0151 viz\u00e9n,<br \/>\na ny\u00e1ri \u00e9jszak\u00e1n a szerelem j\u00e1r.<br \/>\n\u00c1mor engem is megtal\u00e1lt,<br \/>\nsz\u00edvembe l\u0151tte \u00e9j nyil\u00e1t.<br \/>\n\u00c9s a sz\u00e9l hoz zen\u00e9t dalolok \u00e9n.<\/p>\n<p>Szeretem a cs\u00f3kod \u00edz\u00e9t,<br \/>\naz arcod l\u00e1gy mosoly\u00e1t.<br \/>\nSzeretem a tengersz\u00edn k\u00e9k szemed t\u0171z sugar\u00e1t.<br \/>\nEgy hang, egy sz\u00f3 mondani mindig \u00e9des,<br \/>\na dal mely sz\u00f3l boldogs\u00e1gra \u00e9breszt.<\/p>\n<p>&#8212;Sz\u00f3l\u00f3&#8212;<\/p>\n<p>Lesben \u00e1ll a sarki f\u00e9ny a csillagok \u00e9gi rejtek\u00e9n,<br \/>\na szerelmes \u00e9jszak\u00e1t figyeli \u00e1t.<br \/>\nK\u00f6nnyed b\u00fcszke t\u00e1ncot j\u00e1r az \u00e9jben a parti p\u00e1lmaf\u00e1k.<br \/>\n\u00c9s a l\u00e1ny j\u00f6n fel\u00e9m \u00f6lelem \u00e9n.<\/p>\n<p>Szeretem a cs\u00f3kod \u00edz\u00e9t,<br \/>\naz arcod l\u00e1gy mosoly\u00e1t.<br \/>\nSzeretem a tengersz\u00edn k\u00e9k szemed t\u0171z sugar\u00e1t.<br \/>\nEgy hang, egy sz\u00f3 mondani mindig \u00e9des,<br \/>\na dal mely sz\u00f3l boldogs\u00e1gra \u00e9breszt.<\/p>\n<p>S\u00e1n\u00e1n\u00e1.<\/p>\n<p>&#8212;Sz\u00f3l\u00f3&#8212;<\/p>\n<p>Szeretem a cs\u00f3kod \u00edz\u00e9t,<br \/>\naz arcod l\u00e1gy mosoly\u00e1t.<br \/>\nSzeretem a tengersz\u00edn k\u00e9k szemed t\u0171z sugar\u00e1t.<br \/>\nEgy hang, egy sz\u00f3 mondani mindig \u00e9des,<br \/>\na dal mely sz\u00f3l boldogs\u00e1gra \u00e9breszt.<\/p>\n<p>&#8212;v\u00e9ge&#8212;<\/p>\n","protected":false},"featured_media":721,"template":"","meta":{"site-sidebar-layout":"default","site-content-layout":"default","ast-site-content-layout":"default","site-content-style":"default","site-sidebar-style":"default","ast-global-header-display":"","ast-banner-title-visibility":"","ast-main-header-display":"","ast-hfb-above-header-display":"","ast-hfb-below-header-display":"","ast-hfb-mobile-header-display":"","site-post-title":"","ast-breadcrumbs-content":"","ast-featured-img":"","footer-sml-layout":"","theme-transparent-header-meta":"default","adv-header-id-meta":"","stick-header-meta":"","header-above-stick-meta":"","header-main-stick-meta":"","header-below-stick-meta":"","astra-migrate-meta-layouts":"set","ast-page-background-enabled":"default","ast-page-background-meta":{"desktop":{"background-color":"var(--ast-global-color-4)","background-image":"","background-repeat":"repeat","background-position":"center center","background-size":"auto","background-attachment":"scroll","background-type":"","background-media":"","overlay-type":"","overlay-color":"","overlay-opacity":"","overlay-gradient":""},"tablet":{"background-color":"","background-image":"","background-repeat":"repeat","background-position":"center center","background-size":"auto","background-attachment":"scroll","background-type":"","background-media":"","overlay-type":"","overlay-color":"","overlay-opacity":"","overlay-gradient":""},"mobile":{"background-color":"","background-image":"","background-repeat":"repeat","background-position":"center center","background-size":"auto","background-attachment":"scroll","background-type":"","background-media":"","overlay-type":"","overlay-color":"","overlay-opacity":"","overlay-gradient":""}},"ast-content-background-meta":{"desktop":{"background-color":"var(--ast-global-color-5)","background-image":"","background-repeat":"repeat","background-position":"center center","background-size":"auto","background-attachment":"scroll","background-type":"","background-media":"","overlay-type":"","overlay-color":"","overlay-opacity":"","overlay-gradient":""},"tablet":{"background-color":"var(--ast-global-color-5)","background-image":"","background-repeat":"repeat","background-position":"center center","background-size":"auto","background-attachment":"scroll","background-type":"","background-media":"","overlay-type":"","overlay-color":"","overlay-opacity":"","overlay-gradient":""},"mobile":{"background-color":"var(--ast-global-color-5)","background-image":"","background-repeat":"repeat","background-position":"center center","background-size":"auto","background-attachment":"scroll","background-type":"","background-media":"","overlay-type":"","overlay-color":"","overlay-opacity":"","overlay-gradient":""}}},"product_cat":[46],"product_tag":[],"class_list":["post-4821","product","type-product","status-publish","has-post-thumbnail","hentry","product_cat-eredeti-karaoke-dalok","desktop-align-left","tablet-align-left","mobile-align-left"],"_links":{"self":[{"href":"https:\/\/www.sunkaraoke.hu\/index.php\/wp-json\/wp\/v2\/product\/4821","targetHints":{"allow":["GET"]}}],"collection":[{"href":"https:\/\/www.sunkaraoke.hu\/index.php\/wp-json\/wp\/v2\/product"}],"about":[{"href":"https:\/\/www.sunkaraoke.hu\/index.php\/wp-json\/wp\/v2\/types\/product"}],"wp:featuredmedia":[{"embeddable":true,"href":"https:\/\/www.sunkaraoke.hu\/index.php\/wp-json\/wp\/v2\/media\/721"}],"wp:attachment":[{"href":"https:\/\/www.sunkaraoke.hu\/index.php\/wp-json\/wp\/v2\/media?parent=4821"}],"wp:term":[{"taxonomy":"product_cat","embeddable":true,"href":"https:\/\/www.sunkaraoke.hu\/index.php\/wp-json\/wp\/v2\/product_cat?post=4821"},{"taxonomy":"product_tag","embeddable":true,"href":"https:\/\/www.sunkaraoke.hu\/index.php\/wp-json\/wp\/v2\/product_tag?post=4821"}],"curies":[{"name":"wp","href":"https:\/\/api.w.org\/{rel}","templated":true}]}}