{"id":4812,"date":"2022-08-08T20:48:09","date_gmt":"2022-08-08T20:48:09","guid":{"rendered":"https:\/\/www.sunkaraoke.hu\/index.php\/termek\/jolly-suzy-ha-elkezdunk-mulatni\/"},"modified":"2025-04-11T08:22:57","modified_gmt":"2025-04-11T08:22:57","slug":"jolly-suzy-ha-elkezdunk-mulatni","status":"publish","type":"product","link":"https:\/\/www.sunkaraoke.hu\/index.php\/termek\/jolly-suzy-ha-elkezdunk-mulatni\/","title":{"rendered":"<div class=\"wcmp-player-container product-4812\"><audio controlslist=\"nodownload\" data-product=\"4812\"  volume=\"1\"  preload=\"none\" data-lazyloading=\"none\" class=\"wcmp-player track mejs-classic\" data-duration=\"0:31\" data-estimated_duration=\"4\"><source src=\"https:\/\/www.sunkaraoke.hu\/wp-content\/uploads\/2022\/08\/Ha-elkezdunk-mulatni-Jolly-SB_demo.mp3\" type=\"audio\/mp3\" \/><\/audio><\/div>Jolly &#038; Suzy &#8211; Ha elkezd\u00fcnk mulatni (Original)"},"content":{"rendered":"<p><strong>03:37<\/strong> | <strong><img loading=\"lazy\" decoding=\"async\" class=\"alignnone size-full wp-image-467\" src=\"https:\/\/www.sunkaraoke.hu\/wp-content\/uploads\/2022\/07\/choir_2-copy.webp\" alt=\"\" width=\"30\" height=\"30\" \/> <strong> | <img loading=\"lazy\" decoding=\"async\" class=\"alignnone size-full wp-image-613\" src=\"https:\/\/www.sunkaraoke.hu\/wp-content\/uploads\/2022\/07\/transzponalas.webp\" alt=\"\" width=\"30\" height=\"30\" \/> <\/strong><strong>0<\/strong><\/strong><\/p>\n","protected":false},"excerpt":{"rendered":"<h6>Bits\u0171r\u0171s\u00e9g: 320 kb\/s<br \/>\nHossz: 03:37<br \/>\nVok\u00e1lt tartalmaz: Nem <img loading=\"lazy\" decoding=\"async\" class=\"alignnone size-full wp-image-467\" src=\"http:\/\/www.sunkaraoke.hu\/wp-content\/uploads\/2022\/07\/choir_2-copy.png\" alt=\"\" width=\"30\" height=\"30\" \/><br \/>\nTranszpon\u00e1l\u00e1s: <img loading=\"lazy\" decoding=\"async\" class=\"alignnone size-full wp-image-613\" src=\"http:\/\/www.sunkaraoke.hu\/wp-content\/uploads\/2022\/07\/transzponalas.png\" alt=\"\" width=\"30\" height=\"30\" \/> -2<\/h6>\n<p>Sunkaraoke mp3 st\u00fadi\u00f3 \/ www.sunkaraoke.hu \/ Inf: Tel: 06 20 4275001<\/p>\n<p>&#8212;Intr\u00f3&#8212;<br \/>\nMa buli van a Jollyn\u00e1l,<br \/>\nitt t\u00e1ncol a sok vag\u00e1ny,<br \/>\nk\u00f6rbevesznek a rokonok,<br \/>\nismer\u0151s\u00f6k, j\u00f3 bar\u00e1tok,<br \/>\na Jolly\u00e9k neked h\u00fazz\u00e1k a dalod.<br \/>\nMulasd j\u00f3l ki magadat,<br \/>\n\u00f6leld meg a romnyidat,<br \/>\naz Isten \u00e1ldja az eg\u00e9sz csal\u00e1dodat.<br \/>\n&#8212;Sz\u00f3l\u00f3&#8212;<br \/>\nSuzy te vagy a kir\u00e1lyl\u00e1ny,<br \/>\nr\u00e1d teszem a koron\u00e1d,<br \/>\nmert ha elkezd a Suzy mulatni,<br \/>\naz eg\u00e9sz banda reggelig fog t\u00e1ncolni.<br \/>\nHa elkezd a Suzy mulatni,<br \/>\nm\u00e9g a zenekar is reggelig fogja h\u00fazni.<br \/>\n&#8212;Sz\u00f3l\u00f3&#8212;<br \/>\nP\u00e1rizs, London, Mil\u00e1n\u00f3,<br \/>\nbej\u00e1rjuk mi az eg\u00e9sz vil\u00e1got,<br \/>\nha elkezd a Jolly mulatni,<br \/>\nsej a Suzy Dubaiban fog t\u00e1ncolni.<br \/>\nMert ha elkezd\u00fcnk ketten mulatni,<br \/>\nm\u00e9g a zenekar is rep\u00fcl\u0151re fog \u00fclni.<br \/>\n&#8212;Sz\u00f3l\u00f3&#8212;<br \/>\nS\u00e1, n\u00e1, n\u00e1, n\u00e1&#8230;&#8230;&#8230;.<br \/>\nHa elkezd a Suzy mulatni,<br \/>\naz eg\u00e9sz banda reggelig fog t\u00e1ncolni.<br \/>\nHa elkezd a Suzy mulatni,<br \/>\nm\u00e9g a zenekar is reggelig fogja h\u00fazni.<br \/>\nMa buli van a Jollyn\u00e1l,<br \/>\nitt t\u00e1ncol a sok vag\u00e1ny,<br \/>\nk\u00f6rbevesznek a rokonok, ismer\u0151s\u00f6k, j\u00f3 bar\u00e1tok,<br \/>\na Jolly\u00e9k neked h\u00fazz\u00e1k a dalod.<br \/>\n&#8212;Sz\u00f3l\u00f3&#8212;<br \/>\nMa buli van a Jollyn\u00e1l,<br \/>\nitt t\u00e1ncol a sok vag\u00e1ny,<br \/>\nk\u00f6rbevesznek a rokonok, ismer\u0151s\u00f6k, j\u00f3 bar\u00e1tok,<br \/>\na Jolly\u00e9k neked h\u00fazz\u00e1k a dalod.<br \/>\nIsmerik a nev\u00fcnket, \u00e9s mindenhol tisztelnek,<br \/>\nelmulatjuk az eg\u00e9sz \u00e9let\u00fcnket.<br \/>\nElmulatjuk az eg\u00e9sz \u00e9let\u00fcnket.<br \/>\n&#8212;V\u00e9ge&#8212;<\/p>\n","protected":false},"featured_media":6147,"template":"","meta":{"site-sidebar-layout":"default","site-content-layout":"default","ast-site-content-layout":"default","site-content-style":"default","site-sidebar-style":"default","ast-global-header-display":"","ast-banner-title-visibility":"","ast-main-header-display":"","ast-hfb-above-header-display":"","ast-hfb-below-header-display":"","ast-hfb-mobile-header-display":"","site-post-title":"","ast-breadcrumbs-content":"","ast-featured-img":"","footer-sml-layout":"","theme-transparent-header-meta":"default","adv-header-id-meta":"","stick-header-meta":"","header-above-stick-meta":"","header-main-stick-meta":"","header-below-stick-meta":"","astra-migrate-meta-layouts":"set","ast-page-background-enabled":"default","ast-page-background-meta":{"desktop":{"background-color":"var(--ast-global-color-4)","background-image":"","background-repeat":"repeat","background-position":"center center","background-size":"auto","background-attachment":"scroll","background-type":"","background-media":"","overlay-type":"","overlay-color":"","overlay-opacity":"","overlay-gradient":""},"tablet":{"background-color":"","background-image":"","background-repeat":"repeat","background-position":"center center","background-size":"auto","background-attachment":"scroll","background-type":"","background-media":"","overlay-type":"","overlay-color":"","overlay-opacity":"","overlay-gradient":""},"mobile":{"background-color":"","background-image":"","background-repeat":"repeat","background-position":"center center","background-size":"auto","background-attachment":"scroll","background-type":"","background-media":"","overlay-type":"","overlay-color":"","overlay-opacity":"","overlay-gradient":""}},"ast-content-background-meta":{"desktop":{"background-color":"var(--ast-global-color-5)","background-image":"","background-repeat":"repeat","background-position":"center center","background-size":"auto","background-attachment":"scroll","background-type":"","background-media":"","overlay-type":"","overlay-color":"","overlay-opacity":"","overlay-gradient":""},"tablet":{"background-color":"var(--ast-global-color-5)","background-image":"","background-repeat":"repeat","background-position":"center center","background-size":"auto","background-attachment":"scroll","background-type":"","background-media":"","overlay-type":"","overlay-color":"","overlay-opacity":"","overlay-gradient":""},"mobile":{"background-color":"var(--ast-global-color-5)","background-image":"","background-repeat":"repeat","background-position":"center center","background-size":"auto","background-attachment":"scroll","background-type":"","background-media":"","overlay-type":"","overlay-color":"","overlay-opacity":"","overlay-gradient":""}}},"product_cat":[48],"product_tag":[],"class_list":["post-4812","product","type-product","status-publish","has-post-thumbnail","hentry","product_cat-sunkaraoke-dalok","desktop-align-left","tablet-align-left","mobile-align-left"],"_links":{"self":[{"href":"https:\/\/www.sunkaraoke.hu\/index.php\/wp-json\/wp\/v2\/product\/4812","targetHints":{"allow":["GET"]}}],"collection":[{"href":"https:\/\/www.sunkaraoke.hu\/index.php\/wp-json\/wp\/v2\/product"}],"about":[{"href":"https:\/\/www.sunkaraoke.hu\/index.php\/wp-json\/wp\/v2\/types\/product"}],"wp:featuredmedia":[{"embeddable":true,"href":"https:\/\/www.sunkaraoke.hu\/index.php\/wp-json\/wp\/v2\/media\/6147"}],"wp:attachment":[{"href":"https:\/\/www.sunkaraoke.hu\/index.php\/wp-json\/wp\/v2\/media?parent=4812"}],"wp:term":[{"taxonomy":"product_cat","embeddable":true,"href":"https:\/\/www.sunkaraoke.hu\/index.php\/wp-json\/wp\/v2\/product_cat?post=4812"},{"taxonomy":"product_tag","embeddable":true,"href":"https:\/\/www.sunkaraoke.hu\/index.php\/wp-json\/wp\/v2\/product_tag?post=4812"}],"curies":[{"name":"wp","href":"https:\/\/api.w.org\/{rel}","templated":true}]}}